{"id":27196,"date":"2025-08-14T10:52:21","date_gmt":"2025-08-14T10:52:21","guid":{"rendered":"https:\/\/researchchemicalstore.eu\/?page_id=27196"},"modified":"2025-10-13T09:51:39","modified_gmt":"2025-10-13T09:51:39","slug":"prohlaseni-o-ochrane-osobnich-udaju","status":"publish","type":"page","link":"https:\/\/researchchemicalstore.eu\/cs\/prohlaseni-o-ochrane-osobnich-udaju\/","title":{"rendered":"Prohl\u00e1\u0161en\u00ed o ochran\u011b osobn\u00edch \u00fadaj\u016f"},"content":{"rendered":"<p>Prohl\u00e1\u0161en\u00ed o ochran\u011b osobn\u00edch \u00fadaj\u016f<br>Toto je prohl\u00e1\u0161en\u00ed o ochran\u011b osobn\u00edch \u00fadaj\u016f spole\u010dnosti researchchemicalstore.eu. Platnost: Toto prohl\u00e1\u0161en\u00ed o ochran\u011b osobn\u00edch \u00fadaj\u016f se vztahuje na ve\u0161ker\u00e9 informace nebo osobn\u00ed \u00fadaje citliv\u00e9 z hlediska ochrany osobn\u00edch \u00fadaj\u016f, kter\u00e9 n\u00e1m poskytnete, nap\u0159\u00edklad prost\u0159ednictv\u00edm registra\u010dn\u00edho formul\u00e1\u0159e, kontaktn\u00edho formul\u00e1\u0159e nebo objedn\u00e1vek, kter\u00e9 zad\u00e1te.<\/p>\n\n\n\n<p>V\u00e1\u017e\u00edme si soukrom\u00ed na\u0161ich z\u00e1kazn\u00edk\u016f, a proto p\u0159i nakl\u00e1d\u00e1n\u00ed s osobn\u00edmi \u00fadaji a jejich ochran\u011b postupujeme s maxim\u00e1ln\u00ed p\u00e9\u010d\u00ed. \u00dadaje zpracov\u00e1v\u00e1me v souladu s podm\u00ednkami obecn\u00e9ho na\u0159\u00edzen\u00ed o ochran\u011b osobn\u00edch \u00fadaj\u016f (GDPR).<\/p>\n\n\n\n<p>Spole\u010dnost researchchemicalstore.eu je ve smyslu GDPR spr\u00e1vcem va\u0161ich osobn\u00edch \u00fadaj\u016f. To znamen\u00e1, \u017ee pouze my ur\u010dujeme, kter\u00e9 osobn\u00ed \u00fadaje jsou zpracov\u00e1v\u00e1ny, za jak\u00fdm \u00fa\u010delem a jak\u00fdm zp\u016fsobem. Jsme zodpov\u011bdn\u00ed za to, aby va\u0161e osobn\u00ed \u00fadaje byly zpracov\u00e1v\u00e1ny \u0159\u00e1dn\u011b a pe\u010dliv\u011b v souladu s GDPR. V tomto prohl\u00e1\u0161en\u00ed o ochran\u011b osobn\u00edch \u00fadaj\u016f vysv\u011btlujeme, kter\u00e9 \u00fadaje zpracov\u00e1v\u00e1me a za jak\u00fdmi \u00fa\u010dely. P\u0159ehled osobn\u00edch \u00fadaj\u016f: N\u00ed\u017ee naleznete p\u0159ehled osobn\u00edch \u00fadaj\u016f, kter\u00e9 zpracov\u00e1v\u00e1me:<\/p>\n\n\n\n<ul class=\"wp-block-list\">\n<li>Jm\u00e9no a p\u0159\u00edjmen\u00ed<\/li>\n\n\n\n<li>Adresa<\/li>\n\n\n\n<li>Telefonn\u00ed \u010d\u00edslo<\/li>\n\n\n\n<li>E-mailov\u00e1 adresa<\/li>\n\n\n\n<li>IP adresa n\u00e1v\u0161t\u011bvn\u00edka webov\u00fdch str\u00e1nek<br>\u00da\u010cEL A Z\u00c1KLAD ZPRACOV\u00c1N\u00cd OSOBN\u00cdCH \u00daDAJ\u016e<br>Souhlasem s t\u00edmto prohl\u00e1\u0161en\u00edm o ochran\u011b osobn\u00edch \u00fadaj\u016f v\u00fdslovn\u011b souhlas\u00edte, jak je definov\u00e1no v \u010dl\u00e1nku 6 odst. 1 p\u00edsm. a) GDPR, se zpracov\u00e1n\u00edm va\u0161ich osobn\u00edch \u00fadaj\u016f pro n\u00ed\u017ee uveden\u00e9 \u00fa\u010dely. Tento souhlas m\u016f\u017eete kdykoli odvolat. Pokud n\u00e1m v\u0161ak ur\u010dit\u00e9 \u00fadaje neposkytnete nebo n\u00e1m neumo\u017en\u00edte je zpracov\u00e1vat, nemus\u00edme v\u00e1m b\u00fdt schopni poskytnout co nejlep\u0161\u00ed slu\u017eby.<\/li>\n<\/ul>\n\n\n\n<p>Pokud jste n\u00e1m neud\u011blili v\u00fdslovn\u00fd souhlas se zpracov\u00e1n\u00edm va\u0161ich osobn\u00edch \u00fadaj\u016f nebo pokud jste tento souhlas odvolali, m\u016f\u017ee b\u00fdt zpracov\u00e1n\u00ed va\u0161ich osobn\u00edch \u00fadaj\u016f zalo\u017eeno na \u010dl\u00e1nku 6 odst. 1 p\u00edsm. b), c a\/nebo f GDPR. V takov\u00e9m p\u0159\u00edpad\u011b m\u016f\u017ee ke zpracov\u00e1n\u00ed va\u0161ich osobn\u00edch \u00fadaj\u016f doch\u00e1zet i bez va\u0161eho souhlasu, pokud je to nezbytn\u00e9 pro pln\u011bn\u00ed smlouvy, jej\u00ed\u017e jste nebo se stanete smluvn\u00ed stranou, nebo je to nezbytn\u00e9 pro ochranu opr\u00e1vn\u011bn\u00fdch z\u00e1jm\u016f researchchemicalstore.eu. Krom\u011b toho m\u016f\u017eeme b\u00fdt ze z\u00e1kona povinni va\u0161e osobn\u00ed \u00fadaje zpracov\u00e1vat.<\/p>\n\n\n\n<p>Va\u0161e osobn\u00ed \u00fadaje zpracov\u00e1v\u00e1me pro n\u00e1sleduj\u00edc\u00ed \u00fa\u010dely:<\/p>\n\n\n\n<p>\u2013 Abychom v\u00e1m mohli poskytovat na\u0161e slu\u017eby (dod\u00e1vat v\u00e1m zbo\u017e\u00ed)<\/p>\n\n\n\n<ul class=\"wp-block-list\">\n<li>Pro zpracov\u00e1n\u00ed va\u0161\u00ed platby<br>\u2013 Pro zas\u00edl\u00e1n\u00ed na\u0161eho newsletteru<\/li>\n\n\n\n<li>Abychom v\u00e1s informovali o zm\u011bn\u00e1ch v na\u0161ich slu\u017eb\u00e1ch a produktech<\/li>\n\n\n\n<li>Abychom v\u00e1m poskytli mo\u017enost vytvo\u0159it si \u00fa\u010det<br>Va\u0161e osobn\u00ed \u00fadaje neukl\u00e1d\u00e1me d\u00e9le, ne\u017e je nezbytn\u011b nutn\u00e9 k dosa\u017een\u00ed \u00fa\u010del\u016f, pro kter\u00e9 jsou va\u0161e \u00fadaje shroma\u017e\u010fov\u00e1ny.<\/li>\n\n\n\n<li>ZVE\u0158EJN\u011aN\u00cd T\u0158ET\u00cdM STRANAM<\/li>\n\n\n\n<li>Va\u0161e osobn\u00ed \u00fadaje m\u016f\u017eeme sd\u00edlet s t\u0159et\u00edmi stranami, pokud je to slu\u010diteln\u00e9 s v\u00fd\u0161e uveden\u00fdmi \u00fa\u010dely. Zp\u0159\u00edstupn\u011bn\u00ed t\u0159et\u00edm stran\u00e1m m\u016f\u017ee b\u00fdt nezbytn\u00e9 pro pln\u011bn\u00ed smlouvy, kterou s v\u00e1mi uzav\u0159eme, nezbytn\u00e9 pro sledov\u00e1n\u00ed na\u0161eho opr\u00e1vn\u011bn\u00e9ho z\u00e1jmu nebo nezbytn\u00e9 pro spln\u011bn\u00ed z\u00e1konn\u00e9 povinnosti, kter\u00e9 podl\u00e9h\u00e1me.<\/li>\n\n\n\n<li>S\u00a0spole\u010dnostmi, kter\u00e9 zpracov\u00e1vaj\u00ed va\u0161e \u00fadaje na\u0161\u00edm jm\u00e9nem, m\u00e1me uzav\u0159en\u00e9 smlouvy o\u00a0zpracov\u00e1n\u00ed \u00fadaj\u016f, abychom zajistili stejnou \u00farove\u0148 zabezpe\u010den\u00ed a\u00a0d\u016fv\u011brnosti va\u0161ich \u00fadaj\u016f. Za tyto operace zpracov\u00e1n\u00ed neseme odpov\u011bdnost my. Mimo v\u00fd\u0161e uveden\u00e9 situace poskytneme va\u0161e osobn\u00ed \u00fadaje jin\u00fdm t\u0159et\u00edm stran\u00e1m pouze s\u00a0va\u0161\u00edm v\u00fdslovn\u00fdm souhlasem.<\/li>\n\n\n\n<li>OBCHODN\u00cd C\u00cdLE<\/li>\n\n\n\n<li>Va\u0161e osobn\u00ed \u00fadaje m\u016f\u017eeme pou\u017e\u00edt pro komer\u010dn\u00ed \u00fa\u010dely, nap\u0159\u00edklad k poskytnut\u00ed dal\u0161\u00edch informac\u00ed o na\u0161ich slu\u017eb\u00e1ch nebo relevantn\u00edch produktech, nebo o legislativn\u00edch zm\u011bn\u00e1ch t\u00fdkaj\u00edc\u00edch se na\u0161\u00ed nab\u00eddky. V takov\u00fdch p\u0159\u00edpadech budete informov\u00e1ni pouze na e-mailovou adresu, kterou jste zaregistrovali. Pokud si nep\u0159ejete dost\u00e1vat informace o relevantn\u00edch produktech nebo slu\u017eb\u00e1ch, m\u016f\u017eete se jednodu\u0161e odhl\u00e1sit kliknut\u00edm na tla\u010d\u00edtko \u201codhl\u00e1sit se\u201d v obdr\u017een\u00e9m e-mailu. Va\u0161e osobn\u00ed \u00fadaje budou anonymizov\u00e1ny pro \u00fa\u010dely pr\u016fzkumu trhu, ne\u017e budou pou\u017eity k optimalizaci na\u0161ich slu\u017eeb, a ji\u017e je nebude mo\u017en\u00e9 dohledat.<\/li>\n\n\n\n<li>Va\u0161e data nebudou prod\u00e1v\u00e1na ani sd\u00edlena se t\u0159et\u00edmi stranami pro komer\u010dn\u00ed \u00fa\u010dely, pokud k tomu ned\u00e1te v\u00fdslovn\u00fd souhlas.<\/li>\n\n\n\n<li>Soubory cookie<\/li>\n\n\n\n<li>Soubor cookie je mal\u00fd textov\u00fd soubor, kter\u00fd se ulo\u017e\u00ed do va\u0161eho po\u010d\u00edta\u010de, tabletu nebo chytr\u00e9ho telefonu p\u0159i prvn\u00ed n\u00e1v\u0161t\u011bv\u011b t\u011bchto webov\u00fdch str\u00e1nek. Tyto soubory cookie m\u016f\u017eete zak\u00e1zat nastaven\u00edm internetov\u00e9ho prohl\u00ed\u017ee\u010de tak, aby je ji\u017e neukl\u00e1dal. Ve\u0161ker\u00e9 d\u0159\u00edve ulo\u017een\u00e9 informace m\u016f\u017eete tak\u00e9 smazat prost\u0159ednictv\u00edm nastaven\u00ed prohl\u00ed\u017ee\u010de.<\/li>\n\n\n\n<li>Pou\u017e\u00edv\u00e1me n\u00e1sleduj\u00edc\u00ed soubory cookie:<\/li>\n\n\n\n<li>\u201dFunk\u010dn\u00ed soubory cookie: jedn\u00e1 se o soubory cookie, kter\u00e9 jsou nezbytn\u00e9 pro technick\u00fd provoz webov\u00fdch str\u00e1nek a jejich snadn\u00e9 pou\u017e\u00edv\u00e1n\u00ed. Zaji\u0161\u0165uj\u00ed spr\u00e1vn\u00e9 fungov\u00e1n\u00ed webov\u00fdch str\u00e1nek a pamatuj\u00ed si nap\u0159\u00edklad va\u0161e preference. Umo\u017e\u0148uj\u00ed n\u00e1m tak\u00e9 optimalizovat na\u0161e webov\u00e9 str\u00e1nky. Jedn\u00e1 se o analytick\u00e9 soubory cookie, kter\u00e9 nenaru\u0161uj\u00ed va\u0161e soukrom\u00ed. Pro jejich pou\u017e\u00edv\u00e1n\u00ed nepot\u0159ebujeme v\u00e1\u0161 p\u0159edchoz\u00ed souhlas.<\/li>\n\n\n\n<li>\u201dGoogle Analytics: Tyto webov\u00e9 str\u00e1nky umis\u0165uj\u00ed soubory cookie od americk\u00e9 spole\u010dnosti Google jako sou\u010d\u00e1st sv\u00e9 slu\u017eby \u201cAnalytics\u201d. researchchemicalstore.eu pou\u017e\u00edv\u00e1 tuto slu\u017ebu k z\u00edsk\u00e1v\u00e1n\u00ed zpr\u00e1v o tom, jak jsou webov\u00e9 str\u00e1nky pou\u017e\u00edv\u00e1ny, a k m\u011b\u0159en\u00ed jejich kvality a efektivity. Slu\u017ebu Google Analytics pou\u017e\u00edv\u00e1me zp\u016fsobem p\u0159edepsan\u00fdm nizozemsk\u00fdm \u00fa\u0159adem pro ochranu osobn\u00edch \u00fadaj\u016f, abychom splnili v\u00fdjimku v z\u00e1kon\u011b o souborech cookie. To znamen\u00e1, \u017ee k pou\u017e\u00edv\u00e1n\u00ed slu\u017eby Google Analytics nepot\u0159ebujeme v\u00e1\u0161 p\u0159edchoz\u00ed souhlas.<\/li>\n\n\n\n<li>NAHL\u00c9DN\u011aTE, OPRAVTE NEBO ODSTRA\u0147TE<\/li>\n\n\n\n<li>M\u00e1te pr\u00e1vo na p\u0159\u00edstup ke sv\u00fdm osobn\u00edm \u00fadaj\u016fm, na jejich opravu nebo smaz\u00e1n\u00ed. M\u00e1te tak\u00e9 pr\u00e1vo odvolat sv\u016fj souhlas se zpracov\u00e1n\u00edm va\u0161ich osobn\u00edch \u00fadaj\u016f nebo vzn\u00e9st n\u00e1mitku proti zpracov\u00e1n\u00ed va\u0161ich osobn\u00edch \u00fadaj\u016f. M\u00e1te pr\u00e1vo na p\u0159enositelnost \u00fadaj\u016f, pokud uchov\u00e1v\u00e1me digit\u00e1ln\u00ed osobn\u00ed \u00fadaje, kter\u00e9 zpracov\u00e1v\u00e1me bu\u010f s va\u0161\u00edm souhlasem, nebo za \u00fa\u010delem pln\u011bn\u00ed smlouvy, kterou jsme s v\u00e1mi uzav\u0159eli.<\/li>\n\n\n\n<li>To znamen\u00e1, \u017ee n\u00e1m m\u016f\u017eete podat \u017e\u00e1dost o zasl\u00e1n\u00ed digit\u00e1ln\u00edch osobn\u00edch \u00fadaj\u016f, kter\u00e9 o v\u00e1s uchov\u00e1v\u00e1me, v \u010diteln\u00e9m po\u010d\u00edta\u010dov\u00e9m souboru, v\u00e1m nebo jin\u00e9 organizaci, kterou ur\u010d\u00edte.<\/li>\n\n\n\n<li>\u017d\u00e1dost o p\u0159\u00edstup k va\u0161im osobn\u00edm \u00fadaj\u016fm, jejich opravu, v\u00fdmaz, p\u0159enos dat nebo \u017e\u00e1dost o odvol\u00e1n\u00ed souhlasu \u010di n\u00e1mitku proti zpracov\u00e1n\u00ed va\u0161ich osobn\u00edch \u00fadaj\u016f m\u016f\u017eete zaslat na adresu info@researchchemicalstore.eu.<\/li>\n\n\n\n<li>Abychom ov\u011b\u0159ili, \u017ee jste \u017e\u00e1dost o p\u0159\u00edstup podali vy, \u017e\u00e1d\u00e1me v\u00e1s o p\u0159ilo\u017een\u00ed kopie va\u0161eho pr\u016fkazu toto\u017enosti k \u017e\u00e1dosti. V t\u00e9to kopii pros\u00edm zakryjte svou pasovou fotografii, MRZ (strojov\u011b \u010diteln\u00e1 z\u00f3na, prou\u017eek s \u010d\u00edsly ve spodn\u00ed \u010d\u00e1sti pasu), \u010d\u00edslo pasu a \u010d\u00edslo ob\u010dansk\u00e9 slu\u017eby (BSN). T\u00edm chr\u00e1n\u00edme va\u0161e soukrom\u00ed. Na va\u0161i \u017e\u00e1dost odpov\u00edme co nejd\u0159\u00edve, nejpozd\u011bji v\u0161ak do \u010dty\u0159 t\u00fddn\u016f.<\/li>\n\n\n\n<li>R\u00e1di bychom tak\u00e9 upozornili, \u017ee m\u00e1te mo\u017enost podat st\u00ed\u017enost u n\u00e1rodn\u00edho dozorov\u00e9ho org\u00e1nu, nizozemsk\u00e9ho \u00da\u0159adu pro ochranu osobn\u00edch \u00fadaj\u016f.<\/li>\n\n\n\n<li>Kontakt<\/li>\n\n\n\n<li>Ochranu va\u0161ich \u00fadaj\u016f bereme v\u00e1\u017en\u011b a zav\u00e1d\u00edme vhodn\u00e1 opat\u0159en\u00ed, abychom zabr\u00e1nili zneu\u017eit\u00ed, ztr\u00e1t\u011b, neopr\u00e1vn\u011bn\u00e9mu p\u0159\u00edstupu, ne\u017e\u00e1douc\u00edmu zve\u0159ejn\u011bn\u00ed a neopr\u00e1vn\u011bn\u00fdm \u00faprav\u00e1m. Pokud se domn\u00edv\u00e1te, \u017ee va\u0161e data nejsou \u0159\u00e1dn\u011b zabezpe\u010dena nebo pokud existuj\u00ed n\u00e1znaky zneu\u017eit\u00ed, kontaktujte pros\u00edm n\u00e1\u0161 z\u00e1kaznick\u00fd servis nebo n\u00e1m napi\u0161te e-mail na adresu info@researchchemicalstore.eu.<\/li>\n<\/ul>","protected":false},"excerpt":{"rendered":"<p>PrivacyverklaringDit is de privacyverklaring van researchchemicalstore.eu Toepasselijkheid: Deze privacyverklaring is van toepassing op alle privacygevoelige informatie of persoonsgegevens die u<\/p>","protected":false},"author":1,"featured_media":0,"parent":0,"menu_order":0,"comment_status":"closed","ping_status":"closed","template":"","meta":{"footnotes":""},"class_list":["post-27196","page","type-page","status-publish","hentry"],"_links":{"self":[{"href":"https:\/\/researchchemicalstore.eu\/cs\/wp-json\/wp\/v2\/pages\/27196","targetHints":{"allow":["GET"]}}],"collection":[{"href":"https:\/\/researchchemicalstore.eu\/cs\/wp-json\/wp\/v2\/pages"}],"about":[{"href":"https:\/\/researchchemicalstore.eu\/cs\/wp-json\/wp\/v2\/types\/page"}],"author":[{"embeddable":true,"href":"https:\/\/researchchemicalstore.eu\/cs\/wp-json\/wp\/v2\/users\/1"}],"replies":[{"embeddable":true,"href":"https:\/\/researchchemicalstore.eu\/cs\/wp-json\/wp\/v2\/comments?post=27196"}],"version-history":[{"count":2,"href":"https:\/\/researchchemicalstore.eu\/cs\/wp-json\/wp\/v2\/pages\/27196\/revisions"}],"predecessor-version":[{"id":28551,"href":"https:\/\/researchchemicalstore.eu\/cs\/wp-json\/wp\/v2\/pages\/27196\/revisions\/28551"}],"wp:attachment":[{"href":"https:\/\/researchchemicalstore.eu\/cs\/wp-json\/wp\/v2\/media?parent=27196"}],"curies":[{"name":"wp","href":"https:\/\/api.w.org\/{rel}","templated":true}]}}