{"id":23581,"date":"2025-04-13T17:40:01","date_gmt":"2025-04-13T17:40:01","guid":{"rendered":"https:\/\/researchchemicalstore.eu\/?post_type=product&#038;p=23581"},"modified":"2025-10-22T15:31:22","modified_gmt":"2025-10-22T15:31:22","slug":"4-h-s-20-mg-peletami","status":"publish","type":"product","link":"https:\/\/researchchemicalstore.eu\/cs\/produkt\/4-h-s-20-mg-peletami\/","title":{"rendered":"4-HO-MET 20 MG pelety"},"content":{"rendered":"<h3><span dir=\"auto\" style=\"vertical-align: inherit;\"><span dir=\"auto\" style=\"vertical-align: inherit;\">Koupit Metocin 20 MG pelety (4-hydroxy-N-methyl-N-ethyltryptamin) \u2013 P\u0159esnost a spolehlivost pro v\u011bdeck\u00fd v\u00fdzkum<\/span><\/span><\/h3>\n<h4><span dir=\"auto\" style=\"vertical-align: inherit;\"><span dir=\"auto\" style=\"vertical-align: inherit;\">Zaveden\u00ed<\/span><\/span><\/h4>\n<p><span dir=\"auto\" style=\"vertical-align: inherit;\"><span dir=\"auto\" style=\"vertical-align: inherit;\">Metocin, tak\u00e9 zn\u00e1m\u00fd jako Metocin, je v\u00fdzkumn\u00e1 chemik\u00e1lie pat\u0159\u00edc\u00ed do rodiny tryptamin\u016f. Na\u0161e pelety 4-HO-MET 20 mg poskytuj\u00ed p\u0159esn\u00e9 a standardizovan\u00e9 d\u00e1vkov\u00e1n\u00ed, ide\u00e1ln\u00ed pro v\u011bdeck\u00e9 experimenty a farmakologick\u00fd v\u00fdzkum. Tyto pelety jsou vyr\u00e1b\u011bny pod p\u0159\u00edsnou kontrolou kvality, aby byla zaji\u0161t\u011bna konzistence a \u010distota, a jsou tak vhodn\u00e9 pro pokro\u010dil\u00e9 laboratorn\u00ed aplikace.<\/span><\/span><\/p>\n<h4><span dir=\"auto\" style=\"vertical-align: inherit;\"><span dir=\"auto\" style=\"vertical-align: inherit;\">Vlastnosti produktu<\/span><\/span><\/h4>\n<ul>\n<li><strong><span dir=\"auto\" style=\"vertical-align: inherit;\"><span dir=\"auto\" style=\"vertical-align: inherit;\">P\u0159esn\u00e9 d\u00e1vkov\u00e1n\u00ed<\/span><\/span><\/strong><span dir=\"auto\" style=\"vertical-align: inherit;\"><span dir=\"auto\" style=\"vertical-align: inherit;\"> Ka\u017ed\u00e1 peleta obsahuje p\u0159esn\u011b 20 mg 4-HO-MET pro reprodukovateln\u00e9 v\u00fdsledky v\u00fdzkumu.<\/span><\/span><\/li>\n<li><strong><span dir=\"auto\" style=\"vertical-align: inherit;\"><span dir=\"auto\" style=\"vertical-align: inherit;\">Optim\u00e1ln\u00ed \u010distota<\/span><\/span><\/strong><span dir=\"auto\" style=\"vertical-align: inherit;\"><span dir=\"auto\" style=\"vertical-align: inherit;\"> Vysoce kvalitn\u00ed synt\u00e9za s minim\u00e1ln\u00edmi ne\u010distotami pro spolehliv\u00e1 data<\/span><\/span><\/li>\n<li><strong><span dir=\"auto\" style=\"vertical-align: inherit;\"><span dir=\"auto\" style=\"vertical-align: inherit;\">Snadn\u00e9 pou\u017eit\u00ed<\/span><\/span><\/strong><span dir=\"auto\" style=\"vertical-align: inherit;\"><span dir=\"auto\" style=\"vertical-align: inherit;\"> Pelety zjednodu\u0161uj\u00ed d\u00e1vkov\u00e1n\u00ed a manipulaci v kontrolovan\u00e9m v\u00fdzkumn\u00e9m prost\u0159ed\u00ed<\/span><\/span><\/li>\n<li><strong><span dir=\"auto\" style=\"vertical-align: inherit;\"><span dir=\"auto\" style=\"vertical-align: inherit;\">Profesion\u00e1ln\u00ed balen\u00ed<\/span><\/span><\/strong><span dir=\"auto\" style=\"vertical-align: inherit;\"><span dir=\"auto\" style=\"vertical-align: inherit;\"> Lehk\u00e9 a vzduchot\u011bsn\u00e9 balen\u00ed pro maxim\u00e1ln\u00ed stabilitu a trvanlivost.<\/span><\/span><\/li>\n<\/ul>\n<h4><span dir=\"auto\" style=\"vertical-align: inherit;\"><span dir=\"auto\" style=\"vertical-align: inherit;\">Aplikace ve v\u00fdzkumu<\/span><\/span><\/h4>\n<p><span dir=\"auto\" style=\"vertical-align: inherit;\"><span dir=\"auto\" style=\"vertical-align: inherit;\">4-HO-MET je p\u0159edm\u011btem v\u011bdeck\u00fdch studi\u00ed kv\u016fli sv\u00e9 strukturn\u00ed podobnosti s jin\u00fdmi deriv\u00e1ty tryptaminu. V\u00fdzkumn\u00edci studuj\u00ed farmakodynamick\u00e9 a farmakokinetick\u00e9 vlastnosti t\u00e9to l\u00e1tky a tak\u00e9 potenci\u00e1ln\u00ed interakce s neurotransmiterov\u00fdmi syst\u00e9my. Tento produkt je ur\u010den v\u00fdhradn\u011b pro studie in vitro a preklinick\u00fdch studi\u00ed a nen\u00ed ur\u010den k pou\u017eit\u00ed u lid\u00ed.<\/span><\/span><\/p>\n<h4><span dir=\"auto\" style=\"vertical-align: inherit;\"><span dir=\"auto\" style=\"vertical-align: inherit;\">Bezpe\u010dnostn\u00ed pokyny<\/span><\/span><\/h4>\n<ul>\n<li><strong><span dir=\"auto\" style=\"vertical-align: inherit;\"><span dir=\"auto\" style=\"vertical-align: inherit;\">Pouze pro v\u011bdeck\u00e9 \u00fa\u010dely<\/span><\/span><\/strong><span dir=\"auto\" style=\"vertical-align: inherit;\"><span dir=\"auto\" style=\"vertical-align: inherit;\"> Nen\u00ed vhodn\u00e9 k osobn\u00ed spot\u0159eb\u011b, k l\u00e9\u010debn\u00fdm ani rekrea\u010dn\u00edm \u00fa\u010del\u016fm.<\/span><\/span><\/li>\n<li><strong><span dir=\"auto\" style=\"vertical-align: inherit;\"><span dir=\"auto\" style=\"vertical-align: inherit;\">Bezpe\u010dnostn\u00ed opat\u0159en\u00ed<\/span><\/span><\/strong><span dir=\"auto\" style=\"vertical-align: inherit;\"><span dir=\"auto\" style=\"vertical-align: inherit;\"> P\u0159i manipulaci v\u017edy pou\u017e\u00edvejte rukavice, laboratorn\u00ed pl\u00e1\u0161\u0165 a ochrann\u00e9 br\u00fdle.<\/span><\/span><\/li>\n<li><strong><span dir=\"auto\" style=\"vertical-align: inherit;\"><span dir=\"auto\" style=\"vertical-align: inherit;\">Rady pro skladov\u00e1n\u00ed<\/span><\/span><\/strong><span dir=\"auto\" style=\"vertical-align: inherit;\"><span dir=\"auto\" style=\"vertical-align: inherit;\"> Skladujte v chladn\u00e9m a such\u00e9m prost\u0159ed\u00ed, chr\u00e1n\u011bn\u00e9m p\u0159ed sv\u011btlem a mimo dosah neopr\u00e1vn\u011bn\u00fdch osob.<\/span><\/span><\/li>\n<\/ul>\n<h4><span dir=\"auto\" style=\"vertical-align: inherit;\"><span dir=\"auto\" style=\"vertical-align: inherit;\">Pro\u010d si vybrat na\u0161e pelety 4-HO-MET?<\/span><\/span><\/h4>\n<p><span dir=\"auto\" style=\"vertical-align: inherit;\"><span dir=\"auto\" style=\"vertical-align: inherit;\">Dod\u00e1v\u00e1me pouze vysoce kvalitn\u00ed v\u00fdzkumn\u00e9 chemik\u00e1lie s dokumentovan\u00fdmi specifikacemi a anal\u00fdzami \u0161ar\u017e\u00ed. Na\u0161e pelety 4-HO-MET se vyr\u00e1b\u011bj\u00ed za kontrolovan\u00fdch podm\u00ednek, co\u017e z nich \u010din\u00ed spolehlivou volbu pro akademick\u00e9 a farmaceutick\u00e9 v\u00fdzkumn\u00edky.<\/span><\/span><\/p>\n<h4><span dir=\"auto\" style=\"vertical-align: inherit;\"><span dir=\"auto\" style=\"vertical-align: inherit;\">Objednejte si nyn\u00ed a z\u00edskejte p\u0159esn\u00e1 v\u00fdzkumn\u00e1 data<\/span><\/span><\/h4>\n<p><span dir=\"auto\" style=\"vertical-align: inherit;\"><span dir=\"auto\" style=\"vertical-align: inherit;\">Zvy\u0161te spolehlivost sv\u00fdch experiment\u016f s na\u0161imi standardizovan\u00fdmi peletami 4-HO-MET. Pro technickou podporu nebo dal\u0161\u00ed informace kontaktujte n\u00e1\u0161 t\u00fdm odborn\u00edk\u016f.<\/span><\/span><\/p>\n<p><strong><span dir=\"auto\" style=\"vertical-align: inherit;\"><span dir=\"auto\" style=\"vertical-align: inherit;\">D\u016fle\u017eit\u00e1 pozn\u00e1mka<\/span><\/span><\/strong><span dir=\"auto\" style=\"vertical-align: inherit;\"><span dir=\"auto\" style=\"vertical-align: inherit;\"> Tento produkt je ur\u010den pouze pro z\u00e1konem povolen\u00e9 v\u00fdzkumn\u00e9 \u00fa\u010dely. P\u0159i n\u00e1kupu dodr\u017eujte pros\u00edm v\u0161echny m\u00edstn\u00ed z\u00e1kony a p\u0159edpisy. <\/span><\/span><a href=\"http:\/\/google.nl\" target=\"_blank\" rel=\"noopener\"><span dir=\"auto\" style=\"vertical-align: inherit;\"><span dir=\"auto\" style=\"vertical-align: inherit;\">a<\/span><\/span><\/a><span dir=\"auto\" style=\"vertical-align: inherit;\"><span dir=\"auto\" style=\"vertical-align: inherit;\"> jeho pou\u017e\u00edv\u00e1n\u00ed. <\/span><\/span><a href=\"https:\/\/researchchemicalstore.eu\/cs\/nakupovat\/iboga-ibogain\/kura-korene-ibogy\/\"><span dir=\"auto\" style=\"vertical-align: inherit;\"><span dir=\"auto\" style=\"vertical-align: inherit;\">k\u016fra ko\u0159ene ibogy<\/span><\/span><\/a><a href=\"https:\/\/researchchemicalstore.eu\/cs\/nakupovat\/iboga-ibogain\/koupit-ibogain-hydrochlorid-online\/\"><span dir=\"auto\" style=\"vertical-align: inherit;\"><span dir=\"auto\" style=\"vertical-align: inherit;\">koupit ibogain hydrochlorid online<\/span><\/span><\/a><a href=\"https:\/\/researchchemicalstore.eu\/cs\/nakupovat\/lysergamidy\/1cp-lsd-150-mcg-2\/\"><span dir=\"auto\" style=\"vertical-align: inherit;\"><span dir=\"auto\" style=\"vertical-align: inherit;\">1cp LSD <\/span><\/span><\/a><a href=\"https:\/\/researchchemicalstore.eu\/cs\/nakupovat\/pelety-2\/o-dsmt-50mg-pelety\/\"><span dir=\"auto\" style=\"vertical-align: inherit;\"><span dir=\"auto\" style=\"vertical-align: inherit;\">o-dsmt <\/span><\/span><\/a><a href=\"https:\/\/researchchemicalstore.eu\/cs\/nakupovat\/lysergamidy\/1v-lsd-150-mcg-pijavice\/\"><span dir=\"auto\" style=\"vertical-align: inherit;\"><span dir=\"auto\" style=\"vertical-align: inherit;\">1vlsd<\/span><\/span><\/a><\/p>","protected":false},"excerpt":{"rendered":"<h2><span style=\"vertical-align: inherit;\"><span style=\"vertical-align: inherit;\"><span dir=\"auto\" style=\"vertical-align: inherit;\"><span dir=\"auto\" style=\"vertical-align: inherit;\">Vlastnosti 4-HO-MET<\/span><\/span><\/span><\/span><\/h2>\n<p><strong><span style=\"vertical-align: inherit;\"><span style=\"vertical-align: inherit;\"><span dir=\"auto\" style=\"vertical-align: inherit;\"><span dir=\"auto\" style=\"vertical-align: inherit;\">Synonyma<\/span><\/span><\/span><\/span><\/strong><span style=\"vertical-align: inherit;\"><span style=\"vertical-align: inherit;\"><span dir=\"auto\" style=\"vertical-align: inherit;\"><span dir=\"auto\" style=\"vertical-align: inherit;\"> 4-hydroxy-N-methyl-N-ethyltryptamin; metocin; 3-{2-[ethyl(methyl)amino]ethyl}-lH-indol-4-ol <\/span><\/span><\/span><\/span><br \/>\n<strong><span style=\"vertical-align: inherit;\"><span style=\"vertical-align: inherit;\"><span dir=\"auto\" style=\"vertical-align: inherit;\"><span dir=\"auto\" style=\"vertical-align: inherit;\">\u010c\u00edslo CAS<\/span><\/span><\/span><\/span><\/strong><span style=\"vertical-align: inherit;\"><span style=\"vertical-align: inherit;\"><span dir=\"auto\" style=\"vertical-align: inherit;\"><span dir=\"auto\" style=\"vertical-align: inherit;\"> : 77872-41-4 <\/span><\/span><\/span><\/span><br \/>\n<strong><span style=\"vertical-align: inherit;\"><span style=\"vertical-align: inherit;\"><span dir=\"auto\" style=\"vertical-align: inherit;\"><span dir=\"auto\" style=\"vertical-align: inherit;\">Vzorec<\/span><\/span><\/span><\/span><\/strong><span style=\"vertical-align: inherit;\"><span style=\"vertical-align: inherit;\"><span dir=\"auto\" style=\"vertical-align: inherit;\"><span dir=\"auto\" style=\"vertical-align: inherit;\"> : C13H18N2O <\/span><\/span><\/span><\/span><br \/>\n<strong><span style=\"vertical-align: inherit;\"><span style=\"vertical-align: inherit;\"><span dir=\"auto\" style=\"vertical-align: inherit;\"><span dir=\"auto\" style=\"vertical-align: inherit;\">Mol\u00e1rn\u00ed hmotnost<\/span><\/span><\/span><\/span><\/strong><span style=\"vertical-align: inherit;\"><span style=\"vertical-align: inherit;\"><span dir=\"auto\" style=\"vertical-align: inherit;\"><span dir=\"auto\" style=\"vertical-align: inherit;\"> : 218,3 g\/mol <\/span><\/span><\/span><\/span><br \/>\n<strong><span style=\"vertical-align: inherit;\"><span style=\"vertical-align: inherit;\"><span dir=\"auto\" style=\"vertical-align: inherit;\"><span dir=\"auto\" style=\"vertical-align: inherit;\">\u010cistota<\/span><\/span><\/span><\/span><\/strong><span style=\"vertical-align: inherit;\"><span style=\"vertical-align: inherit;\"><span dir=\"auto\" style=\"vertical-align: inherit;\"><span dir=\"auto\" style=\"vertical-align: inherit;\"> : \u226598%<\/span><\/span><\/span><\/span><\/p>","protected":false},"featured_media":28704,"comment_status":"closed","ping_status":"closed","template":"","meta":[],"product_brand":[82],"product_cat":[382,403,324,381],"product_tag":[658,636,635,326],"class_list":{"0":"post-23581","1":"product","2":"type-product","3":"status-publish","4":"has-post-thumbnail","6":"product_brand-research-chemical","7":"product_cat-4-ho-met","8":"product_cat-4-ho-met-pellets","9":"product_cat-pellets-for-pellet","10":"product_cat-tryptamines","11":"product_tag-4-ho-met","12":"product_tag-metocin","13":"product_tag-metocin-kopen","14":"product_tag-nl","16":"first","17":"instock","18":"taxable","19":"shipping-taxable","20":"purchasable","21":"product-type-variable"},"_links":{"self":[{"href":"https:\/\/researchchemicalstore.eu\/cs\/wp-json\/wp\/v2\/product\/23581","targetHints":{"allow":["GET"]}}],"collection":[{"href":"https:\/\/researchchemicalstore.eu\/cs\/wp-json\/wp\/v2\/product"}],"about":[{"href":"https:\/\/researchchemicalstore.eu\/cs\/wp-json\/wp\/v2\/types\/product"}],"replies":[{"embeddable":true,"href":"https:\/\/researchchemicalstore.eu\/cs\/wp-json\/wp\/v2\/comments?post=23581"}],"version-history":[{"count":5,"href":"https:\/\/researchchemicalstore.eu\/cs\/wp-json\/wp\/v2\/product\/23581\/revisions"}],"predecessor-version":[{"id":28066,"href":"https:\/\/researchchemicalstore.eu\/cs\/wp-json\/wp\/v2\/product\/23581\/revisions\/28066"}],"wp:featuredmedia":[{"embeddable":true,"href":"https:\/\/researchchemicalstore.eu\/cs\/wp-json\/wp\/v2\/media\/28704"}],"wp:attachment":[{"href":"https:\/\/researchchemicalstore.eu\/cs\/wp-json\/wp\/v2\/media?parent=23581"}],"wp:term":[{"taxonomy":"product_brand","embeddable":true,"href":"https:\/\/researchchemicalstore.eu\/cs\/wp-json\/wp\/v2\/product_brand?post=23581"},{"taxonomy":"product_cat","embeddable":true,"href":"https:\/\/researchchemicalstore.eu\/cs\/wp-json\/wp\/v2\/product_cat?post=23581"},{"taxonomy":"product_tag","embeddable":true,"href":"https:\/\/researchchemicalstore.eu\/cs\/wp-json\/wp\/v2\/product_tag?post=23581"}],"curies":[{"name":"wp","href":"https:\/\/api.w.org\/{rel}","templated":true}]}}