{"id":23834,"date":"2025-04-13T17:40:30","date_gmt":"2025-04-13T17:40:30","guid":{"rendered":"https:\/\/researchchemicalstore.eu\/?post_type=product&#038;p=23834"},"modified":"2025-10-22T12:17:20","modified_gmt":"2025-10-22T12:17:20","slug":"jwh-210-john-william-huffman-210","status":"publish","type":"product","link":"https:\/\/researchchemicalstore.eu\/cs\/produkt\/jwh-210-john-william-huffman-210\/","title":{"rendered":"JWH-210 (John William Huffman \u2013 210)"},"content":{"rendered":"<h1><strong><span dir=\"auto\" style=\"vertical-align: inherit;\"><span dir=\"auto\" style=\"vertical-align: inherit;\">Kupte si JWH-210 \u2013 vysoce kvalitn\u00ed v\u00fdzkumnou chemik\u00e1lii pro v\u011bdeck\u00e9 aplikace<\/span><\/span><\/strong><\/h1>\n<p><strong><span dir=\"auto\" style=\"vertical-align: inherit;\"><span dir=\"auto\" style=\"vertical-align: inherit;\">N\u00e1zev produktu:<\/span><\/span><\/strong><span dir=\"auto\" style=\"vertical-align: inherit;\"><span dir=\"auto\" style=\"vertical-align: inherit;\"> JWH-210 (John William Huffman \u2013 210) <\/span><\/span><br \/>\n<strong><span dir=\"auto\" style=\"vertical-align: inherit;\"><span dir=\"auto\" style=\"vertical-align: inherit;\">Chemick\u00fd vzorec:<\/span><\/span><\/strong><span dir=\"auto\" style=\"vertical-align: inherit;\"><span dir=\"auto\" style=\"vertical-align: inherit;\"> C\u2082\u2084H\u2083\u2081NO <\/span><\/span><br \/>\n<strong><span dir=\"auto\" style=\"vertical-align: inherit;\"><span dir=\"auto\" style=\"vertical-align: inherit;\">Molekulov\u00e1 hmotnost:<\/span><\/span><\/strong><span dir=\"auto\" style=\"vertical-align: inherit;\"><span dir=\"auto\" style=\"vertical-align: inherit;\"> 349,51 g\/mol <\/span><\/span><br \/>\n<strong><span dir=\"auto\" style=\"vertical-align: inherit;\"><span dir=\"auto\" style=\"vertical-align: inherit;\">\u010c\u00edslo CAS:<\/span><\/span><\/strong><span dir=\"auto\" style=\"vertical-align: inherit;\"><span dir=\"auto\" style=\"vertical-align: inherit;\"> 1192943-32-1 <\/span><\/span><br \/>\n<strong><span dir=\"auto\" style=\"vertical-align: inherit;\"><span dir=\"auto\" style=\"vertical-align: inherit;\">\u010cistota:<\/span><\/span><\/strong><span dir=\"auto\" style=\"vertical-align: inherit;\"><span dir=\"auto\" style=\"vertical-align: inherit;\"> \u226598% (validov\u00e1no HPLC)<\/span><\/span><\/p>\n<hr \/>\n<h3><strong><span dir=\"auto\" style=\"vertical-align: inherit;\"><span dir=\"auto\" style=\"vertical-align: inherit;\">Co je JWH-210?<\/span><\/span><\/strong><\/h3>\n<p><span dir=\"auto\" style=\"vertical-align: inherit;\"><span dir=\"auto\" style=\"vertical-align: inherit;\">JWH-210 je siln\u00fd syntetick\u00fd kanabinoid vyvinut\u00fd v r\u00e1mci Huffmanovy s\u00e9rie a je zn\u00e1m\u00fd svou vysokou afinitou k receptor\u016fm CB1 i CB2. Tato slou\u010denina se pou\u017e\u00edv\u00e1 v\u00fdhradn\u011b v laboratorn\u00edch studi\u00edch endokanabinoidn\u00edho syst\u00e9mu, strukturn\u00edch anal\u00fdz\u00e1ch kanabinoid\u016f a vazb\u011b na receptory.<\/span><\/span><\/p>\n<hr \/>\n<h3><strong><span dir=\"auto\" style=\"vertical-align: inherit;\"><span dir=\"auto\" style=\"vertical-align: inherit;\">Kl\u00ed\u010dov\u00e9 vlastnosti Koupit JWH-210<\/span><\/span><\/strong><\/h3>\n<p>\u2714 <strong><span dir=\"auto\" style=\"vertical-align: inherit;\"><span dir=\"auto\" style=\"vertical-align: inherit;\">\u010cistota v\u00fdzkumn\u00e9 kvality (\u226598%)<\/span><\/span><\/strong><span dir=\"auto\" style=\"vertical-align: inherit;\"><span dir=\"auto\" style=\"vertical-align: inherit;\"> \u2013 Pro spolehliv\u00e1 a reprodukovateln\u00e1 data <\/span><\/span><br \/>\n\u2714 <strong><span dir=\"auto\" style=\"vertical-align: inherit;\"><span dir=\"auto\" style=\"vertical-align: inherit;\">D\u00e1vkov\u011b kontrolovan\u00e9 a analyticky ov\u011b\u0159en\u00e9<\/span><\/span><\/strong><span dir=\"auto\" style=\"vertical-align: inherit;\"><span dir=\"auto\" style=\"vertical-align: inherit;\"> \u2013 Zahrnuje zpr\u00e1vy HPLC, GC-MS a NMR <\/span><\/span><br \/>\n\u2714 <strong><span dir=\"auto\" style=\"vertical-align: inherit;\"><span dir=\"auto\" style=\"vertical-align: inherit;\">Dod\u00e1v\u00e1no v bezkysl\u00edkov\u00e9m, sv\u011btlu nepropustn\u00e9m obalu<\/span><\/span><\/strong><span dir=\"auto\" style=\"vertical-align: inherit;\"><span dir=\"auto\" style=\"vertical-align: inherit;\"> \u2013 Pro optim\u00e1ln\u00ed stabilitu <\/span><\/span><br \/>\n\u2714 <strong><span dir=\"auto\" style=\"vertical-align: inherit;\"><span dir=\"auto\" style=\"vertical-align: inherit;\">Suroviny farmaceutick\u00e9 kvality<\/span><\/span><\/strong><span dir=\"auto\" style=\"vertical-align: inherit;\"><span dir=\"auto\" style=\"vertical-align: inherit;\"> \u2013 N\u00edzk\u00e1 \u00farove\u0148 kontaminace, kontrola t\u011b\u017ek\u00fdch kov\u016f<\/span><\/span><\/p>\n<hr \/>\n<h3><strong><span dir=\"auto\" style=\"vertical-align: inherit;\"><span dir=\"auto\" style=\"vertical-align: inherit;\">Oblasti pou\u017eit\u00ed<\/span><\/span><\/strong><\/h3>\n<ul>\n<li><strong><span dir=\"auto\" style=\"vertical-align: inherit;\"><span dir=\"auto\" style=\"vertical-align: inherit;\">Studie vazby na receptory (CB1\/CB2)<\/span><\/span><\/strong><\/li>\n<li><strong><span dir=\"auto\" style=\"vertical-align: inherit;\"><span dir=\"auto\" style=\"vertical-align: inherit;\">Srovn\u00e1vac\u00ed anal\u00fdza SAR syntetick\u00fdch kanabinoid\u016f<\/span><\/span><\/strong><\/li>\n<li><strong><span dir=\"auto\" style=\"vertical-align: inherit;\"><span dir=\"auto\" style=\"vertical-align: inherit;\">Farmakologick\u00fd v\u00fdzkum in vitro<\/span><\/span><\/strong><\/li>\n<li><strong><span dir=\"auto\" style=\"vertical-align: inherit;\"><span dir=\"auto\" style=\"vertical-align: inherit;\">Forenzn\u00ed referen\u010dn\u00ed materi\u00e1l pro detekci nov\u00fdch psychoaktivn\u00edch l\u00e1tek<\/span><\/span><\/strong><\/li>\n<\/ul>\n<hr \/>\n<h3><strong><span dir=\"auto\" style=\"vertical-align: inherit;\"><span dir=\"auto\" style=\"vertical-align: inherit;\">Skladov\u00e1n\u00ed a stabilita<\/span><\/span><\/strong><\/h3>\n<ul>\n<li><strong><span dir=\"auto\" style=\"vertical-align: inherit;\"><span dir=\"auto\" style=\"vertical-align: inherit;\">Skladovac\u00ed teplota:<\/span><\/span><\/strong><span dir=\"auto\" style=\"vertical-align: inherit;\"><span dir=\"auto\" style=\"vertical-align: inherit;\"> -20 \u00b0C<\/span><\/span><\/li>\n<li><strong><span dir=\"auto\" style=\"vertical-align: inherit;\"><span dir=\"auto\" style=\"vertical-align: inherit;\">Obal:<\/span><\/span><\/strong><span dir=\"auto\" style=\"vertical-align: inherit;\"><span dir=\"auto\" style=\"vertical-align: inherit;\"> Jantarov\u00e1 sklen\u011bn\u00e1 lahvi\u010dka, uzav\u0159en\u00e1 inertn\u00edm plynem<\/span><\/span><\/li>\n<li><strong><span dir=\"auto\" style=\"vertical-align: inherit;\"><span dir=\"auto\" style=\"vertical-align: inherit;\">Stabilita:<\/span><\/span><\/strong><span dir=\"auto\" style=\"vertical-align: inherit;\"><span dir=\"auto\" style=\"vertical-align: inherit;\"> Minim\u00e1ln\u011b 24 m\u011bs\u00edc\u016f za doporu\u010den\u00fdch podm\u00ednek<\/span><\/span><\/li>\n<\/ul>\n<hr \/>\n<h3><strong><span dir=\"auto\" style=\"vertical-align: inherit;\"><span dir=\"auto\" style=\"vertical-align: inherit;\">Bezpe\u010dnostn\u00ed pokyny Koupit JWH-210<\/span><\/span><\/strong><\/h3>\n<p>\u26a0 <strong><span dir=\"auto\" style=\"vertical-align: inherit;\"><span dir=\"auto\" style=\"vertical-align: inherit;\">Pouze pro v\u00fdzkumn\u00e9 \u00fa\u010dely<\/span><\/span><\/strong><span dir=\"auto\" style=\"vertical-align: inherit;\"><span dir=\"auto\" style=\"vertical-align: inherit;\"> \u2013 Nen\u00ed ur\u010deno k lidsk\u00e9 ani zv\u00ed\u0159ec\u00ed spot\u0159eb\u011b <\/span><\/span><br \/>\n\u26a0 <strong><span dir=\"auto\" style=\"vertical-align: inherit;\"><span dir=\"auto\" style=\"vertical-align: inherit;\">Pou\u017eit\u00ed v kontrolovan\u00e9m laboratorn\u00edm prost\u0159ed\u00ed <\/span><\/span><\/strong><br \/>\n\u26a0 <strong><span dir=\"auto\" style=\"vertical-align: inherit;\"><span dir=\"auto\" style=\"vertical-align: inherit;\">Po\u017eadovan\u00e9 osobn\u00ed ochrann\u00e9 prost\u0159edky<\/span><\/span><\/strong><span dir=\"auto\" style=\"vertical-align: inherit;\"><span dir=\"auto\" style=\"vertical-align: inherit;\"> \u2013 Rukavice, ochrann\u00e9 br\u00fdle, laboratorn\u00ed pl\u00e1\u0161\u0165 <\/span><\/span><br \/>\n\u26a0 <strong><span dir=\"auto\" style=\"vertical-align: inherit;\"><span dir=\"auto\" style=\"vertical-align: inherit;\">V souladu s na\u0159\u00edzen\u00edm REACH a m\u00edstn\u00edmi bezpe\u010dnostn\u00edmi pokyny<\/span><\/span><\/strong><\/p>\n<hr \/>\n<h3><strong><span dir=\"auto\" style=\"vertical-align: inherit;\"><span dir=\"auto\" style=\"vertical-align: inherit;\">Pro\u010d si vybrat pr\u00e1v\u011b n\u00e1\u0161 JWH-210?<\/span><\/span><\/strong><\/h3>\n<ul>\n<li><strong><span dir=\"auto\" style=\"vertical-align: inherit;\"><span dir=\"auto\" style=\"vertical-align: inherit;\">D\u00e1vkov\u00e1 transparentnost 100%<\/span><\/span><\/strong><span dir=\"auto\" style=\"vertical-align: inherit;\"><span dir=\"auto\" style=\"vertical-align: inherit;\"> \u2013 \u00dapln\u00e9 analytick\u00e9 informace jsou k dispozici na vy\u017e\u00e1d\u00e1n\u00ed<\/span><\/span><\/li>\n<li><strong><span dir=\"auto\" style=\"vertical-align: inherit;\"><span dir=\"auto\" style=\"vertical-align: inherit;\">Distribuce do EU s rychl\u00fdm doru\u010den\u00edm<\/span><\/span><\/strong><span dir=\"auto\" style=\"vertical-align: inherit;\"><span dir=\"auto\" style=\"vertical-align: inherit;\"> \u2013 Ve va\u0161em v\u00fdzkumn\u00e9m za\u0159\u00edzen\u00ed do 24\u201348 hodin<\/span><\/span><\/li>\n<li><strong><span dir=\"auto\" style=\"vertical-align: inherit;\"><span dir=\"auto\" style=\"vertical-align: inherit;\">Technick\u00e1 podpora<\/span><\/span><\/strong><span dir=\"auto\" style=\"vertical-align: inherit;\"><span dir=\"auto\" style=\"vertical-align: inherit;\"> \u2013 Konzultace na \u00farovni PhD pro aplikace a d\u00e1vkovac\u00ed modely<\/span><\/span><\/li>\n<li><strong><span dir=\"auto\" style=\"vertical-align: inherit;\"><span dir=\"auto\" style=\"vertical-align: inherit;\">P\u0159ipraveno k odesl\u00e1n\u00ed za kontrolovan\u00fdch podm\u00ednek<\/span><\/span><\/strong><span dir=\"auto\" style=\"vertical-align: inherit;\"><span dir=\"auto\" style=\"vertical-align: inherit;\"> \u2013 V p\u0159\u00edpad\u011b pot\u0159eby zahrnuje sledov\u00e1n\u00ed teploty<\/span><\/span><\/li>\n<\/ul>\n<hr \/>\n<p><strong><span dir=\"auto\" style=\"vertical-align: inherit;\"><span dir=\"auto\" style=\"vertical-align: inherit;\">Pr\u00e1vn\u00ed upozorn\u011bn\u00ed:<\/span><\/span><\/strong><br \/>\n<span dir=\"auto\" style=\"vertical-align: inherit;\"><span dir=\"auto\" style=\"vertical-align: inherit;\"> Tento produkt je ur\u010den v\u00fdhradn\u011b pro profesion\u00e1ln\u00ed pou\u017eit\u00ed v autorizovan\u00fdch v\u00fdzkumn\u00fdch za\u0159\u00edzen\u00edch. Kupuj\u00edc\u00ed je zodpov\u011bdn\u00fd za dodr\u017eov\u00e1n\u00ed m\u00edstn\u00edch z\u00e1kon\u016f a p\u0159edpis\u016f.<\/span><\/span><\/p>\n<p><span dir=\"auto\" style=\"vertical-align: inherit;\"><span dir=\"auto\" style=\"vertical-align: inherit;\">Pro objedn\u00e1vky, specifikace nebo \u017e\u00e1dosti o spolupr\u00e1ci, <\/span><\/span><a href=\"http:\/\/google.nl\" target=\"_blank\" rel=\"noopener\"><span dir=\"auto\" style=\"vertical-align: inherit;\"><span dir=\"auto\" style=\"vertical-align: inherit;\">pros\u00edm kontaktujte<\/span><\/span><\/a><span dir=\"auto\" style=\"vertical-align: inherit;\"><span dir=\"auto\" style=\"vertical-align: inherit;\"> kontaktujte n\u00e1\u0161 v\u011bdeck\u00fd t\u00fdm.<\/span><\/span><\/p>\n<p><a href=\"https:\/\/researchchemicalstore.eu\/cs\/nakupovat\/pelety-2\/o-dsmt-50mg-pelety\/\"><span dir=\"auto\" style=\"vertical-align: inherit;\"><span dir=\"auto\" style=\"vertical-align: inherit;\">O-DSMT 50 mg pelety <\/span><\/span><\/a><a href=\"https:\/\/researchchemicalstore.eu\/cs\/nakupovat\/lysergamidy\/1-cp-lsd-150-mcg-pelety\/\"><span dir=\"auto\" style=\"vertical-align: inherit;\"><span dir=\"auto\" style=\"vertical-align: inherit;\">Um\u011bleck\u00e9 blottery 1cP-LSD 150 MCG <\/span><\/span><\/a><a href=\"https:\/\/researchchemicalstore.eu\/cs\/nakupovat\/iboga-ibogain\/kura-korene-ibogy\/\"><span dir=\"auto\" style=\"vertical-align: inherit;\"><span dir=\"auto\" style=\"vertical-align: inherit;\">1V-LSD 150 MCG saje<\/span><\/span><\/a><\/p>","protected":false},"excerpt":{"rendered":"<h2><span dir=\"auto\" style=\"vertical-align: inherit;\"><span dir=\"auto\" style=\"vertical-align: inherit;\">JWH-210 <\/span><\/span><b>\u00a0<\/b><span dir=\"auto\" style=\"vertical-align: inherit;\"><span dir=\"auto\" style=\"vertical-align: inherit;\">vlastnosti<\/span><\/span><\/h2>\n<p><strong><span dir=\"auto\" style=\"vertical-align: inherit;\"><span dir=\"auto\" style=\"vertical-align: inherit;\">Synonymum:<\/span><\/span><\/strong><span dir=\"auto\" style=\"vertical-align: inherit;\"><span dir=\"auto\" style=\"vertical-align: inherit;\"> John William Huffman 210 <\/span><\/span><strong><br \/>\n<span dir=\"auto\" style=\"vertical-align: inherit;\"><span dir=\"auto\" style=\"vertical-align: inherit;\">\u010c\u00edslo CAS<\/span><\/span><\/strong><span dir=\"auto\" style=\"vertical-align: inherit;\"><span dir=\"auto\" style=\"vertical-align: inherit;\"> : 824959-81-1 <\/span><\/span><br \/>\n<strong><span dir=\"auto\" style=\"vertical-align: inherit;\"><span dir=\"auto\" style=\"vertical-align: inherit;\">Vzorec<\/span><\/span><\/strong><span dir=\"auto\" style=\"vertical-align: inherit;\"><span dir=\"auto\" style=\"vertical-align: inherit;\"> : <\/span><\/span><span title=\"Uhl\u00edk\"><span dir=\"auto\" style=\"vertical-align: inherit;\"><span dir=\"auto\" style=\"vertical-align: inherit;\">C <\/span><\/span><\/span><sub><span dir=\"auto\" style=\"vertical-align: inherit;\"><span dir=\"auto\" style=\"vertical-align: inherit;\">26 <\/span><\/span><\/sub><span title=\"Vod\u00edk\"><span dir=\"auto\" style=\"vertical-align: inherit;\"><span dir=\"auto\" style=\"vertical-align: inherit;\">H <\/span><\/span><\/span><sub><span dir=\"auto\" style=\"vertical-align: inherit;\"><span dir=\"auto\" style=\"vertical-align: inherit;\">27 <\/span><\/span><\/sub><span title=\"Dus\u00edk\"><span dir=\"auto\" style=\"vertical-align: inherit;\"><span dir=\"auto\" style=\"vertical-align: inherit;\">N <\/span><\/span><\/span><span title=\"Kysl\u00edk\"><span dir=\"auto\" style=\"vertical-align: inherit;\"><span dir=\"auto\" style=\"vertical-align: inherit;\">\u00d3 <\/span><\/span><\/span><br \/>\n<strong><span dir=\"auto\" style=\"vertical-align: inherit;\"><span dir=\"auto\" style=\"vertical-align: inherit;\">Mol\u00e1rn\u00ed hmotnost<\/span><\/span><\/strong><span dir=\"auto\" style=\"vertical-align: inherit;\"><span dir=\"auto\" style=\"vertical-align: inherit;\"> : 369,508 g mol <\/span><\/span><br \/>\n<strong><span dir=\"auto\" style=\"vertical-align: inherit;\"><span dir=\"auto\" style=\"vertical-align: inherit;\">\u010cistota<\/span><\/span><\/strong><span dir=\"auto\" style=\"vertical-align: inherit;\"><span dir=\"auto\" style=\"vertical-align: inherit;\"> : \u226598%<\/span><\/span><\/p>","protected":false},"featured_media":28806,"comment_status":"closed","ping_status":"closed","template":"","meta":[],"product_brand":[82],"product_cat":[322,370,398],"product_tag":[629,644,778,664,326],"class_list":{"0":"post-23834","1":"product","2":"type-product","3":"status-publish","4":"has-post-thumbnail","6":"product_brand-research-chemical","7":"product_cat-bijna-verboden","8":"product_cat-jwh-210","9":"product_cat-verkoop","10":"product_tag-4-fma-kopen","11":"product_tag-4-fma","12":"product_tag-jwh-210","13":"product_tag-maxtc","14":"product_tag-nl","16":"first","17":"instock","18":"sale","19":"taxable","20":"shipping-taxable","21":"purchasable","22":"product-type-variable"},"_links":{"self":[{"href":"https:\/\/researchchemicalstore.eu\/cs\/wp-json\/wp\/v2\/product\/23834","targetHints":{"allow":["GET"]}}],"collection":[{"href":"https:\/\/researchchemicalstore.eu\/cs\/wp-json\/wp\/v2\/product"}],"about":[{"href":"https:\/\/researchchemicalstore.eu\/cs\/wp-json\/wp\/v2\/types\/product"}],"replies":[{"embeddable":true,"href":"https:\/\/researchchemicalstore.eu\/cs\/wp-json\/wp\/v2\/comments?post=23834"}],"version-history":[{"count":7,"href":"https:\/\/researchchemicalstore.eu\/cs\/wp-json\/wp\/v2\/product\/23834\/revisions"}],"predecessor-version":[{"id":28041,"href":"https:\/\/researchchemicalstore.eu\/cs\/wp-json\/wp\/v2\/product\/23834\/revisions\/28041"}],"wp:featuredmedia":[{"embeddable":true,"href":"https:\/\/researchchemicalstore.eu\/cs\/wp-json\/wp\/v2\/media\/28806"}],"wp:attachment":[{"href":"https:\/\/researchchemicalstore.eu\/cs\/wp-json\/wp\/v2\/media?parent=23834"}],"wp:term":[{"taxonomy":"product_brand","embeddable":true,"href":"https:\/\/researchchemicalstore.eu\/cs\/wp-json\/wp\/v2\/product_brand?post=23834"},{"taxonomy":"product_cat","embeddable":true,"href":"https:\/\/researchchemicalstore.eu\/cs\/wp-json\/wp\/v2\/product_cat?post=23834"},{"taxonomy":"product_tag","embeddable":true,"href":"https:\/\/researchchemicalstore.eu\/cs\/wp-json\/wp\/v2\/product_tag?post=23834"}],"curies":[{"name":"wp","href":"https:\/\/api.w.org\/{rel}","templated":true}]}}