{"id":23843,"date":"2025-04-13T17:40:31","date_gmt":"2025-04-13T17:40:31","guid":{"rendered":"https:\/\/researchchemicalstore.eu\/?post_type=product&#038;p=23843"},"modified":"2025-10-22T12:02:26","modified_gmt":"2025-10-22T12:02:26","slug":"chem-mist-1cp-lsd-sprej-sweet-spot","status":"publish","type":"product","link":"https:\/\/researchchemicalstore.eu\/cs\/produkt\/chem-mist-1cp-lsd-sprej-sweet-spot\/","title":{"rendered":"Chemick\u00e1 mlha 1cP-LSD sprej Sweet Spot"},"content":{"rendered":"<h1><strong><span dir=\"auto\" style=\"vertical-align: inherit;\"><span dir=\"auto\" style=\"vertical-align: inherit;\">Chem-Mist 1cP-LSD sprej Sweet Spot \u2013 P\u0159esn\u00e9 slo\u017een\u00ed pro pokro\u010dil\u00fd v\u00fdzkum<\/span><\/span><\/strong><\/h1>\n<p><strong><span dir=\"auto\" style=\"vertical-align: inherit;\"><span dir=\"auto\" style=\"vertical-align: inherit;\">N\u00e1zev produktu:<\/span><\/span><\/strong><span dir=\"auto\" style=\"vertical-align: inherit;\"><span dir=\"auto\" style=\"vertical-align: inherit;\"> Chem-Mist 1cP-LSD sprej Sweet Spot <\/span><\/span><br \/>\n<strong><span dir=\"auto\" style=\"vertical-align: inherit;\"><span dir=\"auto\" style=\"vertical-align: inherit;\">Aktivn\u00ed slo\u017eka:<\/span><\/span><\/strong><span dir=\"auto\" style=\"vertical-align: inherit;\"><span dir=\"auto\" style=\"vertical-align: inherit;\"> 1cP-LSD (diethylamid kyseliny 1-cyklopropionyl-lysergov\u00e9) <\/span><\/span><br \/>\n<strong><span dir=\"auto\" style=\"vertical-align: inherit;\"><span dir=\"auto\" style=\"vertical-align: inherit;\">Koncentrace:<\/span><\/span><\/strong><span dir=\"auto\" style=\"vertical-align: inherit;\"><span dir=\"auto\" style=\"vertical-align: inherit;\"> X \u00b5g na post\u0159ik (nap\u0159. 100 \u00b5g) <\/span><\/span><br \/>\n<strong><span dir=\"auto\" style=\"vertical-align: inherit;\"><span dir=\"auto\" style=\"vertical-align: inherit;\">Obsah:<\/span><\/span><\/strong><span dir=\"auto\" style=\"vertical-align: inherit;\"><span dir=\"auto\" style=\"vertical-align: inherit;\"> X ml \u2013 pr\u016fm\u011brn\u00fd po\u010det d\u00e1vek X vst\u0159ik\u016f na lahvi\u010dku <\/span><\/span><br \/>\n<strong><span dir=\"auto\" style=\"vertical-align: inherit;\"><span dir=\"auto\" style=\"vertical-align: inherit;\">Zam\u00fd\u0161len\u00e9 pou\u017eit\u00ed:<\/span><\/span><\/strong><span dir=\"auto\" style=\"vertical-align: inherit;\"><span dir=\"auto\" style=\"vertical-align: inherit;\"> V\u00fdhradn\u011b pro analytick\u00e9 a in vitro testov\u00e1n\u00ed<\/span><\/span><\/p>\n<hr \/>\n<h3><strong><span dir=\"auto\" style=\"vertical-align: inherit;\"><span dir=\"auto\" style=\"vertical-align: inherit;\">Co je sprej Chem-Mist 1cP-LSD?<\/span><\/span><\/strong><\/h3>\n<p><span dir=\"auto\" style=\"vertical-align: inherit;\"><span dir=\"auto\" style=\"vertical-align: inherit;\">Ten\/Ta\/To <\/span><\/span><strong><span dir=\"auto\" style=\"vertical-align: inherit;\"><span dir=\"auto\" style=\"vertical-align: inherit;\">Chem-Mist 1cP-LSD sprej Sweet Spot<\/span><\/span><\/strong><span dir=\"auto\" style=\"vertical-align: inherit;\"><span dir=\"auto\" style=\"vertical-align: inherit;\"> je pokro\u010dil\u00e9 \u0159e\u0161en\u00ed pro v\u00fdzkum lysergamidu. D\u00edky p\u0159esn\u00e9 mikronebulizaci tento sprej poskytuje reprodukovateln\u00e9 d\u00e1vkov\u00e1n\u00ed 1cP-LSD, co\u017e je ide\u00e1ln\u00ed pro laborato\u0159e pracuj\u00edc\u00ed s anal\u00fdzami d\u00e1vka-\u00fa\u010dinek nebo s experimenty s vazbou receptor\u016f.<\/span><\/span><\/p>\n<p><span dir=\"auto\" style=\"vertical-align: inherit;\"><span dir=\"auto\" style=\"vertical-align: inherit;\">1cP-LSD je polosyntetick\u00e1 slou\u010denina, kter\u00e1 funguje jako prol\u00e9\u010divo LSD a je zkoum\u00e1na v neurofarmakologii, zejm\u00e9na pro sv\u00e9 \u00fa\u010dinky na serotonergn\u00ed syst\u00e9m (zejm\u00e9na receptory 5-HT\u2082A).<\/span><\/span><\/p>\n<hr \/>\n<h3><strong><span dir=\"auto\" style=\"vertical-align: inherit;\"><span dir=\"auto\" style=\"vertical-align: inherit;\">Hlavn\u00ed v\u00fdhody<\/span><\/span><\/strong><\/h3>\n<p>\u2714 <strong><span dir=\"auto\" style=\"vertical-align: inherit;\"><span dir=\"auto\" style=\"vertical-align: inherit;\">P\u0159esn\u00e9 d\u00e1vkov\u00e1n\u00ed na jeden post\u0159ik<\/span><\/span><\/strong><span dir=\"auto\" style=\"vertical-align: inherit;\"><span dir=\"auto\" style=\"vertical-align: inherit;\"> \u2013 Standardizov\u00e1no pro konzistenci v r\u00e1mci testovac\u00edch s\u00e9ri\u00ed <\/span><\/span><br \/>\n\u2714 <strong><span dir=\"auto\" style=\"vertical-align: inherit;\"><span dir=\"auto\" style=\"vertical-align: inherit;\">Stabiln\u00ed slo\u017een\u00ed<\/span><\/span><\/strong><span dir=\"auto\" style=\"vertical-align: inherit;\"><span dir=\"auto\" style=\"vertical-align: inherit;\"> \u2013 Obsahuje stabilizovan\u00fd nosn\u00fd roztok pro prodlou\u017eenou trvanlivost <\/span><\/span><br \/>\n\u2714 <strong><span dir=\"auto\" style=\"vertical-align: inherit;\"><span dir=\"auto\" style=\"vertical-align: inherit;\">Snadn\u00e9 pou\u017eit\u00ed<\/span><\/span><\/strong><span dir=\"auto\" style=\"vertical-align: inherit;\"><span dir=\"auto\" style=\"vertical-align: inherit;\"> \u2013 Nen\u00ed nutn\u00e9 pipetov\u00e1n\u00ed, st\u0159\u00edkejte p\u0159\u00edmo na laboratorn\u00ed materi\u00e1ly nebo substr\u00e1t <\/span><\/span><br \/>\n\u2714 <strong><span dir=\"auto\" style=\"vertical-align: inherit;\"><span dir=\"auto\" style=\"vertical-align: inherit;\">Balen\u00ed v\u00fdzkumn\u00e9 kvality<\/span><\/span><\/strong><span dir=\"auto\" style=\"vertical-align: inherit;\"><span dir=\"auto\" style=\"vertical-align: inherit;\"> \u2013 Tmav\u00e9 sklo s jemn\u00fdm rozpra\u0161ovac\u00edm \u010derpadlem<\/span><\/span><\/p>\n<hr \/>\n<h3><strong><span dir=\"auto\" style=\"vertical-align: inherit;\"><span dir=\"auto\" style=\"vertical-align: inherit;\">V\u011bdeck\u00e9 aplikace<\/span><\/span><\/strong><\/h3>\n<ul>\n<li><strong><span dir=\"auto\" style=\"vertical-align: inherit;\"><span dir=\"auto\" style=\"vertical-align: inherit;\">Anal\u00fdza serotonergn\u00edch receptor\u016f<\/span><\/span><\/strong><\/li>\n<li><strong><span dir=\"auto\" style=\"vertical-align: inherit;\"><span dir=\"auto\" style=\"vertical-align: inherit;\">Studie struktury a aktivity lysergamid\u016f<\/span><\/span><\/strong><\/li>\n<li><strong><span dir=\"auto\" style=\"vertical-align: inherit;\"><span dir=\"auto\" style=\"vertical-align: inherit;\">Vazba receptoru in vitro\/ex vivo<\/span><\/span><\/strong><\/li>\n<li><strong><span dir=\"auto\" style=\"vertical-align: inherit;\"><span dir=\"auto\" style=\"vertical-align: inherit;\">Srovn\u00e1vac\u00ed studie \u00fa\u010dinnosti oproti LSD a jin\u00fdm analog\u016fm<\/span><\/span><\/strong><\/li>\n<\/ul>\n<hr \/>\n<h3><strong><span dir=\"auto\" style=\"vertical-align: inherit;\"><span dir=\"auto\" style=\"vertical-align: inherit;\">Technick\u00e9 specifikace<\/span><\/span><\/strong><\/h3>\n<ul>\n<li><strong><span dir=\"auto\" style=\"vertical-align: inherit;\"><span dir=\"auto\" style=\"vertical-align: inherit;\">Obal:<\/span><\/span><\/strong><span dir=\"auto\" style=\"vertical-align: inherit;\"><span dir=\"auto\" style=\"vertical-align: inherit;\"> Hn\u011bd\u00e9 sklo s UV ochranou, vzduchot\u011bsn\u00e9<\/span><\/span><\/li>\n<li><strong><span dir=\"auto\" style=\"vertical-align: inherit;\"><span dir=\"auto\" style=\"vertical-align: inherit;\">Rozpou\u0161t\u011bdlo:<\/span><\/span><\/strong><span dir=\"auto\" style=\"vertical-align: inherit;\"><span dir=\"auto\" style=\"vertical-align: inherit;\"> Ethanol \u226599,9% nebo speci\u00e1ln\u011b denaturovan\u00fd roztok<\/span><\/span><\/li>\n<li><strong><span dir=\"auto\" style=\"vertical-align: inherit;\"><span dir=\"auto\" style=\"vertical-align: inherit;\">\u010cistota 1cP-LSD:<\/span><\/span><\/strong><span dir=\"auto\" style=\"vertical-align: inherit;\"><span dir=\"auto\" style=\"vertical-align: inherit;\"> \u226598% (potvrzeno HPLC\/MS)<\/span><\/span><\/li>\n<li><strong><span dir=\"auto\" style=\"vertical-align: inherit;\"><span dir=\"auto\" style=\"vertical-align: inherit;\">Objem post\u0159iku:<\/span><\/span><\/strong><span dir=\"auto\" style=\"vertical-align: inherit;\"><span dir=\"auto\" style=\"vertical-align: inherit;\"> \u00b10,10 ml na d\u00e1vku<\/span><\/span><\/li>\n<\/ul>\n<hr \/>\n<h3><strong><span dir=\"auto\" style=\"vertical-align: inherit;\"><span dir=\"auto\" style=\"vertical-align: inherit;\">Bezpe\u010dnostn\u00ed pokyny a pokyny pro pou\u017eit\u00ed<\/span><\/span><\/strong><\/h3>\n<p>\u26a0 <strong><span dir=\"auto\" style=\"vertical-align: inherit;\"><span dir=\"auto\" style=\"vertical-align: inherit;\">Pouze pro laboratorn\u00ed pou\u017eit\u00ed \u2013 nen\u00ed vhodn\u00e9 k lidsk\u00e9 spot\u0159eb\u011b. <\/span><\/span><\/strong><br \/>\n\u26a0 <strong><span dir=\"auto\" style=\"vertical-align: inherit;\"><span dir=\"auto\" style=\"vertical-align: inherit;\">Pou\u017e\u00edvejte pouze za kontrolovan\u00fdch podm\u00ednek kvalifikovan\u00fdm person\u00e1lem. <\/span><\/span><\/strong><br \/>\n\u26a0 <strong><span dir=\"auto\" style=\"vertical-align: inherit;\"><span dir=\"auto\" style=\"vertical-align: inherit;\">V\u017edy pou\u017e\u00edvejte rukavice, ochrann\u00e9 br\u00fdle a laboratorn\u00ed pl\u00e1\u0161\u0165. <\/span><\/span><\/strong><br \/>\n\u26a0 <strong><span dir=\"auto\" style=\"vertical-align: inherit;\"><span dir=\"auto\" style=\"vertical-align: inherit;\">Skladujte p\u0159i teplot\u011b 2\u20138 \u00b0C, na tmav\u00e9m m\u00edst\u011b a vzduchot\u011bsn\u011b uzav\u0159en\u00e9.<\/span><\/span><\/strong><\/p>\n<hr \/>\n<h3><strong><span dir=\"auto\" style=\"vertical-align: inherit;\"><span dir=\"auto\" style=\"vertical-align: inherit;\">Pro\u010d si vybrat n\u00e1\u0161 sprej Chem-Mist?<\/span><\/span><\/strong><\/h3>\n<ul>\n<li><strong><span dir=\"auto\" style=\"vertical-align: inherit;\"><span dir=\"auto\" style=\"vertical-align: inherit;\">D\u00e1vkov\u011b \u0159\u00edzen\u00e1 v\u00fdroba<\/span><\/span><\/strong><\/li>\n<li><strong><span dir=\"auto\" style=\"vertical-align: inherit;\"><span dir=\"auto\" style=\"vertical-align: inherit;\">P\u0159ipraveno k okam\u017eit\u00e9mu pou\u017eit\u00ed \u2013 nen\u00ed nutn\u00e9 \u0159ed\u011bn\u00ed<\/span><\/span><\/strong><\/li>\n<li><strong><span dir=\"auto\" style=\"vertical-align: inherit;\"><span dir=\"auto\" style=\"vertical-align: inherit;\">Vyrobeno v souladu s normami ISO 9001:2015<\/span><\/span><\/strong><\/li>\n<li><strong><span dir=\"auto\" style=\"vertical-align: inherit;\"><span dir=\"auto\" style=\"vertical-align: inherit;\">Dod\u00e1n\u00ed do 24 hodin v teplotn\u011b stabiln\u00edm balen\u00ed (EU)<\/span><\/span><\/strong><\/li>\n<\/ul>\n<hr \/>\n<p><strong><span dir=\"auto\" style=\"vertical-align: inherit;\"><span dir=\"auto\" style=\"vertical-align: inherit;\">Pr\u00e1vn\u00ed upozorn\u011bn\u00ed:<\/span><\/span><\/strong><br \/>\n<span dir=\"auto\" style=\"vertical-align: inherit;\"><span dir=\"auto\" style=\"vertical-align: inherit;\"> Tento produkt je klasifikov\u00e1n jako v\u00fdzkumn\u00e1 chemik\u00e1lie a m\u016f\u017ee b\u00fdt objedn\u00e1n a dod\u00e1v\u00e1n pouze autorizovan\u00fdm v\u00fdzkumn\u00fdm instituc\u00edm. Kupuj\u00edc\u00ed je v\u00fdhradn\u011b zodpov\u011bdn\u00fd za dodr\u017eov\u00e1n\u00ed <\/span><\/span><a href=\"http:\/\/google.nl\" target=\"_blank\" rel=\"noopener\"><span dir=\"auto\" style=\"vertical-align: inherit;\"><span dir=\"auto\" style=\"vertical-align: inherit;\">m\u00edstn\u00ed<\/span><\/span><\/a><span dir=\"auto\" style=\"vertical-align: inherit;\"><span dir=\"auto\" style=\"vertical-align: inherit;\"> z\u00e1kony a p\u0159edpisy.<\/span><\/span><\/p>\n<p><span dir=\"auto\" style=\"vertical-align: inherit;\"><span dir=\"auto\" style=\"vertical-align: inherit;\">Pro specifikace laboratorn\u00edch anal\u00fdz, certifik\u00e1ty autenticity (CoA) nebo bezpe\u010dnostn\u00ed listy (MSDS) se pros\u00edm obra\u0165te na n\u00e1\u0161 t\u00fdm technick\u00e9 podpory.<\/span><\/span><\/p>\n<p><a href=\"https:\/\/researchchemicalstore.eu\/cs\/nakupovat\/katinony\/%f0%9f%92%a1-2-mmc-krystalicky-prasek-pro-vsechny-otazky-a-odpovedi-k-nakupu\/\"><span dir=\"auto\" style=\"vertical-align: inherit;\"><span dir=\"auto\" style=\"vertical-align: inherit;\">2-CMC 250 mg pelety <\/span><\/span><\/a><a href=\"https:\/\/researchchemicalstore.eu\/cs\/nakupovat\/temer-zakazano\/ruzove-hvezdicky-pelety-5-mapb-70-mg-2-fma-20-mg-5-meo-mipt-2-mg\/\"><span dir=\"auto\" style=\"vertical-align: inherit;\"><span dir=\"auto\" style=\"vertical-align: inherit;\">Pink Star Pellets 5-MAPB 70 mg \/ 2-FMA 20 mg \/ 5-MeO-MiPT 2 mg <\/span><\/span><\/a><a href=\"https:\/\/researchchemicalstore.eu\/cs\/nakupovat\/temer-zakazano\/4f-mph-25-mg-pellets\/\"><span dir=\"auto\" style=\"vertical-align: inherit;\"><span dir=\"auto\" style=\"vertical-align: inherit;\">4F-MPH 25 MG pelety <\/span><\/span><\/a> <a href=\"https:\/\/researchchemicalstore.eu\/cs\/nakupovat\/pelety-2\/erextc-homosildenafil-100-mg-pelety\/\"><span dir=\"auto\" style=\"vertical-align: inherit;\"><span dir=\"auto\" style=\"vertical-align: inherit;\">EREXTC Homosildenafil 100 MG pelety<\/span><\/span><\/a><\/p>","protected":false},"excerpt":{"rendered":"<h2><span dir=\"auto\" style=\"vertical-align: inherit;\"><span dir=\"auto\" style=\"vertical-align: inherit;\">Chemick\u00e1 mlha 1cP-LSD sprej Sweet Spot<\/span><\/span><\/h2>\n<p><span dir=\"auto\" style=\"vertical-align: inherit;\"><span dir=\"auto\" style=\"vertical-align: inherit;\">Nejnov\u011bj\u0161\u00ed a nejjednodu\u0161\u0161\u00ed zp\u016fsob mikrod\u00e1vkov\u00e1n\u00ed s 1cP-LSD! Tato praktick\u00e1 pumpi\u010dka je robustn\u00ed, odoln\u00e1 a snadno se vejde do kapsy. <\/span><\/span><br \/>\n<span dir=\"auto\" style=\"vertical-align: inherit;\"><span dir=\"auto\" style=\"vertical-align: inherit;\">Tento mikrod\u00e1vkov\u00fd sprej 1cP-LSD obsahuje 350 mcg 1cP-LSD. Jedno d\u00e1vkov\u00e1n\u00ed vysta\u010d\u00ed na v\u00edce ne\u017e 70 d\u00e1vek po 5 mcg.<\/span><\/span><\/p>","protected":false},"featured_media":28752,"comment_status":"closed","ping_status":"closed","template":"","meta":[],"product_brand":[],"product_cat":[360,495,471,396,358],"product_tag":[583,326,472],"class_list":{"0":"post-23843","1":"product","2":"type-product","3":"status-publish","4":"has-post-thumbnail","6":"product_cat-1cp-lsd","7":"product_cat-1cp-lsd-sprays","8":"product_cat-chem-mist-sprays","9":"product_cat-liquid-rcs","10":"product_cat-lysergamides","11":"product_tag-lsd-spray","12":"product_tag-nl","13":"product_tag-spring-is-in-the-air","15":"first","16":"instock","17":"taxable","18":"shipping-taxable","19":"purchasable","20":"product-type-variable"},"_links":{"self":[{"href":"https:\/\/researchchemicalstore.eu\/cs\/wp-json\/wp\/v2\/product\/23843","targetHints":{"allow":["GET"]}}],"collection":[{"href":"https:\/\/researchchemicalstore.eu\/cs\/wp-json\/wp\/v2\/product"}],"about":[{"href":"https:\/\/researchchemicalstore.eu\/cs\/wp-json\/wp\/v2\/types\/product"}],"replies":[{"embeddable":true,"href":"https:\/\/researchchemicalstore.eu\/cs\/wp-json\/wp\/v2\/comments?post=23843"}],"version-history":[{"count":5,"href":"https:\/\/researchchemicalstore.eu\/cs\/wp-json\/wp\/v2\/product\/23843\/revisions"}],"predecessor-version":[{"id":28447,"href":"https:\/\/researchchemicalstore.eu\/cs\/wp-json\/wp\/v2\/product\/23843\/revisions\/28447"}],"wp:featuredmedia":[{"embeddable":true,"href":"https:\/\/researchchemicalstore.eu\/cs\/wp-json\/wp\/v2\/media\/28752"}],"wp:attachment":[{"href":"https:\/\/researchchemicalstore.eu\/cs\/wp-json\/wp\/v2\/media?parent=23843"}],"wp:term":[{"taxonomy":"product_brand","embeddable":true,"href":"https:\/\/researchchemicalstore.eu\/cs\/wp-json\/wp\/v2\/product_brand?post=23843"},{"taxonomy":"product_cat","embeddable":true,"href":"https:\/\/researchchemicalstore.eu\/cs\/wp-json\/wp\/v2\/product_cat?post=23843"},{"taxonomy":"product_tag","embeddable":true,"href":"https:\/\/researchchemicalstore.eu\/cs\/wp-json\/wp\/v2\/product_tag?post=23843"}],"curies":[{"name":"wp","href":"https:\/\/api.w.org\/{rel}","templated":true}]}}