{"id":23975,"date":"2025-04-13T17:40:48","date_gmt":"2025-04-13T17:40:48","guid":{"rendered":"https:\/\/researchchemicalstore.eu\/?post_type=product&#038;p=23975"},"modified":"2025-10-22T11:04:38","modified_gmt":"2025-10-22T11:04:38","slug":"2-mmc-pelety","status":"publish","type":"product","link":"https:\/\/researchchemicalstore.eu\/cs\/produkt\/2-mmc-pelety\/","title":{"rendered":"2-MMC pelety 220 mg"},"content":{"rendered":"<h2><strong>2-MMC <\/strong><strong>pelety, <\/strong><strong>220mg pelety<\/strong><\/h2>\n<p>Tyto pelety obsahuj\u00ed 220 mg 2-MMC.<\/p>\n<p>Pelety 2-MMC jsou l\u00e1tkou, kterou prod\u00e1v\u00e1me pouze pro v\u00fdzkumn\u00e9 \u00fa\u010dely, a proto nejsou ur\u010deny ke konzumaci. 2-MMC lze p\u0159i skladov\u00e1n\u00ed ve vhodn\u00e9m prost\u0159ed\u00ed zkoumat a\u017e 2 roky.<a title=\"MEAI\" href=\"https:\/\/researchchemicalstore.eu\/cs\/nakupovat\/ostatni\/meai\/\" target=\"_blank\" rel=\"noopener\">MEAI<\/a><\/p>\n<p>Proto\u017ee 2-MMC je ur\u010den pouze pro v\u00fdzkumn\u00e9 \u00fa\u010dely a nen\u00ed ur\u010den ke konzumaci, je d\u016fle\u017eit\u00e9, aby byl 2-MMC uchov\u00e1v\u00e1n mimo dosah d\u011bt\u00ed a dom\u00e1c\u00edch zv\u00ed\u0159at.<a title=\"6-CL-ADBA\" href=\"https:\/\/researchchemicalstore.eu\/cs\/nakupovat\/temer-zakazano\/6-cl-adba\/\" target=\"_blank\" rel=\"noopener\">6-CL-ADBA<\/a><\/p>\n<p>Nab\u00edz\u00edme kvalitn\u00ed v\u00fdzkumn\u00e9 chemik\u00e1lie za rozumnou cenu. Va\u0161e objedn\u00e1vka bude odesl\u00e1na ka\u017ed\u00fd den do 24 hodin. Proto si objednejte 2-MMC bezpe\u010dn\u011b a rychle.<a title=\"2C-EF 2mg tobolky\" href=\"https:\/\/researchchemicalstore.eu\/cs\/nakupovat\/fenethylamin\/2c-ef-2mg-kapsle\/\" target=\"_blank\" rel=\"noopener\">2C-EF 2mg tobolky<\/a><\/p>\n<h2>2-MMC vlastnosti<\/h2>\n<p><strong>\u010c\u00edslo CAS<\/strong>: 1246911-71-6<br \/>\n<strong>Vzorec<\/strong>: C11h15NO \u2022 HCL<br \/>\n<strong>Mol\u00e1rn\u00ed hmotnost<\/strong>: 177.247<br \/>\n<strong>\u010cistota<\/strong>: \u226599%<\/p>\n<h3>Prohl\u00e1\u0161en\u00ed o nebezpe\u010dnosti<\/h3>\n<p>2-MMC m\u016f\u017ee zp\u016fsobit podr\u00e1\u017ed\u011bn\u00ed d\u00fdchac\u00edch cest<br \/>\n2-MMC m\u016f\u017ee zp\u016fsobit podr\u00e1\u017ed\u011bn\u00ed o\u010d\u00ed.<br \/>\nVypou\u0161t\u011bn\u00ed v\u00fdzkumn\u00fdch chemik\u00e1li\u00ed do \u017eivotn\u00edho prost\u0159ed\u00ed je zak\u00e1z\u00e1no.<a title=\"6-CL-ADBA\" href=\"https:\/\/researchchemicalstore.eu\/cs\/nakupovat\/temer-zakazano\/6-cl-adba\/\" target=\"_blank\" rel=\"noopener\">6-CL-ADBA<\/a><\/p>\n<p>2-MMC P\u0158I KONTAKTU S O\u010cIMA: O\u010di jemn\u011b vyplachujte vodou po dobu p\u011bti minut. Pokud je to mo\u017en\u00e9, vyjm\u011bte kontaktn\u00ed \u010do\u010dky.<\/p>\n<p>2-MMC P\u0158I KONTAKTU S K\u016e\u017d\u00cd: Omyjte poko\u017eku m\u00fddlem a vodou.<\/p>\n<p>PO VDECHNUT\u00cd 2-MMC: p\u0159iv\u00e9st posti\u017een\u00e9ho <a href=\"http:\/\/google.nl\" target=\"_blank\" rel=\"noopener\">v<\/a> \u010derstv\u00fd vzduch a nechte posti\u017een\u00e9ho st\u00e1t v poloze, kter\u00e1 mu umo\u017en\u00ed snadn\u00e9 d\u00fdch\u00e1n\u00ed.<\/p>","protected":false},"excerpt":{"rendered":"<h2>2-MMC vlastnosti<\/h2>\n<p><strong>\u010c\u00edslo CAS<\/strong>: 1246911-71-6<br \/>\n<strong>Vzorec<\/strong>: C11h15NO \u2022 HCL<br \/>\n<strong>Mol\u00e1rn\u00ed hmotnost<\/strong>: 177.247<br \/>\n<strong>\u010cistota<\/strong>: \u226599%<\/p>","protected":false},"featured_media":28603,"comment_status":"closed","ping_status":"closed","template":"","meta":[],"product_brand":[82],"product_cat":[372,463,322,79,324],"product_tag":[83,679,652,678,326],"class_list":{"0":"post-23975","1":"product","2":"type-product","3":"status-publish","4":"has-post-thumbnail","6":"product_brand-research-chemical","7":"product_cat-2-mmc-kopen","8":"product_cat-2-mmc-pellets","9":"product_cat-bijna-verboden","10":"product_cat-cathinonen","11":"product_cat-pellets-for-pellet","12":"product_tag-2-mmc-kopen","13":"product_tag-2-mmc-pellets","14":"product_tag-2-mmc-pellets-kopen","15":"product_tag-2mmc-pellets","16":"product_tag-nl","18":"first","19":"instock","20":"taxable","21":"shipping-taxable","22":"purchasable","23":"product-type-variable"},"_links":{"self":[{"href":"https:\/\/researchchemicalstore.eu\/cs\/wp-json\/wp\/v2\/product\/23975","targetHints":{"allow":["GET"]}}],"collection":[{"href":"https:\/\/researchchemicalstore.eu\/cs\/wp-json\/wp\/v2\/product"}],"about":[{"href":"https:\/\/researchchemicalstore.eu\/cs\/wp-json\/wp\/v2\/types\/product"}],"replies":[{"embeddable":true,"href":"https:\/\/researchchemicalstore.eu\/cs\/wp-json\/wp\/v2\/comments?post=23975"}],"version-history":[{"count":3,"href":"https:\/\/researchchemicalstore.eu\/cs\/wp-json\/wp\/v2\/product\/23975\/revisions"}],"predecessor-version":[{"id":25527,"href":"https:\/\/researchchemicalstore.eu\/cs\/wp-json\/wp\/v2\/product\/23975\/revisions\/25527"}],"wp:featuredmedia":[{"embeddable":true,"href":"https:\/\/researchchemicalstore.eu\/cs\/wp-json\/wp\/v2\/media\/28603"}],"wp:attachment":[{"href":"https:\/\/researchchemicalstore.eu\/cs\/wp-json\/wp\/v2\/media?parent=23975"}],"wp:term":[{"taxonomy":"product_brand","embeddable":true,"href":"https:\/\/researchchemicalstore.eu\/cs\/wp-json\/wp\/v2\/product_brand?post=23975"},{"taxonomy":"product_cat","embeddable":true,"href":"https:\/\/researchchemicalstore.eu\/cs\/wp-json\/wp\/v2\/product_cat?post=23975"},{"taxonomy":"product_tag","embeddable":true,"href":"https:\/\/researchchemicalstore.eu\/cs\/wp-json\/wp\/v2\/product_tag?post=23975"}],"curies":[{"name":"wp","href":"https:\/\/api.w.org\/{rel}","templated":true}]}}