{"id":24067,"date":"2025-04-13T17:40:59","date_gmt":"2025-04-13T17:40:59","guid":{"rendered":"https:\/\/researchchemicalstore.eu\/?post_type=product&#038;p=24067"},"modified":"2025-10-22T10:08:50","modified_gmt":"2025-10-22T10:08:50","slug":"1d-lsd-225mcg-pelety","status":"publish","type":"product","link":"https:\/\/researchchemicalstore.eu\/cs\/produkt\/1d-lsd-225mcg-pelety\/","title":{"rendered":"1D-LSD 225mcg pelety"},"content":{"rendered":"<h1><span dir=\"auto\" style=\"vertical-align: inherit;\"><span dir=\"auto\" style=\"vertical-align: inherit;\">Objednejte si pelety 1D-LSD 225mcg \u2013 P\u0159esn\u00e9 d\u00e1vkov\u00e1n\u00ed pro pokro\u010dil\u00fd v\u00fdzkum<\/span><\/span><\/h1>\n<p><strong><span dir=\"auto\" style=\"vertical-align: inherit;\"><span dir=\"auto\" style=\"vertical-align: inherit;\">Objedn\u00e1vka pelet 1D-LSD 225mcg<\/span><\/span><\/strong><span dir=\"auto\" style=\"vertical-align: inherit;\"><span dir=\"auto\" style=\"vertical-align: inherit;\"> V\u011bdci nab\u00edzej\u00ed inovativn\u00ed a p\u0159esn\u00fd zp\u016fsob, jak studovat tento slibn\u00fd deriv\u00e1t lysergamidu. S optim\u00e1ln\u00edm d\u00e1vkov\u00e1n\u00edm <\/span><\/span><strong><span dir=\"auto\" style=\"vertical-align: inherit;\"><span dir=\"auto\" style=\"vertical-align: inherit;\">225 mikrogram\u016f na peletu,<\/span><\/span><\/strong><span dir=\"auto\" style=\"vertical-align: inherit;\"><span dir=\"auto\" style=\"vertical-align: inherit;\"> Tyto farmaceuticky vyr\u00e1b\u011bn\u00e9 jednotky p\u0159edstavuj\u00ed spolehliv\u00fd v\u00fdchoz\u00ed bod pro v\u011bdeck\u00fd v\u00fdzkum psychoaktivn\u00edch l\u00e1tek.<\/span><\/span><\/p>\n<h2><span dir=\"auto\" style=\"vertical-align: inherit;\"><span dir=\"auto\" style=\"vertical-align: inherit;\">1D-LSD: Nov\u00e1 \u00e9ra v\u00fdzkumu<\/span><\/span><\/h2>\n<p><span dir=\"auto\" style=\"vertical-align: inherit;\"><span dir=\"auto\" style=\"vertical-align: inherit;\">Jako jeden z nejnov\u011bj\u0161\u00edch analog\u016f v rodin\u011b lysergamid\u016f vynik\u00e1 1D-LSD:<\/span><\/span><\/p>\n<ul>\n<li><strong><span dir=\"auto\" style=\"vertical-align: inherit;\"><span dir=\"auto\" style=\"vertical-align: inherit;\">Vylep\u0161en\u00e1 stabilita<\/span><\/span><\/strong><span dir=\"auto\" style=\"vertical-align: inherit;\"><span dir=\"auto\" style=\"vertical-align: inherit;\"> ve srovn\u00e1n\u00ed s klasick\u00fdmi lysergamidy<\/span><\/span><\/li>\n<li><strong><span dir=\"auto\" style=\"vertical-align: inherit;\"><span dir=\"auto\" style=\"vertical-align: inherit;\">Reprodukovateln\u00e9 profily \u00fa\u010dink\u016f<\/span><\/span><\/strong><span dir=\"auto\" style=\"vertical-align: inherit;\"><span dir=\"auto\" style=\"vertical-align: inherit;\"> pro konzistentn\u00ed v\u00fdzkum<\/span><\/span><\/li>\n<li><strong><span dir=\"auto\" style=\"vertical-align: inherit;\"><span dir=\"auto\" style=\"vertical-align: inherit;\">V\u011bdeck\u00fd z\u00e1jem<\/span><\/span><\/strong><span dir=\"auto\" style=\"vertical-align: inherit;\"><span dir=\"auto\" style=\"vertical-align: inherit;\"> ve sv\u00e9 jedine\u010dn\u00e9 farmakodynamice<\/span><\/span><\/li>\n<\/ul>\n<p><span dir=\"auto\" style=\"vertical-align: inherit;\"><span dir=\"auto\" style=\"vertical-align: inherit;\">Ten\/Ta\/To <\/span><\/span><strong><span dir=\"auto\" style=\"vertical-align: inherit;\"><span dir=\"auto\" style=\"vertical-align: inherit;\">D\u00e1vkov\u00e1n\u00ed 225 mikrogram\u016f<\/span><\/span><\/strong><span dir=\"auto\" style=\"vertical-align: inherit;\"><span dir=\"auto\" style=\"vertical-align: inherit;\"> D\u00edky tomu jsou tyto pelety obzvl\u00e1\u0161t\u011b vhodn\u00e9 pro v\u00fdzkumn\u00edky se zku\u0161enostmi se studiem psychedelick\u00fdch slou\u010denin.<\/span><\/span><\/p>\n<h2><span dir=\"auto\" style=\"vertical-align: inherit;\"><span dir=\"auto\" style=\"vertical-align: inherit;\">Kl\u00ed\u010dov\u00e9 vlastnosti<\/span><\/span><\/h2>\n<ul>\n<li><strong><span dir=\"auto\" style=\"vertical-align: inherit;\"><span dir=\"auto\" style=\"vertical-align: inherit;\">Farmaceutick\u00e1 kvalita<\/span><\/span><\/strong><span dir=\"auto\" style=\"vertical-align: inherit;\"><span dir=\"auto\" style=\"vertical-align: inherit;\"> \u2013 Vyrobeno za podm\u00ednek podobn\u00fdch spr\u00e1vn\u00e9 v\u00fdrobn\u00ed praxi (GMP)<\/span><\/span><\/li>\n<li><strong><span dir=\"auto\" style=\"vertical-align: inherit;\"><span dir=\"auto\" style=\"vertical-align: inherit;\">P\u0159esn\u00e9 d\u00e1vkov\u00e1n\u00ed<\/span><\/span><\/strong><span dir=\"auto\" style=\"vertical-align: inherit;\"><span dir=\"auto\" style=\"vertical-align: inherit;\"> \u2013 D\u00edky tvaru pelet nen\u00ed nutn\u00e9 volumetrick\u00e9 d\u00e1vkov\u00e1n\u00ed<\/span><\/span><\/li>\n<li><strong><span dir=\"auto\" style=\"vertical-align: inherit;\"><span dir=\"auto\" style=\"vertical-align: inherit;\">Del\u0161\u00ed trvanlivost<\/span><\/span><\/strong><span dir=\"auto\" style=\"vertical-align: inherit;\"><span dir=\"auto\" style=\"vertical-align: inherit;\"> \u2013 Lehk\u00e9 a kysl\u00edkem chud\u00e9 balen\u00ed udr\u017euje stabilitu<\/span><\/span><\/li>\n<li><strong><span dir=\"auto\" style=\"vertical-align: inherit;\"><span dir=\"auto\" style=\"vertical-align: inherit;\">Diskr\u00e9tn\u00ed a praktick\u00e9<\/span><\/span><\/strong><span dir=\"auto\" style=\"vertical-align: inherit;\"><span dir=\"auto\" style=\"vertical-align: inherit;\"> \u2013 Snadn\u00e1 manipulace a skladov\u00e1n\u00ed<\/span><\/span><\/li>\n<\/ul>\n<h2><span dir=\"auto\" style=\"vertical-align: inherit;\"><span dir=\"auto\" style=\"vertical-align: inherit;\">V\u011bdeck\u00e9 aplikace<\/span><\/span><\/h2>\n<p><span dir=\"auto\" style=\"vertical-align: inherit;\"><span dir=\"auto\" style=\"vertical-align: inherit;\">Tyto pelety byly vyvinuty pro v\u00fdzkum:<\/span><\/span><\/p>\n<ul>\n<li><strong><span dir=\"auto\" style=\"vertical-align: inherit;\"><span dir=\"auto\" style=\"vertical-align: inherit;\">Neurofarmakologick\u00e9 mechanismy<\/span><\/span><\/strong><span dir=\"auto\" style=\"vertical-align: inherit;\"><span dir=\"auto\" style=\"vertical-align: inherit;\"> deriv\u00e1t\u016f lysergamidu<\/span><\/span><\/li>\n<li><strong><span dir=\"auto\" style=\"vertical-align: inherit;\"><span dir=\"auto\" style=\"vertical-align: inherit;\">Vztahy struktur\u00e1ln\u00ed aktivity<\/span><\/span><\/strong><span dir=\"auto\" style=\"vertical-align: inherit;\"><span dir=\"auto\" style=\"vertical-align: inherit;\"> (SAR) v r\u00e1mci psychedelick\u00e9 t\u0159\u00eddy<\/span><\/span><\/li>\n<li><strong><span dir=\"auto\" style=\"vertical-align: inherit;\"><span dir=\"auto\" style=\"vertical-align: inherit;\">Kognitivn\u00ed a percep\u010dn\u00ed \u00fa\u010dinky<\/span><\/span><\/strong><span dir=\"auto\" style=\"vertical-align: inherit;\"><span dir=\"auto\" style=\"vertical-align: inherit;\"> v kontrolovan\u00e9m prost\u0159ed\u00ed<\/span><\/span><\/li>\n<\/ul>\n<h2><span dir=\"auto\" style=\"vertical-align: inherit;\"><span dir=\"auto\" style=\"vertical-align: inherit;\">Bezpe\u010dnostn\u00ed pokyny pro v\u00fdzkumn\u00edky<\/span><\/span><\/h2>\n<ul>\n<li><strong><span dir=\"auto\" style=\"vertical-align: inherit;\"><span dir=\"auto\" style=\"vertical-align: inherit;\">Pouze pro v\u00fdzkum in vitro<\/span><\/span><\/strong><span dir=\"auto\" style=\"vertical-align: inherit;\"><span dir=\"auto\" style=\"vertical-align: inherit;\"> \u2013 Nen\u00ed ur\u010deno k lidsk\u00e9 ani zv\u00ed\u0159ec\u00ed spot\u0159eb\u011b<\/span><\/span><\/li>\n<li><strong><span dir=\"auto\" style=\"vertical-align: inherit;\"><span dir=\"auto\" style=\"vertical-align: inherit;\">Laboratorn\u00ed protokoly<\/span><\/span><\/strong><span dir=\"auto\" style=\"vertical-align: inherit;\"><span dir=\"auto\" style=\"vertical-align: inherit;\"> \u2013 V\u017edy pracujte s vhodn\u00fdmi bezpe\u010dnostn\u00edmi opat\u0159en\u00edmi<\/span><\/span><\/li>\n<li><strong><span dir=\"auto\" style=\"vertical-align: inherit;\"><span dir=\"auto\" style=\"vertical-align: inherit;\">Spr\u00e1vn\u00e9 skladov\u00e1n\u00ed<\/span><\/span><\/strong><span dir=\"auto\" style=\"vertical-align: inherit;\"><span dir=\"auto\" style=\"vertical-align: inherit;\"> \u2013 Skladujte na chladn\u00e9m (2\u20138 \u00b0C), such\u00e9m a tmav\u00e9m m\u00edst\u011b.<\/span><\/span><\/li>\n<li><strong><span dir=\"auto\" style=\"vertical-align: inherit;\"><span dir=\"auto\" style=\"vertical-align: inherit;\">Pr\u00e1vn\u00ed status<\/span><\/span><\/strong><span dir=\"auto\" style=\"vertical-align: inherit;\"><span dir=\"auto\" style=\"vertical-align: inherit;\"> \u2013 V\u017edy si ov\u011b\u0159te m\u00edstn\u00ed p\u0159edpisy t\u00fdkaj\u00edc\u00ed se n\u00e1kupu a dr\u017een\u00ed<\/span><\/span><\/li>\n<\/ul>\n<h2><span dir=\"auto\" style=\"vertical-align: inherit;\"><span dir=\"auto\" style=\"vertical-align: inherit;\">Informace o objedn\u00e1vce<\/span><\/span><\/h2>\n<p><span dir=\"auto\" style=\"vertical-align: inherit;\"><span dir=\"auto\" style=\"vertical-align: inherit;\">N\u00e1\u0161 <\/span><\/span><strong><span dir=\"auto\" style=\"vertical-align: inherit;\"><span dir=\"auto\" style=\"vertical-align: inherit;\">1D-LSD 225mcg pelety<\/span><\/span><\/strong><span dir=\"auto\" style=\"vertical-align: inherit;\"><span dir=\"auto\" style=\"vertical-align: inherit;\"> dod\u00e1vaj\u00ed se v profesion\u00e1ln\u00edm balen\u00ed, kter\u00e9:<\/span><\/span><\/p>\n<ul>\n<li><strong><span dir=\"auto\" style=\"vertical-align: inherit;\"><span dir=\"auto\" style=\"vertical-align: inherit;\">10 pelet na prou\u017eek<\/span><\/span><\/strong><span dir=\"auto\" style=\"vertical-align: inherit;\"><span dir=\"auto\" style=\"vertical-align: inherit;\"> obsahuje<\/span><\/span><\/li>\n<li><strong><span dir=\"auto\" style=\"vertical-align: inherit;\"><span dir=\"auto\" style=\"vertical-align: inherit;\">\u00dadaje o \u0161ar\u017e\u00edch a analytick\u00e9 certifik\u00e1ty<\/span><\/span><\/strong><span dir=\"auto\" style=\"vertical-align: inherit;\"><span dir=\"auto\" style=\"vertical-align: inherit;\"> uvedeno<\/span><\/span><\/li>\n<li><strong><span dir=\"auto\" style=\"vertical-align: inherit;\"><span dir=\"auto\" style=\"vertical-align: inherit;\">D\u011btsk\u00e1 pojistka<\/span><\/span><\/strong><span dir=\"auto\" style=\"vertical-align: inherit;\"><span dir=\"auto\" style=\"vertical-align: inherit;\"> m\u00e1<\/span><\/span><\/li>\n<\/ul>\n<p><em><span dir=\"auto\" style=\"vertical-align: inherit;\"><span dir=\"auto\" style=\"vertical-align: inherit;\">\u201cZaveden\u00ed 1D-LSD p\u0159edstavuje d\u016fle\u017eit\u00fd krok v pokra\u010duj\u00edc\u00edm v\u00fdzkumu terapeutick\u00e9ho potenci\u00e1lu psychedelick\u00fdch l\u00e1tek.\u201d<\/span><\/span><\/em><span dir=\"auto\" style=\"vertical-align: inherit;\"><span dir=\"auto\" style=\"vertical-align: inherit;\"> \u2013 \u0158editel v\u00fdzkumu, Laborato\u0159 psychoaktivn\u00edch l\u00e1tek<\/span><\/span><\/p>\n<h2><span dir=\"auto\" style=\"vertical-align: inherit;\"><span dir=\"auto\" style=\"vertical-align: inherit;\">Za\u010dn\u011bte sv\u016fj v\u00fdzkum je\u0161t\u011b dnes<\/span><\/span><\/h2>\n<p><span dir=\"auto\" style=\"vertical-align: inherit;\"><span dir=\"auto\" style=\"vertical-align: inherit;\">Pro v\u011bdce, kte\u0159\u00ed cht\u011bj\u00ed prozkoumat hranice v\u00fdzkumu v\u011bdom\u00ed, diplomov\u00e1 pr\u00e1ce <\/span><\/span><strong><span dir=\"auto\" style=\"vertical-align: inherit;\"><span dir=\"auto\" style=\"vertical-align: inherit;\">1D-LSD 225mcg pelety<\/span><\/span><\/strong><span dir=\"auto\" style=\"vertical-align: inherit;\"><span dir=\"auto\" style=\"vertical-align: inherit;\"> nab\u00edzej\u00ed jedine\u010dnou p\u0159\u00edle\u017eitost pracovat s p\u0159esnost\u00ed a sebev\u011bdom\u00edm.<\/span><\/span><\/p>\n<p><em><span dir=\"auto\" style=\"vertical-align: inherit;\"><span dir=\"auto\" style=\"vertical-align: inherit;\">D\u016fle\u017eit\u00e9 upozorn\u011bn\u00ed: Tento produkt je ur\u010den v\u00fdhradn\u011b pro z\u00e1konem povolen\u00e9 v\u00fdzkumn\u00e9 \u00fa\u010dely kvalifikovan\u00fdmi odborn\u00edky. Nen\u00ed ur\u010den k lidsk\u00e9 spot\u0159eb\u011b. Uchov\u00e1vejte mimo dosah <\/span><\/span><a href=\"http:\/\/google.nl\" target=\"_blank\" rel=\"noopener\"><span dir=\"auto\" style=\"vertical-align: inherit;\"><span dir=\"auto\" style=\"vertical-align: inherit;\">nebo<\/span><\/span><\/a><span dir=\"auto\" style=\"vertical-align: inherit;\"><span dir=\"auto\" style=\"vertical-align: inherit;\"> d\u011bti a neopr\u00e1vn\u011bn\u00e9 osoby.<\/span><\/span><\/em><\/p>\n<p><a href=\"https:\/\/researchchemicalstore.eu\/cs\/nakupovat\/lysergamidy\/1-cp-lsd-150-mcg-pelety\/\"><span dir=\"auto\" style=\"vertical-align: inherit;\"><span dir=\"auto\" style=\"vertical-align: inherit;\">Um\u011bleck\u00e9 blottery 1cP-LSD 150 MCG <\/span><\/span><\/a><a href=\"https:\/\/researchchemicalstore.eu\/cs\/nakupovat\/pelety-2\/o-dsmt-50mg-pelety\/\"><span dir=\"auto\" style=\"vertical-align: inherit;\"><span dir=\"auto\" style=\"vertical-align: inherit;\">O-DSMT 50 mg pelety <\/span><\/span><\/a><a href=\"https:\/\/researchchemicalstore.eu\/cs\/nakupovat\/lysergamidy\/1v-lsd-150-mcg-blotters\/\"><span dir=\"auto\" style=\"vertical-align: inherit;\"><span dir=\"auto\" style=\"vertical-align: inherit;\">1V-LSD 150 MCG saje <\/span><\/span><\/a><a href=\"https:\/\/researchchemicalstore.eu\/cs\/nakupovat\/temer-zakazano\/6-cl-adba\/\"><span dir=\"auto\" style=\"vertical-align: inherit;\"><span dir=\"auto\" style=\"vertical-align: inherit;\">6-CL-ADBA <\/span><\/span><\/a> <a href=\"https:\/\/researchchemicalstore.eu\/cs\/nakupovat\/katinony\/%f0%9f%92%a1-2-mmc-krystalicky-prasek-pro-vsechny-otazky-a-odpovedi-k-nakupu\/\"><span dir=\"auto\" style=\"vertical-align: inherit;\"><span dir=\"auto\" style=\"vertical-align: inherit;\">2-CMC 250 mg pelety<\/span><\/span><\/a><\/p>","protected":false},"excerpt":{"rendered":"<p>Objedn\u00e1vka pelet 1D-LSD 225mcg \u2013 P\u0159esn\u00e9 d\u00e1vkov\u00e1n\u00ed pro pokro\u010dil\u00fd v\u00fdzkum Objedn\u00e1vka pelet 1D-LSD 225mcg nab\u00edz\u00ed v\u00fdzkumn\u00edk\u016fm inovativn\u00ed a p\u0159esnou...<\/p>","protected":false},"featured_media":28567,"comment_status":"closed","ping_status":"closed","template":"","meta":[],"product_brand":[],"product_cat":[362,378,358,324],"product_tag":[452,774],"class_list":{"0":"post-24067","1":"product","2":"type-product","3":"status-publish","4":"has-post-thumbnail","6":"product_cat-1d-lsd-225mcg-pellets","7":"product_cat-1d-lsd-pellets","8":"product_cat-lysergamides","9":"product_cat-pellets-for-pellet","10":"product_tag-de","11":"product_tag-lsd-bestellen","13":"first","14":"instock","15":"taxable","16":"shipping-taxable","17":"purchasable","18":"product-type-variable"},"_links":{"self":[{"href":"https:\/\/researchchemicalstore.eu\/cs\/wp-json\/wp\/v2\/product\/24067","targetHints":{"allow":["GET"]}}],"collection":[{"href":"https:\/\/researchchemicalstore.eu\/cs\/wp-json\/wp\/v2\/product"}],"about":[{"href":"https:\/\/researchchemicalstore.eu\/cs\/wp-json\/wp\/v2\/types\/product"}],"replies":[{"embeddable":true,"href":"https:\/\/researchchemicalstore.eu\/cs\/wp-json\/wp\/v2\/comments?post=24067"}],"version-history":[{"count":6,"href":"https:\/\/researchchemicalstore.eu\/cs\/wp-json\/wp\/v2\/product\/24067\/revisions"}],"predecessor-version":[{"id":28026,"href":"https:\/\/researchchemicalstore.eu\/cs\/wp-json\/wp\/v2\/product\/24067\/revisions\/28026"}],"wp:featuredmedia":[{"embeddable":true,"href":"https:\/\/researchchemicalstore.eu\/cs\/wp-json\/wp\/v2\/media\/28567"}],"wp:attachment":[{"href":"https:\/\/researchchemicalstore.eu\/cs\/wp-json\/wp\/v2\/media?parent=24067"}],"wp:term":[{"taxonomy":"product_brand","embeddable":true,"href":"https:\/\/researchchemicalstore.eu\/cs\/wp-json\/wp\/v2\/product_brand?post=24067"},{"taxonomy":"product_cat","embeddable":true,"href":"https:\/\/researchchemicalstore.eu\/cs\/wp-json\/wp\/v2\/product_cat?post=24067"},{"taxonomy":"product_tag","embeddable":true,"href":"https:\/\/researchchemicalstore.eu\/cs\/wp-json\/wp\/v2\/product_tag?post=24067"}],"curies":[{"name":"wp","href":"https:\/\/api.w.org\/{rel}","templated":true}]}}