{"id":24101,"date":"2025-04-13T17:41:03","date_gmt":"2025-04-13T17:41:03","guid":{"rendered":"https:\/\/researchchemicalstore.eu\/?post_type=product&#038;p=24101"},"modified":"2025-10-22T09:55:42","modified_gmt":"2025-10-22T09:55:42","slug":"promal-metallylescalin-21-mg-pelety","status":"publish","type":"product","link":"https:\/\/researchchemicalstore.eu\/cs\/produkt\/promal-metallylescalin-21-mg-pelety\/","title":{"rendered":"Promal Metallylescaline 21 MG pelety"},"content":{"rendered":"<div class=\"relative\">\n<div class=\"prose text-pretty dark:prose-invert inline leading-normal break-words min-w-0 [word-break:break-word]\">\n<h2 id=\"unieke-productbeschrijving-van-promal-methallylesc\" class=\"mb-2 mt-6 text-base font-[500] first:mt-0 md:text-lg dark:font-[475] [hr+&amp;]:mt-4\">Promal Metallylescaline 21 MG pelety<\/h2>\n<p class=\"my-0\">Promal metallylescalin (MAL) je syntetick\u00e1 psychedelick\u00e1 slou\u010denina ze t\u0159\u00eddy fenethylaminu, strukturn\u011b p\u0159\u00edbuzn\u00e1 meskalinu. Ka\u017ed\u00e1 peleta obsahuje p\u0159esnou d\u00e1vku 21 mg metallylescalinu, balenou v u\u017eivatelsky p\u0159\u00edv\u011btiv\u00e9m blistru pro v\u00fdzkumn\u00e9 \u00fa\u010dely. Slou\u010denina m\u00e1 chemick\u00fd vzorec C\u2081\u2083H\u2081\u2089NO\u2083 a molekulovou hmotnost 237,30 g\/mol.<span class=\"whitespace-nowrap\">.<\/span> P\u016fsob\u00ed prim\u00e1rn\u011b jako agonista serotoninov\u00fdch receptor\u016f (zejm\u00e9na 5-HT\u2082\u2090), co\u017e vede ke zm\u011bn\u011bn\u00fdm stav\u016fm v\u011bdom\u00ed, senzorick\u00e9mu vylep\u0161en\u00ed a zrakov\u00fdm halucinac\u00edm.<span class=\"whitespace-nowrap\">.<\/span><\/p>\n<h2 class=\"mb-xs mt-5 text-base font-[500] first:mt-0 dark:font-[475]\">Pou\u017eit\u00ed<\/h2>\n<ul class=\"marker:text-textOff list-disc\">\n<li>\n<p class=\"my-0\"><strong>V\u011bdeck\u00fd v\u00fdzkum<\/strong>Studium kognitivn\u00edch funkc\u00ed, zm\u011bn vn\u00edm\u00e1n\u00ed a terapeutick\u00e9ho potenci\u00e1lu (nap\u0159. pro \u00fazkost, depresi nebo PTSD)<span class=\"whitespace-nowrap\">.<\/span><\/p>\n<\/li>\n<li>\n<p class=\"my-0\"><strong>Senzorick\u00e9 studie<\/strong>V\u00fdzkum vizu\u00e1ln\u00edch\/sluchov\u00fdch halucinac\u00ed a synest\u00e9zii podobn\u00fdch efekt\u016f<span class=\"whitespace-nowrap\">.<\/span><\/p>\n<\/li>\n<li>\n<p class=\"my-0\"><strong>Farmakologick\u00e1 anal\u00fdza<\/strong>V\u00fdzkum mechanismu prost\u0159ednictv\u00edm interakc\u00ed receptor\u016f (agonismus serotoninu)<span class=\"whitespace-nowrap\">.<\/span><\/p>\n<\/li>\n<\/ul>\n<h2 class=\"mb-xs mt-5 text-base font-[500] first:mt-0 dark:font-[475]\">Nev\u00fdhody a rizika<\/h2>\n<ul class=\"marker:text-textOff list-disc\">\n<li>\n<p class=\"my-0\"><strong>Fyzick\u00e9 vedlej\u0161\u00ed \u00fa\u010dinky<\/strong>Nevolnost, zvracen\u00ed, zv\u00fd\u0161en\u00fd srde\u010dn\u00ed tep a krevn\u00ed tlak<span class=\"whitespace-nowrap\">.<\/span><\/p>\n<\/li>\n<li>\n<p class=\"my-0\"><strong>Psychologick\u00e9 \u00fa\u010dinky<\/strong>\u00dazkost, paranoia a emo\u010dn\u00ed nadm\u011brn\u00e1 stimulace, zejm\u00e9na p\u0159i vysok\u00fdch d\u00e1vk\u00e1ch (&gt;60 mg)<span class=\"whitespace-nowrap\">.<\/span><\/p>\n<\/li>\n<li>\n<p class=\"my-0\"><strong>Bezpe\u010dnostn\u00ed rizika<\/strong>Nen\u00ed ur\u010deno k lidsk\u00e9 spot\u0159eb\u011b; vy\u017eaduje se p\u0159\u00edsn\u00e9 laboratorn\u00ed pou\u017eit\u00ed<span class=\"whitespace-nowrap\">.<\/span><\/p>\n<\/li>\n<\/ul>\n<h2 class=\"mb-xs mt-5 text-base font-[500] first:mt-0 dark:font-[475]\">N\u00e1vod k pou\u017eit\u00ed<\/h2>\n<p class=\"my-0\"><strong>D\u00e1vkov\u00e1n\u00ed a protokol<\/strong>:<\/p>\n<ul class=\"marker:text-textOff list-disc\">\n<li>\n<p class=\"my-0\"><strong>Prahov\u00e1 d\u00e1vka<\/strong>10\u201320 mg<\/p>\n<\/li>\n<li>\n<p class=\"my-0\"><strong>Lehk\u00e1 d\u00e1vka<\/strong>20\u201340 mg<\/p>\n<\/li>\n<li>\n<p class=\"my-0\"><strong>Standardn\u00ed d\u00e1vka<\/strong>40\u201360 mg<\/p>\n<\/li>\n<li>\n<p class=\"my-0\"><strong>Vysok\u00e1 d\u00e1vka<\/strong>&gt;60 mg (pouze pro zku\u0161en\u00e9 v\u00fdzkumn\u00edky)<span class=\"whitespace-nowrap\">.<\/span><br \/>\n<strong>Laboratorn\u00ed sm\u011brnice<\/strong>:<\/p>\n<\/li>\n<\/ul>\n<ol class=\"marker:text-textOff list-decimal\">\n<li>\n<p class=\"my-0\">Pou\u017e\u00edvejte p\u0159esn\u00e9 v\u00e1\u017e\u00edc\u00ed za\u0159\u00edzen\u00ed a osobn\u00ed ochrann\u00e9 prost\u0159edky (rukavice, ochrann\u00e9 br\u00fdle)<span class=\"whitespace-nowrap\">.<\/span><\/p>\n<\/li>\n<li>\n<p class=\"my-0\">Prov\u00e1d\u011bjte experimenty v kontrolovan\u00e9m prost\u0159ed\u00ed s dodr\u017eov\u00e1n\u00edm ventilace a nouzov\u00fdch protokol\u016f<span class=\"whitespace-nowrap\">.<\/span><\/p>\n<\/li>\n<li>\n<p class=\"my-0\">Za\u010dn\u011bte s n\u00edzk\u00fdmi d\u00e1vkami a postupn\u011b je zvy\u0161ujte na z\u00e1klad\u011b v\u00fdsledk\u016f v\u00fdzkumu<span class=\"whitespace-nowrap\">.<\/span><\/p>\n<\/li>\n<\/ol>\n<h2 class=\"mb-xs mt-5 text-base font-[500] first:mt-0 dark:font-[475]\">\u010casto kladen\u00e9 ot\u00e1zky (FAQ)<\/h2>\n<p class=\"my-0\"><strong>1. Je tento produkt leg\u00e1ln\u00ed?<\/strong><br \/>\nPromal Metallylescaline je ur\u010den pouze pro v\u011bdeck\u00e9 v\u00fdzkumn\u00e9 \u00fa\u010dely a podl\u00e9h\u00e1 m\u00edstn\u00edm p\u0159edpis\u016fm o chemik\u00e1li\u00edch pro v\u00fdzkum. V\u017edy si ov\u011b\u0159te region\u00e1ln\u00ed p\u0159edpisy.<span class=\"whitespace-nowrap\">.<\/span><\/p>\n<p class=\"my-0\"><strong>2. Jak dlouho \u00fa\u010dinky trvaj\u00ed?<\/strong><br \/>\n\u00da\u010dinky trvaj\u00ed 8\u201312 hodin, d\u00e9le ne\u017e u tradi\u010dn\u00edch psychedelik<span class=\"whitespace-nowrap\">.<\/span><\/p>\n<p class=\"my-0\"><strong>3. Lze jej pou\u017e\u00edt terapeuticky?<\/strong><br \/>\nV\u00fdzkum se zam\u011b\u0159uje na potenci\u00e1l du\u0161evn\u00edho zdrav\u00ed, ale klinick\u00e9 aplikace nejsou schv\u00e1leny.<span class=\"whitespace-nowrap\">.<\/span><\/p>\n<h2 class=\"mb-xs mt-5 text-base font-[500] first:mt-0 dark:font-[475]\">Laboratorn\u00ed zpr\u00e1va a doporu\u010den\u00e9 sc\u00e9n\u00e1\u0159e<\/h2>\n<p class=\"my-0\"><strong>Farmakologick\u00e9 vlastnosti (na z\u00e1klad\u011b studi\u00ed receptor\u016f)<\/strong>:<\/p>\n<ul class=\"marker:text-textOff list-disc\">\n<li>\n<p class=\"my-0\"><strong>Vazebn\u00e1 afinita receptoru<\/strong>Vysok\u00e1 hladina receptor\u016f 5-HT\u2082\u2090 (<span class=\"katex\"><span class=\"katex-mathml\">Ki&lt;50K_i &lt; 50<\/span><span class=\"katex-html\" aria-hidden=\"true\"><span class=\"base\"><span class=\"mord\"><span class=\"mord mathnormal\">K.<\/span><span class=\"msupsub\"><span class=\"vlist-t vlist-t2\"><span class=\"vlist-r\"><span class=\"vlist\"><span class=\"sizing reset-size6 size3 mtight\"><span class=\"mord mathnormal mtight\">j\u00e1<\/span><\/span><\/span><\/span><\/span><\/span><\/span><span class=\"mrel\">&lt;<\/span><\/span><span class=\"base\"><span class=\"mord\">50<\/span><\/span><\/span><\/span> nM), st\u0159edn\u00ed pro receptory TAAR\u2081 (<span class=\"katex\"><span class=\"katex-mathml\">Ki=1 900\u20133 900 K_i = 1 900\u20133 900<\/span><span class=\"katex-html\" aria-hidden=\"true\"><span class=\"base\"><span class=\"mord\"><span class=\"mord mathnormal\">K.<\/span><span class=\"msupsub\"><span class=\"vlist-t vlist-t2\"><span class=\"vlist-r\"><span class=\"vlist\"><span class=\"sizing reset-size6 size3 mtight\"><span class=\"mord mathnormal mtight\">j\u00e1<\/span><\/span><\/span><\/span><\/span><\/span><\/span><span class=\"mrel\">=<\/span><\/span><span class=\"base\"><span class=\"mord\">1 900\u20133 900<\/span><\/span><\/span><\/span> nM).<\/p>\n<\/li>\n<li>\n<p class=\"my-0\"><strong>Zdokumentovan\u00e9 \u00fa\u010dinky<\/strong>:<\/p>\n<ul class=\"marker:text-textOff list-disc\">\n<li>\n<p class=\"my-0\">Zrakov\u00e9 zkreslen\u00ed a senzorick\u00e9 vylep\u0161en\u00ed p\u0159i d\u00e1vce 20\u201340 mg<span class=\"whitespace-nowrap\">.<\/span><\/p>\n<\/li>\n<li>\n<p class=\"my-0\">Rozpu\u0161t\u011bn\u00ed ega a kognitivn\u00ed posuny p\u0159i &gt;60 mg<span class=\"whitespace-nowrap\">.<\/span><\/p>\n<\/li>\n<\/ul>\n<\/li>\n<\/ul>\n<p class=\"my-0\"><strong>Doporu\u010den\u00e9 v\u00fdzkumn\u00e9 sc\u00e9n\u00e1\u0159e<\/strong>:<\/p>\n<ul class=\"marker:text-textOff list-disc\">\n<li>\n<p class=\"my-0\"><strong>Studie vn\u00edm\u00e1n\u00ed<\/strong>D\u00e1vky 20\u201340 mg pro anal\u00fdzu senzorick\u00e9ho zpracov\u00e1n\u00ed<span class=\"whitespace-nowrap\">.<\/span><\/p>\n<\/li>\n<li>\n<p class=\"my-0\"><strong>Terapeutick\u00fd pr\u016fzkum<\/strong>N\u00edzk\u00e9 d\u00e1vky (10\u201320 mg) pro v\u00fdzkum modulace n\u00e1lady<span class=\"whitespace-nowrap\">.<\/span><\/p>\n<\/li>\n<li>\n<p class=\"my-0\"><strong>Srovn\u00e1vac\u00ed farmakologie<\/strong>Kombinace s antagonisty receptor\u016f k izolaci mechanism\u016f<span class=\"whitespace-nowrap\">.<\/span><\/p>\n<\/li>\n<\/ul>\n<h2 class=\"mb-xs mt-5 text-base font-[500] first:mt-0 dark:font-[475]\">Shrnut\u00ed<\/h2>\n<p class=\"my-0\">Pelety Promal Metallylescaline 21 MG poskytuj\u00ed standardizovan\u00fd model pro v\u00fdzkum psychedelick\u00fdch l\u00e1tek s d\u016frazem na interakce receptor\u016f a kognitivn\u00ed \u00fa\u010dinky. Rizika, jako je kardiovaskul\u00e1rn\u00ed stres a psychologick\u00e9 vedlej\u0161\u00ed \u00fa\u010dinky, vy\u017eaduj\u00ed p\u0159\u00edsn\u00e9 dodr\u017eov\u00e1n\u00ed protokolu. D\u00e1vkov\u00e1n\u00ed by m\u011blo b\u00fdt p\u0159izp\u016fsobeno c\u00edl\u016fm v\u00fdzkumu, p\u0159i\u010dem\u017e n\u00edzk\u00e9 d\u00e1vky jsou vhodn\u00e9 pro po\u010d\u00e1te\u010dn\u00ed v\u00fdzkum a vy\u0161\u0161\u00ed d\u00e1vky pro pokro\u010dil\u00e9 studie.<span class=\"whitespace-nowrap\">.<\/span><\/p>\n<\/div>\n<\/div>","protected":false},"excerpt":{"rendered":"<p>Promal Metallylescaline 21 mg pelety Promal Metallylescaline (MAL) je syntetick\u00e1 psychedelick\u00e1 slou\u010denina t\u0159\u00eddy fenethylaminu, strukturn\u011b p\u0159\u00edbuzn\u00e1 meskalinu.<\/p>","protected":false},"featured_media":28846,"comment_status":"closed","ping_status":"closed","template":"","meta":[],"product_brand":[],"product_cat":[322,80,482,483,324,398],"product_tag":[326],"class_list":{"0":"post-24101","1":"product","2":"type-product","3":"status-publish","4":"has-post-thumbnail","6":"product_cat-bijna-verboden","7":"product_cat-fenethylamine","8":"product_cat-methallylescaline","9":"product_cat-methallylescaline-pellets","10":"product_cat-pellets-for-pellet","11":"product_cat-verkoop","12":"product_tag-nl","14":"first","15":"instock","16":"sale","17":"taxable","18":"shipping-taxable","19":"purchasable","20":"product-type-variable"},"_links":{"self":[{"href":"https:\/\/researchchemicalstore.eu\/cs\/wp-json\/wp\/v2\/product\/24101","targetHints":{"allow":["GET"]}}],"collection":[{"href":"https:\/\/researchchemicalstore.eu\/cs\/wp-json\/wp\/v2\/product"}],"about":[{"href":"https:\/\/researchchemicalstore.eu\/cs\/wp-json\/wp\/v2\/types\/product"}],"replies":[{"embeddable":true,"href":"https:\/\/researchchemicalstore.eu\/cs\/wp-json\/wp\/v2\/comments?post=24101"}],"version-history":[{"count":3,"href":"https:\/\/researchchemicalstore.eu\/cs\/wp-json\/wp\/v2\/product\/24101\/revisions"}],"predecessor-version":[{"id":26516,"href":"https:\/\/researchchemicalstore.eu\/cs\/wp-json\/wp\/v2\/product\/24101\/revisions\/26516"}],"wp:featuredmedia":[{"embeddable":true,"href":"https:\/\/researchchemicalstore.eu\/cs\/wp-json\/wp\/v2\/media\/28846"}],"wp:attachment":[{"href":"https:\/\/researchchemicalstore.eu\/cs\/wp-json\/wp\/v2\/media?parent=24101"}],"wp:term":[{"taxonomy":"product_brand","embeddable":true,"href":"https:\/\/researchchemicalstore.eu\/cs\/wp-json\/wp\/v2\/product_brand?post=24101"},{"taxonomy":"product_cat","embeddable":true,"href":"https:\/\/researchchemicalstore.eu\/cs\/wp-json\/wp\/v2\/product_cat?post=24101"},{"taxonomy":"product_tag","embeddable":true,"href":"https:\/\/researchchemicalstore.eu\/cs\/wp-json\/wp\/v2\/product_tag?post=24101"}],"curies":[{"name":"wp","href":"https:\/\/api.w.org\/{rel}","templated":true}]}}