{"id":24181,"date":"2025-04-13T17:41:13","date_gmt":"2025-04-13T17:41:13","guid":{"rendered":"https:\/\/researchchemicalstore.eu\/?post_type=product&#038;p=24181"},"modified":"2025-10-22T07:58:43","modified_gmt":"2025-10-22T07:58:43","slug":"krabicka-flubromazepam-10-mg","status":"publish","type":"product","link":"https:\/\/researchchemicalstore.eu\/cs\/produkt\/krabicka-flubromazepam-10-mg\/","title":{"rendered":"Flubromazepam 10 MG Box"},"content":{"rendered":"<h1><strong>flubromazepam <span class=\"___SText_anxqe-ko_\" data-ui-name=\"Link.Text\">polo\u010das rozpadu <\/span>10mg krabi\u010dka \u2013 pr\u00e9miov\u00e1 v\u00fdzkumn\u00e1 chemik\u00e1lie pro v\u011bdeck\u00e9 studie<\/strong><\/h1>\n<h2><strong>Flubromazepam 10 mg \u2013 dlouhodob\u011b p\u016fsob\u00edc\u00ed experiment\u00e1ln\u00ed l\u00e9k<\/strong><\/h2>\n<p class=\"ds-markdown-paragraph\">The <strong>flubromazepam <\/strong><strong><span class=\"___SText_anxqe-ko_\" data-ui-name=\"Link.Text\">za\u017e\u00edt<\/span> <\/strong><strong>10mg krabi\u010dka<\/strong>\u00a0Obsahuje vysoce kvalitn\u00ed v\u00fdzkumnou chemik\u00e1lii z t\u0159\u00eddy benzodiazepin\u016f, speci\u00e1ln\u011b vyvinutou pro farmakologick\u00fd a v\u011bdeck\u00fd v\u00fdzkum. Tato l\u00e1tka je pro v\u00fdzkumn\u00edky obzvl\u00e1\u0161t\u011b zaj\u00edmav\u00e1 kv\u016fli sv\u00e9mu dlouh\u00e9mu \u00fa\u010dinku a jedine\u010dn\u00fdm farmakokinetick\u00fdm vlastnostem.<\/p>\n<p class=\"ds-markdown-paragraph\">D\u00edky p\u0159esn\u00e9mu d\u00e1vkov\u00e1n\u00ed 10 mg na tabletu nab\u00edz\u00ed tento produkt vynikaj\u00edc\u00ed mo\u017enosti pro kontrolovan\u00e9 laboratorn\u00ed experimenty a analytick\u00e9 studie.<a href=\"https:\/\/researchchemicalstore.eu\/cs\/nakupovat\/benzodiazepiny\/flubromazepam-8-mg\/\">Flubromazepam 8 MG pelety<\/a><\/p>\n<hr \/>\n<h2><strong>Kl\u00ed\u010dov\u00e9 vlastnosti flubromazepamu <span class=\"___SText_anxqe-ko_\" data-ui-name=\"Link.Text\">polo\u010das rozpadu <\/span>10 mg<\/strong><\/h2>\n<p class=\"ds-markdown-paragraph\">\u2705\u00a0<strong>P\u0159esn\u00e9 d\u00e1vkov\u00e1n\u00ed:<\/strong>\u00a0Ka\u017ed\u00e1 tableta obsahuje p\u0159esn\u011b 10 mg flubromazepamu pro reprodukovateln\u00e9 v\u00fdsledky v\u00fdzkumu.<\/p>\n<p class=\"ds-markdown-paragraph\">\u2705\u00a0<strong>Vynikaj\u00edc\u00ed stabilita:<\/strong>\u00a0Dlouh\u00e1 trvanlivost d\u00edky optimalizovan\u00e9mu slo\u017een\u00ed<\/p>\n<p class=\"ds-markdown-paragraph\">\u2705\u00a0<strong>V\u011bdeck\u00e1 \u010distota:<\/strong>\u00a0Vyrobeno dle p\u0159\u00edsn\u00fdch standard\u016f kvality v akreditovan\u00fdch za\u0159\u00edzen\u00edch<\/p>\n<p class=\"ds-markdown-paragraph\">\u2705\u00a0<strong>Profesion\u00e1ln\u00ed balen\u00ed:<\/strong>\u00a0Ochrann\u00e9 balen\u00ed, kter\u00e9 zaji\u0161\u0165uje integritu produktu<\/p>\n<p class=\"ds-markdown-paragraph\">\u2705\u00a0<strong>Rychl\u00e9 dod\u00e1n\u00ed:<\/strong> Objedn\u00e1no p\u0159ed 15:00? Obvykle odesl\u00e1no ve stejn\u00fd den.<a href=\"https:\/\/researchchemicalstore.eu\/cs\/nakupovat\/benzodiazepiny\/flubromazepam-10-mg-pelety\/\">Flubromazepam 10 MG pelety<\/a><\/p>\n<hr \/>\n<h2><strong>V\u011bdeck\u00e9 pozad\u00ed <span class=\"___SText_anxqe-ko_\" data-ui-name=\"Link.Text\">polo\u010das rozpadu flubromazepamu<\/span><\/strong><\/h2>\n<p class=\"ds-markdown-paragraph\">Flubromazepam pat\u0159\u00ed mezi deriv\u00e1ty benzodiazepin\u016f a je ve v\u00fdzkumn\u00fdch kruz\u00edch studov\u00e1n kv\u016fli sv\u00fdm:<\/p>\n<p class=\"ds-markdown-paragraph\">\u2022 Dlouhotrvaj\u00edc\u00ed farmakologick\u00fd \u00fa\u010dinek<br \/>\n\u2022 Unik\u00e1tn\u00ed afinita k receptoru<br \/>\n\u2022 Potenci\u00e1ln\u00ed metabolick\u00e9 vlastnosti<\/p>\n<p class=\"ds-markdown-paragraph\">D\u00edky t\u011bmto vlastnostem je cennou slou\u010deninou pro r\u016fzn\u00e9 oblasti v\u00fdzkumu v r\u00e1mci farmakologie a neurochemie.<a href=\"https:\/\/researchchemicalstore.eu\/cs\/nakupovat\/benzodiazepiny\/flubromazepamovy-efekt\/\">Flubromazepam \u010dist\u00fd<\/a><\/p>\n<hr \/>\n<h2><strong>Bezpe\u010dnostn\u00ed informace a pou\u017eit\u00ed<\/strong><\/h2>\n<p class=\"ds-markdown-paragraph\">\u26a0\ufe0f\u00a0<strong>Pouze pro v\u011bdeck\u00fd v\u00fdzkum<\/strong><br \/>\nTento produkt je ur\u010den pouze pro v\u00fdzkumn\u00e9 pou\u017eit\u00ed v kontrolovan\u00e9m laboratorn\u00edm prost\u0159ed\u00ed.<\/p>\n<p class=\"ds-markdown-paragraph\">\u26a0\ufe0f\u00a0<strong>D\u016fle\u017eit\u00e9 bezpe\u010dnostn\u00ed opat\u0159en\u00ed:<\/strong><br \/>\n\u2022 Uchov\u00e1vejte mimo dosah neopr\u00e1vn\u011bn\u00fdch osob<br \/>\n\u2022 B\u011bhem vy\u0161et\u0159en\u00ed pou\u017e\u00edvejte vhodn\u00e9 osobn\u00ed ochrann\u00e9 prost\u0159edky<br \/>\n\u2022 Pracujte pouze v odpov\u00eddaj\u00edc\u00edch v\u00fdzkumn\u00fdch za\u0159\u00edzen\u00edch<\/p>\n<p class=\"ds-markdown-paragraph\">\u26a0\ufe0f\u00a0<strong>Tip na skladov\u00e1n\u00ed:<\/strong><br \/>\n\u2022 Skladujte p\u0159i pokojov\u00e9 teplot\u011b<br \/>\n\u2022 Chra\u0148te p\u0159ed vlhkost\u00ed a p\u0159\u00edm\u00fdm sv\u011btlem<br \/>\n\u2022 Uchov\u00e1vejte v p\u016fvodn\u00edm obalu<\/p>\n<hr \/>\n<h2><strong>\u010casto kladen\u00e9 ot\u00e1zky<\/strong><\/h2>\n<h3><strong>1. Jak\u00fd je polo\u010das rozpadu flubromazepamu?<\/strong><\/h3>\n<p class=\"ds-markdown-paragraph\">V\u011bdeck\u00e1 literatura ukazuje v\u00fdznamn\u00fd polo\u010das rozpadu, co\u017e \u010din\u00ed tuto l\u00e1tku jedine\u010dnou pro ur\u010dit\u00e9 oblasti v\u00fdzkumu.<\/p>\n<h3><strong>2. Je k n\u00e1kupu pot\u0159eba zvl\u00e1\u0161tn\u00ed povolen\u00ed?<\/strong><\/h3>\n<p class=\"ds-markdown-paragraph\">Tento produkt je ur\u010den pouze pro kvalifikovan\u00e9 v\u00fdzkumn\u00edky. V\u017edy si ov\u011b\u0159te m\u00edstn\u00ed z\u00e1kony.<\/p>\n<h3><strong>3. Jak je zaru\u010dena kvalita?<\/strong><\/h3>\n<p class=\"ds-markdown-paragraph\">Ka\u017ed\u00e1 \u0161ar\u017ee proch\u00e1z\u00ed p\u0159\u00edsn\u00fdmi kontrolami kvality, v\u010detn\u011b chromatografick\u00fdch anal\u00fdz.<\/p>\n<hr \/>\n<h2><strong>Informace o objedn\u00e1vce<\/strong><\/h2>\n<p class=\"ds-markdown-paragraph\"><strong>N\u00e1zev produktu:<\/strong>\u00a0RC+ Flubromazepam 10mg krabi\u010dka<br \/>\n<strong>Obsah:<\/strong>\u00a0[Po\u010det] tablet po 10 mg<br \/>\n<strong>Katalogov\u00e9 \u010d\u00edslo:<\/strong>\u00a0[\u010c\u00edslo]<br \/>\n<strong>Dodac\u00ed lh\u016fta:<\/strong>\u00a01\u20133 pracovn\u00ed dny (v r\u00e1mci Nizozemska)<\/p>","protected":false},"excerpt":{"rendered":"<p>Flubromazepam Half Life 10mg Box \u2013 pr\u00e9miov\u00e1 v\u00fdzkumn\u00e1 chemik\u00e1lie pro v\u011bdeck\u00e9 studie Flubromazepam 10mg \u2013 dlouhodob\u011b p\u016fsob\u00edc\u00ed v\u00fdzkumn\u00e1 chemik\u00e1lie Zku\u0161enosti s flubromazepamem 10mg<\/p>","protected":false},"featured_media":28786,"comment_status":"closed","ping_status":"closed","template":"","meta":[],"product_brand":[82],"product_cat":[555],"product_tag":[139,140,142,141,143,326],"class_list":{"0":"post-24181","1":"product","2":"type-product","3":"status-publish","4":"has-post-thumbnail","6":"product_brand-research-chemical","7":"product_cat-b2b","8":"product_tag-flubromazepam-effects","9":"product_tag-flubromazepam-ervaring","10":"product_tag-flubromazepam-halfwaardetijd","11":"product_tag-flubromazepam-werking","12":"product_tag-how-to-test-flubromazepam-pellets","13":"product_tag-nl","15":"first","16":"instock","17":"taxable","18":"shipping-taxable","19":"purchasable","20":"product-type-variable"},"_links":{"self":[{"href":"https:\/\/researchchemicalstore.eu\/cs\/wp-json\/wp\/v2\/product\/24181","targetHints":{"allow":["GET"]}}],"collection":[{"href":"https:\/\/researchchemicalstore.eu\/cs\/wp-json\/wp\/v2\/product"}],"about":[{"href":"https:\/\/researchchemicalstore.eu\/cs\/wp-json\/wp\/v2\/types\/product"}],"replies":[{"embeddable":true,"href":"https:\/\/researchchemicalstore.eu\/cs\/wp-json\/wp\/v2\/comments?post=24181"}],"version-history":[{"count":3,"href":"https:\/\/researchchemicalstore.eu\/cs\/wp-json\/wp\/v2\/product\/24181\/revisions"}],"predecessor-version":[{"id":26031,"href":"https:\/\/researchchemicalstore.eu\/cs\/wp-json\/wp\/v2\/product\/24181\/revisions\/26031"}],"wp:featuredmedia":[{"embeddable":true,"href":"https:\/\/researchchemicalstore.eu\/cs\/wp-json\/wp\/v2\/media\/28786"}],"wp:attachment":[{"href":"https:\/\/researchchemicalstore.eu\/cs\/wp-json\/wp\/v2\/media?parent=24181"}],"wp:term":[{"taxonomy":"product_brand","embeddable":true,"href":"https:\/\/researchchemicalstore.eu\/cs\/wp-json\/wp\/v2\/product_brand?post=24181"},{"taxonomy":"product_cat","embeddable":true,"href":"https:\/\/researchchemicalstore.eu\/cs\/wp-json\/wp\/v2\/product_cat?post=24181"},{"taxonomy":"product_tag","embeddable":true,"href":"https:\/\/researchchemicalstore.eu\/cs\/wp-json\/wp\/v2\/product_tag?post=24181"}],"curies":[{"name":"wp","href":"https:\/\/api.w.org\/{rel}","templated":true}]}}