{"id":24194,"date":"2025-04-13T17:41:13","date_gmt":"2025-04-13T17:41:13","guid":{"rendered":"https:\/\/researchchemicalstore.eu\/?post_type=product&#038;p=24194"},"modified":"2025-10-22T08:24:47","modified_gmt":"2025-10-22T08:24:47","slug":"rc-fluor-2-fma-30-mg-krabicka","status":"publish","type":"product","link":"https:\/\/researchchemicalstore.eu\/cs\/produkt\/rc-fluor-2-fma-30-mg-krabicka\/","title":{"rendered":"Krabi\u010dka RC+ Fluor 2-FMA 30 mg"},"content":{"rendered":"<h2><strong>2-FMA<\/strong><\/h2>\n<p><strong>2-FMA<\/strong>\u00a0je l\u00e1tka, kterou prod\u00e1v\u00e1me pouze pro v\u00fdzkumn\u00e9 \u00fa\u010dely, a nen\u00ed tedy ur\u010dena ke spot\u0159eb\u011b. 2-FMA je dod\u00e1v\u00e1n ve form\u011b pr\u00e1\u0161ku a m\u016f\u017ee b\u00fdt zkoum\u00e1n a\u017e 2 roky, pokud je skladov\u00e1n ve spr\u00e1vn\u00e9m prost\u0159ed\u00ed.<a title=\"1V-LSD 150 MCG saje\" href=\"https:\/\/researchchemicalstore.eu\/cs\/nakupovat\/lysergamidy\/1v-lsd-150-mcg-blotters\/\" target=\"_blank\" rel=\"noopener\">1V-LSD 150 MCG saje<\/a><\/p>\n<p>Proto\u017ee 2-FMA je pouze pro v\u00fdzkumn\u00e9 \u00fa\u010dely a nikoli pro spot\u0159ebu, je d\u016fle\u017eit\u00e9, aby byl 2-FMA uchov\u00e1v\u00e1n mimo dosah d\u011bt\u00ed a dom\u00e1c\u00edch zv\u00ed\u0159at.<a title=\"6-CL-ADBA\" href=\"https:\/\/researchchemicalstore.eu\/cs\/nakupovat\/temer-zakazano\/6-cl-adba\/\" target=\"_blank\" rel=\"noopener\">6-CL-ADBA<\/a><\/p>\n<p>Nab\u00edz\u00edme kvalitn\u00ed v\u00fdzkumn\u00e9 chemik\u00e1lie za f\u00e9rovou cenu. Va\u0161e objedn\u00e1vka bude expedov\u00e1na do 24 hodin ka\u017ed\u00fd den. Objednejte si proto 2FMA bezpe\u010dn\u011b a rychle p\u0159es!<a title=\"2-CMC 250 mg pelety\" href=\"https:\/\/researchchemicalstore.eu\/cs\/nakupovat\/katinony\/%f0%9f%92%a1-2-mmc-krystalicky-prasek-pro-vsechny-otazky-a-odpovedi-k-nakupu\/\" target=\"_blank\" rel=\"noopener\">2-CMC 250 mg pelety<\/a><\/p>\n<h2>2-FMA vlastnosti<\/h2>\n<p><strong>Synonymum<\/strong>: Fluorometamfetamin<br \/>\n<strong>\u010c\u00edslo CAS<\/strong>: 1780004-19-4<br \/>\n<strong>Vzorec<\/strong>: C10H14FN \u2022 HCL<br \/>\n<strong>Mol\u00e1rn\u00ed hmotnost<\/strong>: 203,7 g\/mol<br \/>\n<strong>\u010cistota<\/strong>: \u226599%<\/p>\n<h2>\u00dadaje o nebezpe\u010dnosti<\/h2>\n<p>2-FMA m\u016f\u017ee zp\u016fsobit podr\u00e1\u017ed\u011bn\u00ed d\u00fdchac\u00edch cest<br \/>\n2-FMA m\u016f\u017ee zp\u016fsobit podr\u00e1\u017ed\u011bn\u00ed <a href=\"http:\/\/google.nl\" target=\"_blank\" rel=\"noopener\">a<\/a> o\u010di zp\u016fsobit<br \/>\nVypou\u0161t\u011bn\u00ed v\u00fdzkumn\u00fdch chemik\u00e1li\u00ed do \u017eivotn\u00edho prost\u0159ed\u00ed je zak\u00e1z\u00e1no<\/p>\n<p>2-FMA P\u0158I KONTAKTU S O\u010cIMA: O\u010di opatrn\u011b vyplachujte vodou po dobu p\u011bti minut. Pokud je to mo\u017en\u00e9, vyjm\u011bte kontaktn\u00ed \u010do\u010dky.<\/p>\n<p>2-FMA P\u0158I KONTAKTU S K\u016e\u017d\u00cd: Omyjte k\u016f\u017ei m\u00fddlem a vodou.<\/p>\n<p>P\u0158I VDECHNUT\u00cd 2-FMA: P\u0159eneste posti\u017een\u00e9ho na \u010derstv\u00fd vzduch a ponechte jej v poloze usnad\u0148uj\u00edc\u00ed d\u00fdch\u00e1n\u00ed.<\/p>","protected":false},"excerpt":{"rendered":"<p><strong>Synonymum<\/strong>: Fluorometamfetamin<br \/>\n<strong>\u010c\u00edslo CAS<\/strong>: 1780004-19-4<br \/>\n<strong>Vzorec<\/strong>: C10H14FN \u2022 HCL<br \/>\n<strong>Mol\u00e1rn\u00ed hmotnost<\/strong>: 203,7 g\/mol<br \/>\n<strong>\u010cistota<\/strong>: \u226599%<\/p>","protected":false},"featured_media":28850,"comment_status":"closed","ping_status":"closed","template":"","meta":[],"product_brand":[82],"product_cat":[555],"product_tag":[572,617,618,589,619,326],"class_list":{"0":"post-24194","1":"product","2":"type-product","3":"status-publish","4":"has-post-thumbnail","6":"product_brand-research-chemical","7":"product_cat-b2b","8":"product_tag-2-fma-kopen","9":"product_tag-2-fma","10":"product_tag-2fma","11":"product_tag-2fma-drugs","12":"product_tag-2fma-kopen","13":"product_tag-nl","15":"first","16":"instock","17":"taxable","18":"shipping-taxable","19":"purchasable","20":"product-type-variable"},"_links":{"self":[{"href":"https:\/\/researchchemicalstore.eu\/cs\/wp-json\/wp\/v2\/product\/24194","targetHints":{"allow":["GET"]}}],"collection":[{"href":"https:\/\/researchchemicalstore.eu\/cs\/wp-json\/wp\/v2\/product"}],"about":[{"href":"https:\/\/researchchemicalstore.eu\/cs\/wp-json\/wp\/v2\/types\/product"}],"replies":[{"embeddable":true,"href":"https:\/\/researchchemicalstore.eu\/cs\/wp-json\/wp\/v2\/comments?post=24194"}],"version-history":[{"count":4,"href":"https:\/\/researchchemicalstore.eu\/cs\/wp-json\/wp\/v2\/product\/24194\/revisions"}],"predecessor-version":[{"id":25400,"href":"https:\/\/researchchemicalstore.eu\/cs\/wp-json\/wp\/v2\/product\/24194\/revisions\/25400"}],"wp:featuredmedia":[{"embeddable":true,"href":"https:\/\/researchchemicalstore.eu\/cs\/wp-json\/wp\/v2\/media\/28850"}],"wp:attachment":[{"href":"https:\/\/researchchemicalstore.eu\/cs\/wp-json\/wp\/v2\/media?parent=24194"}],"wp:term":[{"taxonomy":"product_brand","embeddable":true,"href":"https:\/\/researchchemicalstore.eu\/cs\/wp-json\/wp\/v2\/product_brand?post=24194"},{"taxonomy":"product_cat","embeddable":true,"href":"https:\/\/researchchemicalstore.eu\/cs\/wp-json\/wp\/v2\/product_cat?post=24194"},{"taxonomy":"product_tag","embeddable":true,"href":"https:\/\/researchchemicalstore.eu\/cs\/wp-json\/wp\/v2\/product_tag?post=24194"}],"curies":[{"name":"wp","href":"https:\/\/api.w.org\/{rel}","templated":true}]}}