{"id":24226,"date":"2025-04-13T17:41:17","date_gmt":"2025-04-13T17:41:17","guid":{"rendered":"https:\/\/researchchemicalstore.eu\/?post_type=product&#038;p=24226"},"modified":"2025-10-21T18:10:38","modified_gmt":"2025-10-21T18:10:38","slug":"nm-2-ai-hcl-cisty","status":"publish","type":"product","link":"https:\/\/researchchemicalstore.eu\/cs\/produkt\/nm-2-ai-hcl-cisty\/","title":{"rendered":"NM-2-AI HCl \u010dist\u00fd"},"content":{"rendered":"<h2>NM-2-AI HCl \u010dist\u00fd<\/h2>\n<p>NM-2-AI hydrochlorid je l\u00e1tka, kterou prod\u00e1v\u00e1me pouze pro v\u00fdzkumn\u00e9 \u00fa\u010dely, a proto nen\u00ed ur\u010dena ke spot\u0159eb\u011b. NM-2-AI m\u016f\u017ee b\u00fdt zkoum\u00e1n po dobu a\u017e 2 let, pokud je skladov\u00e1n ve spr\u00e1vn\u00e9m prost\u0159ed\u00ed.<\/p>\n<p>Proto\u017ee NM-2-AI je pouze pro v\u00fdzkumn\u00e9 \u00fa\u010dely a nikoli pro spot\u0159ebu, je d\u016fle\u017eit\u00e9, aby byl NM-2-AI skladov\u00e1n mimo dosah d\u011bt\u00ed a dom\u00e1c\u00edch zv\u00ed\u0159at.<a title=\"O-DSMT 50 mg pelety\" href=\"https:\/\/researchchemicalstore.eu\/cs\/nakupovat\/pelety-2\/o-dsmt-50mg-pelety\/\" target=\"_blank\" rel=\"noopener\">O-DSMT 50 mg pelety<\/a><\/p>\n<p>Nab\u00edz\u00edme kvalitn\u00ed v\u00fdzkumn\u00e9 chemik\u00e1lie za f\u00e9rovou cenu. Va\u0161e objedn\u00e1vka bude expedov\u00e1na do 24 hodin ka\u017ed\u00fd den. Objednejte si proto NM-2-AI bezpe\u010dn\u011b a rychle p\u0159es !<a title=\"1V-LSD 150 MCG saje\" href=\"https:\/\/researchchemicalstore.eu\/cs\/nakupovat\/lysergamidy\/1v-lsd-150-mcg-blotters\/\" target=\"_blank\" rel=\"noopener\">1V-LSD 150 MCG saje<\/a><\/p>\n<h3>Prohl\u00e1\u0161en\u00ed o nebezpe\u010dnosti<\/h3>\n<p>NM-2-AI m\u016f\u017ee zp\u016fsobit podr\u00e1\u017ed\u011bn\u00ed d\u00fdchac\u00edch cest<br \/>\nNM-2-AI m\u016f\u017ee zp\u016fsobit podr\u00e1\u017ed\u011bn\u00ed <a href=\"http:\/\/google.nl\" target=\"_blank\" rel=\"noopener\">v<\/a> o\u010di zp\u016fsobuj\u00ed.<br \/>\nVypou\u0161t\u011bn\u00ed v\u00fdzkumn\u00fdch chemik\u00e1li\u00ed do \u017eivotn\u00edho prost\u0159ed\u00ed je zak\u00e1z\u00e1no.<\/p>\n<p>NM-2-AI P\u0158I KONTAKTU S O\u010cIMA: O\u010di opatrn\u011b vyplachujte vodou po dobu p\u011bti minut. Pokud je to mo\u017en\u00e9, vyjm\u011bte kontaktn\u00ed \u010do\u010dky.<\/p>\n<p>NM-2-AI P\u0158I KONTAKTU S K\u016e\u017d\u00cd: Omyjte k\u016f\u017ei m\u00fddlem a vodou.<a title=\"6-CL-ADBA\" href=\"https:\/\/researchchemicalstore.eu\/cs\/nakupovat\/temer-zakazano\/6-cl-adba\/\" target=\"_blank\" rel=\"noopener\">6-CL-ADBA<\/a><\/p>\n<p>P\u0158I VDECHNUT\u00cd NM-2-AI: P\u0159eneste posti\u017een\u00e9ho na \u010derstv\u00fd vzduch a ponechte jej v poloze usnad\u0148uj\u00edc\u00ed d\u00fdch\u00e1n\u00ed.<a title=\"2-CMC 250 mg pelety\" href=\"https:\/\/researchchemicalstore.eu\/cs\/nakupovat\/katinony\/%f0%9f%92%a1-2-mmc-krystalicky-prasek-pro-vsechny-otazky-a-odpovedi-k-nakupu\/\" target=\"_blank\" rel=\"noopener\">2-CMC 250 mg pelety<\/a><\/p>","protected":false},"excerpt":{"rendered":"<h2>NM-2-AI HCl \u010dist\u00fd<\/h2>\n<p>NM-2-AI hydrochlorid je l\u00e1tka, kterou prod\u00e1v\u00e1me pouze pro v\u00fdzkumn\u00e9 \u00fa\u010dely, a proto nen\u00ed ur\u010dena ke spot\u0159eb\u011b. NM-2-AI m\u016f\u017ee b\u00fdt zkoum\u00e1n po dobu a\u017e 2 let, pokud je skladov\u00e1n ve spr\u00e1vn\u00e9m prost\u0159ed\u00ed.2C-E<\/p>","protected":false},"featured_media":28827,"comment_status":"closed","ping_status":"closed","template":"","meta":[],"product_brand":[82],"product_cat":[479,336],"product_tag":[326,879,880],"class_list":{"0":"post-24226","1":"product","2":"type-product","3":"status-publish","4":"has-post-thumbnail","6":"product_brand-research-chemical","7":"product_cat-nm-2-ai","8":"product_cat-overig","9":"product_tag-nl","10":"product_tag-nm-2-ai","11":"product_tag-nm-2-ai-hcl","13":"first","14":"instock","15":"taxable","16":"shipping-taxable","17":"purchasable","18":"product-type-variable"},"_links":{"self":[{"href":"https:\/\/researchchemicalstore.eu\/cs\/wp-json\/wp\/v2\/product\/24226","targetHints":{"allow":["GET"]}}],"collection":[{"href":"https:\/\/researchchemicalstore.eu\/cs\/wp-json\/wp\/v2\/product"}],"about":[{"href":"https:\/\/researchchemicalstore.eu\/cs\/wp-json\/wp\/v2\/types\/product"}],"replies":[{"embeddable":true,"href":"https:\/\/researchchemicalstore.eu\/cs\/wp-json\/wp\/v2\/comments?post=24226"}],"version-history":[{"count":4,"href":"https:\/\/researchchemicalstore.eu\/cs\/wp-json\/wp\/v2\/product\/24226\/revisions"}],"predecessor-version":[{"id":26016,"href":"https:\/\/researchchemicalstore.eu\/cs\/wp-json\/wp\/v2\/product\/24226\/revisions\/26016"}],"wp:featuredmedia":[{"embeddable":true,"href":"https:\/\/researchchemicalstore.eu\/cs\/wp-json\/wp\/v2\/media\/28827"}],"wp:attachment":[{"href":"https:\/\/researchchemicalstore.eu\/cs\/wp-json\/wp\/v2\/media?parent=24226"}],"wp:term":[{"taxonomy":"product_brand","embeddable":true,"href":"https:\/\/researchchemicalstore.eu\/cs\/wp-json\/wp\/v2\/product_brand?post=24226"},{"taxonomy":"product_cat","embeddable":true,"href":"https:\/\/researchchemicalstore.eu\/cs\/wp-json\/wp\/v2\/product_cat?post=24226"},{"taxonomy":"product_tag","embeddable":true,"href":"https:\/\/researchchemicalstore.eu\/cs\/wp-json\/wp\/v2\/product_tag?post=24226"}],"curies":[{"name":"wp","href":"https:\/\/api.w.org\/{rel}","templated":true}]}}