{"id":24256,"date":"2025-04-13T17:41:21","date_gmt":"2025-04-13T17:41:21","guid":{"rendered":"https:\/\/researchchemicalstore.eu\/?post_type=product&#038;p=24256"},"modified":"2025-10-21T17:42:08","modified_gmt":"2025-10-21T17:42:08","slug":"rc-maxtc-pytel-3-pelety","status":"publish","type":"product","link":"https:\/\/researchchemicalstore.eu\/cs\/produkt\/rc-maxtc-pytel-3-pelety\/","title":{"rendered":"RC+ MaXTC s\u00e1\u010dek 3 pelety"},"content":{"rendered":"<h2><strong>MaXTC 5-MAPB\/4-FMA\/5-MeO-MiPT 75MG\/30MG\/3MG vak se 3 peletami<\/strong><\/h2>\n<p>koupit 4 fma, 4 fma, 4 fma,<\/p>\n<ul>\n<li><strong>Maloobchodn\u00ed balen\u00ed<br \/>\n<\/strong><\/li>\n<li><strong>Po\u010det pelet v s\u00e1\u010dku: 3<\/strong><\/li>\n<li><strong>Ceny jsou bez DPH 21%<\/strong><\/li>\n<li><strong>Doporu\u010den\u00e1 maloobchodn\u00ed cena: 29,95 \u20ac v\u010d. DPH<\/strong><\/li>\n<\/ul>\n<p><a href=\"https:\/\/researchchemicalstore.eu\/cs\/nakupovat\/lysergamidy\/1-cp-lsd-150-mcg-pelety\/\">Um\u011bleck\u00e9 blottery 1cP-LSD 150 MCG<\/a><a href=\"https:\/\/researchchemicalstore.eu\/cs\/nakupovat\/pelety-2\/o-dsmt-50mg-pelety\/\">O-DSMT 50 mg pelety<\/a><a href=\"https:\/\/researchchemicalstore.eu\/cs\/nakupovat\/lysergamidy\/1v-lsd-150-mcg-blotters\/\">1V-LSD 150 MCG saje<\/a><a href=\"https:\/\/researchchemicalstore.eu\/cs\/nakupovat\/katinony\/%f0%9f%92%a1-2-mmc-krystalicky-prasek-pro-vsechny-otazky-a-odpovedi-k-nakupu\/\">2-CMC 250 mg pelety<\/a><a href=\"https:\/\/researchchemicalstore.eu\/cs\/nakupovat\/fenethylamin\/2c-ef-2mg-kapsle\/\">2C-EF 2mg tobolky<\/a><\/p>","protected":false},"excerpt":{"rendered":"<p>MaXTC 5-MAPB\/4-FMA\/5-MeO-MiPT 75MG\/30MG\/3MG s\u00e1\u010dek se 3 peletami 4 fma koupit, 4 fma, 4-fma, Maloobchodn\u00ed balen\u00ed Po\u010det pelet v s\u00e1\u010dku: 3 Ceny<\/p>","protected":false},"featured_media":28855,"comment_status":"closed","ping_status":"closed","template":"","meta":[],"product_brand":[],"product_cat":[555],"product_tag":[629,644,326],"class_list":{"0":"post-24256","1":"product","2":"type-product","3":"status-publish","4":"has-post-thumbnail","6":"product_cat-b2b","7":"product_tag-4-fma-kopen","8":"product_tag-4-fma","9":"product_tag-nl","11":"first","12":"instock","13":"taxable","14":"shipping-taxable","15":"purchasable","16":"product-type-variable"},"_links":{"self":[{"href":"https:\/\/researchchemicalstore.eu\/cs\/wp-json\/wp\/v2\/product\/24256","targetHints":{"allow":["GET"]}}],"collection":[{"href":"https:\/\/researchchemicalstore.eu\/cs\/wp-json\/wp\/v2\/product"}],"about":[{"href":"https:\/\/researchchemicalstore.eu\/cs\/wp-json\/wp\/v2\/types\/product"}],"replies":[{"embeddable":true,"href":"https:\/\/researchchemicalstore.eu\/cs\/wp-json\/wp\/v2\/comments?post=24256"}],"version-history":[{"count":2,"href":"https:\/\/researchchemicalstore.eu\/cs\/wp-json\/wp\/v2\/product\/24256\/revisions"}],"predecessor-version":[{"id":25919,"href":"https:\/\/researchchemicalstore.eu\/cs\/wp-json\/wp\/v2\/product\/24256\/revisions\/25919"}],"wp:featuredmedia":[{"embeddable":true,"href":"https:\/\/researchchemicalstore.eu\/cs\/wp-json\/wp\/v2\/media\/28855"}],"wp:attachment":[{"href":"https:\/\/researchchemicalstore.eu\/cs\/wp-json\/wp\/v2\/media?parent=24256"}],"wp:term":[{"taxonomy":"product_brand","embeddable":true,"href":"https:\/\/researchchemicalstore.eu\/cs\/wp-json\/wp\/v2\/product_brand?post=24256"},{"taxonomy":"product_cat","embeddable":true,"href":"https:\/\/researchchemicalstore.eu\/cs\/wp-json\/wp\/v2\/product_cat?post=24256"},{"taxonomy":"product_tag","embeddable":true,"href":"https:\/\/researchchemicalstore.eu\/cs\/wp-json\/wp\/v2\/product_tag?post=24256"}],"curies":[{"name":"wp","href":"https:\/\/api.w.org\/{rel}","templated":true}]}}