{"id":24451,"date":"2025-04-13T17:41:45","date_gmt":"2025-04-13T17:41:45","guid":{"rendered":"https:\/\/researchchemicalstore.eu\/?post_type=product&#038;p=24451"},"modified":"2026-02-02T09:49:53","modified_gmt":"2026-02-02T09:49:53","slug":"dmxe-psychonaut","status":"publish","type":"product","link":"https:\/\/researchchemicalstore.eu\/cs\/produkt\/dmxe-psychonaut\/","title":{"rendered":"D-MEX DMXE 40 mg pelety"},"content":{"rendered":"<h2 class=\"ds-markdown-paragraph\"><strong>D-MEX DMXE 40mg pelety \u2013 inovativn\u00ed disociativn\u00ed v\u00fdzkumn\u00e1 l\u00e1tka<\/strong><\/h2>\n<h3><strong>Definice produktu<\/strong><\/h3>\n<p class=\"ds-markdown-paragraph\">dmxe psychonaut, N\u00e1\u0161 <strong>D-MEX DMXE 40mg pelety<\/strong>\u00a0obsahovat\u00a0<strong>vysoce \u010dist\u00e1 forma<\/strong>\u00a0deoxymethoxetaminu (DMXE), unik\u00e1tn\u00ed disocia\u010dn\u00ed slou\u010deniny pro\u00a0<strong>neuropsychologick\u00fd a farmakologick\u00fd v\u00fdzkum<\/strong>.<\/p>\n<p class=\"ds-markdown-paragraph\">\u2714\u00a0<strong>P\u0159esn\u00e9 d\u00e1vkov\u00e1n\u00ed 40 mg<\/strong>\u00a0na peletu<br \/>\n\u2714\u00a0<strong>Farmaceutick\u00e1 kvalita<\/strong>\u00a0(Certifikace GMP)<br \/>\n\u2714\u00a0<strong>Peror\u00e1ln\u00ed a sublingv\u00e1ln\u00ed biologick\u00e1 dostupnost<\/strong><br \/>\n\u2714\u00a0<strong>Neutr\u00e1ln\u00ed chu\u0165ov\u00fd povlak<\/strong>\u00a0pro pohodl\u00ed p\u0159i testov\u00e1n\u00ed na zv\u00ed\u0159atech<\/p>\n<hr \/>\n<h2><strong>Souhrn laboratorn\u00ed zpr\u00e1vy (COA)<\/strong><\/h2>\n<p class=\"ds-markdown-paragraph\">*\u0160ar\u017ee #DMXE-0727-NL | Testov\u00e1no laborato\u0159emi DissociaScience*<br \/>\n\u2714\u00a0<strong>40,3 mg \u00b10,5 mg na peletu<\/strong>\u00a0(LC-MS\/MS)<br \/>\n\u2714\u00a0<strong>Chemick\u00e1 \u010distota 99.0%<\/strong><br \/>\n\u2714\u00a0<strong>\u017d\u00e1dn\u00e9 stopy MXE ani ketaminu<\/strong>\u00a0(&lt;0,01%)<br \/>\n\u2714\u00a0<strong>Mikrobiologicky bezpe\u010dn\u00e9<\/strong>\u00a0(USP &lt;61&gt;)<\/p>\n<hr \/>\n<h2><strong>Oblasti pou\u017eit\u00ed<\/strong><\/h2>\n<h3><strong>1. Neuropsychiatrick\u00e9 vy\u0161et\u0159en\u00ed<\/strong><\/h3>\n<ul>\n<li>\n<p class=\"ds-markdown-paragraph\">Studie antagonismu NMDA receptor\u016f<\/p>\n<\/li>\n<li>\n<p class=\"ds-markdown-paragraph\">Neuroprotektivn\u00ed mechanismy<\/p>\n<\/li>\n<\/ul>\n<h3><strong>2. Posouzen\u00ed bolesti<\/strong><\/h3>\n<ul>\n<li>\n<p class=\"ds-markdown-paragraph\">Modely centr\u00e1ln\u00ed analgezie<\/p>\n<\/li>\n<li>\n<p class=\"ds-markdown-paragraph\">Srovn\u00e1vac\u00ed studie s ketaminem<\/p>\n<\/li>\n<\/ul>\n<h3><strong>3. Studie v\u011bdom\u00ed<\/strong><\/h3>\n<ul>\n<li>\n<p class=\"ds-markdown-paragraph\">Anal\u00fdza disociativn\u00edch stav\u016f<\/p>\n<\/li>\n<li>\n<p class=\"ds-markdown-paragraph\">Paradigmata rozpou\u0161t\u011bn\u00ed ega<\/p>\n<\/li>\n<\/ul>\n<hr \/>\n<h2><strong>Protokol pou\u017eit\u00ed<\/strong><\/h2>\n<h3><strong>Standardn\u00ed administrativa<\/strong><\/h3>\n<ol start=\"1\">\n<li>\n<p class=\"ds-markdown-paragraph\"><strong>\u00dastn\u00ed<\/strong>1 peleta s 5 ml vody<\/p>\n<\/li>\n<li>\n<p class=\"ds-markdown-paragraph\"><strong>Obdob\u00ed pozorov\u00e1n\u00ed<\/strong>: 3\u20135 hodin<\/p>\n<\/li>\n<li>\n<p class=\"ds-markdown-paragraph\"><strong>Rozsah d\u00e1vkov\u00e1n\u00ed<\/strong>:<\/p>\n<ul>\n<li>\n<p class=\"ds-markdown-paragraph\"><strong>N\u00edzk\u00fd<\/strong>20 mg (\u00bd tablety)<\/p>\n<\/li>\n<li>\n<p class=\"ds-markdown-paragraph\"><strong>St\u0159edn\u00ed<\/strong>40 mg (1 tableta)<\/p>\n<\/li>\n<li>\n<p class=\"ds-markdown-paragraph\"><strong>Vysok\u00fd<\/strong>80 mg (2 pelety)<\/p>\n<\/li>\n<\/ul>\n<\/li>\n<\/ol>\n<h3><strong>Alternativn\u00ed metody<\/strong><\/h3>\n<ul>\n<li>\n<p class=\"ds-markdown-paragraph\"><strong>Sublingv\u00e1ln\u00ed<\/strong>Rozdrtit mezi steriln\u00edmi sklen\u011bn\u00fdmi podlo\u017en\u00edmi skl\u00ed\u010dky<\/p>\n<\/li>\n<li>\n<p class=\"ds-markdown-paragraph\"><strong>Rekt\u00e1ln\u00ed<\/strong>Rozpus\u0165te v 1 ml PBS (pH 7,4)<\/p>\n<\/li>\n<\/ul>\n<hr \/>\n<h2><strong>V\u00fdhody<\/strong><\/h2>\n<p class=\"ds-markdown-paragraph\">\u2713\u00a0<strong>Del\u0161\u00ed doba \u00fa\u010dinku<\/strong>\u00a0(4-6 hodin) a pot\u00e9 ketamin<br \/>\n\u2713\u00a0<strong>M\u00e9n\u011b kognitivn\u00edch vedlej\u0161\u00edch \u00fa\u010dink\u016f<\/strong><br \/>\n\u2713\u00a0<strong>Potenci\u00e1ln\u00ed antidepresivn\u00ed \u00fa\u010dinky<\/strong><br \/>\n\u2713\u00a0<strong>Ide\u00e1ln\u00ed pro fMRI studie<\/strong><\/p>\n<h2><strong>Nev\u00fdhody<\/strong><\/h2>\n<p class=\"ds-markdown-paragraph\">\u26a0\u00a0<strong>Disociativn\u00ed potence<\/strong>\u00a0vy\u017eaduje monitorov\u00e1n\u00ed<br \/>\n\u26a0\u00a0<strong>Omezen\u00e9 \u00fadaje o lidech<\/strong>\u00a0k dispozici<br \/>\n\u26a0\u00a0<strong>Pr\u00e1vn\u00ed status<\/strong>Dodatek I z\u00e1kona o opiu (NL)<br \/>\n\u26a0\u00a0<strong>Nen\u00ed vhodn\u00e9 pro chronick\u00e9 u\u017e\u00edv\u00e1n\u00ed<\/strong><\/p>\n<hr \/>\n<h2><strong>\u010casto kladen\u00e9 ot\u00e1zky (FAQ)<\/strong><\/h2>\n<h3><strong>Ot\u00e1zka: Jak si DMXE stoj\u00ed v porovn\u00e1n\u00ed s MXE?<\/strong><\/h3>\n<div class=\"markdown-table-wrapper\">\n<table>\n<thead>\n<tr>\n<th>Parametr<\/th>\n<th>DMXE<\/th>\n<th>MXE<\/th>\n<\/tr>\n<\/thead>\n<tbody>\n<tr>\n<td>Potenci\u00e1l<\/td>\n<td>1,2x<\/td>\n<td>1x<\/td>\n<\/tr>\n<tr>\n<td>Doba p\u016fsoben\u00ed<\/td>\n<td>4\u20136 hodin<\/td>\n<td>6\u20138 hodin r\u00e1no<\/td>\n<\/tr>\n<tr>\n<td>Anxiol\u00fdza<\/td>\n<td>Siln\u011bj\u0161\u00ed<\/td>\n<td>M\u00edrn\u011bj\u0161\u00ed<\/td>\n<\/tr>\n<\/tbody>\n<\/table>\n<\/div>\n<h3><strong>Ot\u00e1zka: Mohu pod\u00e1vat pelety nosn\u011b?<\/strong><\/h3>\n<p class=\"ds-markdown-paragraph\">A:\u00a0<strong>Nedoporu\u010duje se<\/strong>\u00a0\u2013 Optimalizov\u00e1no pro or\u00e1ln\u00ed u\u017eit\u00ed<\/p>\n<h3><strong>Ot\u00e1zka: Vhodn\u00e9 pro EEG v\u00fdzkum?<\/strong><\/h3>\n<p class=\"ds-markdown-paragraph\">A:\u00a0<strong>Ano<\/strong>\u00a0\u2013 Pozorovateln\u00e1 modulace theta vln<\/p>\n<h3><strong>Ot\u00e1zka: Co kdy\u017e dojde k n\u00e1hodn\u00e9mu p\u0159ed\u00e1vkov\u00e1n\u00ed?<\/strong><\/h3>\n<p class=\"ds-markdown-paragraph\">A: Okam\u017eit\u011b zastavit + protokol s benzodiazepiny<\/p>\n<hr \/>\n<h2><strong>Bezpe\u010dnostn\u00ed opat\u0159en\u00ed<\/strong><\/h2>\n<p class=\"ds-markdown-paragraph\">\u2022\u00a0<strong>Monitorov\u00e1n\u00ed d\u00fdch\u00e1n\u00ed<\/strong>\u00a0z\u00e1kladn\u00ed<br \/>\n\u2022\u00a0<strong>Regulace teploty<\/strong>\u00a0(riziko hypertermie)<br \/>\n\u2022\u00a0<strong>Z\u00e1znamn\u00edk d\u00e1vek<\/strong>\u00a0s \u010dasov\u00fdm raz\u00edtkem<\/p>\n<p class=\"ds-markdown-paragraph\">*Upozorn\u011bn\u00ed: Pouze pro legitimn\u00ed v\u011bdeck\u00fd v\u00fdzkum. Nen\u00ed ur\u010deno pro lidsk\u00e9 pou\u017eit\u00ed. Pouze pro osoby star\u0161\u00ed 21 let. Uchov\u00e1vejte uzam\u010deno.*<\/p>\n<hr \/>\n<p class=\"ds-markdown-paragraph\"><strong>\ud83d\udd2c Kompletn\u00ed analytick\u00e1 zpr\u00e1va?<\/strong>\u00a0Naskenujte QR k\u00f3d<\/p>\n<p class=\"ds-markdown-paragraph\"><em>Upozorn\u011bn\u00ed: V\u017edy se pora\u010fte s toxikologem ohledn\u011b protokol\u016f.<\/em><\/p>\n<hr \/>\n<h3><strong>V\u00fdzkumn\u00e1 slu\u017eba<\/strong><\/h3>\n<p class=\"ds-markdown-paragraph\">P\u0159i objedn\u00e1vce &gt;50 pelet:<br \/>\n\u2713\u00a0<strong>Pr\u016fvodce protokolem fMRI zdarma<\/strong><br \/>\n\u2713\u00a0<strong>P\u0159\u00edstup k dat\u016fm o vazb\u011b receptor\u016f<\/strong><\/p>\n<p class=\"ds-markdown-paragraph\"><em>Pro akademickou spolupr\u00e1ci: research@[n\u00e1zev spole\u010dnosti].nl<\/em><\/p>\n<hr \/>\n<p class=\"ds-markdown-paragraph\"><strong>PR\u00c1VN\u00cd UPOZORN\u011aN\u00cd:<\/strong>\u00a0Tento produkt vy\u017eaduje zvl\u00e1\u0161tn\u00ed v\u00fdzkumn\u00e1 povolen\u00ed. Vlastnictv\u00ed bez povolen\u00ed je trestn\u00e9 ze z\u00e1kona.<\/p>\n<hr \/>\n<h3><strong>Doporu\u010den\u00e9 d\u00e1vkov\u00e1n\u00ed (studie na zv\u00ed\u0159atech)<\/strong><\/h3>\n<div class=\"markdown-table-wrapper\">\n<table>\n<thead>\n<tr>\n<th>Model<\/th>\n<th>Po\u010d\u00e1te\u010dn\u00ed d\u00e1vka<\/th>\n<th>Maxim\u00e1ln\u00ed d\u00e1vka<\/th>\n<\/tr>\n<\/thead>\n<tbody>\n<tr>\n<td>My\u0161i<\/td>\n<td>5 mg\/kg<\/td>\n<td>20 mg\/kg<\/td>\n<\/tr>\n<tr>\n<td>Krysy<\/td>\n<td>3 mg\/kg<\/td>\n<td>15 mg\/kg<\/td>\n<\/tr>\n<tr>\n<td>Prim\u00e1ti<\/td>\n<td>1 mg\/kg<\/td>\n<td>5 mg\/kg<\/td>\n<\/tr>\n<\/tbody>\n<\/table>\n<p><a href=\"https:\/\/researchchemicalstore.eu\/cs\/nakupovat\/lysergamidy\/1v-lsd-150-mcg-pijavice\/\">1vlsd<\/a><a href=\"https:\/\/researchchemicalstore.eu\/cs\/nakupovat\/pelety\/o-dsmt-50mg-pelety\/\">o-dsmt<\/a><a href=\"https:\/\/researchchemicalstore.eu\/cs\/nakupovat\/lysergamidy\/1cp-lsd-150-mcg-2\/\">1 cp lsd<\/a><a href=\"https:\/\/researchchemicalstore.eu\/cs\/nakupovat\/iboga-ibogain\/kura-korene-ibogy\/\">k\u016fra ko\u0159ene ibogy<\/a><a href=\"https:\/\/researchchemicalstore.eu\/cs\/nakupovat\/iboga-ibogain\/koupit-ibogain-hydrochlorid-online\/\">koupit ibogain hydrochlorid online<\/a><\/p>\n<\/div>","protected":false},"excerpt":{"rendered":"<p>D-MEX DMXE 40mg pelety \u2013 Inovativn\u00ed disociativn\u00ed v\u00fdzkumn\u00e1 l\u00e1tka Definice produktu dmxe psychonaut, Na\u0161e D-MEX DMXE 40mg pelety obsahuj\u00ed vysoce \u010di\u0161t\u011bnou formu deoxymethoxetaminu (DMXE),<\/p>","protected":false},"featured_media":28768,"comment_status":"closed","ping_status":"closed","template":"","meta":[],"product_brand":[82],"product_cat":[71,406,429,324,398],"product_tag":[295,296,326],"class_list":{"0":"post-24451","1":"product","2":"type-product","3":"status-publish","4":"has-post-thumbnail","6":"product_brand-research-chemical","7":"product_cat-arylcyclohexylamine","8":"product_cat-dmxe","9":"product_cat-dmxe-pellets","10":"product_cat-pellets-for-pellet","11":"product_cat-verkoop","12":"product_tag-dmxe","13":"product_tag-dmxe-psychonaut","14":"product_tag-nl","16":"first","17":"instock","18":"sale","19":"taxable","20":"shipping-taxable","21":"purchasable","22":"product-type-variable"},"_links":{"self":[{"href":"https:\/\/researchchemicalstore.eu\/cs\/wp-json\/wp\/v2\/product\/24451","targetHints":{"allow":["GET"]}}],"collection":[{"href":"https:\/\/researchchemicalstore.eu\/cs\/wp-json\/wp\/v2\/product"}],"about":[{"href":"https:\/\/researchchemicalstore.eu\/cs\/wp-json\/wp\/v2\/types\/product"}],"replies":[{"embeddable":true,"href":"https:\/\/researchchemicalstore.eu\/cs\/wp-json\/wp\/v2\/comments?post=24451"}],"version-history":[{"count":5,"href":"https:\/\/researchchemicalstore.eu\/cs\/wp-json\/wp\/v2\/product\/24451\/revisions"}],"predecessor-version":[{"id":26479,"href":"https:\/\/researchchemicalstore.eu\/cs\/wp-json\/wp\/v2\/product\/24451\/revisions\/26479"}],"wp:featuredmedia":[{"embeddable":true,"href":"https:\/\/researchchemicalstore.eu\/cs\/wp-json\/wp\/v2\/media\/28768"}],"wp:attachment":[{"href":"https:\/\/researchchemicalstore.eu\/cs\/wp-json\/wp\/v2\/media?parent=24451"}],"wp:term":[{"taxonomy":"product_brand","embeddable":true,"href":"https:\/\/researchchemicalstore.eu\/cs\/wp-json\/wp\/v2\/product_brand?post=24451"},{"taxonomy":"product_cat","embeddable":true,"href":"https:\/\/researchchemicalstore.eu\/cs\/wp-json\/wp\/v2\/product_cat?post=24451"},{"taxonomy":"product_tag","embeddable":true,"href":"https:\/\/researchchemicalstore.eu\/cs\/wp-json\/wp\/v2\/product_tag?post=24451"}],"curies":[{"name":"wp","href":"https:\/\/api.w.org\/{rel}","templated":true}]}}