{"id":24521,"date":"2025-04-13T17:41:54","date_gmt":"2025-04-13T17:41:54","guid":{"rendered":"https:\/\/researchchemicalstore.eu\/?post_type=product&#038;p=24521"},"modified":"2025-10-21T11:50:20","modified_gmt":"2025-10-21T11:50:20","slug":"chemicka-mlha-noopept-sprej-2","status":"publish","type":"product","link":"https:\/\/researchchemicalstore.eu\/cs\/produkt\/chemicka-mlha-noopept-sprej-2\/","title":{"rendered":"Chemick\u00e1 mlha NOOPEPT Spray"},"content":{"rendered":"<h2><strong>Chemick\u00e1 mlha <\/strong><strong>Sprej <\/strong><strong>NOOPEPT 1,5 mg\u00a0<\/strong><\/h2>\n<p><strong>N\u00e1zev produktu:<\/strong> Chemick\u00fd sprej NOOPEPT 1,5 mg\/vst\u0159ik<br \/>\n<strong>Obsah:<\/strong>\u00a010ml lahvi\u010dka (\u2248600 d\u00e1vek)<br \/>\n<strong>Koncentrace:<\/strong>\u00a01,5 mg Noopeptu na vst\u0159ik<br \/>\n<strong>Vzorec:<\/strong> Pokro\u010dil\u00fd vodn\u00fd roztok pro optim\u00e1ln\u00ed stabilitu. <a title=\"Um\u011bleck\u00e9 blottery 1cP-LSD 150 MCG\" href=\"https:\/\/researchchemicalstore.eu\/cs\/nakupovat\/lysergamidy\/1-cp-lsd-150-mcg-pelety\/\" target=\"_blank\" rel=\"noopener\">Um\u011bleck\u00e9 blottery 1cP-LSD 150 MCG<\/a><\/p>\n<h3><strong>Kl\u00ed\u010dov\u00e9 vlastnosti:<\/strong><\/h3>\n<p>\ud83d\udd2c\u00a0<strong>P\u0159esn\u00e9 d\u00e1vkov\u00e1n\u00ed<\/strong>\u00a0\u2013 1,5 mg Noopeptu na kalibrovan\u00fd sprej<br \/>\n\ud83e\uddea\u00a0<strong>V\u00fdzkumn\u00fd vzorec<\/strong>\u00a0\u2013 Vhodn\u00e9 pro farmakologick\u00e9 studie<br \/>\n\ud83d\udca7\u00a0<strong>Nosn\u00ed pod\u00e1n\u00ed<\/strong>\u00a0\u2013 Rychl\u00e1 absorpce pro v\u00fdzkumn\u00e9 aplikace<br \/>\n\ud83d\udcc6\u00a0<strong>Doba pou\u017eitelnosti:<\/strong> 18 m\u011bs\u00edc\u016f neotev\u0159en\u00e9 (skladujte p\u0159i teplot\u011b 15\u201325 \u00b0C). <a title=\"O-DSMT 50 mg pelety\" href=\"https:\/\/researchchemicalstore.eu\/cs\/nakupovat\/pelety-2\/o-dsmt-50mg-pelety\/\" target=\"_blank\" rel=\"noopener\">O-DSMT 50 mg pelety<\/a><\/p>\n<h3><strong>Technick\u00e9 specifikace:<\/strong><\/h3>\n<p>\u2022 \u010c\u00edslo CAS: [157115-85-0]<br \/>\n\u2022 Molekul\u00e1rn\u00ed vzorec: C16H27N3O3<br \/>\n\u2022 Molekulov\u00e1 hmotnost: 309,41 g\/mol<\/p>\n<p>\u26a0\ufe0f\u00a0<strong>D\u016eLE\u017dIT\u00c9:<\/strong><br \/>\n\u2022 Pouze pro v\u00fdzkum in vitro<br \/>\n\u2022 Nen\u00ed ur\u010deno k lidsk\u00e9mu pou\u017eit\u00ed <a href=\"http:\/\/google.nl\" target=\"_blank\" rel=\"noopener\">nebo<\/a> veterin\u00e1rn\u00ed pou\u017eit\u00ed<br \/>\n\u2022 Uchov\u00e1vejte mimo dosah d\u011bt\u00ed.<a title=\"6-CL-ADBA\" href=\"https:\/\/researchchemicalstore.eu\/cs\/nakupovat\/temer-zakazano\/6-cl-adba\/\" target=\"_blank\" rel=\"noopener\">6-CL-ADBA<\/a><\/p>\n<ul>\n<li><strong>Maloobchodn\u00ed balen\u00ed<br \/>\n<\/strong><\/li>\n<li><strong>Mno\u017estv\u00ed mg NOOPEPT na n\u00e1st\u0159ik: 1,5<\/strong><\/li>\n<li><strong>Ceny jsou bez DPH 21%<\/strong><\/li>\n<li><strong>Doporu\u010den\u00e1 maloobchodn\u00ed cena: 24,95 \u20ac v\u010d. DPH<\/strong><\/li>\n<\/ul>","protected":false},"excerpt":{"rendered":"<h2><strong>Chemick\u00e1 mlha NOOPEPT 1,5 mg sprej<\/strong><\/h2>\n<ul>\n<li><strong>Maloobchodn\u00ed balen\u00ed<br \/>\n<\/strong><\/li>\n<li><strong>Mno\u017estv\u00ed mg NOOPEPT na n\u00e1st\u0159ik: 1,5<\/strong><\/li>\n<li><strong>Ceny jsou bez DPH 21%<\/strong><\/li>\n<li><strong>Doporu\u010den\u00e1 maloobchodn\u00ed cena: 24,95 \u20ac v\u010d. DPH<\/strong><\/li>\n<\/ul>","protected":false},"featured_media":28758,"comment_status":"closed","ping_status":"closed","template":"","meta":[],"product_brand":[82],"product_cat":[555],"product_tag":[812,810,811,326,813,814,815],"class_list":{"0":"post-24521","1":"product","2":"type-product","3":"status-publish","4":"has-post-thumbnail","6":"product_brand-research-chemical","7":"product_cat-b2b","8":"product_tag-buy-noopept-spray","9":"product_tag-chem-mist-spray","10":"product_tag-chem-mist","11":"product_tag-nl","12":"product_tag-noopept-nasal-spray","13":"product_tag-noopept-nasal-spray-diy","14":"product_tag-noopept-nasal-spray-dosage","16":"first","17":"instock","18":"taxable","19":"shipping-taxable","20":"purchasable","21":"product-type-variable"},"_links":{"self":[{"href":"https:\/\/researchchemicalstore.eu\/cs\/wp-json\/wp\/v2\/product\/24521","targetHints":{"allow":["GET"]}}],"collection":[{"href":"https:\/\/researchchemicalstore.eu\/cs\/wp-json\/wp\/v2\/product"}],"about":[{"href":"https:\/\/researchchemicalstore.eu\/cs\/wp-json\/wp\/v2\/types\/product"}],"replies":[{"embeddable":true,"href":"https:\/\/researchchemicalstore.eu\/cs\/wp-json\/wp\/v2\/comments?post=24521"}],"version-history":[{"count":4,"href":"https:\/\/researchchemicalstore.eu\/cs\/wp-json\/wp\/v2\/product\/24521\/revisions"}],"predecessor-version":[{"id":25947,"href":"https:\/\/researchchemicalstore.eu\/cs\/wp-json\/wp\/v2\/product\/24521\/revisions\/25947"}],"wp:featuredmedia":[{"embeddable":true,"href":"https:\/\/researchchemicalstore.eu\/cs\/wp-json\/wp\/v2\/media\/28758"}],"wp:attachment":[{"href":"https:\/\/researchchemicalstore.eu\/cs\/wp-json\/wp\/v2\/media?parent=24521"}],"wp:term":[{"taxonomy":"product_brand","embeddable":true,"href":"https:\/\/researchchemicalstore.eu\/cs\/wp-json\/wp\/v2\/product_brand?post=24521"},{"taxonomy":"product_cat","embeddable":true,"href":"https:\/\/researchchemicalstore.eu\/cs\/wp-json\/wp\/v2\/product_cat?post=24521"},{"taxonomy":"product_tag","embeddable":true,"href":"https:\/\/researchchemicalstore.eu\/cs\/wp-json\/wp\/v2\/product_tag?post=24521"}],"curies":[{"name":"wp","href":"https:\/\/api.w.org\/{rel}","templated":true}]}}