{"id":26112,"date":"2025-05-01T01:20:16","date_gmt":"2025-05-01T01:20:16","guid":{"rendered":"https:\/\/researchchemicalstore.eu\/?post_type=product&#038;p=26112"},"modified":"2025-10-18T14:26:45","modified_gmt":"2025-10-18T14:26:45","slug":"oxidace-caluanie-muelear","status":"publish","type":"product","link":"https:\/\/researchchemicalstore.eu\/cs\/produkt\/oxidace-caluanie-muelear\/","title":{"rendered":"Caluanie Muelear Oxidovat"},"content":{"rendered":"<p class=\"\" data-start=\"268\" data-end=\"544\"><strong data-start=\"268\" data-end=\"296\">Caluanie Muelear Oxidovat<\/strong> je mocn\u00fd <strong data-start=\"314\" data-end=\"337\">chemick\u00fdch \u010dinidel<\/strong> kter\u00fd je nejl\u00e9pe zn\u00e1m\u00fd svou schopnost\u00ed <strong data-start=\"382\" data-end=\"427\">rozkl\u00e1dat pevn\u00e9 kovy a materi\u00e1ly<\/strong>. Je \u0161iroce pou\u017e\u00edv\u00e1n v <strong data-start=\"459\" data-end=\"541\">pr\u016fmyslov\u00fd sektor, metalurgie, laboratorn\u00ed v\u00fdzkum a t\u011b\u017eebn\u00ed aplikace<\/strong>. caluanie muelear oxide, cena caluanie muelear oxide v usa, caluanie muelear oxide usa, cena caluanie muelear oxide, v\u00fdrobce caluanie muelear oxide v usa, caluanie muelear oxide na prodej<\/p>\n<p class=\"\" data-start=\"546\" data-end=\"822\">Tato vysoce visk\u00f3zn\u00ed, jantarov\u011b zbarven\u00e1 kapalina je zn\u00e1m\u00e1 svou hlubokou <strong data-start=\"644\" data-end=\"672\">oxida\u010dn\u00ed vlastnosti<\/strong>. D\u00edky sv\u00e9mu jedine\u010dn\u00e9mu chemick\u00e9mu slo\u017een\u00ed m\u016f\u017ee Caluanie napadat molekul\u00e1rn\u00ed vazby v tvrd\u00fdch materi\u00e1lech, \u010d\u00edm\u017e je \u010din\u00ed m\u011bk\u010d\u00edmi nebo k\u0159eh\u010d\u00edmi.<a href=\"https:\/\/researchchemicalstore.eu\/cs\/nakupovat\/top-10-research-chemicals\/3-cmc-hcl-sacek-1gr\/\">3-CMC HCl s\u00e1\u010dek 1gr<\/a><\/p>\n<hr class=\"\" data-start=\"824\" data-end=\"827\" \/>\n<h2 class=\"\" data-start=\"829\" data-end=\"862\">\u2699\ufe0f Kl\u00ed\u010dov\u00e9 vlastnosti<\/h2>\n<ul data-start=\"864\" data-end=\"1189\">\n<li class=\"\" data-start=\"864\" data-end=\"918\">\n<p class=\"\" data-start=\"866\" data-end=\"918\"><strong data-start=\"866\" data-end=\"885\">Chemick\u00e1 forma:<\/strong> Hust\u00e1, jantarov\u00e1 tekutina<\/p>\n<\/li>\n<li class=\"\" data-start=\"919\" data-end=\"1018\">\n<p class=\"\" data-start=\"921\" data-end=\"1018\"><strong data-start=\"921\" data-end=\"943\">Hlavn\u00ed aplikace:<\/strong> Zpracov\u00e1n\u00ed kov\u016f, demolice materi\u00e1l\u016f, t\u011b\u017eba, v\u011bdeck\u00fd v\u00fdzkum<\/p>\n<\/li>\n<li class=\"\" data-start=\"1019\" data-end=\"1071\">\n<p class=\"\" data-start=\"1021\" data-end=\"1071\"><strong data-start=\"1021\" data-end=\"1038\">Reaktivita:<\/strong> Velmi siln\u00e9 oxida\u010dn\u00ed \u010dinidlo<\/p>\n<\/li>\n<li class=\"\" data-start=\"1072\" data-end=\"1129\">\n<p class=\"\" data-start=\"1074\" data-end=\"1129\"><strong data-start=\"1074\" data-end=\"1085\">Nebezpe\u010d\u00ed:<\/strong> \u017d\u00edrav\u00e9 a \u0161kodliv\u00e9 p\u0159i nespr\u00e1vn\u00e9m pou\u017eit\u00ed<\/p>\n<\/li>\n<li class=\"\" data-start=\"1130\" data-end=\"1189\">\n<p class=\"\" data-start=\"1132\" data-end=\"1189\"><strong data-start=\"1132\" data-end=\"1147\">Obal:<\/strong> Vzduchot\u011bsn\u00e9 a nepropustn\u00e9, bezpe\u010dn\u00e9 pro p\u0159epravu, <a href=\"https:\/\/researchchemicalstore.eu\/cs\/nakupovat\/vahy\/digitalni-bio-mini-vaha-20g-x-0-001g\/\">Digit\u00e1ln\u00ed bio mini v\u00e1ha \u2013 20g x 0,001g<\/a><\/p>\n<\/li>\n<\/ul>\n<hr class=\"\" data-start=\"1191\" data-end=\"1194\" \/>\n<h2 class=\"\" data-start=\"1196\" data-end=\"1243\">\ud83d\udcbc Aplikace Caluanie Muelear Oxidize<\/h2>\n<h3 class=\"\" data-start=\"1245\" data-end=\"1287\">1. <strong data-start=\"1252\" data-end=\"1285\">Zpracov\u00e1n\u00ed a recyklace kov\u016f<\/strong><\/h3>\n<p class=\"\" data-start=\"1288\" data-end=\"1468\">Caluanie se pou\u017e\u00edv\u00e1 k odstra\u0148ov\u00e1n\u00ed tvrd\u00fdch kov\u016f, jako je \u017eelezo a ocel <strong data-start=\"1349\" data-end=\"1386\">zm\u011bk\u010dit nebo oslabit<\/strong>, co\u017e zna\u010dn\u011b usnad\u0148uje proces zpracov\u00e1n\u00ed bez pou\u017eit\u00ed t\u011b\u017ek\u00e9 techniky. <a href=\"https:\/\/researchchemicalstore.eu\/cs\/nakupovat\/top-10-research-chemicals\/pusobeni-pyrazolamu\/\">Pyrazolam 2,5 MG pelety<\/a><\/p>\n<h3 class=\"\" data-start=\"1470\" data-end=\"1514\">2. <strong data-start=\"1477\" data-end=\"1512\">T\u011b\u017eba a t\u011b\u017eba drah\u00fdch kov\u016f<\/strong><\/h3>\n<p class=\"\" data-start=\"1515\" data-end=\"1665\">V mal\u00fdch t\u011b\u017eebn\u00edch provozech se Caluanie pou\u017e\u00edv\u00e1 k <strong data-start=\"1570\" data-end=\"1593\">rozb\u00edt rudy<\/strong> a efektivn\u011bji extrahovat cenn\u00e9 kovy, jako je zlato nebo platina.<\/p>\n<h3 class=\"\" data-start=\"1667\" data-end=\"1701\">3. <strong data-start=\"1674\" data-end=\"1699\">Laboratorn\u00ed v\u00fdzkum<\/strong><\/h3>\n<p class=\"\" data-start=\"1702\" data-end=\"1834\">Ve v\u00fdzkumn\u00fdch instituc\u00edch se pou\u017e\u00edv\u00e1 k <strong data-start=\"1752\" data-end=\"1779\">testy degradace materi\u00e1lu<\/strong> a <strong data-start=\"1783\" data-end=\"1802\">oxida\u010dn\u00ed studie<\/strong> v chemii a materi\u00e1lov\u00fdch v\u011bd\u00e1ch.<\/p>\n<h3 class=\"\" data-start=\"1836\" data-end=\"1872\">4. <strong data-start=\"1843\" data-end=\"1870\">Zpracov\u00e1n\u00ed barev a prysky\u0159ic<\/strong><\/h3>\n<p class=\"\" data-start=\"1873\" data-end=\"2033\">V ni\u017e\u0161\u00edch koncentrac\u00edch lze Caluanie pou\u017e\u00edt k <strong data-start=\"1935\" data-end=\"1975\">odstra\u0148ov\u00e1n\u00ed pr\u016fmyslov\u00fdch n\u00e1t\u011br\u016f<\/strong>, prysky\u0159i\u010dn\u00e9 vrstvy nebo polymery ve specializovan\u00fdch aplikac\u00edch.<\/p>\n<hr class=\"\" data-start=\"2035\" data-end=\"2038\" \/>\n<h2 class=\"\" data-start=\"2040\" data-end=\"2068\">\u26a0\ufe0f Bezpe\u010dnostn\u00ed opat\u0159en\u00ed<\/h2>\n<p class=\"\" data-start=\"2070\" data-end=\"2185\">Caluanie Muelear Oxidize je <strong data-start=\"2102\" data-end=\"2132\">\u017e\u00edrav\u00e1 a reaktivn\u00ed l\u00e1tka<\/strong>. Pou\u017eit\u00ed vy\u017eaduje p\u0159\u00edsn\u00e9 bezpe\u010dnostn\u00ed protokoly:<\/p>\n<ul data-start=\"2187\" data-end=\"2535\">\n<li class=\"\" data-start=\"2187\" data-end=\"2261\">\n<p class=\"\" data-start=\"2189\" data-end=\"2261\">V\u017edy noste <strong data-start=\"2202\" data-end=\"2259\">rukavice, ochrann\u00e9 br\u00fdle a ochrann\u00fd od\u011bv<\/strong><\/p>\n<\/li>\n<li class=\"\" data-start=\"2262\" data-end=\"2334\">\n<p class=\"\" data-start=\"2264\" data-end=\"2334\">Pou\u017e\u00edvejte pouze v dob\u0159e v\u011btran\u00fdch prostor\u00e1ch nebo pod digesto\u0159\u00ed.<\/p>\n<\/li>\n<li class=\"\" data-start=\"2335\" data-end=\"2397\">\n<p class=\"\" data-start=\"2337\" data-end=\"2397\">Nem\u00edchejte s jin\u00fdmi chemik\u00e1liemi, pokud nen\u00ed provedeno specifick\u00e9 testov\u00e1n\u00ed.<\/p>\n<\/li>\n<li class=\"\" data-start=\"2398\" data-end=\"2454\">\n<p class=\"\" data-start=\"2400\" data-end=\"2454\">Uchov\u00e1vejte mimo dosah d\u011bt\u00ed a neopr\u00e1vn\u011bn\u00fdch osob<\/p>\n<\/li>\n<li class=\"\" data-start=\"2455\" data-end=\"2535\">\n<p class=\"\" data-start=\"2457\" data-end=\"2535\">Skladujte na chladn\u00e9m, such\u00e9m a bezpe\u010dn\u00e9m m\u00edst\u011b v chemicky odoln\u00e9m obalu <a href=\"https:\/\/researchchemicalstore.eu\/cs\/nakupovat\/vahy\/digitalni-mini-vaha-na-nadrz-20g-x-0-001g\/\">Digit\u00e1ln\u00ed v\u00e1ha Tank Mini \u2013 20g x 0,001g<\/a><\/p>\n<\/li>\n<\/ul>\n<hr class=\"\" data-start=\"2537\" data-end=\"2540\" \/>\n<h2 class=\"\" data-start=\"2542\" data-end=\"2601\">\u2705 Pro\u010d nakupovat Caluanie od spolehliv\u00e9ho dodavatele?<\/h2>\n<p class=\"\" data-start=\"2603\" data-end=\"2729\">Pokud hled\u00e1te <strong data-start=\"2628\" data-end=\"2671\">\u010dist\u00e1, pr\u016fmyslov\u00e1 kvalita Caluanie<\/strong>, pak je z\u00e1sadn\u00ed nakupovat od dodavatele, kter\u00fd:<\/p>\n<ul data-start=\"2731\" data-end=\"2973\">\n<li class=\"\" data-start=\"2731\" data-end=\"2793\">\n<p class=\"\" data-start=\"2733\" data-end=\"2793\"><strong data-start=\"2733\" data-end=\"2755\">Laboratorn\u00ed testy<\/strong> a nab\u00edz\u00ed certifik\u00e1ty \u010distoty<\/p>\n<\/li>\n<li class=\"\" data-start=\"2794\" data-end=\"2843\">\n<p class=\"\" data-start=\"2796\" data-end=\"2843\"><strong data-start=\"2796\" data-end=\"2830\">Bezpe\u010dn\u00e9 a diskr\u00e9tn\u00ed balen\u00ed<\/strong> z\u00e1ruky<\/p>\n<\/li>\n<li class=\"\" data-start=\"2844\" data-end=\"2908\">\n<p class=\"\" data-start=\"2846\" data-end=\"2908\"><strong data-start=\"2846\" data-end=\"2877\">Rychl\u00e1 a poji\u0161t\u011bn\u00e1 p\u0159eprava<\/strong> v r\u00e1mci Evropy umo\u017e\u0148uje<\/p>\n<\/li>\n<li class=\"\" data-start=\"2909\" data-end=\"2973\">\n<p class=\"\" data-start=\"2911\" data-end=\"2973\"><strong data-start=\"2911\" data-end=\"2939\">Technick\u00e1 podpora<\/strong> nab\u00eddky v praxi a aplikace<\/p>\n<\/li>\n<\/ul>\n<hr class=\"\" data-start=\"2975\" data-end=\"2978\" \/>\n<h2 class=\"\" data-start=\"2980\" data-end=\"2995\">\ud83d\udd1a Z\u00e1v\u011br<\/h2>\n<p class=\"\" data-start=\"2997\" data-end=\"3265\"><strong data-start=\"2997\" data-end=\"3025\">Caluanie Muelear Oxidovat<\/strong> je unik\u00e1tn\u00ed a \u00fa\u010dinn\u00e1 kapalina se \u0161irokou \u0161k\u00e1lou pr\u016fmyslov\u00fdch a v\u011bdeck\u00fdch aplikac\u00ed. P\u0159i spr\u00e1vn\u00e9m a zodpov\u011bdn\u00e9m pou\u017eit\u00ed m\u016f\u017ee v\u00fdrazn\u011b zv\u00fd\u0161it efektivitu zpracov\u00e1n\u00ed materi\u00e1l\u016f a obr\u00e1b\u011bn\u00ed kov\u016f.<\/p>\n<p class=\"\" data-start=\"3267\" data-end=\"3398\">Pro profesion\u00e1ly v <strong data-start=\"3289\" data-end=\"3322\">chemie, t\u011b\u017eba nebo recyklace<\/strong> Je Caluanie cenn\u00fdm n\u00e1strojem ve v\u00fdzkumn\u00e9m nebo v\u00fdrobn\u00edm procesu? <a href=\"https:\/\/researchchemicalstore.eu\/cs\/nakupovat\/vahy\/digitalni-cs-vaha-100g-x-0-01g\/\">Digit\u00e1ln\u00ed CS v\u00e1ha \u2013 100 g x 0,01 g<\/a><\/p>","protected":false},"excerpt":{"rendered":"<p>Caluanie Muelear Oxidize je siln\u00e9 chemick\u00e9 \u010dinidlo, kter\u00e9 je nejl\u00e9pe zn\u00e1m\u00e9 pro svou schopnost oxidovat siln\u00e9 kovy a materi\u00e1ly.<\/p>","protected":false},"featured_media":28749,"comment_status":"open","ping_status":"closed","template":"","meta":[],"product_brand":[],"product_cat":[1085],"product_tag":[905,897,904,902,903,901,906,900,907,898,899],"class_list":{"0":"post-26112","1":"product","2":"type-product","3":"status-publish","4":"has-post-thumbnail","6":"product_cat-okategoriserad","7":"product_tag-buy-caluanie-muelear-oxidize-online","8":"product_tag-caluanie-muelear-oxidize","9":"product_tag-caluanie-muelear-oxidize-deutschland","10":"product_tag-caluanie-muelear-oxidize-for-sale","11":"product_tag-caluanie-muelear-oxidize-kaufen","12":"product_tag-caluanie-muelear-oxidize-manufacturer-in-usa","13":"product_tag-caluanie-muelear-oxidize-pasteurize","14":"product_tag-caluanie-muelear-oxidize-price","15":"product_tag-caluanie-muelear-oxidize-price-in-india","16":"product_tag-caluanie-muelear-oxidize-price-in-usa","17":"product_tag-caluanie-muelear-oxidize-usa","19":"first","20":"instock","21":"taxable","22":"shipping-taxable","23":"purchasable","24":"product-type-simple"},"_links":{"self":[{"href":"https:\/\/researchchemicalstore.eu\/cs\/wp-json\/wp\/v2\/product\/26112","targetHints":{"allow":["GET"]}}],"collection":[{"href":"https:\/\/researchchemicalstore.eu\/cs\/wp-json\/wp\/v2\/product"}],"about":[{"href":"https:\/\/researchchemicalstore.eu\/cs\/wp-json\/wp\/v2\/types\/product"}],"replies":[{"embeddable":true,"href":"https:\/\/researchchemicalstore.eu\/cs\/wp-json\/wp\/v2\/comments?post=26112"}],"version-history":[{"count":2,"href":"https:\/\/researchchemicalstore.eu\/cs\/wp-json\/wp\/v2\/product\/26112\/revisions"}],"predecessor-version":[{"id":26116,"href":"https:\/\/researchchemicalstore.eu\/cs\/wp-json\/wp\/v2\/product\/26112\/revisions\/26116"}],"wp:featuredmedia":[{"embeddable":true,"href":"https:\/\/researchchemicalstore.eu\/cs\/wp-json\/wp\/v2\/media\/28749"}],"wp:attachment":[{"href":"https:\/\/researchchemicalstore.eu\/cs\/wp-json\/wp\/v2\/media?parent=26112"}],"wp:term":[{"taxonomy":"product_brand","embeddable":true,"href":"https:\/\/researchchemicalstore.eu\/cs\/wp-json\/wp\/v2\/product_brand?post=26112"},{"taxonomy":"product_cat","embeddable":true,"href":"https:\/\/researchchemicalstore.eu\/cs\/wp-json\/wp\/v2\/product_cat?post=26112"},{"taxonomy":"product_tag","embeddable":true,"href":"https:\/\/researchchemicalstore.eu\/cs\/wp-json\/wp\/v2\/product_tag?post=26112"}],"curies":[{"name":"wp","href":"https:\/\/api.w.org\/{rel}","templated":true}]}}