{"id":27458,"date":"2025-09-02T16:57:33","date_gmt":"2025-09-02T16:57:33","guid":{"rendered":"https:\/\/researchchemicalstore.eu\/?post_type=product&#038;p=27458"},"modified":"2025-10-18T14:04:54","modified_gmt":"2025-10-18T14:04:54","slug":"benzokainovy-prasek-%e2%89%a599-0","status":"publish","type":"product","link":"https:\/\/researchchemicalstore.eu\/cs\/produkt\/benzokainovy-prasek-%e2%89%a599-0\/","title":{"rendered":"Benzokainov\u00fd pr\u00e1\u0161ek \u226599,0%"},"content":{"rendered":"<p data-start=\"433\" data-end=\"736\">N\u00e1s <strong data-start=\"437\" data-end=\"465\">Benzokainov\u00fd pr\u00e1\u0161ek \u226599,0%<\/strong> je ultra\u010dist\u00e1, vysoce kvalitn\u00ed surovina \u0161iroce pou\u017e\u00edvan\u00e1 ve farmaceutick\u00fdch, kosmetick\u00fdch a pr\u016fmyslov\u00fdch aplikac\u00edch. D\u00edky sv\u00e9 vynikaj\u00edc\u00ed kvalit\u011b a \u010distot\u011b tento produkt spl\u0148uje nejp\u0159\u00edsn\u011bj\u0161\u00ed standardy a je vhodn\u00fd pro \u0161irokou \u0161k\u00e1lu \u00fa\u010del\u016f.<\/p>\n<p data-start=\"738\" data-end=\"768\"><strong data-start=\"738\" data-end=\"766\">Kl\u00ed\u010dov\u00e9 vlastnosti:<\/strong><\/p>\n<ul data-start=\"769\" data-end=\"1018\">\n<li data-start=\"769\" data-end=\"791\">\n<p data-start=\"771\" data-end=\"791\">\u010cistota: \u226599,0%<\/p>\n<\/li>\n<li data-start=\"792\" data-end=\"829\">\n<p data-start=\"794\" data-end=\"829\">Forma: Jemn\u00fd b\u00edl\u00fd krystalick\u00fd pr\u00e1\u0161ek<\/p>\n<\/li>\n<li data-start=\"830\" data-end=\"930\">\n<p data-start=\"832\" data-end=\"930\">Rozpustnost: Snadno rozpustn\u00fd v alkoholu a organick\u00fdch rozpou\u0161t\u011bdlech, t\u011b\u017ece rozpustn\u00fd ve vod\u011b<\/p>\n<\/li>\n<li data-start=\"931\" data-end=\"954\">\n<p data-start=\"933\" data-end=\"954\">\u010c\u00edslo CAS: 94-09-7<\/p>\n<\/li>\n<li data-start=\"955\" data-end=\"984\">\n<p data-start=\"957\" data-end=\"984\">Molekul\u00e1rn\u00ed vzorec: C9H11NO2<\/p>\n<\/li>\n<li data-start=\"985\" data-end=\"1018\">\n<p data-start=\"987\" data-end=\"1018\">Molekulov\u00e1 hmotnost: 165,19 g\/mol<\/p>\n<\/li>\n<\/ul>\n<p data-start=\"1020\" data-end=\"1039\"><strong data-start=\"1020\" data-end=\"1037\">Aplikace:<\/strong><\/p>\n<ul data-start=\"1040\" data-end=\"1298\">\n<li data-start=\"1040\" data-end=\"1132\">\n<p data-start=\"1042\" data-end=\"1132\">Farmaceutick\u00fd pr\u016fmysl: pou\u017e\u00edv\u00e1 se jako lok\u00e1ln\u00ed anestetikum v kr\u00e9mech, gelech a sprej\u00edch<\/p>\n<\/li>\n<li data-start=\"1133\" data-end=\"1210\">\n<p data-start=\"1135\" data-end=\"1210\">Kosmetick\u00fd sektor: pou\u017e\u00edv\u00e1 se v produktech pro do\u010dasnou \u00falevu od bolesti<\/p>\n<\/li>\n<li data-start=\"1211\" data-end=\"1298\">\n<p data-start=\"1213\" data-end=\"1298\">V\u00fdzkum a laborato\u0159e: pou\u017eiteln\u00e9 pro v\u011bdeck\u00e9 a analytick\u00e9 \u00fa\u010dely<\/p>\n<\/li>\n<\/ul>\n<p data-start=\"1300\" data-end=\"1462\"><strong data-start=\"1300\" data-end=\"1325\">\u00dalo\u017ei\u0161t\u011b a zabezpe\u010den\u00ed:<\/strong><br data-start=\"1325\" data-end=\"1328\" \/>V\u00fdrobek skladujte na chladn\u00e9m a such\u00e9m m\u00edst\u011b, chr\u00e1n\u011bn\u00e9m p\u0159ed p\u0159\u00edm\u00fdm slune\u010dn\u00edm z\u00e1\u0159en\u00edm a vlhkost\u00ed. Vhodn\u00e9 pouze pro profesion\u00e1ln\u00ed pou\u017eit\u00ed.<\/p>\n<h1 data-start=\"1469\" data-end=\"1533\"><strong data-start=\"1471\" data-end=\"1531\">\u010casto kladen\u00e9 ot\u00e1zky (FAQ v holand\u0161tin\u011b + vysv\u011btlen\u00ed v angli\u010dtin\u011b)<\/strong><\/h1>\n<p data-start=\"1535\" data-end=\"1789\"><strong data-start=\"1535\" data-end=\"1567\">1. Co je benzokainov\u00fd pr\u00e1\u0161ek?<\/strong><br data-start=\"1567\" data-end=\"1570\" \/>Benzokain je lok\u00e1ln\u00ed anestetikum, kter\u00e9 se \u010dasto pou\u017e\u00edv\u00e1 k do\u010dasn\u00e9mu zm\u00edrn\u011bn\u00ed bolesti nebo podr\u00e1\u017ed\u011bn\u00ed.<\/p>\n<p data-start=\"1791\" data-end=\"2058\"><strong data-start=\"1791\" data-end=\"1843\">2. Jak se obvykle pou\u017e\u00edv\u00e1 benzokainov\u00fd pr\u00e1\u0161ek?<\/strong><br data-start=\"1843\" data-end=\"1846\" \/>Pou\u017e\u00edv\u00e1 se v kr\u00e9mech, gelech, sprej\u00edch a n\u011bkdy i v l\u00e9ka\u0159sk\u00fdch prost\u0159edc\u00edch k \u00falev\u011b od bolesti.<\/p>\n<p data-start=\"2060\" data-end=\"2360\"><strong data-start=\"2060\" data-end=\"2107\">3. Je tento produkt vhodn\u00fd ke konzumaci?<\/strong><br data-start=\"2107\" data-end=\"2110\" \/>Ne, tento produkt je ur\u010den pouze pro profesion\u00e1ln\u00ed a v\u00fdzkumn\u00e9 pou\u017eit\u00ed. Nen\u00ed vhodn\u00fd k p\u0159\u00edm\u00e9 konzumaci.<\/p>\n<p data-start=\"2362\" data-end=\"2596\"><strong data-start=\"2362\" data-end=\"2407\">4. Jak m\u00e1m skladovat benzokainov\u00fd pr\u00e1\u0161ek?<\/strong><br data-start=\"2407\" data-end=\"2410\" \/>Skladujte na chladn\u00e9m, such\u00e9m a t\u011bsn\u011b uzav\u0159en\u00e9m m\u00edst\u011b, mimo dosah d\u011bt\u00ed a dom\u00e1c\u00edch zv\u00ed\u0159at.<\/p>\n<p data-start=\"2598\" data-end=\"2816\"><strong data-start=\"2598\" data-end=\"2657\">5. Mohu si tento produkt objednat v mal\u00e9m mno\u017estv\u00ed?<\/strong><br data-start=\"2657\" data-end=\"2660\" \/>Ano, nab\u00edz\u00edme flexibiln\u00ed mno\u017estv\u00ed objedn\u00e1vek v z\u00e1vislosti na va\u0161ich pot\u0159eb\u00e1ch.<\/p>\n<p data-start=\"2818\" data-end=\"3078\"><strong data-start=\"2818\" data-end=\"2866\">6. Co d\u011bl\u00e1 tento produkt vysoce kvalitn\u00edm?<\/strong><br data-start=\"2866\" data-end=\"2869\" \/>\u010cistota \u226599,0% zaji\u0161\u0165uje spolehlivost a konzistentn\u00ed v\u00fdkon v r\u016fzn\u00fdch aplikac\u00edch.<\/p>","protected":false},"excerpt":{"rendered":"<p>Ons Benzoca\u00efne Poeder \u226599.0% is een ultrazuivere, hoogwaardige grondstof die veel wordt gebruikt in farmaceutische, cosmetische en industri\u00eble toepassingen. Dankzij<\/p>","protected":false},"featured_media":28738,"comment_status":"open","ping_status":"closed","template":"","meta":[],"product_brand":[],"product_cat":[1085],"product_tag":[],"class_list":{"0":"post-27458","1":"product","2":"type-product","3":"status-publish","4":"has-post-thumbnail","6":"product_cat-okategoriserad","8":"first","9":"instock","10":"taxable","11":"shipping-taxable","12":"purchasable","13":"product-type-variable"},"_links":{"self":[{"href":"https:\/\/researchchemicalstore.eu\/cs\/wp-json\/wp\/v2\/product\/27458","targetHints":{"allow":["GET"]}}],"collection":[{"href":"https:\/\/researchchemicalstore.eu\/cs\/wp-json\/wp\/v2\/product"}],"about":[{"href":"https:\/\/researchchemicalstore.eu\/cs\/wp-json\/wp\/v2\/types\/product"}],"replies":[{"embeddable":true,"href":"https:\/\/researchchemicalstore.eu\/cs\/wp-json\/wp\/v2\/comments?post=27458"}],"version-history":[{"count":2,"href":"https:\/\/researchchemicalstore.eu\/cs\/wp-json\/wp\/v2\/product\/27458\/revisions"}],"predecessor-version":[{"id":27974,"href":"https:\/\/researchchemicalstore.eu\/cs\/wp-json\/wp\/v2\/product\/27458\/revisions\/27974"}],"wp:featuredmedia":[{"embeddable":true,"href":"https:\/\/researchchemicalstore.eu\/cs\/wp-json\/wp\/v2\/media\/28738"}],"wp:attachment":[{"href":"https:\/\/researchchemicalstore.eu\/cs\/wp-json\/wp\/v2\/media?parent=27458"}],"wp:term":[{"taxonomy":"product_brand","embeddable":true,"href":"https:\/\/researchchemicalstore.eu\/cs\/wp-json\/wp\/v2\/product_brand?post=27458"},{"taxonomy":"product_cat","embeddable":true,"href":"https:\/\/researchchemicalstore.eu\/cs\/wp-json\/wp\/v2\/product_cat?post=27458"},{"taxonomy":"product_tag","embeddable":true,"href":"https:\/\/researchchemicalstore.eu\/cs\/wp-json\/wp\/v2\/product_tag?post=27458"}],"curies":[{"name":"wp","href":"https:\/\/api.w.org\/{rel}","templated":true}]}}