{"id":23553,"date":"2025-04-13T17:39:57","date_gmt":"2025-04-13T17:39:57","guid":{"rendered":"https:\/\/researchchemicalstore.eu\/?post_type=product&#038;p=23553"},"modified":"2025-10-22T16:03:06","modified_gmt":"2025-10-22T16:03:06","slug":"1b-lsd-l-tartrat-ren","status":"publish","type":"product","link":"https:\/\/researchchemicalstore.eu\/da\/vare\/1b-lsd-l-tartrat-ren\/","title":{"rendered":"1B-LSD L-tartrat Ren"},"content":{"rendered":"<h1><strong>1B-LSD L-Tartrate Pure \u2013 Lysergamid af h\u00f8j kvalitet til videnskabelig forskning<\/strong><\/h1>\n<p><strong>Produktnavn:<\/strong> 1B-LSD L-tartrat<br \/>\n<strong>Kemisk navn:<\/strong> 1-Butanoyl-lysergsyrediethylamid L-tartrat<br \/>\n<strong>Formel:<\/strong> C23H29N3O2 \u00b7 C4H6O6<br \/>\n<strong>Molekylv\u00e6gt:<\/strong> 495,57 g\/mol<br \/>\n<strong>Form:<\/strong> Hvidt krystallinsk pulver<br \/>\n<strong>Renhed:<\/strong> \u226599% (HPLC-certificeret)<br \/>\n<strong>Type:<\/strong> Forskningskvalitet \u2013 Ikke til konsum<\/p>\n<hr \/>\n<h2><strong>Hvad er 1B-LSD L-tartrat?<\/strong><\/h2>\n<p>1B-LSD (1-Butanoyl-LSD) er et semisyntetisk lysergam, der er kemisk besl\u00e6gtet med LSD og andre analoger s\u00e5som 1P-LSD og 1cP-LSD. Tilf\u00f8jelsen af en butanoylgruppe resulterer i en forbindelse kendt for sin <strong>prodrug-karakter<\/strong>I biologiske systemer forventes 1B-LSD delvist at blive omdannet til LSD.<\/p>\n<p>De <strong>L-tartratsaltform<\/strong> tilbyder \u00f8get stabilitet, pr\u00e6cis vejning og fremragende opl\u00f8selighed til analytiske anvendelser.<\/p>\n<hr \/>\n<h2><strong>Anvendelser af 1B-LSD i forskningskontekst<\/strong><\/h2>\n<ul>\n<li><strong>Farmakodynamisk forskning:<\/strong> Unders\u00f8gelse af serotoninreceptorinteraktioner (is\u00e6r 5-HT2A).<\/li>\n<li><strong>Sammenlignende neurokemisk forskning:<\/strong> Sammenligning med LSD, 1P-LSD og andre analoger.<\/li>\n<li><strong>In-vitro og in-vivo bioaktivitetsscreening<\/strong> (kun for autoriserede institutioner).<\/li>\n<li><strong>Prodrug-analyse:<\/strong> Analyse af lysergamidmetabolismeveje i biologiske systemer.<\/li>\n<\/ul>\n<blockquote><p>\u26a0\ufe0f <strong>NB:<\/strong> Dette produkt er kun beregnet til videnskabelige og retsmedicinske forskningsform\u00e5l. Ikke til konsum eller brug p\u00e5 dyr.<\/p><\/blockquote>\n<hr \/>\n<h2><strong>Fordele for forskere<\/strong><\/h2>\n<p>\u2714 H\u00f8j kemisk stabilitet i L-tartratsaltform<br \/>\n\u2714 Prodrug-egenskaber giver indsigt i lysergamidmetabolisme<br \/>\n\u2714 Konsekvent renhed p\u00e5 \u226599% (HPLC-bekr\u00e6ftet)<br \/>\n\u2714 Let opl\u00f8selig i ethanol og andre analytiske opl\u00f8sningsmidler<\/p>\n<hr \/>\n<h2><strong>Mulige ulemper \/ begr\u00e6nsninger<\/strong><\/h2>\n<ul>\n<li>Juridisk status kan variere afh\u00e6ngigt af land eller region<\/li>\n<li>Begr\u00e6nsede langsigtede toksikologiske data<\/li>\n<li>Kan nedbrydes ved uds\u00e6ttelse for lys, varme eller luft<\/li>\n<li>Kr\u00e6ver opbevaring under kontrollerede forhold<\/li>\n<\/ul>\n<hr \/>\n<h2><strong>Laboratoriedata<\/strong><\/h2>\n<table>\n<thead>\n<tr>\n<th>Funktion<\/th>\n<th>Specifikation<\/th>\n<\/tr>\n<\/thead>\n<tbody>\n<tr>\n<td>Renhed<\/td>\n<td>\u226599% HPLC<\/td>\n<\/tr>\n<tr>\n<td>Smeltepunkt<\/td>\n<td>192\u2013196 \u00b0C<\/td>\n<\/tr>\n<tr>\n<td>Opl\u00f8selighed<\/td>\n<td>God i ethanol og acetone<\/td>\n<\/tr>\n<tr>\n<td>Opbevaringsr\u00e5d<\/td>\n<td>2\u20138\u00b0C, m\u00f8rkt og t\u00f8rt<\/td>\n<\/tr>\n<tr>\n<td>Batchkode<\/td>\n<td>1BLSD-LT0625<\/td>\n<\/tr>\n<tr>\n<td>Analysedato<\/td>\n<td>18. juni 2025<\/td>\n<\/tr>\n<\/tbody>\n<\/table>\n<hr \/>\n<h2><strong>Brugsscenarier (laboratorium)<\/strong><\/h2>\n<table>\n<thead>\n<tr>\n<th>Applikationstype<\/th>\n<th>Koncentration<\/th>\n<th>Metode<\/th>\n<th>M\u00e5l<\/th>\n<\/tr>\n<\/thead>\n<tbody>\n<tr>\n<td>In vitro<\/td>\n<td>1\u201310 \u00b5M<\/td>\n<td>Opl\u00f8ses i DMSO<\/td>\n<td>Receptorbindingsstudier<\/td>\n<\/tr>\n<tr>\n<td>In vivo (indirekte)<\/td>\n<td>ikke relevant<\/td>\n<td>Kun tilladt med tilladelse<\/td>\n<td>Prodrug-konverteringsstudie<\/td>\n<\/tr>\n<\/tbody>\n<\/table>\n<hr \/>\n<h2><strong>Ofte stillede sp\u00f8rgsm\u00e5l (FAQ)<\/strong><\/h2>\n<h3>\u2753 Hvad er forskellen p\u00e5 1B-LSD og LSD?<\/h3>\n<p>1B-LSD betragtes som et prodrug for LSD. I biologiske systemer kan det omdannes til LSD, hvilket g\u00f8r det s\u00e6rligt interessant for metabolismeforskning.<\/p>\n<h3>\u2753 Er 1B-LSD lovligt i Holland eller Belgien?<\/h3>\n<p>1B-LSD kan falde ind under analogiloven. Tjek altid de g\u00e6ldende love i din region vedr\u00f8rende import eller besiddelse.<\/p>\n<h3>\u2753 Hvorfor L-tartrat i stedet for fri base?<\/h3>\n<p>L-tartratformen er kemisk mere stabil, lettere at veje og bedre egnet til langtidsopbevaring.<\/p>\n<h3>\u2753 Kan jeg bruge dette produkt til konsum?<\/h3>\n<p>Nr. 1B-LSD L-tartrat er kun beregnet til laboratorieforskning. Indtagelse er strengt forbudt.<\/p>\n<hr \/>\n<h2><strong>Oversigt<\/strong><\/h2>\n<p><strong>1B-LSD L-tartrat<\/strong> giver forskere en unik mulighed for at studere lysergamanaloger i en ren, stabil og pr\u00e6cis form. Denne forbindelse kombinerer farmakologisk potentiale med laboratorievenlige egenskaber, hvilket g\u00f8r den ideelt egnet til udforskende neurokemisk og receptorfokuseret forskning.<\/p>","protected":false},"excerpt":{"rendered":"<h3><span style=\"vertical-align: inherit;\"><span style=\"vertical-align: inherit;\">1B-LSD L-tartrat egenskaber<\/span><\/span><\/h3>\n<p><strong><span style=\"vertical-align: inherit;\"><span style=\"vertical-align: inherit;\">Synonym:<\/span><\/span><\/strong><span style=\"vertical-align: inherit;\"><span style=\"vertical-align: inherit;\"> 1-butanoyl-lysergsyrediethylamid hemi-L-tartrat, BLSD <\/span><\/span><br \/>\n<strong><span style=\"vertical-align: inherit;\"><span style=\"vertical-align: inherit;\">CAS-nummer:<\/span><\/span><\/strong><span style=\"vertical-align: inherit;\"><span style=\"vertical-align: inherit;\"> 2349376-12-9 <\/span><\/span><br \/>\n<strong><span style=\"vertical-align: inherit;\"><span style=\"vertical-align: inherit;\">Formel:<\/span><\/span><\/strong><span style=\"vertical-align: inherit;\"><span style=\"vertical-align: inherit;\"> (8\u03b2)-1-butanoyl-N,N-diethyl-6-methyl-9,10-didehydroergolin-8-carboxamid hemi-L-tartrat <\/span><\/span><br \/>\n<strong><span style=\"vertical-align: inherit;\"><span style=\"vertical-align: inherit;\">Mol\u00e6r masse:<\/span><\/span><\/strong><span style=\"vertical-align: inherit;\"><span style=\"vertical-align: inherit;\"> 468,5 g\/mol <\/span><\/span><br \/>\n<strong><span style=\"vertical-align: inherit;\"><span style=\"vertical-align: inherit;\">Renhed:<\/span><\/span><\/strong><span style=\"vertical-align: inherit;\"><span style=\"vertical-align: inherit;\"> &gt;97%<\/span><\/span><\/p>","protected":false},"featured_media":28557,"comment_status":"closed","ping_status":"closed","template":"","meta":[],"product_brand":[],"product_cat":[530,358],"product_tag":[326],"class_list":{"0":"post-23553","1":"product","2":"type-product","3":"status-publish","4":"has-post-thumbnail","6":"product_cat-1b-lsd","7":"product_cat-lysergamides","8":"product_tag-nl","10":"first","11":"instock","12":"taxable","13":"shipping-taxable","14":"purchasable","15":"product-type-variable"},"_links":{"self":[{"href":"https:\/\/researchchemicalstore.eu\/da\/wp-json\/wp\/v2\/product\/23553","targetHints":{"allow":["GET"]}}],"collection":[{"href":"https:\/\/researchchemicalstore.eu\/da\/wp-json\/wp\/v2\/product"}],"about":[{"href":"https:\/\/researchchemicalstore.eu\/da\/wp-json\/wp\/v2\/types\/product"}],"replies":[{"embeddable":true,"href":"https:\/\/researchchemicalstore.eu\/da\/wp-json\/wp\/v2\/comments?post=23553"}],"version-history":[{"count":2,"href":"https:\/\/researchchemicalstore.eu\/da\/wp-json\/wp\/v2\/product\/23553\/revisions"}],"predecessor-version":[{"id":26605,"href":"https:\/\/researchchemicalstore.eu\/da\/wp-json\/wp\/v2\/product\/23553\/revisions\/26605"}],"wp:featuredmedia":[{"embeddable":true,"href":"https:\/\/researchchemicalstore.eu\/da\/wp-json\/wp\/v2\/media\/28557"}],"wp:attachment":[{"href":"https:\/\/researchchemicalstore.eu\/da\/wp-json\/wp\/v2\/media?parent=23553"}],"wp:term":[{"taxonomy":"product_brand","embeddable":true,"href":"https:\/\/researchchemicalstore.eu\/da\/wp-json\/wp\/v2\/product_brand?post=23553"},{"taxonomy":"product_cat","embeddable":true,"href":"https:\/\/researchchemicalstore.eu\/da\/wp-json\/wp\/v2\/product_cat?post=23553"},{"taxonomy":"product_tag","embeddable":true,"href":"https:\/\/researchchemicalstore.eu\/da\/wp-json\/wp\/v2\/product_tag?post=23553"}],"curies":[{"name":"wp","href":"https:\/\/api.w.org\/{rel}","templated":true}]}}