{"id":24083,"date":"2025-04-13T17:41:00","date_gmt":"2025-04-13T17:41:00","guid":{"rendered":"https:\/\/researchchemicalstore.eu\/?post_type=product&#038;p=24083"},"modified":"2025-04-21T10:49:25","modified_gmt":"2025-04-21T10:49:25","slug":"digital-minivaegt","status":"publish","type":"product","link":"https:\/\/researchchemicalstore.eu\/da\/vare\/digital-minivaegt\/","title":{"rendered":"Professionel digital miniv\u00e6gt \u2013 50 g x 0,001 g"},"content":{"rendered":"<h1><strong>Digital miniv\u00e6gt 50g x 0,001g<\/strong><\/h1>\n<p>Pr\u00e6cision lige ved h\u00e5nden. Dette <strong>digital miniv\u00e6gt<\/strong> kombinerer ekstrem n\u00f8jagtighed med et kompakt design. Takket v\u00e6re et m\u00e5leomr\u00e5de p\u00e5 op til <strong>50 gram<\/strong> og en resolution af <strong>0,001 gram<\/strong>, dette er det ideelle v\u00e6rkt\u00f8j til applikationer, hvor pr\u00e6cision er afg\u00f8rende \u2013 fra laboratoriebrug til smykker, urter, kosttilskud eller forskningskemikalier.<a href=\"https:\/\/researchchemicalstore.eu\/da\/butik\/skalaer\/digital-cs-vaegt\/\">Digital CS-v\u00e6gt \u2013 100 g x 0,01 g<\/a><\/p>\n<hr \/>\n<h4><strong>Funktioner:<\/strong><\/h4>\n<ul>\n<li><strong>M\u00e5leomr\u00e5de:<\/strong> 0,001 g til 50 g<\/li>\n<li><strong>Vise:<\/strong> Oplyst LCD-display for tydelig afl\u00e6sning<\/li>\n<li><strong>Kalibrering:<\/strong> Manuel eller automatisk (v\u00e6gt ikke inkluderet)<\/li>\n<li><strong>Funktioner:<\/strong> Tara\/nul, automatisk slukning, forskellige vejeenheder (g, oz, ct, gn, dwt)<\/li>\n<li><strong>Str\u00f8mforsyning:<\/strong> Kr\u00e6ver AAA-batterier (normalt medf\u00f8lger)<\/li>\n<li><strong>Format:<\/strong> Kompakt og b\u00e6rbar \u2013 passer i din jakkelomme.<a href=\"https:\/\/researchchemicalstore.eu\/da\/butik\/skalaer\/digital-bio-minivaegt\/\">Digital Bio Miniv\u00e6gt \u2013 20 g x 0,001 g<\/a><\/li>\n<\/ul>\n<hr \/>\n<h4><strong>Fordele:<\/strong><\/h4>\n<p>\u2714 Meget velegnet til pr\u00e6cis vejning af sm\u00e5 m\u00e6ngder<br \/>\n\u2714 Velegnet til laboratorier, \u00e6delsten, pulver og finkornede stoffer<br \/>\n\u2714 Nem at bruge \u2013 tilslut og vej<br \/>\n\u2714 Inkluderer beskyttelsescover eller overtr\u00e6k (hvis relevant).<a href=\"https:\/\/researchchemicalstore.eu\/da\/butik\/skalaer\/digital-tank-minivaegt\/\">Digital tank miniv\u00e6gt \u2013 20 g x 0,001 g<\/a><\/p>\n<hr \/>\n<p>\ud83c\udfaf <strong>Perfekt til<\/strong>Laboratoriefolk, samlere, hobbyfolk, forskere og alle, der arbejder med pr\u00e6cise doseringer.<\/p>\n<p>&nbsp;<\/p>","protected":false},"excerpt":{"rendered":"<p><strong>Specifikationer:<\/strong><\/p>\n<ul>\n<li>Digitalt<\/li>\n<li>Vejer fra 0,001 g<\/li>\n<li>Vejer maks. 50 g<\/li>\n<li>Fungerer p\u00e5: 2x AAA-batterier<\/li>\n<li>LCD-sk\u00e6rm<\/li>\n<li>Farve: sort<\/li>\n<\/ul>","protected":false},"featured_media":21116,"comment_status":"closed","ping_status":"closed","template":"","meta":[],"product_brand":[],"product_cat":[451],"product_tag":[452,764,767,847,765,766,768],"class_list":{"0":"post-24083","1":"product","2":"type-product","3":"status-publish","4":"has-post-thumbnail","6":"product_cat-weegschalen","7":"product_tag-de","8":"product_tag-digitale-cs-weegschaal","9":"product_tag-digitale-microweegschaal","10":"product_tag-digitale-mini-weegschaal","11":"product_tag-milligramweegschaal","12":"product_tag-precise-weegschaal-0-001g","13":"product_tag-weegschaal-voor-research-chemicals","15":"first","16":"instock","17":"taxable","18":"shipping-taxable","19":"purchasable","20":"product-type-simple"},"_links":{"self":[{"href":"https:\/\/researchchemicalstore.eu\/da\/wp-json\/wp\/v2\/product\/24083","targetHints":{"allow":["GET"]}}],"collection":[{"href":"https:\/\/researchchemicalstore.eu\/da\/wp-json\/wp\/v2\/product"}],"about":[{"href":"https:\/\/researchchemicalstore.eu\/da\/wp-json\/wp\/v2\/types\/product"}],"replies":[{"embeddable":true,"href":"https:\/\/researchchemicalstore.eu\/da\/wp-json\/wp\/v2\/comments?post=24083"}],"version-history":[{"count":4,"href":"https:\/\/researchchemicalstore.eu\/da\/wp-json\/wp\/v2\/product\/24083\/revisions"}],"predecessor-version":[{"id":25971,"href":"https:\/\/researchchemicalstore.eu\/da\/wp-json\/wp\/v2\/product\/24083\/revisions\/25971"}],"wp:featuredmedia":[{"embeddable":true,"href":"https:\/\/researchchemicalstore.eu\/da\/wp-json\/wp\/v2\/media\/21116"}],"wp:attachment":[{"href":"https:\/\/researchchemicalstore.eu\/da\/wp-json\/wp\/v2\/media?parent=24083"}],"wp:term":[{"taxonomy":"product_brand","embeddable":true,"href":"https:\/\/researchchemicalstore.eu\/da\/wp-json\/wp\/v2\/product_brand?post=24083"},{"taxonomy":"product_cat","embeddable":true,"href":"https:\/\/researchchemicalstore.eu\/da\/wp-json\/wp\/v2\/product_cat?post=24083"},{"taxonomy":"product_tag","embeddable":true,"href":"https:\/\/researchchemicalstore.eu\/da\/wp-json\/wp\/v2\/product_tag?post=24083"}],"curies":[{"name":"wp","href":"https:\/\/api.w.org\/{rel}","templated":true}]}}