{"id":24084,"date":"2025-04-13T17:41:00","date_gmt":"2025-04-13T17:41:00","guid":{"rendered":"https:\/\/researchchemicalstore.eu\/?post_type=product&#038;p=24084"},"modified":"2025-10-22T10:05:58","modified_gmt":"2025-10-22T10:05:58","slug":"pagoklonpellets","status":"publish","type":"product","link":"https:\/\/researchchemicalstore.eu\/da\/vare\/pagoklonpellets\/","title":{"rendered":"Pagoclone 10 MG pellets"},"content":{"rendered":"<h1>Pagoclone Pellets 10 mg \u2013 Et p\u00e5lideligt forskningsstof til videnskabelig unders\u00f8gelse<\/h1>\n<p><strong>Pagoclone 10 mg pellets<\/strong> give forskere en pr\u00e6cist doseret forbindelse af h\u00f8j kvalitet til farmakologiske studier. Disse pellets er optimeret til videnskabelig forskning i angstd\u00e6mpende og beroligende egenskaber med en ensartet dosering af <strong>10 mg pr. enhed<\/strong> for reproducerbare resultater.<\/p>\n<h2>Hvad er Pagoclone?<\/h2>\n<p>Pagoklon tilh\u00f8rer den s\u00e5kaldte <strong>Z-l\u00e6gemidler<\/strong>, en klasse af forbindelser, der strukturelt er besl\u00e6gtet med benzodiazepiner, men med en unik virkningsmekanisme. Dens potentiale unders\u00f8ges <strong>angstd\u00e6mpende og beroligende virkninger<\/strong>, uden den st\u00e6rke beroligende virkning, som traditionelle benzodiazepiner ofte for\u00e5rsager.<\/p>\n<h2>Hvorfor v\u00e6lge Pagoclone 10 mg pellets?<\/h2>\n<ul>\n<li><strong>Pr\u00e6cis dosering<\/strong> \u2013 Hver pille indeholder pr\u00e6cis <strong>10 mg pagoklon<\/strong>, hvilket g\u00f8r volumetrisk dosering un\u00f8dvendig.<\/li>\n<li><strong>Kvalitet i farmaceutisk kvalitet<\/strong> \u2013 Fremstillet under strenge laboratorieforhold for optimal renhed.<\/li>\n<li><strong>Nem at bruge<\/strong> \u2013 Pelletformen muligg\u00f8r nem administration i dyrefors\u00f8g og andre forskningsmodeller.<\/li>\n<li><strong>Stabil sammens\u00e6tning<\/strong> \u2013 Let og luftt\u00e6t emballage garanterer lang holdbarhed.<\/li>\n<\/ul>\n<h2>Anvendelser inden for videnskabelig forskning<\/h2>\n<p>Pagoclone unders\u00f8ges for dets interaktion med <strong>GABA_A-receptorer<\/strong>, som kan v\u00e6re af interesse for forskning i:<\/p>\n<ul>\n<li>Angstmodulerende effekter<\/li>\n<li>S\u00f8vnrelaterede studier<\/li>\n<li>Sammenlignende farmakologi med benzodiazepiner<\/li>\n<\/ul>\n<h2>Sikker og ansvarlig brug<\/h2>\n<ul>\n<li><strong>Kun til forskningsform\u00e5l<\/strong> \u2013 Ikke beregnet til konsum af mennesker eller dyr.<\/li>\n<li><strong>Opbevares k\u00f8ligt og t\u00f8rt<\/strong> \u2013 Opbevares utilg\u00e6ngeligt for b\u00f8rn og uautoriserede personer.<\/li>\n<li><strong>F\u00f8lg altid protokoller for sikker laboratoriebrug<\/strong> \u2013 Brug passende beskyttelsesudstyr under h\u00e5ndtering.<\/li>\n<\/ul>\n<h2>Bestil nu for p\u00e5lidelige forskningsresultater<\/h2>\n<p>For forskere, der leder efter en <strong>ensartet og h\u00f8jkvalitets forskningsmateriale<\/strong>Disse Pagoclone 10 mg pellets tilbyder en ideel l\u00f8sning. Bestil i dag og udforsk det farmakologiske potentiale af denne unikke forbindelse!<\/p>\n<p><em>Bem\u00e6rk: Dette produkt er kun beregnet til lovligt tilladte forskningsform\u00e5l. Ikke egnet til konsum. Kontroller f\u00f8r k\u00f8b. <a href=\"http:\/\/google.nl\" target=\"_blank\" rel=\"noopener\">de<\/a> g\u00e6ldende love i din region.<\/em><\/p>\n<p><strong><a title=\"1V-LSD 150 MCG Blotters\" href=\"https:\/\/researchchemicalstore.eu\/da\/butik\/lysergamider\/1v-lsd-150-mcg-blotters\/\" target=\"_blank\" rel=\"noopener\">1V-LSD 150 MCG Blotters<\/a> <\/strong><a title=\"2-CMC 250 mg pellets\" href=\"https:\/\/researchchemicalstore.eu\/da\/butik\/katinoner\/kob-2-cm-2\/\" target=\"_blank\" rel=\"noopener\">2-CMC 250 mg pellets <\/a><a title=\"2C-EF 2 mg kapsler\" href=\"https:\/\/researchchemicalstore.eu\/da\/butik\/phenethylamin\/2c-ef-2mg-kapsler\/\" target=\"_blank\" rel=\"noopener\">2C-EF 2 mg kapsler<\/a><\/p>","protected":false},"excerpt":{"rendered":"<p>Pagoclone Pellets 10 mg \u2013 Et p\u00e5lideligt forskningsstof til videnskabelige unders\u00f8gelser. Pagoclone 10 mg pellets tilbyder forskere en pr\u00e6cist doseret og h\u00f8j kvalitet.<\/p>","protected":false},"featured_media":28840,"comment_status":"closed","ping_status":"closed","template":"","meta":[],"product_brand":[82],"product_cat":[336,367,484,324],"product_tag":[326,665],"class_list":{"0":"post-24084","1":"product","2":"type-product","3":"status-publish","4":"has-post-thumbnail","6":"product_brand-research-chemical","7":"product_cat-overig","8":"product_cat-pagoclone","9":"product_cat-pagoclone-pellets","10":"product_cat-pellets-for-pellet","11":"product_tag-nl","12":"product_tag-pagoclone","14":"first","15":"instock","16":"taxable","17":"shipping-taxable","18":"purchasable","19":"product-type-variable"},"_links":{"self":[{"href":"https:\/\/researchchemicalstore.eu\/da\/wp-json\/wp\/v2\/product\/24084","targetHints":{"allow":["GET"]}}],"collection":[{"href":"https:\/\/researchchemicalstore.eu\/da\/wp-json\/wp\/v2\/product"}],"about":[{"href":"https:\/\/researchchemicalstore.eu\/da\/wp-json\/wp\/v2\/types\/product"}],"replies":[{"embeddable":true,"href":"https:\/\/researchchemicalstore.eu\/da\/wp-json\/wp\/v2\/comments?post=24084"}],"version-history":[{"count":4,"href":"https:\/\/researchchemicalstore.eu\/da\/wp-json\/wp\/v2\/product\/24084\/revisions"}],"predecessor-version":[{"id":26432,"href":"https:\/\/researchchemicalstore.eu\/da\/wp-json\/wp\/v2\/product\/24084\/revisions\/26432"}],"wp:featuredmedia":[{"embeddable":true,"href":"https:\/\/researchchemicalstore.eu\/da\/wp-json\/wp\/v2\/media\/28840"}],"wp:attachment":[{"href":"https:\/\/researchchemicalstore.eu\/da\/wp-json\/wp\/v2\/media?parent=24084"}],"wp:term":[{"taxonomy":"product_brand","embeddable":true,"href":"https:\/\/researchchemicalstore.eu\/da\/wp-json\/wp\/v2\/product_brand?post=24084"},{"taxonomy":"product_cat","embeddable":true,"href":"https:\/\/researchchemicalstore.eu\/da\/wp-json\/wp\/v2\/product_cat?post=24084"},{"taxonomy":"product_tag","embeddable":true,"href":"https:\/\/researchchemicalstore.eu\/da\/wp-json\/wp\/v2\/product_tag?post=24084"}],"curies":[{"name":"wp","href":"https:\/\/api.w.org\/{rel}","templated":true}]}}