{"id":24101,"date":"2025-04-13T17:41:03","date_gmt":"2025-04-13T17:41:03","guid":{"rendered":"https:\/\/researchchemicalstore.eu\/?post_type=product&#038;p=24101"},"modified":"2025-10-22T09:55:42","modified_gmt":"2025-10-22T09:55:42","slug":"promal-metallylescaline-21-mg-pellets","status":"publish","type":"product","link":"https:\/\/researchchemicalstore.eu\/da\/vare\/promal-metallylescaline-21-mg-pellets\/","title":{"rendered":"Promal Metallylescaline 21 MG Pellets"},"content":{"rendered":"<div class=\"relative\">\n<div class=\"prose text-pretty dark:prose-invert inline leading-normal break-words min-w-0 [word-break:break-word]\">\n<h2 id=\"unieke-productbeschrijving-van-promal-methallylesc\" class=\"mb-2 mt-6 text-base font-[500] first:mt-0 md:text-lg dark:font-[475] [hr+&amp;]:mt-4\">Promal Metallylescaline 21 MG Pellets<\/h2>\n<p class=\"my-0\">Promal Metallylescaline (MAL) er en syntetisk psykedelisk forbindelse af phenethylaminklassen, strukturelt besl\u00e6gtet med meskalin. Hver pille indeholder en pr\u00e6cis dosis p\u00e5 21 mg Metallylescaline, pakket i en brugervenlig blisterpakning til forskningsbrug. Forbindelsen har den kemiske formel C\u2081\u2083H\u2081\u2089NO\u2083 og en molekylv\u00e6gt p\u00e5 237,30 g\/mol.<span class=\"whitespace-nowrap\">.<\/span> Det virker prim\u00e6rt som en agonist af serotoninreceptorer (is\u00e6r 5-HT\u2082\u2090), hvilket f\u00f8rer til \u00e6ndrede bevidsthedstilstande, sensorisk forbedring og visuelle hallucinationer.<span class=\"whitespace-nowrap\">.<\/span><\/p>\n<h2 class=\"mb-xs mt-5 text-base font-[500] first:mt-0 dark:font-[475]\">Applikationer<\/h2>\n<ul class=\"marker:text-textOff list-disc\">\n<li>\n<p class=\"my-0\"><strong>Videnskabelig forskning<\/strong>Studie af kognitive funktioner, perceptions\u00e6ndringer og terapeutisk potentiale (f.eks. for angst, depression eller PTSD)<span class=\"whitespace-nowrap\">.<\/span><\/p>\n<\/li>\n<li>\n<p class=\"my-0\"><strong>Sensoriske studier<\/strong>Forskning i visuelle\/auditive hallucinationer og synestesilignende effekter<span class=\"whitespace-nowrap\">.<\/span><\/p>\n<\/li>\n<li>\n<p class=\"my-0\"><strong>Farmakologisk analyse<\/strong>Mekanismeforskning via receptorinteraktioner (serotoninagonisme)<span class=\"whitespace-nowrap\">.<\/span><\/p>\n<\/li>\n<\/ul>\n<h2 class=\"mb-xs mt-5 text-base font-[500] first:mt-0 dark:font-[475]\">Ulemper og risici<\/h2>\n<ul class=\"marker:text-textOff list-disc\">\n<li>\n<p class=\"my-0\"><strong>Fysiske bivirkninger<\/strong>Kvalme, opkastning, \u00f8get hjertefrekvens og blodtryk<span class=\"whitespace-nowrap\">.<\/span><\/p>\n<\/li>\n<li>\n<p class=\"my-0\"><strong>Psykologiske effekter<\/strong>Angst, paranoia og f\u00f8lelsesm\u00e6ssig overstimulering, is\u00e6r ved h\u00f8je doser (&gt;60 mg)<span class=\"whitespace-nowrap\">.<\/span><\/p>\n<\/li>\n<li>\n<p class=\"my-0\"><strong>Sikkerhedsrisici<\/strong>Ikke egnet til konsum; streng laboratoriebrug p\u00e5kr\u00e6vet<span class=\"whitespace-nowrap\">.<\/span><\/p>\n<\/li>\n<\/ul>\n<h2 class=\"mb-xs mt-5 text-base font-[500] first:mt-0 dark:font-[475]\">Brugsanvisning<\/h2>\n<p class=\"my-0\"><strong>Dosering og protokol<\/strong>:<\/p>\n<ul class=\"marker:text-textOff list-disc\">\n<li>\n<p class=\"my-0\"><strong>T\u00e6rskel dosis<\/strong>10\u201320 mg<\/p>\n<\/li>\n<li>\n<p class=\"my-0\"><strong>Let dosis<\/strong>20\u201340 mg<\/p>\n<\/li>\n<li>\n<p class=\"my-0\"><strong>Standarddosis<\/strong>: 40\u201360 mg<\/p>\n<\/li>\n<li>\n<p class=\"my-0\"><strong>H\u00f8j dosis<\/strong>&gt;60 mg (kun for erfarne forskere)<span class=\"whitespace-nowrap\">.<\/span><br \/>\n<strong>Laboratorieretningslinjer<\/strong>:<\/p>\n<\/li>\n<\/ul>\n<ol class=\"marker:text-textOff list-decimal\">\n<li>\n<p class=\"my-0\">Brug pr\u00e6cisionsvejeudstyr og personlige v\u00e6rnemidler (handsker, sikkerhedsbriller)<span class=\"whitespace-nowrap\">.<\/span><\/p>\n<\/li>\n<li>\n<p class=\"my-0\">Udf\u00f8r eksperimenter i kontrollerede milj\u00f8er med ventilation og n\u00f8dprotokoller<span class=\"whitespace-nowrap\">.<\/span><\/p>\n<\/li>\n<li>\n<p class=\"my-0\">Start med lave doser og \u00f8g gradvist baseret p\u00e5 forskningsresultater<span class=\"whitespace-nowrap\">.<\/span><\/p>\n<\/li>\n<\/ol>\n<h2 class=\"mb-xs mt-5 text-base font-[500] first:mt-0 dark:font-[475]\">Ofte stillede sp\u00f8rgsm\u00e5l (FAQ)<\/h2>\n<p class=\"my-0\"><strong>1. Er dette produkt lovligt?<\/strong><br \/>\nPromal Metallylescaline er kun beregnet til videnskabelig forskning og er underlagt lokale regler for forskningskemikalier. Tjek altid regionale regler.<span class=\"whitespace-nowrap\">.<\/span><\/p>\n<p class=\"my-0\"><strong>2. Hvor l\u00e6nge varer virkningerne?<\/strong><br \/>\nEffekten varer 8-12 timer, l\u00e6ngere end traditionelle psykedelika<span class=\"whitespace-nowrap\">.<\/span><\/p>\n<p class=\"my-0\"><strong>3. Kan det bruges terapeutisk?<\/strong><br \/>\nForskning fokuserer p\u00e5 potentiale for mental sundhed, men kliniske anvendelser er ikke godkendt<span class=\"whitespace-nowrap\">.<\/span><\/p>\n<h2 class=\"mb-xs mt-5 text-base font-[500] first:mt-0 dark:font-[475]\">Laboratorierapport og anbefalede scenarier<\/h2>\n<p class=\"my-0\"><strong>Farmakologiske egenskaber (baseret p\u00e5 receptorstudier)<\/strong>:<\/p>\n<ul class=\"marker:text-textOff list-disc\">\n<li>\n<p class=\"my-0\"><strong>Receptorbindingsaffinitet<\/strong>H\u00f8j for 5-HT\u2082\u2090-receptorer (<span class=\"katex\"><span class=\"katex-mathml\">Ki&lt;50K_i &lt; 50<\/span><span class=\"katex-html\" aria-hidden=\"true\"><span class=\"base\"><span class=\"mord\"><span class=\"mord mathnormal\">K<\/span><span class=\"msupsub\"><span class=\"vlist-t vlist-t2\"><span class=\"vlist-r\"><span class=\"vlist\"><span class=\"sizing reset-size6 size3 mtight\"><span class=\"mord mathnormal mtight\">jeg<\/span><\/span><\/span><\/span><\/span><\/span><\/span><span class=\"mrel\">&lt;<\/span><\/span><span class=\"base\"><span class=\"mord\">50<\/span><\/span><\/span><\/span> nM), moderat for TAAR\u2081-receptorer (<span class=\"katex\"><span class=\"katex-mathml\">Ki=1.900\u20133.900K_i = 1.900\u20133.900<\/span><span class=\"katex-html\" aria-hidden=\"true\"><span class=\"base\"><span class=\"mord\"><span class=\"mord mathnormal\">K<\/span><span class=\"msupsub\"><span class=\"vlist-t vlist-t2\"><span class=\"vlist-r\"><span class=\"vlist\"><span class=\"sizing reset-size6 size3 mtight\"><span class=\"mord mathnormal mtight\">jeg<\/span><\/span><\/span><\/span><\/span><\/span><\/span><span class=\"mrel\">=<\/span><\/span><span class=\"base\"><span class=\"mord\">1.900\u20133.900<\/span><\/span><\/span><\/span> nM).<\/p>\n<\/li>\n<li>\n<p class=\"my-0\"><strong>Dokumenterede effekter<\/strong>:<\/p>\n<ul class=\"marker:text-textOff list-disc\">\n<li>\n<p class=\"my-0\">Visuelle forvr\u00e6ngninger og sensorisk forbedring ved 20-40 mg<span class=\"whitespace-nowrap\">.<\/span><\/p>\n<\/li>\n<li>\n<p class=\"my-0\">Ego-opl\u00f8sning og kognitive skift ved &gt;60 mg<span class=\"whitespace-nowrap\">.<\/span><\/p>\n<\/li>\n<\/ul>\n<\/li>\n<\/ul>\n<p class=\"my-0\"><strong>Anbefalede forskningsscenarier<\/strong>:<\/p>\n<ul class=\"marker:text-textOff list-disc\">\n<li>\n<p class=\"my-0\"><strong>Perceptionsstudier<\/strong>Doser p\u00e5 20-40 mg til sensorisk procesanalyse<span class=\"whitespace-nowrap\">.<\/span><\/p>\n<\/li>\n<li>\n<p class=\"my-0\"><strong>Terapeutisk udforskning<\/strong>Lave doser (10-20 mg) til forskning i hum\u00f8rmodulation<span class=\"whitespace-nowrap\">.<\/span><\/p>\n<\/li>\n<li>\n<p class=\"my-0\"><strong>Sammenlignende farmakologi<\/strong>Kombination med receptorantagonister for at isolere mekanismer<span class=\"whitespace-nowrap\">.<\/span><\/p>\n<\/li>\n<\/ul>\n<h2 class=\"mb-xs mt-5 text-base font-[500] first:mt-0 dark:font-[475]\">Oversigt<\/h2>\n<p class=\"my-0\">Promal Metallylescaline 21 MG Pellets tilbyder en standardiseret model til psykedelisk forskning med fokus p\u00e5 receptorinteraktioner og kognitive effekter. Risici som kardiovaskul\u00e6r stress og psykologiske bivirkninger kr\u00e6ver streng overholdelse af protokollen. Doseringen b\u00f8r skr\u00e6ddersys til forskningsm\u00e5lene, med lave doser egnede til indledende forskning og h\u00f8jere doser til avancerede studier.<span class=\"whitespace-nowrap\">.<\/span><\/p>\n<\/div>\n<\/div>","protected":false},"excerpt":{"rendered":"<p>Promal Metallylescaline 21 MG Pellets Promal Metallylescaline (MAL) er en syntetisk psykedelisk forbindelse af phenethylaminklassen, strukturelt besl\u00e6gtet med meskalin.<\/p>","protected":false},"featured_media":28846,"comment_status":"closed","ping_status":"closed","template":"","meta":[],"product_brand":[],"product_cat":[322,80,482,483,324,398],"product_tag":[326],"class_list":{"0":"post-24101","1":"product","2":"type-product","3":"status-publish","4":"has-post-thumbnail","6":"product_cat-bijna-verboden","7":"product_cat-fenethylamine","8":"product_cat-methallylescaline","9":"product_cat-methallylescaline-pellets","10":"product_cat-pellets-for-pellet","11":"product_cat-verkoop","12":"product_tag-nl","14":"first","15":"instock","16":"sale","17":"taxable","18":"shipping-taxable","19":"purchasable","20":"product-type-variable"},"_links":{"self":[{"href":"https:\/\/researchchemicalstore.eu\/da\/wp-json\/wp\/v2\/product\/24101","targetHints":{"allow":["GET"]}}],"collection":[{"href":"https:\/\/researchchemicalstore.eu\/da\/wp-json\/wp\/v2\/product"}],"about":[{"href":"https:\/\/researchchemicalstore.eu\/da\/wp-json\/wp\/v2\/types\/product"}],"replies":[{"embeddable":true,"href":"https:\/\/researchchemicalstore.eu\/da\/wp-json\/wp\/v2\/comments?post=24101"}],"version-history":[{"count":3,"href":"https:\/\/researchchemicalstore.eu\/da\/wp-json\/wp\/v2\/product\/24101\/revisions"}],"predecessor-version":[{"id":26516,"href":"https:\/\/researchchemicalstore.eu\/da\/wp-json\/wp\/v2\/product\/24101\/revisions\/26516"}],"wp:featuredmedia":[{"embeddable":true,"href":"https:\/\/researchchemicalstore.eu\/da\/wp-json\/wp\/v2\/media\/28846"}],"wp:attachment":[{"href":"https:\/\/researchchemicalstore.eu\/da\/wp-json\/wp\/v2\/media?parent=24101"}],"wp:term":[{"taxonomy":"product_brand","embeddable":true,"href":"https:\/\/researchchemicalstore.eu\/da\/wp-json\/wp\/v2\/product_brand?post=24101"},{"taxonomy":"product_cat","embeddable":true,"href":"https:\/\/researchchemicalstore.eu\/da\/wp-json\/wp\/v2\/product_cat?post=24101"},{"taxonomy":"product_tag","embeddable":true,"href":"https:\/\/researchchemicalstore.eu\/da\/wp-json\/wp\/v2\/product_tag?post=24101"}],"curies":[{"name":"wp","href":"https:\/\/api.w.org\/{rel}","templated":true}]}}