{"id":26118,"date":"2025-05-01T01:31:17","date_gmt":"2025-05-01T01:31:17","guid":{"rendered":"https:\/\/researchchemicalstore.eu\/?post_type=product&#038;p=26118"},"modified":"2025-10-18T14:17:54","modified_gmt":"2025-10-18T14:17:54","slug":"ibogafro","status":"publish","type":"product","link":"https:\/\/researchchemicalstore.eu\/da\/vare\/ibogafro\/","title":{"rendered":"Iboga fr\u00f8"},"content":{"rendered":"<h2>k\u00f8b ibogafr\u00f8<\/h2>\n<p>K\u00f8b Ibogafr\u00f8. Tabernanthe iboga er et medlem af Apocynaceae-familien, der er hjemmeh\u00f8rende i de v\u00e5de tropiske omr\u00e5der i det vestlige Centralafrika, prim\u00e6rt Congo og Gabon. Almindelige navne inkluderer Iboga, Eboka og Eboga. Tabernanthe er en lille sl\u00e6gt, der kun best\u00e5r af to arter, T<a href=\"https:\/\/caluanieoxidizeshop.com\" target=\"_blank\" rel=\"noopener\">.<\/a> iboga og T. elliptica (denne art har stikkende frugter, der ligner Datura spp.). Det er registreret, at de to arter kan krydsbest\u00f8ve hinanden for at producere en frugtbar hybrid (<em>Iboga og Ibogaine, Nico Dauphin<\/em>). ibogafr\u00f8, tabernanthe ibogafr\u00f8, iboga plantefr\u00f8, k\u00f8b ibogafr\u00f8<\/p>\n<p>Tabernanthe er tr\u00e6agtige planter, der er endemiske for fugtige tropiske skovunderskove. Tabernanthe-buske vokser generelt til en h\u00f8jde p\u00e5 fra en halv meter til to meter. Grene forekommer parvis, og to slanke, stilkformede blomsterstande viser sig parvis lige over forgreningspunkterne. Tabernanthe har ogs\u00e5 b\u00e6gerbladlignende h\u00f8jblade og i\u00f8jnefaldende bladarr. Som med mange andre medlemmer af Apocynaceae.<a href=\"https:\/\/caluanieoxidizeshop.com\/product\/caluanie-muelear-oxidize-for-sale\/\" target=\"_blank\" rel=\"noopener\">,<\/a> Tabernanthe er kendetegnet ved m\u00e6lkeagtig saft og forekomsten af mange nyttige alkaloider i bark, blade og rod (Iboga og Ibogaine, Nico Dauphin). <a href=\"https:\/\/researchchemicalstore.eu\/da\/butik\/top-10-research-chemicals\/caluanie-muelear-oxidere\/\">Caluanie Muelear Oxider<\/a><a href=\"https:\/\/researchchemicalstore.eu\/da\/butik\/skalaer\/digital-cs-vaegt\/\">Digital CS-v\u00e6gt \u2013 100 g x 0,01 g<\/a><a href=\"https:\/\/researchchemicalstore.eu\/da\/butik\/top-10-research-chemicals\/pyrazolams-virkning\/\">Pyrazolam 2,5 mg pellets<\/a><a href=\"https:\/\/researchchemicalstore.eu\/da\/butik\/skalaer\/digital-tank-minivaegt\/\">Digital tank miniv\u00e6gt \u2013 20 g x 0,001 g<\/a><a href=\"https:\/\/researchchemicalstore.eu\/da\/butik\/skalaer\/digital-bio-minivaegt\/\">Digital Bio Miniv\u00e6gt \u2013 20 g x 0,001 g<\/a><\/p>","protected":false},"excerpt":{"rendered":"<p>$1 pr. frugt, minimumsbestilling = 100 frugter<\/p>","protected":false},"featured_media":28801,"comment_status":"closed","ping_status":"closed","template":"","meta":[],"product_brand":[],"product_cat":[1085],"product_tag":[912,911,909,910],"class_list":{"0":"post-26118","1":"product","2":"type-product","3":"status-publish","4":"has-post-thumbnail","6":"product_cat-okategoriserad","7":"product_tag-buy-iboga-seeds","8":"product_tag-iboga-plant-seeds","9":"product_tag-iboga-seeds","10":"product_tag-tabernanthe-iboga-seeds","12":"first","13":"instock","14":"taxable","15":"shipping-taxable","16":"purchasable","17":"product-type-simple"},"_links":{"self":[{"href":"https:\/\/researchchemicalstore.eu\/da\/wp-json\/wp\/v2\/product\/26118","targetHints":{"allow":["GET"]}}],"collection":[{"href":"https:\/\/researchchemicalstore.eu\/da\/wp-json\/wp\/v2\/product"}],"about":[{"href":"https:\/\/researchchemicalstore.eu\/da\/wp-json\/wp\/v2\/types\/product"}],"replies":[{"embeddable":true,"href":"https:\/\/researchchemicalstore.eu\/da\/wp-json\/wp\/v2\/comments?post=26118"}],"version-history":[{"count":4,"href":"https:\/\/researchchemicalstore.eu\/da\/wp-json\/wp\/v2\/product\/26118\/revisions"}],"predecessor-version":[{"id":26155,"href":"https:\/\/researchchemicalstore.eu\/da\/wp-json\/wp\/v2\/product\/26118\/revisions\/26155"}],"wp:featuredmedia":[{"embeddable":true,"href":"https:\/\/researchchemicalstore.eu\/da\/wp-json\/wp\/v2\/media\/28801"}],"wp:attachment":[{"href":"https:\/\/researchchemicalstore.eu\/da\/wp-json\/wp\/v2\/media?parent=26118"}],"wp:term":[{"taxonomy":"product_brand","embeddable":true,"href":"https:\/\/researchchemicalstore.eu\/da\/wp-json\/wp\/v2\/product_brand?post=26118"},{"taxonomy":"product_cat","embeddable":true,"href":"https:\/\/researchchemicalstore.eu\/da\/wp-json\/wp\/v2\/product_cat?post=26118"},{"taxonomy":"product_tag","embeddable":true,"href":"https:\/\/researchchemicalstore.eu\/da\/wp-json\/wp\/v2\/product_tag?post=26118"}],"curies":[{"name":"wp","href":"https:\/\/api.w.org\/{rel}","templated":true}]}}