{"id":27458,"date":"2025-09-02T16:57:33","date_gmt":"2025-09-02T16:57:33","guid":{"rendered":"https:\/\/researchchemicalstore.eu\/?post_type=product&#038;p=27458"},"modified":"2025-10-18T14:04:54","modified_gmt":"2025-10-18T14:04:54","slug":"benzokainpulver-%e2%89%a599-0","status":"publish","type":"product","link":"https:\/\/researchchemicalstore.eu\/da\/vare\/benzokainpulver-%e2%89%a599-0\/","title":{"rendered":"Benzocainpulver \u226599,0%"},"content":{"rendered":"<p data-start=\"433\" data-end=\"736\">Os <strong data-start=\"437\" data-end=\"465\">Benzocainpulver \u226599,0%<\/strong> er et ultrarent r\u00e5materiale af h\u00f8j kvalitet, der i vid udstr\u00e6kning anvendes i farmaceutiske, kosmetiske og industrielle anvendelser. Takket v\u00e6re sin fremragende kvalitet og renhed opfylder dette produkt de strengeste standarder og er egnet til en bred vifte af form\u00e5l.<\/p>\n<p data-start=\"738\" data-end=\"768\"><strong data-start=\"738\" data-end=\"766\">N\u00f8glefunktioner:<\/strong><\/p>\n<ul data-start=\"769\" data-end=\"1018\">\n<li data-start=\"769\" data-end=\"791\">\n<p data-start=\"771\" data-end=\"791\">Renhed: \u226599,0%<\/p>\n<\/li>\n<li data-start=\"792\" data-end=\"829\">\n<p data-start=\"794\" data-end=\"829\">Form: Fint hvidt krystallinsk pulver<\/p>\n<\/li>\n<li data-start=\"830\" data-end=\"930\">\n<p data-start=\"832\" data-end=\"930\">Opl\u00f8selighed: Let opl\u00f8selig i alkohol og organiske opl\u00f8sningsmidler, tungtopl\u00f8selig i vand<\/p>\n<\/li>\n<li data-start=\"931\" data-end=\"954\">\n<p data-start=\"933\" data-end=\"954\">CAS-nummer: 94-09-7<\/p>\n<\/li>\n<li data-start=\"955\" data-end=\"984\">\n<p data-start=\"957\" data-end=\"984\">Molekylformel: C9H11NO2<\/p>\n<\/li>\n<li data-start=\"985\" data-end=\"1018\">\n<p data-start=\"987\" data-end=\"1018\">Molekylv\u00e6gt: 165,19 g\/mol<\/p>\n<\/li>\n<\/ul>\n<p data-start=\"1020\" data-end=\"1039\"><strong data-start=\"1020\" data-end=\"1037\">Anvendelser:<\/strong><\/p>\n<ul data-start=\"1040\" data-end=\"1298\">\n<li data-start=\"1040\" data-end=\"1132\">\n<p data-start=\"1042\" data-end=\"1132\">Farmaceutisk industri: bruges som lokalbed\u00f8velse i cremer, geler og sprayer<\/p>\n<\/li>\n<li data-start=\"1133\" data-end=\"1210\">\n<p data-start=\"1135\" data-end=\"1210\">Kosmetiksektoren: anvendes i produkter til midlertidig smertelindring<\/p>\n<\/li>\n<li data-start=\"1211\" data-end=\"1298\">\n<p data-start=\"1213\" data-end=\"1298\">Forskning og laboratorier: kan bruges til videnskabelige og analytiske form\u00e5l<\/p>\n<\/li>\n<\/ul>\n<p data-start=\"1300\" data-end=\"1462\"><strong data-start=\"1300\" data-end=\"1325\">Opbevaring og sikkerhed:<\/strong><br data-start=\"1325\" data-end=\"1328\" \/>Opbevar produktet k\u00f8ligt og t\u00f8rt, beskyttet mod direkte sollys og fugt. Kun egnet til professionel brug.<\/p>\n<h1 data-start=\"1469\" data-end=\"1533\"><strong data-start=\"1471\" data-end=\"1531\">Ofte stillede sp\u00f8rgsm\u00e5l (FAQ p\u00e5 hollandsk + engelsk forklaring)<\/strong><\/h1>\n<p data-start=\"1535\" data-end=\"1789\"><strong data-start=\"1535\" data-end=\"1567\">1. Hvad er benzokainpulver?<\/strong><br data-start=\"1567\" data-end=\"1570\" \/>Benzocain er et lokalbed\u00f8velsesmiddel, der ofte bruges til midlertidigt at reducere smerte eller irritation.<\/p>\n<p data-start=\"1791\" data-end=\"2058\"><strong data-start=\"1791\" data-end=\"1843\">2. Hvordan anvendes benzocainpulver normalt?<\/strong><br data-start=\"1843\" data-end=\"1846\" \/>Det bruges i cremer, geler, sprayer og nogle gange i medicinsk udstyr til at lindre smerter.<\/p>\n<p data-start=\"2060\" data-end=\"2360\"><strong data-start=\"2060\" data-end=\"2107\">3. Er dette produkt egnet til forbrug?<\/strong><br data-start=\"2107\" data-end=\"2110\" \/>Nej, dette produkt er kun beregnet til professionel og forskningsm\u00e6ssig brug. Det er ikke egnet til direkte forbrug.<\/p>\n<p data-start=\"2362\" data-end=\"2596\"><strong data-start=\"2362\" data-end=\"2407\">4. Hvordan skal jeg opbevare benzokainpulver?<\/strong><br data-start=\"2407\" data-end=\"2410\" \/>Opbevares k\u00f8ligt, t\u00f8rt og t\u00e6t lukket, utilg\u00e6ngeligt for b\u00f8rn og k\u00e6ledyr.<\/p>\n<p data-start=\"2598\" data-end=\"2816\"><strong data-start=\"2598\" data-end=\"2657\">5. Kan jeg bestille dette produkt i sm\u00e5 m\u00e6ngder?<\/strong><br data-start=\"2657\" data-end=\"2660\" \/>Ja, vi tilbyder fleksible ordrem\u00e6ngder afh\u00e6ngigt af dine behov.<\/p>\n<p data-start=\"2818\" data-end=\"3078\"><strong data-start=\"2818\" data-end=\"2866\">6. Hvad g\u00f8r dette produkt af h\u00f8j kvalitet?<\/strong><br data-start=\"2866\" data-end=\"2869\" \/>Renheden p\u00e5 \u226599.0% sikrer p\u00e5lidelighed og ensartet ydeevne i forskellige anvendelser.<\/p>","protected":false},"excerpt":{"rendered":"<p>Ons Benzoca\u00efne Poeder \u226599.0% is een ultrazuivere, hoogwaardige grondstof die veel wordt gebruikt in farmaceutische, cosmetische en industri\u00eble toepassingen. Dankzij<\/p>","protected":false},"featured_media":28738,"comment_status":"open","ping_status":"closed","template":"","meta":[],"product_brand":[],"product_cat":[1085],"product_tag":[],"class_list":{"0":"post-27458","1":"product","2":"type-product","3":"status-publish","4":"has-post-thumbnail","6":"product_cat-okategoriserad","8":"first","9":"instock","10":"taxable","11":"shipping-taxable","12":"purchasable","13":"product-type-variable"},"_links":{"self":[{"href":"https:\/\/researchchemicalstore.eu\/da\/wp-json\/wp\/v2\/product\/27458","targetHints":{"allow":["GET"]}}],"collection":[{"href":"https:\/\/researchchemicalstore.eu\/da\/wp-json\/wp\/v2\/product"}],"about":[{"href":"https:\/\/researchchemicalstore.eu\/da\/wp-json\/wp\/v2\/types\/product"}],"replies":[{"embeddable":true,"href":"https:\/\/researchchemicalstore.eu\/da\/wp-json\/wp\/v2\/comments?post=27458"}],"version-history":[{"count":2,"href":"https:\/\/researchchemicalstore.eu\/da\/wp-json\/wp\/v2\/product\/27458\/revisions"}],"predecessor-version":[{"id":27974,"href":"https:\/\/researchchemicalstore.eu\/da\/wp-json\/wp\/v2\/product\/27458\/revisions\/27974"}],"wp:featuredmedia":[{"embeddable":true,"href":"https:\/\/researchchemicalstore.eu\/da\/wp-json\/wp\/v2\/media\/28738"}],"wp:attachment":[{"href":"https:\/\/researchchemicalstore.eu\/da\/wp-json\/wp\/v2\/media?parent=27458"}],"wp:term":[{"taxonomy":"product_brand","embeddable":true,"href":"https:\/\/researchchemicalstore.eu\/da\/wp-json\/wp\/v2\/product_brand?post=27458"},{"taxonomy":"product_cat","embeddable":true,"href":"https:\/\/researchchemicalstore.eu\/da\/wp-json\/wp\/v2\/product_cat?post=27458"},{"taxonomy":"product_tag","embeddable":true,"href":"https:\/\/researchchemicalstore.eu\/da\/wp-json\/wp\/v2\/product_tag?post=27458"}],"curies":[{"name":"wp","href":"https:\/\/api.w.org\/{rel}","templated":true}]}}