{"id":23285,"date":"2025-04-13T17:39:30","date_gmt":"2025-04-13T17:39:30","guid":{"rendered":"https:\/\/researchchemicalstore.eu\/?post_type=product&#038;p=23285"},"modified":"2026-02-02T10:01:00","modified_gmt":"2026-02-02T10:01:00","slug":"1b-lsd-125-mcg-loschblatter","status":"publish","type":"product","link":"https:\/\/researchchemicalstore.eu\/de\/produkt\/1b-lsd-125-mcg-loschblatter\/","title":{"rendered":"1B-LSD 125 MCG Blotter"},"content":{"rendered":"<h1>1B-LSD 125 MCG Blotter \u2013 Pr\u00e4zise dosierte Forschungsmaterialien f\u00fcr wissenschaftliche Anwendungen<\/h1>\n<h2>Produkteigenschaften<\/h2>\n<p><strong>1B-LSD 125 MCG-Blotter<\/strong> bieten ein pr\u00e4zise dosiertes Medium f\u00fcr die pharmakologische und analytische wissenschaftliche Forschung. Jeder Blotter enth\u00e4lt <strong>125 Mikrogramm 1B-LSD<\/strong> (1-Butyryllysergs\u00e4urediethylamid), ein halbsynthetisches Lysergamid <a href=\"http:\/\/google.nl\" target=\"_blank\" rel=\"noopener\">von<\/a> einzigartige pharmakologische Eigenschaften.<a href=\"https:\/\/researchchemicalstore.eu\/de\/geschaft\/lysergamide\/1cp-lsd-150-mcg-kunstloscher\/\">1cP-LSD 150 MCG Art Blotters<\/a><\/p>\n<h2>Technische Spezifikationen<\/h2>\n<ul>\n<li><strong>Chemischer Name<\/strong>: 1-Butyryl-LSD<\/li>\n<li><strong>Summenformel<\/strong>: C24H31N3O2<\/li>\n<li><strong>Molekulargewicht<\/strong>: 393,53 g\/mol<\/li>\n<li><strong>Reinheit<\/strong>: \u226598% (HPLC-MS verifiziert)<\/li>\n<li><strong>Dosierung<\/strong>: 125 \u00b5g pro L\u00f6schblatt (\u00b15%)<\/li>\n<li><strong>L\u00f6schblattgr\u00f6\u00dfe<\/strong>: 5\u00d75 mm Absorptionspapier<\/li>\n<li><strong>L\u00f6slichkeit<\/strong>: Gut l\u00f6slich in Methanol und Ethanol<\/li>\n<\/ul>\n<h2>Qualit\u00e4tsgarantien<\/h2>\n<ul>\n<li>HPLC-Analyse zur Quantifizierung<\/li>\n<li>Massenspektrometrische Best\u00e4tigung der Identit\u00e4t<\/li>\n<li>Kontrolle der Chargengleichm\u00e4\u00dfigkeit<\/li>\n<li>Stabilit\u00e4tsuntersuchungen unter verschiedenen Bedingungen<\/li>\n<li>Mikrobiologisches Kontaminationsscreening<\/li>\n<\/ul>\n<h2>Wissenschaftliche Anwendungen<\/h2>\n<ul>\n<li>Serotoninerge Rezeptorforschung (5-HT2A)<\/li>\n<li>Pharmakokinetische Vergleichsstudien<\/li>\n<li>Metabolitenprofilforschung<\/li>\n<li>Studien zur Struktur-Aktivit\u00e4ts-Beziehung<\/li>\n<li>Analyse neuropharmakologischer Wirkmechanismen<\/li>\n<\/ul>\n<h2>Lagerbedingungen<\/h2>\n<ul>\n<li><strong>Langzeitlagerung<\/strong>: -20\u00b0C, lichtdichte Verpackung erforderlich<\/li>\n<li><strong>Kurzzeitlagerung<\/strong>: 2\u20138\u00b0C, bis zu 3 Monate<\/li>\n<li><strong>Luftfeuchtigkeit<\/strong>: &lt;40% relative Luftfeuchtigkeit<\/li>\n<li><strong>Lichtempfindlichkeit<\/strong>: Immer im Dunkeln lagern<\/li>\n<\/ul>\n<h2>Sicherheitsprotokolle<\/h2>\n<ul>\n<li>Vorgeschriebene Schutzausr\u00fcstung:\n<ul>\n<li>Laborkittel mit langen \u00c4rmeln<\/li>\n<li>Chemikalienbest\u00e4ndige Nitrilhandschuhe<\/li>\n<li>Schutzbrille mit Seitenschutz<\/li>\n<\/ul>\n<\/li>\n<li>Verwendung in Abzugshaubenumgebungen<\/li>\n<li>Zugangsbeschr\u00e4nkungen zu Forschungsbereichen<\/li>\n<li>Getrennte und gekennzeichnete Abfallentsorgung erforderlich.<a href=\"https:\/\/researchchemicalstore.eu\/de\/geschaft\/pellets\/o-dsmt-50-mg-pellets\/\">O-DSMT 50 mg Pellets<\/a><\/li>\n<\/ul>\n<h2>Verpackungsoptionen<\/h2>\n<h3>Standard-Forschungspaket<\/h3>\n<ul>\n<li>10 L\u00f6schbl\u00e4tter pro Blatt<\/li>\n<li>In doppelter Aluminiumfolie verpackt<\/li>\n<li>Inklusive Sauerstoffabsorber und Silicagel<\/li>\n<\/ul>\n<h3>Laborbedarfspaket<\/h3>\n<ul>\n<li>100 L\u00f6schbl\u00e4tter<\/li>\n<li>Verpackung mit Argongasatmosph\u00e4re<\/li>\n<li>Klimatisierter und versiegelter Transportbeh\u00e4lter<\/li>\n<\/ul>\n<h2>Analytische Dokumentation<\/h2>\n<p>Jede Lieferung enth\u00e4lt:<\/p>\n<ul>\n<li>Analysezertifikat<\/li>\n<li>HPLC- und MS-chromatographische Charakterisierung<\/li>\n<li>Chargenspezifische Stabilit\u00e4tsberichte<\/li>\n<li>Sicherheitsdatenblatt (Niederl\u00e4ndisch und Englisch)<\/li>\n<\/ul>\n<h2>Regulatorischer Rahmen<\/h2>\n<ul>\n<li>Nur zul\u00e4ssig f\u00fcr <strong>In-vitro-Forschungszwecke<\/strong><\/li>\n<li>Nicht f\u00fcr den menschlichen oder tierischen Verzehr bestimmt<\/li>\n<li>Nur f\u00fcr Institutionen mit g\u00fcltiger Genehmigung verf\u00fcgbar<\/li>\n<li>Der Rechtsstatus kann je nach Region unterschiedlich sein \u2013 \u00dcberpr\u00fcfung erforderlich<\/li>\n<\/ul>\n<h2>Bestell- und Versandinformationen<\/h2>\n<ul>\n<li><strong>Mindestbestellmenge<\/strong>: 1 Blatt (10 L\u00f6schbl\u00e4tter)<\/li>\n<li><strong>Transport<\/strong>: Temperaturgeregelt m\u00f6glich<\/li>\n<li><strong>Verpackung<\/strong>: Diskret und verschl\u00fcsselt, mit Track &amp; Trace<\/li>\n<li><strong>Dokumentation<\/strong>: Enth\u00e4lt Zoll- und Laborformulare f\u00fcr Forschungseinrichtungen<\/li>\n<\/ul>\n<h2>Haftungsausschl\u00fcsse<\/h2>\n<ol>\n<li>Nur f\u00fcr gesetzlich anerkannte wissenschaftliche Zwecke zul\u00e4ssig.<\/li>\n<li>Der K\u00e4ufer ist f\u00fcr die Einhaltung aller geltenden Gesetze und Vorschriften verantwortlich.<\/li>\n<li>F\u00fcr unsachgem\u00e4\u00dfe Verwendung oder Verst\u00f6\u00dfe haftet der Verk\u00e4ufer nicht.<\/li>\n<li>Die Lagerung und Handhabung muss gem\u00e4\u00df den geltenden Sicherheitsrichtlinien erfolgen.<a href=\"https:\/\/researchchemicalstore.eu\/de\/geschaft\/lysergamide\/1v-lsd-150-mcg-loschblatter\/\">1V-LSD 150 MCG Blotter<\/a><\/li>\n<\/ol>","protected":false},"excerpt":{"rendered":"<h3>1B-LSD-Eigenschaften<\/h3>\n<p><strong>Synonym:<\/strong> 1-Butanoyl-Lysergs\u00e4urediethylamid-Hemi-L-tartrat<br \/>\n<strong>CAS-Nummer:<\/strong> 2349376-12-9<br \/>\n<strong>Formel:<\/strong> (8\u03b2)-1-Butanoyl-N,N-diethyl-6-methyl-9,10-didehydroergolin-8-carboxamid-hemi-L-tartrat<br \/>\n<strong>Molmasse:<\/strong> 468,5 g\/mol<br \/>\n<strong>Reinheit:<\/strong> &gt;97%<\/p>\n<p><span style=\"color: #ff0000;\"><em><strong>\u00a0<\/strong><\/em><\/span><\/p>","protected":false},"featured_media":28556,"comment_status":"closed","ping_status":"closed","template":"","meta":[],"product_brand":[82],"product_cat":[530,358],"product_tag":[923,326],"class_list":{"0":"post-23285","1":"product","2":"type-product","3":"status-publish","4":"has-post-thumbnail","6":"product_brand-research-chemical","7":"product_cat-1b-lsd","8":"product_cat-lysergamides","9":"product_tag-1b-lsd","10":"product_tag-nl","12":"first","13":"instock","14":"taxable","15":"shipping-taxable","16":"purchasable","17":"product-type-variable"},"_links":{"self":[{"href":"https:\/\/researchchemicalstore.eu\/de\/wp-json\/wp\/v2\/product\/23285","targetHints":{"allow":["GET"]}}],"collection":[{"href":"https:\/\/researchchemicalstore.eu\/de\/wp-json\/wp\/v2\/product"}],"about":[{"href":"https:\/\/researchchemicalstore.eu\/de\/wp-json\/wp\/v2\/types\/product"}],"replies":[{"embeddable":true,"href":"https:\/\/researchchemicalstore.eu\/de\/wp-json\/wp\/v2\/comments?post=23285"}],"version-history":[{"count":4,"href":"https:\/\/researchchemicalstore.eu\/de\/wp-json\/wp\/v2\/product\/23285\/revisions"}],"predecessor-version":[{"id":26354,"href":"https:\/\/researchchemicalstore.eu\/de\/wp-json\/wp\/v2\/product\/23285\/revisions\/26354"}],"wp:featuredmedia":[{"embeddable":true,"href":"https:\/\/researchchemicalstore.eu\/de\/wp-json\/wp\/v2\/media\/28556"}],"wp:attachment":[{"href":"https:\/\/researchchemicalstore.eu\/de\/wp-json\/wp\/v2\/media?parent=23285"}],"wp:term":[{"taxonomy":"product_brand","embeddable":true,"href":"https:\/\/researchchemicalstore.eu\/de\/wp-json\/wp\/v2\/product_brand?post=23285"},{"taxonomy":"product_cat","embeddable":true,"href":"https:\/\/researchchemicalstore.eu\/de\/wp-json\/wp\/v2\/product_cat?post=23285"},{"taxonomy":"product_tag","embeddable":true,"href":"https:\/\/researchchemicalstore.eu\/de\/wp-json\/wp\/v2\/product_tag?post=23285"}],"curies":[{"name":"wp","href":"https:\/\/api.w.org\/{rel}","templated":true}]}}