{"id":23471,"date":"2025-04-13T17:39:49","date_gmt":"2025-04-13T17:39:49","guid":{"rendered":"https:\/\/researchchemicalstore.eu\/?post_type=product&#038;p=23471"},"modified":"2025-10-23T00:37:54","modified_gmt":"2025-10-23T00:37:54","slug":"4-ho-min-fumarat","status":"publish","type":"product","link":"https:\/\/researchchemicalstore.eu\/de\/produkt\/4-ho-min-fumarat\/","title":{"rendered":"4-HO-MiPT-Fumarat"},"content":{"rendered":"<h3><strong>4-HO-MiPT-Fumarat \u2013 Produktbeschreibung, Verwendung, Vorteile &amp; Nachteile &amp; FAQs<\/strong><\/h3>\n<h4><strong>Produktbeschreibung<\/strong><\/h4>\n<p class=\"ds-markdown-paragraph\">4-HO-MiPT (4-Hydroxy-N-methyl-N-isopropyltryptamin)-Fumarat ist eine Forschungschemikalie aus der Tryptamin-Familie, verwandt mit Verbindungen wie Psilocin und 4-HO-MET. Es ist bekannt f\u00fcr seine\u00a0<strong>einzigartige psychoaktive Eigenschaften<\/strong>\u00a0und wird ausschlie\u00dflich verkauft f\u00fcr\u00a0<strong>wissenschaftliche Zwecke<\/strong>.<\/p>\n<ul>\n<li>\n<p class=\"ds-markdown-paragraph\"><strong>Chemischer Name:<\/strong>\u00a04-Hydroxy-N-methyl-N-isopropyltryptaminfumarat<\/p>\n<\/li>\n<li>\n<p class=\"ds-markdown-paragraph\"><strong>Formel:<\/strong>\u00a0C\u2081\u2085H\u2082\u2082N\u2082O\u2082 C\u2084H\u2084O\u2084<\/p>\n<\/li>\n<li>\n<p class=\"ds-markdown-paragraph\"><strong>Molekularmasse:<\/strong>\u00a0352,38 g\/mol<\/p>\n<\/li>\n<li>\n<p class=\"ds-markdown-paragraph\"><strong>Reinheit:<\/strong>\u00a0\u226598% (verifiziert durch HPLC)<\/p>\n<\/li>\n<li>\n<p class=\"ds-markdown-paragraph\"><strong>Bilden:<\/strong>\u00a0Wei\u00dfes bis hellbeiges kristallines Pulver<\/p>\n<\/li>\n<li>\n<p class=\"ds-markdown-paragraph\"><strong>L\u00f6slichkeit:<\/strong>\u00a0L\u00f6slich in Wasser und Ethanol<\/p>\n<\/li>\n<\/ul>\n<hr \/>\n<h3><strong>Anwendungsf\u00e4lle (Forschungszwecke)<\/strong><\/h3>\n<p class=\"ds-markdown-paragraph\">4-HO-MiPT-Fumarat wird untersucht auf:<\/p>\n<ol start=\"1\">\n<li>\n<p class=\"ds-markdown-paragraph\"><strong>Psychedelische Wirkungen:<\/strong>\u00a0Untersuchung visueller und kognitiver Ver\u00e4nderungen in pr\u00e4klinischen Modellen.<\/p>\n<\/li>\n<li>\n<p class=\"ds-markdown-paragraph\"><strong>Rezeptorinteraktionen:<\/strong>\u00a0Forschung zur Bindung an Serotoninrezeptoren (insbesondere 5-HT\u2082A).<\/p>\n<\/li>\n<li>\n<p class=\"ds-markdown-paragraph\"><strong>Vergleichsstudien:<\/strong>\u00a0Analyse der Unterschiede zu Psilocin und anderen 4-substituierten Tryptaminen.<\/p>\n<\/li>\n<\/ol>\n<hr \/>\n<h3><strong>Empfohlene Dosierung (f\u00fcr Forschungszwecke)<\/strong><\/h3>\n<p class=\"ds-markdown-paragraph\"><em>Bitte beachten: Dieses Produkt ist nicht f\u00fcr den menschlichen Gebrauch bestimmt. Die Dosierungen basieren auf theoretischen Untersuchungen.<\/em><\/p>\n<ul>\n<li>\n<p class=\"ds-markdown-paragraph\"><strong>Niedrige Dosis:<\/strong>\u00a05\u201310 mg (milde sensorische Effekte)<\/p>\n<\/li>\n<li>\n<p class=\"ds-markdown-paragraph\"><strong>Durchschnittliche Dosis:<\/strong>\u00a010\u201320 mg (deutliche visuelle und kognitive Effekte)<\/p>\n<\/li>\n<li>\n<p class=\"ds-markdown-paragraph\"><strong>Hohe Dosis:<\/strong>\u00a020\u201330 mg (intensive psychedelische Wirkung, nur f\u00fcr erfahrene Forscher)<\/p>\n<\/li>\n<\/ul>\n<p class=\"ds-markdown-paragraph\"><strong>Art der Anwendung:<\/strong><\/p>\n<ul>\n<li>\n<p class=\"ds-markdown-paragraph\"><strong>Oral (in L\u00f6sung):<\/strong>\u00a0Verwenden Sie als L\u00f6sungsmittel demineralisiertes Wasser oder Ethanol.<\/p>\n<\/li>\n<li>\n<p class=\"ds-markdown-paragraph\"><strong>Intranasal (theoretisch):<\/strong>\u00a0Kann Schleimhautreizungen verursachen.<\/p>\n<\/li>\n<li>\n<p class=\"ds-markdown-paragraph\"><strong>Verdampfung (theoretisch):<\/strong>\u00a0M\u00f6glicherweise ist eine Konvertierung in eine freie Base erforderlich.<\/p>\n<\/li>\n<\/ul>\n<hr \/>\n<h3><strong>Nachteile &amp; Risiken<\/strong><\/h3>\n<ol start=\"1\">\n<li>\n<p class=\"ds-markdown-paragraph\"><strong>Psychedelische Intensit\u00e4t:<\/strong>\u00a0Kann starke visuelle und mentale Effekte verursachen.<\/p>\n<\/li>\n<li>\n<p class=\"ds-markdown-paragraph\"><strong>M\u00f6gliche Nebenwirkungen:<\/strong><\/p>\n<ul>\n<li>\n<p class=\"ds-markdown-paragraph\">\u00dcbelkeit (insbesondere bei oraler Einnahme)<\/p>\n<\/li>\n<li>\n<p class=\"ds-markdown-paragraph\">Leichte Tachykardie<\/p>\n<\/li>\n<li>\n<p class=\"ds-markdown-paragraph\">Psychische \u00dcberlastung bei h\u00f6heren Dosen<\/p>\n<\/li>\n<\/ul>\n<\/li>\n<li>\n<p class=\"ds-markdown-paragraph\"><strong>Begrenzte Toxizit\u00e4tsdaten:<\/strong>\u00a0\u00dcber die Langzeitwirkungen ist wenig bekannt.<\/p>\n<\/li>\n<li>\n<p class=\"ds-markdown-paragraph\"><strong>Rechtm\u00e4\u00dfigkeit:<\/strong>\u00a0In den Niederlanden f\u00e4llt es unter die\u00a0<strong>Opiumgesetz<\/strong>\u00a0und ist es\u00a0<strong>nicht f\u00fcr den Freizeitgebrauch zugelassen<\/strong>.<\/p>\n<\/li>\n<\/ol>\n<hr \/>\n<h3><strong>H\u00e4ufig gestellte Fragen (FAQs)<\/strong><\/h3>\n<p class=\"ds-markdown-paragraph\"><strong>1. Ist 4-HO-MiPT in den Niederlanden legal?<\/strong><\/p>\n<ul>\n<li>\n<p class=\"ds-markdown-paragraph\">Es f\u00e4llt unter die\u00a0<strong>Opiumgesetz<\/strong>\u00a0und ist nur zul\u00e4ssig f\u00fcr\u00a0<strong>wissenschaftliche Forschung<\/strong>.<\/p>\n<\/li>\n<\/ul>\n<p class=\"ds-markdown-paragraph\"><strong>2. Was sind die wichtigsten Effekte in der Forschung?<\/strong><\/p>\n<ul>\n<li>\n<p class=\"ds-markdown-paragraph\"><strong>Visuelle Effekte<\/strong>\u00a0Und\u00a0<strong>emotionale Vertiefung<\/strong>\u00a0werden h\u00e4ufig in pr\u00e4klinischen Modellen berichtet.<\/p>\n<\/li>\n<\/ul>\n<p class=\"ds-markdown-paragraph\"><strong>3. Kann ich einen Laborbericht (COA) erhalten?<\/strong><\/p>\n<ul>\n<li>\n<p class=\"ds-markdown-paragraph\">Ja, jede Charge enth\u00e4lt eine\u00a0<strong>Analysenzertifikat (HPLC\/GC-MS)<\/strong>.<\/p>\n<\/li>\n<\/ul>\n<p class=\"ds-markdown-paragraph\"><strong>4. Wie sollte ich dieses Produkt aufbewahren?<\/strong><\/p>\n<ul>\n<li>\n<p class=\"ds-markdown-paragraph\">Speichern in einem\u00a0<strong>luftdichte Verpackung<\/strong>,\u00a0<strong>k\u00fchl (unter 25\u00b0C)<\/strong>\u00a0Und\u00a0<strong>vor Licht gesch\u00fctzt<\/strong>.<\/p>\n<\/li>\n<\/ul>\n<p class=\"ds-markdown-paragraph\"><strong>5. Ist 4-HO-MiPT f\u00fcr Anf\u00e4nger in der Forschung geeignet?<\/strong><\/p>\n<ul>\n<li>\n<p class=\"ds-markdown-paragraph\"><strong>NEIN<\/strong>, wegen seiner Wirksamkeit wird es nur empfohlen f\u00fcr\u00a0<strong>erfahrene Forscher<\/strong>.<\/p>\n<\/li>\n<\/ul>\n<hr \/>\n<h3><strong>Abschluss<\/strong><\/h3>\n<p class=\"ds-markdown-paragraph\">4-HO-MiPT-Fumarat ist eine faszinierende Forschungschemikalie mit einem einzigartigen psychedelischen Profil. Aufgrund seiner starken Wirkung sollte es\u00a0<strong>nur unter kontrollierten Laborbedingungen<\/strong>\u00a0verwendet werden.<\/p>\n<p class=\"ds-markdown-paragraph\"><em>Haftungsausschluss: Dieses Produkt ist ausschlie\u00dflich f\u00fcr wissenschaftliche Forschungszwecke bestimmt und nicht f\u00fcr den menschlichen Verzehr bestimmt. Der K\u00e4ufer ist f\u00fcr die Einhaltung der \u00f6rtlichen Gesetze verantwortlich.<\/em><\/p>\n<hr \/>\n<p class=\"ds-markdown-paragraph\"><strong>Fragen?<\/strong>\u00a0F\u00fcr weitere Informationen zur sicheren Verwendung und zu Analysedaten wenden Sie sich bitte an unser wissenschaftliches Supportteam.<\/p>","protected":false},"excerpt":{"rendered":"<h3><span data-sheets-value=\"{\" data-sheets-userformat=\"{\"><span style=\"vertical-align: inherit;\"><span style=\"vertical-align: inherit;\">4-HO-MiPT-Fumarat-Eigenschaften<\/span><\/span><\/span><\/h3>\n<p><strong><span style=\"vertical-align: inherit;\"><span style=\"vertical-align: inherit;\">Synonym:<\/span><\/span><\/strong><span style=\"vertical-align: inherit;\"><span style=\"vertical-align: inherit;\"> 4-Hydroxy-N-methyl-N-isopropyltryptaminfumarat <\/span><\/span><br \/>\n<strong><span style=\"vertical-align: inherit;\"><span style=\"vertical-align: inherit;\">CAS-Nummer:<\/span><\/span><\/strong><span style=\"vertical-align: inherit;\"><span style=\"vertical-align: inherit;\"> 77872-43-6 <\/span><\/span><br \/>\n<strong><span style=\"vertical-align: inherit;\"><span style=\"vertical-align: inherit;\">Formel:<\/span><\/span><\/strong><span style=\"vertical-align: inherit;\"><span style=\"vertical-align: inherit;\"> 3-[2-(Isopropyl(methyl)amino)ethyl]-1H-indol-4-olfumarat <\/span><\/span><br \/>\n<strong><span style=\"vertical-align: inherit;\"><span style=\"vertical-align: inherit;\">Molmasse:<\/span><\/span><\/strong><span style=\"vertical-align: inherit;\"><span style=\"vertical-align: inherit;\"> 348,4 g\/mol <\/span><\/span><br \/>\n<strong><span style=\"vertical-align: inherit;\"><span style=\"vertical-align: inherit;\">Reinheit:<\/span><\/span><\/strong><span style=\"vertical-align: inherit;\"><span style=\"vertical-align: inherit;\"> &gt;97%<\/span><\/span><\/p>","protected":false},"featured_media":28707,"comment_status":"closed","ping_status":"closed","template":"","meta":[],"product_brand":[],"product_cat":[505,381],"product_tag":[326],"class_list":{"0":"post-23471","1":"product","2":"type-product","3":"status-publish","4":"has-post-thumbnail","6":"product_cat-4-ho-mipt","7":"product_cat-tryptamines","8":"product_tag-nl","10":"first","11":"instock","12":"taxable","13":"shipping-taxable","14":"purchasable","15":"product-type-variable"},"_links":{"self":[{"href":"https:\/\/researchchemicalstore.eu\/de\/wp-json\/wp\/v2\/product\/23471","targetHints":{"allow":["GET"]}}],"collection":[{"href":"https:\/\/researchchemicalstore.eu\/de\/wp-json\/wp\/v2\/product"}],"about":[{"href":"https:\/\/researchchemicalstore.eu\/de\/wp-json\/wp\/v2\/types\/product"}],"replies":[{"embeddable":true,"href":"https:\/\/researchchemicalstore.eu\/de\/wp-json\/wp\/v2\/comments?post=23471"}],"version-history":[{"count":3,"href":"https:\/\/researchchemicalstore.eu\/de\/wp-json\/wp\/v2\/product\/23471\/revisions"}],"predecessor-version":[{"id":28947,"href":"https:\/\/researchchemicalstore.eu\/de\/wp-json\/wp\/v2\/product\/23471\/revisions\/28947"}],"wp:featuredmedia":[{"embeddable":true,"href":"https:\/\/researchchemicalstore.eu\/de\/wp-json\/wp\/v2\/media\/28707"}],"wp:attachment":[{"href":"https:\/\/researchchemicalstore.eu\/de\/wp-json\/wp\/v2\/media?parent=23471"}],"wp:term":[{"taxonomy":"product_brand","embeddable":true,"href":"https:\/\/researchchemicalstore.eu\/de\/wp-json\/wp\/v2\/product_brand?post=23471"},{"taxonomy":"product_cat","embeddable":true,"href":"https:\/\/researchchemicalstore.eu\/de\/wp-json\/wp\/v2\/product_cat?post=23471"},{"taxonomy":"product_tag","embeddable":true,"href":"https:\/\/researchchemicalstore.eu\/de\/wp-json\/wp\/v2\/product_tag?post=23471"}],"curies":[{"name":"wp","href":"https:\/\/api.w.org\/{rel}","templated":true}]}}