{"id":23509,"date":"2025-04-13T17:39:53","date_gmt":"2025-04-13T17:39:53","guid":{"rendered":"https:\/\/researchchemicalstore.eu\/?post_type=product&#038;p=23509"},"modified":"2025-10-22T17:06:25","modified_gmt":"2025-10-22T17:06:25","slug":"5-meo-mit-fumarat","status":"publish","type":"product","link":"https:\/\/researchchemicalstore.eu\/de\/produkt\/5-meo-mit-fumarat\/","title":{"rendered":"5-MeO-MET-Fumarat"},"content":{"rendered":"<h3><strong>5-MeO-MET-Fumarat \u2013 Produktbeschreibung, Verwendung, Vorteile &amp; Nachteile &amp; FAQs<\/strong><\/h3>\n<h4><strong>Produktbeschreibung<\/strong><\/h4>\n<p class=\"ds-markdown-paragraph\">5-MeO-MET (5-Methoxy-N-methyl-N-ethyltryptamin)-Fumarat ist eine Forschungschemikalie aus der Klasse der Tryptamine. Es ist ein Analogon von 5-MeO-DMT und MET und verf\u00fcgt \u00fcber einzigartige psychoaktive Eigenschaften, die es f\u00fcr die wissenschaftliche Forschung interessant machen. Dieses Produkt wird nur zu Forschungszwecken verkauft und ist\u00a0<strong>nicht f\u00fcr den menschlichen Verzehr bestimmt<\/strong>.<\/p>\n<ul>\n<li>\n<p class=\"ds-markdown-paragraph\"><strong>Chemischer Name:<\/strong>\u00a05-Methoxy-N-methyl-N-ethyltryptaminfumarat<\/p>\n<\/li>\n<li>\n<p class=\"ds-markdown-paragraph\"><strong>Formel:<\/strong>\u00a0C\u2081\u2084H\u2082\u2080N\u2082O\u2082 \u00b7 C\u2084H\u2084O\u2084<\/p>\n<\/li>\n<li>\n<p class=\"ds-markdown-paragraph\"><strong>Molekularmasse:<\/strong>\u00a0332,36 g\/mol<\/p>\n<\/li>\n<li>\n<p class=\"ds-markdown-paragraph\"><strong>Reinheit:<\/strong>\u00a0\u226598% (verifiziert durch HPLC)<\/p>\n<\/li>\n<li>\n<p class=\"ds-markdown-paragraph\"><strong>Bilden:<\/strong>\u00a0Wei\u00dfes bis helles kristallines Pulver<\/p>\n<\/li>\n<li>\n<p class=\"ds-markdown-paragraph\"><strong>L\u00f6slichkeit:<\/strong>\u00a0L\u00f6slich in Wasser und Alkohol<\/p>\n<\/li>\n<\/ul>\n<hr \/>\n<h3><strong>Anwendungsf\u00e4lle (Forschungszwecke)<\/strong><\/h3>\n<p class=\"ds-markdown-paragraph\">5-MeO-MET-Fumarat wird in wissenschaftlichen Umgebungen untersucht f\u00fcr:<\/p>\n<ol start=\"1\">\n<li>\n<p class=\"ds-markdown-paragraph\"><strong>Psychoaktive Wirkungen:<\/strong>\u00a0Untersuchung serotonerger Wechselwirkungen und m\u00f6glicher halluzinogener Eigenschaften.<\/p>\n<\/li>\n<li>\n<p class=\"ds-markdown-paragraph\"><strong>Neuropharmakologie:<\/strong>\u00a0Forschung zu Rezeptoraffinit\u00e4ten (haupts\u00e4chlich 5-HT\u2082A).<\/p>\n<\/li>\n<li>\n<p class=\"ds-markdown-paragraph\"><strong>Vergleichsstudien:<\/strong>\u00a0Analyse der Unterschiede zu verwandten Substanzen wie 5-MeO-DMT und 4-HO-MET.<\/p>\n<\/li>\n<\/ol>\n<hr \/>\n<h3><strong>Empfohlene Dosierung (f\u00fcr Forschungszwecke)<\/strong><\/h3>\n<p class=\"ds-markdown-paragraph\"><em>Bitte beachten: Dieses Produkt ist nicht f\u00fcr den menschlichen Gebrauch bestimmt. Die Dosierungen basieren auf theoretischen Untersuchungen.<\/em><\/p>\n<ul>\n<li>\n<p class=\"ds-markdown-paragraph\"><strong>Niedrige Dosis:<\/strong>\u00a05\u201310 mg (milde Wirkungen in pr\u00e4klinischen Modellen)<\/p>\n<\/li>\n<li>\n<p class=\"ds-markdown-paragraph\"><strong>Durchschnittliche Dosis:<\/strong>\u00a010\u201320 mg (intensivere Wirkung)<\/p>\n<\/li>\n<li>\n<p class=\"ds-markdown-paragraph\"><strong>Hohe Dosis:<\/strong>\u00a020\u201330 mg (st\u00e4rkere Reaktionen, nur f\u00fcr erfahrene Forscher)<\/p>\n<\/li>\n<\/ul>\n<p class=\"ds-markdown-paragraph\"><strong>Art der Anwendung:<\/strong><\/p>\n<ul>\n<li>\n<p class=\"ds-markdown-paragraph\"><strong>Oral (in L\u00f6sung):<\/strong>\u00a0Verwenden Sie destilliertes Wasser oder ein geeignetes L\u00f6sungsmittel.<\/p>\n<\/li>\n<li>\n<p class=\"ds-markdown-paragraph\"><strong>Verdampfung (theoretisch):<\/strong>\u00a0F\u00fcr Verdunstungstests kann eine weitere Reinigung erforderlich sein.<\/p>\n<\/li>\n<li>\n<p class=\"ds-markdown-paragraph\"><strong>Intranasale Anwendung (theoretisch):<\/strong>\u00a0Muss zuerst in eine freie Base umgewandelt werden.<\/p>\n<\/li>\n<\/ul>\n<hr \/>\n<h3><strong>Nachteile &amp; Risiken<\/strong><\/h3>\n<ol start=\"1\">\n<li>\n<p class=\"ds-markdown-paragraph\"><strong>Unvorhersehbare Auswirkungen:<\/strong>\u00a0Kann bei Forschungsmodellen zu erheblichen visuellen und sensorischen Ver\u00e4nderungen f\u00fchren.<\/p>\n<\/li>\n<li>\n<p class=\"ds-markdown-paragraph\"><strong>M\u00f6gliche Nebenwirkungen:<\/strong><\/p>\n<ul>\n<li>\n<p class=\"ds-markdown-paragraph\">\u00dcbelkeit (in einigen pr\u00e4klinischen Beobachtungen)<\/p>\n<\/li>\n<li>\n<p class=\"ds-markdown-paragraph\">Erh\u00f6hte Herzfrequenz<\/p>\n<\/li>\n<li>\n<p class=\"ds-markdown-paragraph\">\u00c4ngstliche Reaktionen<\/p>\n<\/li>\n<\/ul>\n<\/li>\n<li>\n<p class=\"ds-markdown-paragraph\"><strong>Fehlende Langzeitstudien:<\/strong>\u00a0\u00dcber chronische Exposition ist wenig bekannt.<\/p>\n<\/li>\n<li>\n<p class=\"ds-markdown-paragraph\"><strong>Rechtm\u00e4\u00dfigkeit:<\/strong>\u00a0\u00dcberpr\u00fcfen Sie die \u00f6rtlichen Gesetze \u2013 in vielen L\u00e4ndern handelt es sich hierbei um eine verbotene Forschungschemikalie.<\/p>\n<\/li>\n<\/ol>\n<hr \/>\n<h3><strong>H\u00e4ufig gestellte Fragen (FAQs)<\/strong><\/h3>\n<p class=\"ds-markdown-paragraph\"><strong>1. Ist 5-MeO-MET in den Niederlanden legal?<\/strong><\/p>\n<ul>\n<li>\n<p class=\"ds-markdown-paragraph\">Dieses Produkt ist ausschlie\u00dflich f\u00fcr Forschungszwecke bestimmt und f\u00e4llt unter die\u00a0<strong>Opiumgesetz<\/strong>. Es ist nicht f\u00fcr die Anwendung am Menschen zugelassen.<\/p>\n<\/li>\n<\/ul>\n<p class=\"ds-markdown-paragraph\"><strong>2. Was ist der Unterschied zwischen 5-MeO-MET und 4-HO-MET?<\/strong><\/p>\n<ul>\n<li>\n<p class=\"ds-markdown-paragraph\">5-MeO-MET hat eine Methoxygruppe an Position 5 des Tryptaminkerns, was ihm ein anderes pharmakologisches Profil verleiht als 4-HO-MET (Hydroxygruppe an Position 4).<\/p>\n<\/li>\n<\/ul>\n<p class=\"ds-markdown-paragraph\"><strong>3. Kann ich einen Laborbericht anfordern?<\/strong><\/p>\n<ul>\n<li>\n<p class=\"ds-markdown-paragraph\">Ja, mit jeder Charge ein\u00a0<strong>COA (Analysezertifikat)<\/strong>\u00a0in den HPLC- und GC\/MS-Ergebnissen enthalten.<\/p>\n<\/li>\n<\/ul>\n<p class=\"ds-markdown-paragraph\"><strong>4. Wie sollte ich dieses Produkt aufbewahren?<\/strong><\/p>\n<ul>\n<li>\n<p class=\"ds-markdown-paragraph\">Speichern in einem\u00a0<strong>luftdichte Verpackung<\/strong>, vor Licht und Feuchtigkeit gesch\u00fctzt, bei Temperaturen unter 25 \u00b0C.<\/p>\n<\/li>\n<\/ul>\n<p class=\"ds-markdown-paragraph\"><strong>5. Ist 5-MeO-MET f\u00fcr Anf\u00e4nger geeignet?<\/strong><\/p>\n<ul>\n<li>\n<p class=\"ds-markdown-paragraph\"><strong>NEIN<\/strong>, Aufgrund seiner Wirksamkeit und Unberechenbarkeit wird es nur erfahrenen Forschern empfohlen.<\/p>\n<\/li>\n<\/ul>\n<hr \/>\n<h3><strong>Abschluss<\/strong><\/h3>\n<p class=\"ds-markdown-paragraph\">5-MeO-MET-Fumarat ist eine faszinierende Forschungschemikalie mit einzigartigen Eigenschaften innerhalb der Tryptamin-Familie. Aufgrund seiner starken Wirkung und potenziellen Risiken sollte es vermieden werden.\u00a0<strong>nur unter kontrollierten Laborbedingungen<\/strong>\u00a0verwendet werden.<\/p>\n<p class=\"ds-markdown-paragraph\"><em>Haftungsausschluss: Dieses Produkt ist nicht f\u00fcr den menschlichen Verzehr bestimmt und dient ausschlie\u00dflich der wissenschaftlichen Forschung. Der K\u00e4ufer best\u00e4tigt, dass er die \u00f6rtlichen Vorschriften kennt und \u00fcbernimmt die volle Verantwortung f\u00fcr die Verwendung.<\/em><\/p>\n<hr \/>\n<p class=\"ds-markdown-paragraph\"><strong>Fragen?<\/strong>\u00a0F\u00fcr weitere Einzelheiten zur sicheren Verwendung und zu den Analysedaten wenden Sie sich bitte an unser wissenschaftliches Supportteam.<\/p>","protected":false},"excerpt":{"rendered":"<h3><span data-sheets-value=\"{\" data-sheets-userformat=\"{\">5-MeO-MET-Fumarat-Eigenschaften<\/span><\/h3>\n<p><strong><span style=\"vertical-align: inherit;\"><span style=\"vertical-align: inherit;\">Synonym:<\/span><\/span><\/strong><span style=\"vertical-align: inherit;\"><span style=\"vertical-align: inherit;\"> 5-Methoxy-N-methyl-N-ethyltryptaminfumarat <\/span><\/span><br \/>\n<strong><span style=\"vertical-align: inherit;\"><span style=\"vertical-align: inherit;\">CAS-Nummer:<\/span><\/span><\/strong><span style=\"vertical-align: inherit;\"><span style=\"vertical-align: inherit;\"> nach <\/span><\/span><br \/>\n<strong><span style=\"vertical-align: inherit;\"><span style=\"vertical-align: inherit;\">Formel:<\/span><\/span><\/strong><span style=\"vertical-align: inherit;\"><span style=\"vertical-align: inherit;\"> 3-[2-(Ethylmethylamino)ethyl]-5-methoxyindolfumarat <\/span><\/span><br \/>\n<strong><span style=\"vertical-align: inherit;\"><span style=\"vertical-align: inherit;\">Molmasse:<\/span><\/span><\/strong><span style=\"vertical-align: inherit;\"><span style=\"vertical-align: inherit;\"> 348,4 g\/mol <\/span><\/span><br \/>\n<strong><span style=\"vertical-align: inherit;\"><span style=\"vertical-align: inherit;\">Reinheit:<\/span><\/span><\/strong><span style=\"vertical-align: inherit;\"><span style=\"vertical-align: inherit;\"> &gt;97%<\/span><\/span><\/p>","protected":false},"featured_media":28721,"comment_status":"closed","ping_status":"closed","template":"","meta":[],"product_brand":[],"product_cat":[545,381],"product_tag":[326],"class_list":{"0":"post-23509","1":"product","2":"type-product","3":"status-publish","4":"has-post-thumbnail","6":"product_cat-5-meo-met","7":"product_cat-tryptamines","8":"product_tag-nl","10":"first","11":"instock","12":"taxable","13":"shipping-taxable","14":"purchasable","15":"product-type-variable"},"_links":{"self":[{"href":"https:\/\/researchchemicalstore.eu\/de\/wp-json\/wp\/v2\/product\/23509","targetHints":{"allow":["GET"]}}],"collection":[{"href":"https:\/\/researchchemicalstore.eu\/de\/wp-json\/wp\/v2\/product"}],"about":[{"href":"https:\/\/researchchemicalstore.eu\/de\/wp-json\/wp\/v2\/types\/product"}],"replies":[{"embeddable":true,"href":"https:\/\/researchchemicalstore.eu\/de\/wp-json\/wp\/v2\/comments?post=23509"}],"version-history":[{"count":3,"href":"https:\/\/researchchemicalstore.eu\/de\/wp-json\/wp\/v2\/product\/23509\/revisions"}],"predecessor-version":[{"id":26616,"href":"https:\/\/researchchemicalstore.eu\/de\/wp-json\/wp\/v2\/product\/23509\/revisions\/26616"}],"wp:featuredmedia":[{"embeddable":true,"href":"https:\/\/researchchemicalstore.eu\/de\/wp-json\/wp\/v2\/media\/28721"}],"wp:attachment":[{"href":"https:\/\/researchchemicalstore.eu\/de\/wp-json\/wp\/v2\/media?parent=23509"}],"wp:term":[{"taxonomy":"product_brand","embeddable":true,"href":"https:\/\/researchchemicalstore.eu\/de\/wp-json\/wp\/v2\/product_brand?post=23509"},{"taxonomy":"product_cat","embeddable":true,"href":"https:\/\/researchchemicalstore.eu\/de\/wp-json\/wp\/v2\/product_cat?post=23509"},{"taxonomy":"product_tag","embeddable":true,"href":"https:\/\/researchchemicalstore.eu\/de\/wp-json\/wp\/v2\/product_tag?post=23509"}],"curies":[{"name":"wp","href":"https:\/\/api.w.org\/{rel}","templated":true}]}}