{"id":23975,"date":"2025-04-13T17:40:48","date_gmt":"2025-04-13T17:40:48","guid":{"rendered":"https:\/\/researchchemicalstore.eu\/?post_type=product&#038;p=23975"},"modified":"2025-10-22T11:04:38","modified_gmt":"2025-10-22T11:04:38","slug":"2-mmc-pellets","status":"publish","type":"product","link":"https:\/\/researchchemicalstore.eu\/de\/produkt\/2-mmc-pellets\/","title":{"rendered":"2-MMC 220 mg Pellets"},"content":{"rendered":"<h2><strong>2-MMC <\/strong><strong>Pellets, <\/strong><strong>220 mg Pellets<\/strong><\/h2>\n<p>Diese Pellets enthalten jeweils 220 MG 2-MMC.<\/p>\n<p>Bei 2-MMC-Pellets handelt es sich um eine Substanz, die wir ausschlie\u00dflich zu Forschungszwecken vertreiben und die daher nicht zum Verzehr bestimmt ist. 2-MMC kann bei Lagerung in der richtigen Umgebung bis zu 2 Jahre lang erforscht werden.<a title=\"MEAI\" href=\"https:\/\/researchchemicalstore.eu\/de\/geschaft\/andere\/meai\/\" target=\"_blank\" rel=\"noopener\">MEAI<\/a><\/p>\n<p>Da 2-MMC nur f\u00fcr Forschungszwecke und nicht zum Verzehr bestimmt ist, ist es wichtig, dass 2-MMC au\u00dferhalb der Reichweite von Kindern und Haustieren aufbewahrt wird.<a title=\"6-CL-ADBA\" href=\"https:\/\/researchchemicalstore.eu\/de\/geschaft\/fast-verboten\/6-cl-adba\/\" target=\"_blank\" rel=\"noopener\">6-CL-ADBA<\/a><\/p>\n<p>Wir bieten Forschungschemikalien guter Qualit\u00e4t zu einem fairen Preis. Ihre Bestellung wird t\u00e4glich innerhalb von 24 Stunden versendet. Bestellen Sie deshalb 2-MMC sicher und schnell.<a title=\"2C-EF 2 mg Kapseln\" href=\"https:\/\/researchchemicalstore.eu\/de\/geschaft\/phenethylamin\/2c-ef-2-mg-kapseln\/\" target=\"_blank\" rel=\"noopener\">2C-EF 2 mg Kapseln<\/a><\/p>\n<h2>2-MMC-Eigenschaften<\/h2>\n<p><strong>CAS-Nummer<\/strong>: 1246911-71-6<br \/>\n<strong>Formel<\/strong>: C11h15NO \u2022 HCL<br \/>\n<strong>Molmasse<\/strong>: 177.247<br \/>\n<strong>Reinheit<\/strong>: \u226599%<\/p>\n<h3>Gefahrenhinweis<\/h3>\n<p>2-MMC kann Atemwegsreizungen verursachen<br \/>\n2-MMC kann Augenreizungen verursachen.<br \/>\nDas Einleiten von Forschungschemikalien in die Umwelt ist verboten.<a title=\"6-CL-ADBA\" href=\"https:\/\/researchchemicalstore.eu\/de\/geschaft\/fast-verboten\/6-cl-adba\/\" target=\"_blank\" rel=\"noopener\">6-CL-ADBA<\/a><\/p>\n<p>2-MMC BEI KONTAKT MIT DEN AUGEN: Augen f\u00fcnf Minuten lang behutsam mit Wasser sp\u00fclen. Kontaktlinsen nach M\u00f6glichkeit entfernen.<\/p>\n<p>2-MMC BEI KONTAKT MIT DER HAUT: Haut mit Wasser und Seife waschen.<\/p>\n<p>NACH INHALATION VON 2-MMC: Bringen Sie das Opfer <a href=\"http:\/\/google.nl\" target=\"_blank\" rel=\"noopener\">In<\/a> Geben Sie dem Opfer frische Luft und bringen Sie es in eine Position, in der es leicht atmen kann.<\/p>","protected":false},"excerpt":{"rendered":"<h2>2-MMC-Eigenschaften<\/h2>\n<p><strong>CAS-Nummer<\/strong>: 1246911-71-6<br \/>\n<strong>Formel<\/strong>: C11h15NO \u2022 HCL<br \/>\n<strong>Molmasse<\/strong>: 177.247<br \/>\n<strong>Reinheit<\/strong>: \u226599%<\/p>","protected":false},"featured_media":28603,"comment_status":"closed","ping_status":"closed","template":"","meta":[],"product_brand":[82],"product_cat":[372,463,322,79,324],"product_tag":[83,679,652,678,326],"class_list":{"0":"post-23975","1":"product","2":"type-product","3":"status-publish","4":"has-post-thumbnail","6":"product_brand-research-chemical","7":"product_cat-2-mmc-kopen","8":"product_cat-2-mmc-pellets","9":"product_cat-bijna-verboden","10":"product_cat-cathinonen","11":"product_cat-pellets-for-pellet","12":"product_tag-2-mmc-kopen","13":"product_tag-2-mmc-pellets","14":"product_tag-2-mmc-pellets-kopen","15":"product_tag-2mmc-pellets","16":"product_tag-nl","18":"first","19":"instock","20":"taxable","21":"shipping-taxable","22":"purchasable","23":"product-type-variable"},"_links":{"self":[{"href":"https:\/\/researchchemicalstore.eu\/de\/wp-json\/wp\/v2\/product\/23975","targetHints":{"allow":["GET"]}}],"collection":[{"href":"https:\/\/researchchemicalstore.eu\/de\/wp-json\/wp\/v2\/product"}],"about":[{"href":"https:\/\/researchchemicalstore.eu\/de\/wp-json\/wp\/v2\/types\/product"}],"replies":[{"embeddable":true,"href":"https:\/\/researchchemicalstore.eu\/de\/wp-json\/wp\/v2\/comments?post=23975"}],"version-history":[{"count":3,"href":"https:\/\/researchchemicalstore.eu\/de\/wp-json\/wp\/v2\/product\/23975\/revisions"}],"predecessor-version":[{"id":25527,"href":"https:\/\/researchchemicalstore.eu\/de\/wp-json\/wp\/v2\/product\/23975\/revisions\/25527"}],"wp:featuredmedia":[{"embeddable":true,"href":"https:\/\/researchchemicalstore.eu\/de\/wp-json\/wp\/v2\/media\/28603"}],"wp:attachment":[{"href":"https:\/\/researchchemicalstore.eu\/de\/wp-json\/wp\/v2\/media?parent=23975"}],"wp:term":[{"taxonomy":"product_brand","embeddable":true,"href":"https:\/\/researchchemicalstore.eu\/de\/wp-json\/wp\/v2\/product_brand?post=23975"},{"taxonomy":"product_cat","embeddable":true,"href":"https:\/\/researchchemicalstore.eu\/de\/wp-json\/wp\/v2\/product_cat?post=23975"},{"taxonomy":"product_tag","embeddable":true,"href":"https:\/\/researchchemicalstore.eu\/de\/wp-json\/wp\/v2\/product_tag?post=23975"}],"curies":[{"name":"wp","href":"https:\/\/api.w.org\/{rel}","templated":true}]}}