{"id":24343,"date":"2025-04-13T17:41:31","date_gmt":"2025-04-13T17:41:31","guid":{"rendered":"https:\/\/researchchemicalstore.eu\/?post_type=product&#038;p=24343"},"modified":"2026-02-02T09:56:39","modified_gmt":"2026-02-02T09:56:39","slug":"digitale-bio-miniwaage-20g-x-0001g","status":"publish","type":"product","link":"https:\/\/researchchemicalstore.eu\/de\/produkt\/digitale-bio-miniwaage-20g-x-0001g\/","title":{"rendered":"Digitale Bio-Miniwaage \u2013 20 g x 0,001 g"},"content":{"rendered":"<h1><strong>Digitale Bio-Miniwaage 20 g x 0,001 g<\/strong><\/h1>\n<p>Arbeiten Sie mit h\u00f6chster Pr\u00e4zision. Der <strong>Digitale Bio-Miniwaage<\/strong> wiegt bis zu <strong>20 Gramm<\/strong> mit einer Genauigkeit von <strong>0,001 Gramm<\/strong> \u2013 ideal f\u00fcr biomedizinische Anwendungen, Mikrodosierung, Nahrungserg\u00e4nzungsmittelforschung oder Laboranalysen. Klein in der Gr\u00f6\u00dfe, aber gro\u00df in der Leistung.<a href=\"https:\/\/researchchemicalstore.eu\/de\/geschaft\/waage\/professionelle-digitale-miniwaage-50g-x-0001g\/\">Professionelle digitale Miniwaage \u2013 50 g x 0,001 g<\/a><\/p>\n<hr \/>\n<h4><strong>Merkmale:<\/strong><\/h4>\n<ul>\n<li><strong>Messbereich:<\/strong> 0,001 g \u2013 20 g<\/li>\n<li><strong>Genauigkeit:<\/strong> 1 Milligramm (0,001 g)<\/li>\n<li><strong>Anzeige:<\/strong> Helles LCD-Display mit Hintergrundbeleuchtung<\/li>\n<li><strong>Wiegeeinheiten:<\/strong> g, oz, ct, gn, dwt, ozt<\/li>\n<li><strong>Merkmale:<\/strong> Tara-Funktion, automatische Abschaltung, schnelle Reaktionszeit<\/li>\n<li><strong>Stromversorgung:<\/strong> 2x AAA-Batterien (im Lieferumfang enthalten oder optional)<\/li>\n<li><strong>Format:<\/strong> Ultrakompakt und leicht \u2013 passt perfekt in Ihre Hand- oder Jackentasche.<a href=\"https:\/\/researchchemicalstore.eu\/de\/geschaft\/waage\/digitale-cs-waage-100-g-x-001-g\/\">Digitale CS-Waage \u2013 100 g<\/a> x 0,01 g<\/li>\n<\/ul>\n<hr \/>\n<h4><strong>Anwendungen:<\/strong><\/h4>\n<p>\u2714 Biologische Proben &amp; Mikroexperimente<br \/>\n\u2714 Mikrodosierung von Nahrungserg\u00e4nzungsmitteln oder Pflanzenextrakten<br \/>\n\u2714 Labor- und wissenschaftliche Messungen<br \/>\n\u2714 Schmuck, Edelsteine oder Edelmetalle.<a href=\"https:\/\/researchchemicalstore.eu\/de\/geschaft\/waage\/digitale-tank-miniwaage-20-g-x-0001-g\/\">Digitale Tank-Miniwaage \u2013 20 g x 0,001 g<\/a><\/p>\n<hr \/>\n<p>\ud83c\udfaf <strong>Warum diese Biowaage w\u00e4hlen?<\/strong><\/p>\n<ul>\n<li>\u00c4u\u00dferst pr\u00e4zise bei niedrigen Dosen<\/li>\n<li>Zuverl\u00e4ssige Messungen ohne Schwankungen<\/li>\n<li>Langlebig, tragbar und sofort einsatzbereit<\/li>\n<\/ul>","protected":false},"excerpt":{"rendered":"<p><strong>Spezifikationen:<\/strong><\/p>\n<ul>\n<li>Digital<\/li>\n<li>Wiegt ab 0,001 g<\/li>\n<li>Wiegt max. 20 g<\/li>\n<li>Funktioniert mit: 2x AAA-Batterien<\/li>\n<li>LCD-Anzeige<\/li>\n<li>Farbe: Schwarz<\/li>\n<\/ul>","protected":false},"featured_media":24680,"comment_status":"closed","ping_status":"closed","template":"","meta":[],"product_brand":[],"product_cat":[451],"product_tag":[452,848,764,767,765,766,768],"class_list":{"0":"post-24343","1":"product","2":"type-product","3":"status-publish","4":"has-post-thumbnail","6":"product_cat-weegschalen","7":"product_tag-de","8":"product_tag-digitale-bio-mini-weegschaal","9":"product_tag-digitale-cs-weegschaal","10":"product_tag-digitale-microweegschaal","11":"product_tag-milligramweegschaal","12":"product_tag-precise-weegschaal-0-001g","13":"product_tag-weegschaal-voor-research-chemicals","15":"first","16":"instock","17":"taxable","18":"shipping-taxable","19":"purchasable","20":"product-type-simple"},"_links":{"self":[{"href":"https:\/\/researchchemicalstore.eu\/de\/wp-json\/wp\/v2\/product\/24343","targetHints":{"allow":["GET"]}}],"collection":[{"href":"https:\/\/researchchemicalstore.eu\/de\/wp-json\/wp\/v2\/product"}],"about":[{"href":"https:\/\/researchchemicalstore.eu\/de\/wp-json\/wp\/v2\/types\/product"}],"replies":[{"embeddable":true,"href":"https:\/\/researchchemicalstore.eu\/de\/wp-json\/wp\/v2\/comments?post=24343"}],"version-history":[{"count":5,"href":"https:\/\/researchchemicalstore.eu\/de\/wp-json\/wp\/v2\/product\/24343\/revisions"}],"predecessor-version":[{"id":25978,"href":"https:\/\/researchchemicalstore.eu\/de\/wp-json\/wp\/v2\/product\/24343\/revisions\/25978"}],"wp:featuredmedia":[{"embeddable":true,"href":"https:\/\/researchchemicalstore.eu\/de\/wp-json\/wp\/v2\/media\/24680"}],"wp:attachment":[{"href":"https:\/\/researchchemicalstore.eu\/de\/wp-json\/wp\/v2\/media?parent=24343"}],"wp:term":[{"taxonomy":"product_brand","embeddable":true,"href":"https:\/\/researchchemicalstore.eu\/de\/wp-json\/wp\/v2\/product_brand?post=24343"},{"taxonomy":"product_cat","embeddable":true,"href":"https:\/\/researchchemicalstore.eu\/de\/wp-json\/wp\/v2\/product_cat?post=24343"},{"taxonomy":"product_tag","embeddable":true,"href":"https:\/\/researchchemicalstore.eu\/de\/wp-json\/wp\/v2\/product_tag?post=24343"}],"curies":[{"name":"wp","href":"https:\/\/api.w.org\/{rel}","templated":true}]}}