{"id":23229,"date":"2025-04-13T17:39:23","date_gmt":"2025-04-13T17:39:23","guid":{"rendered":"https:\/\/researchchemicalstore.eu\/?post_type=product&#038;p=23229"},"modified":"2025-10-23T02:01:48","modified_gmt":"2025-10-23T02:01:48","slug":"3-ich-pcp","status":"publish","type":"product","link":"https:\/\/researchchemicalstore.eu\/de_at\/produkt\/3-ich-pcp\/","title":{"rendered":"3-Me-PCP (3-Methylphencyclidin)"},"content":{"rendered":"<h1>3-Me-PCP (3-Methylphencyclidin) \u2013 Wissenschaftliche Produktbeschreibung<\/h1>\n<h2>Einf\u00fchrung und allgemeine Funktionen<\/h2>\n<p>3-Me-PCP (3-Methylphencyclidin) ist eine dissoziative Forschungschemikalie aus der Klasse der Arylcyclohexylamine. Die Methylsubstitution an der 3-Position des Phenylrings beeinflusst sowohl <a href=\"http:\/\/google.nl\" target=\"_blank\" rel=\"noopener\">Die<\/a> Pharmakokinetische und pharmakodynamische Eigenschaften der Verbindung. Aufgrund dieser chemischen Struktur eignet sich 3-Me-PCP besonders f\u00fcr die Erforschung von Rezeptorinteraktionen, neurochemischen Prozessen und Struktur-Wirkungs-Beziehungen. Nur f\u00fcr den professionellen Laborgebrauch bestimmt.<a href=\"https:\/\/researchchemicalstore.eu\/de_at\/geschaft\/pellets\/o-dsmt-50-mg-pellets\/\">O-DSMT 50 mg Pellets<\/a><\/p>\n<h2>Chemische Identifizierung und Eigenschaften<\/h2>\n<ul>\n<li><strong>IUPAC-Name<\/strong>: 1-(1-(3-Methylphenyl)cyclohexyl)piperidin<\/li>\n<li><strong>Summenformel<\/strong>: C\u2081\u2088H\u2082\u2087N<\/li>\n<li><strong>Molekularmasse<\/strong>: 257,42 g\/mol<\/li>\n<li><strong>Reinheit<\/strong>: \u226599% (verifiziert durch HPLC-MS)<\/li>\n<li><strong>Aussehen<\/strong>: Wei\u00dfes bis hellcremefarbenes kristallines Pulver<\/li>\n<li><strong>L\u00f6slichkeit<\/strong>:\n<ul>\n<li>Gut l\u00f6slich in Methanol, Ethanol, Aceton<\/li>\n<li>Schwer l\u00f6slich in Wasser<\/li>\n<\/ul>\n<\/li>\n<\/ul>\n<h2>Wissenschaftliche Anwendungsgebiete<\/h2>\n<p>3-Me-PCP wird verwendet bei:<\/p>\n<ul>\n<li>Rezeptorbindungsstudien (NMDA, Sigma-Rezeptoren)<\/li>\n<li>Neurotransmitter-Interaktionsanalyse<\/li>\n<li>SAR-Vergleiche (Struktur-Aktivit\u00e4ts-Beziehung)<\/li>\n<li>Pharmakokinetische Modellierung<\/li>\n<li>Molekulare Docking- und Bindungsstudien<\/li>\n<\/ul>\n<h2>Laborsicherheitsprotokoll<\/h2>\n<ul>\n<li>Tragen Sie immer einen Laborkittel, Nitrilhandschuhe und eine Schutzbrille<\/li>\n<li>Pflicht zum Arbeiten unter Absaugung (mind. 0,5 m\/s)<\/li>\n<li>Einatmen und Hautkontakt vermeiden<\/li>\n<li>Feuerl\u00f6scher und Augendusche in Reichweite<\/li>\n<li>Arbeiten Sie beim Umgang mit Substanzen niemals allein<\/li>\n<\/ul>\n<h2>Lager- und Stabilit\u00e4tsbedingungen<\/h2>\n<ul>\n<li><strong>Langzeitlagerung<\/strong>: -20\u00b0C in luftdichter Verpackung<\/li>\n<li><strong>Kurzfristige Anwendung<\/strong>: 2\u20138\u00b0C (max. 2 Wochen)<\/li>\n<li><strong>Verpackung<\/strong>Braunglas mit Teflondichtung<\/li>\n<li><strong>Luftfeuchtigkeit<\/strong>: &lt;30% RH, mit Trockenmittel lagern<\/li>\n<li><strong>Lichtempfindlich<\/strong>: Vermeiden Sie UV- und helles Licht<\/li>\n<\/ul>\n<h2>Qualit\u00e4tssicherung und analytische Kontrolle<\/h2>\n<p>Jede Charge wird gepr\u00fcft auf:<\/p>\n<ul>\n<li>HPLC-Peak-Reinheit<\/li>\n<li>Gaschromatographische Reinheit (GC-MS)<\/li>\n<li>NMR-Validierung (\u00b9H und \u00b9\u00b3C)<\/li>\n<li>Restl\u00f6semittel und Schwermetalle<\/li>\n<li>Stabilit\u00e4t (24 Monate unter Gefrierbedingungen)<\/li>\n<\/ul>\n<h2>Verpackungsoptionen und Lieferbedingungen<\/h2>\n<ul>\n<li><strong>250 mg<\/strong> \u2013 Forschungsbeispiel<\/li>\n<li><strong>1 g<\/strong> \u2013 Standard-Laborwaage<\/li>\n<li><strong>5 g<\/strong> \u2013 Forschungsprogramme<\/li>\n<li><strong>10 g<\/strong> \u2013 Massenformat f\u00fcr Validierungsstudien<\/li>\n<li>Sondermengen auf Anfrage<\/li>\n<li>Lieferung per temperaturgef\u00fchrtem Versand mit diskreter Beschriftung<\/li>\n<\/ul>\n<h2>Technische Dokumentation und Support<\/h2>\n<p>Lieferumfang:<\/p>\n<ul>\n<li>Analysenzertifikat (COA)<a href=\"https:\/\/researchchemicalstore.eu\/de_at\/geschaft\/lysergamide\/1cp-lsd\/\">1cP-LSD 150 MCG Art Blotters<\/a><\/li>\n<li>Sicherheitsdatenblatt (MSDS)<a href=\"https:\/\/researchchemicalstore.eu\/de_at\/geschaft\/lysergamide\/1vlsd\/\">1V-LSD 150 MCG Blotter<\/a><\/li>\n<li>L\u00f6slichkeitsprofil und Lagerungsrichtlinien<\/li>\n<li>Spektrale Referenzen: FT-IR, NMR, LC-MS<\/li>\n<\/ul>\n<h2>Regulatorischer Rahmen und Compliance<\/h2>\n<ul>\n<li>Nicht f\u00fcr den menschlichen oder tierischen Verzehr bestimmt<\/li>\n<li>Nur f\u00fcr In-vitro- oder Ex-vivo-Forschung<\/li>\n<li>Der K\u00e4ufer ist f\u00fcr die Einhaltung aller geltenden Gesetze und Vorschriften verantwortlich<\/li>\n<li>Lieferung nur an anerkannte Forschungseinrichtungen<\/li>\n<li>Exportkontrolle und Endverbleibserkl\u00e4rung erforderlich<\/li>\n<\/ul>\n<h2>Forschungsf\u00f6rderung und Service<\/h2>\n<p>Unterst\u00fctzung f\u00fcr:<\/p>\n<ul>\n<li>Entwicklung und Validierung analytischer Methoden<\/li>\n<li>Technische Beratung zu Laboraufbau und Reaktivit\u00e4t<\/li>\n<li>Literaturhinweise und SAR-Analysen<\/li>\n<li>Fehlerbehebung bei analytischen Prozessen<\/li>\n<\/ul>\n<h2>Schlussfolgerung und wissenschaftlicher Wert<\/h2>\n<p>3-Me-PCP ist eine wertvolle Erg\u00e4nzung f\u00fcr die Arylcyclohexylamin-Forschung. Die Methylgruppe am Phenylring bietet einzigartige pharmakologische und molekulare Eigenschaften und eignet sich daher besonders f\u00fcr In-vitro- und pr\u00e4klinische Studien. Es wird mit vollst\u00e4ndiger Dokumentation und einer hohen Qualit\u00e4tsgarantie f\u00fcr den professionellen Einsatz geliefert.<\/p>","protected":false},"excerpt":{"rendered":"<h3>3-Me-PCP-Eigenschaften<\/h3>\n<p><strong>Synonym<\/strong>: 3-Methylphencyclidin<br \/>\n<strong>CAS-Nummer<\/strong>: 91164-58-8<br \/>\n<strong>Formel<\/strong>: 1-[1-(3-Methylphenyl)cyclohexyl]-piperidin<br \/>\n<strong>Molare Masse<\/strong>: 292,2 g\/mol<br \/>\n<strong>Reinheit<\/strong>: &gt;97%<\/p>","protected":false},"featured_media":28672,"comment_status":"closed","ping_status":"closed","template":"","meta":[],"product_brand":[82],"product_cat":[516,71],"product_tag":[326],"class_list":{"0":"post-23229","1":"product","2":"type-product","3":"status-publish","4":"has-post-thumbnail","6":"product_brand-research-chemical","7":"product_cat-3-me-pcp","8":"product_cat-arylcyclohexylamine","9":"product_tag-nl","11":"first","12":"instock","13":"taxable","14":"shipping-taxable","15":"purchasable","16":"product-type-variable"},"_links":{"self":[{"href":"https:\/\/researchchemicalstore.eu\/de_at\/wp-json\/wp\/v2\/product\/23229","targetHints":{"allow":["GET"]}}],"collection":[{"href":"https:\/\/researchchemicalstore.eu\/de_at\/wp-json\/wp\/v2\/product"}],"about":[{"href":"https:\/\/researchchemicalstore.eu\/de_at\/wp-json\/wp\/v2\/types\/product"}],"replies":[{"embeddable":true,"href":"https:\/\/researchchemicalstore.eu\/de_at\/wp-json\/wp\/v2\/comments?post=23229"}],"version-history":[{"count":4,"href":"https:\/\/researchchemicalstore.eu\/de_at\/wp-json\/wp\/v2\/product\/23229\/revisions"}],"predecessor-version":[{"id":26367,"href":"https:\/\/researchchemicalstore.eu\/de_at\/wp-json\/wp\/v2\/product\/23229\/revisions\/26367"}],"wp:featuredmedia":[{"embeddable":true,"href":"https:\/\/researchchemicalstore.eu\/de_at\/wp-json\/wp\/v2\/media\/28672"}],"wp:attachment":[{"href":"https:\/\/researchchemicalstore.eu\/de_at\/wp-json\/wp\/v2\/media?parent=23229"}],"wp:term":[{"taxonomy":"product_brand","embeddable":true,"href":"https:\/\/researchchemicalstore.eu\/de_at\/wp-json\/wp\/v2\/product_brand?post=23229"},{"taxonomy":"product_cat","embeddable":true,"href":"https:\/\/researchchemicalstore.eu\/de_at\/wp-json\/wp\/v2\/product_cat?post=23229"},{"taxonomy":"product_tag","embeddable":true,"href":"https:\/\/researchchemicalstore.eu\/de_at\/wp-json\/wp\/v2\/product_tag?post=23229"}],"curies":[{"name":"wp","href":"https:\/\/api.w.org\/{rel}","templated":true}]}}