{"id":23777,"date":"2025-04-13T17:40:23","date_gmt":"2025-04-13T17:40:23","guid":{"rendered":"https:\/\/researchchemicalstore.eu\/?post_type=product&#038;p=23777"},"modified":"2025-10-22T12:45:20","modified_gmt":"2025-10-22T12:45:20","slug":"gruner-mandala-mix","status":"publish","type":"product","link":"https:\/\/researchchemicalstore.eu\/de_at\/produkt\/gruner-mandala-mix\/","title":{"rendered":"Gr\u00fcner Mandala-Mix"},"content":{"rendered":"<h1><span dir=\"auto\" style=\"vertical-align: inherit;\"><span dir=\"auto\" style=\"vertical-align: inherit;\">Gr\u00fcner Mandala-Mix \u2013 Ein einzigartiges botanisches Erlebnis zur Bewusstseinserweiterung<\/span><\/span><\/h1>\n<p><span dir=\"auto\" style=\"vertical-align: inherit;\"><span dir=\"auto\" style=\"vertical-align: inherit;\">Entdecken <\/span><\/span><strong><span dir=\"auto\" style=\"vertical-align: inherit;\"><span dir=\"auto\" style=\"vertical-align: inherit;\">Gr\u00fcner Mandala-Mix<\/span><\/span><\/strong><span dir=\"auto\" style=\"vertical-align: inherit;\"><span dir=\"auto\" style=\"vertical-align: inherit;\"> , eine sorgf\u00e4ltig zusammengestellte Mischung aus hochwertigen Pflanzenstoffen, die seit Jahrhunderten in traditionellen spirituellen Praktiken verwendet werden. Diese exklusive Mischung wurde speziell f\u00fcr diejenigen entwickelt, die nach einem nat\u00fcrlichen Weg suchen, ihr Bewusstsein zu erweitern und den Geist zu kl\u00e4ren.<\/span><\/span><\/p>\n<h2><span dir=\"auto\" style=\"vertical-align: inherit;\"><span dir=\"auto\" style=\"vertical-align: inherit;\">Warum sollten Sie sich f\u00fcr den Green Mandala Mix entscheiden?<\/span><\/span><\/h2>\n<p><span dir=\"auto\" style=\"vertical-align: inherit;\"><span dir=\"auto\" style=\"vertical-align: inherit;\">Unsere Premiummischung vereint die Kraft verschiedener heiliger Pflanzen zu einem harmonischen Ganzen:<\/span><\/span><\/p>\n<h3><span dir=\"auto\" style=\"vertical-align: inherit;\"><span dir=\"auto\" style=\"vertical-align: inherit;\">Nat\u00fcrliche Inhaltsstoffe<\/span><\/span><\/h3>\n<p><span dir=\"auto\" style=\"vertical-align: inherit;\"><span dir=\"auto\" style=\"vertical-align: inherit;\">Formuliert mit 100% reinen pflanzlichen Materialien in pharmazeutischer Qualit\u00e4t.<\/span><\/span><\/p>\n<h3><span dir=\"auto\" style=\"vertical-align: inherit;\"><span dir=\"auto\" style=\"vertical-align: inherit;\">Traditionelle Weisheit<\/span><\/span><\/h3>\n<p><span dir=\"auto\" style=\"vertical-align: inherit;\"><span dir=\"auto\" style=\"vertical-align: inherit;\">Basierend auf jahrhundertealten Rezepten aus indigenen Traditionen.<\/span><\/span><\/p>\n<h3><span dir=\"auto\" style=\"vertical-align: inherit;\"><span dir=\"auto\" style=\"vertical-align: inherit;\">Ausgewogene Erfahrung<\/span><\/span><\/h3>\n<p><span dir=\"auto\" style=\"vertical-align: inherit;\"><span dir=\"auto\" style=\"vertical-align: inherit;\">Sorgf\u00e4ltig ausgewogene Proportionen f\u00fcr eine ausgewogene Wirkung.<\/span><\/span><\/p>\n<h2><span dir=\"auto\" style=\"vertical-align: inherit;\"><span dir=\"auto\" style=\"vertical-align: inherit;\">Ideal f\u00fcr Meditation und spirituelle \u00dcbungen<\/span><\/span><\/h2>\n<p><span dir=\"auto\" style=\"vertical-align: inherit;\"><span dir=\"auto\" style=\"vertical-align: inherit;\">Der Gr\u00fcne Mandala Mix ist ideal f\u00fcr:<\/span><\/span><\/p>\n<ul>\n<li><span dir=\"auto\" style=\"vertical-align: inherit;\"><span dir=\"auto\" style=\"vertical-align: inherit;\">Tiefe meditative Zust\u00e4nde<\/span><\/span><\/li>\n<li><span dir=\"auto\" style=\"vertical-align: inherit;\"><span dir=\"auto\" style=\"vertical-align: inherit;\">Bewusstseinserweiternde Erfahrungen<\/span><\/span><\/li>\n<li><span dir=\"auto\" style=\"vertical-align: inherit;\"><span dir=\"auto\" style=\"vertical-align: inherit;\">Spirituelle Reinigungsrituale<\/span><\/span><\/li>\n<li><span dir=\"auto\" style=\"vertical-align: inherit;\"><span dir=\"auto\" style=\"vertical-align: inherit;\">Pers\u00f6nliches Wachstum und Selbstreflexion<\/span><\/span><\/li>\n<\/ul>\n<h2><span dir=\"auto\" style=\"vertical-align: inherit;\"><span dir=\"auto\" style=\"vertical-align: inherit;\">Sichere und verantwortungsvolle Verwendung<\/span><\/span><\/h2>\n<p><span dir=\"auto\" style=\"vertical-align: inherit;\"><span dir=\"auto\" style=\"vertical-align: inherit;\">Wir betonen die Bedeutung von:<\/span><\/span><\/p>\n<ul>\n<li><span dir=\"auto\" style=\"vertical-align: inherit;\"><span dir=\"auto\" style=\"vertical-align: inherit;\">Immer unter Aufsicht eines erfahrenen Arztes verwenden<\/span><\/span><\/li>\n<li><span dir=\"auto\" style=\"vertical-align: inherit;\"><span dir=\"auto\" style=\"vertical-align: inherit;\">Genaue Dosierung gem\u00e4\u00df mitgeliefertem Protokoll<\/span><\/span><\/li>\n<li><span dir=\"auto\" style=\"vertical-align: inherit;\"><span dir=\"auto\" style=\"vertical-align: inherit;\">Verwendung in einer sicheren, vertrauensw\u00fcrdigen Umgebung<\/span><\/span><\/li>\n<\/ul>\n<h2><span dir=\"auto\" style=\"vertical-align: inherit;\"><span dir=\"auto\" style=\"vertical-align: inherit;\">Qualit\u00e4tsgarantie<\/span><\/span><\/h2>\n<ul>\n<li><span dir=\"auto\" style=\"vertical-align: inherit;\"><span dir=\"auto\" style=\"vertical-align: inherit;\">Sorgf\u00e4ltig angebaut und auf Reinheit gepr\u00fcft<\/span><\/span><\/li>\n<li><span dir=\"auto\" style=\"vertical-align: inherit;\"><span dir=\"auto\" style=\"vertical-align: inherit;\">Frei von synthetischen Zusatzstoffen<\/span><\/span><\/li>\n<li><span dir=\"auto\" style=\"vertical-align: inherit;\"><span dir=\"auto\" style=\"vertical-align: inherit;\">Umweltfreundlich verpackt in luxuri\u00f6ser Glasverpackung<\/span><\/span><\/li>\n<\/ul>\n<h2><span dir=\"auto\" style=\"vertical-align: inherit;\"><span dir=\"auto\" style=\"vertical-align: inherit;\">Wichtiger Hinweis<\/span><\/span><\/h2>\n<p><span dir=\"auto\" style=\"vertical-align: inherit;\"><span dir=\"auto\" style=\"vertical-align: inherit;\">Dieses Produkt ist ausschlie\u00dflich f\u00fcr ethnobotanische Forschung und spirituelle Anwendungen bestimmt. Nicht f\u00fcr den menschlichen Verzehr geeignet. Bitte beachten Sie alle lokalen Gesetze und Vorschriften.<\/span><\/span><\/p>\n<h2><span dir=\"auto\" style=\"vertical-align: inherit;\"><span dir=\"auto\" style=\"vertical-align: inherit;\">Gr\u00fcner Mandala Mix bestellen<\/span><\/span><\/h2>\n<p><em><a href=\"http:\/\/google.nl\" target=\"_blank\" rel=\"noopener\"><span dir=\"auto\" style=\"vertical-align: inherit;\"><span dir=\"auto\" style=\"vertical-align: inherit;\">\u201cDas Mandala ist eine Reise in die Mitte deines Selbst\u201d \u2013 erlebe die<\/span><\/span><\/a><span dir=\"auto\" style=\"vertical-align: inherit;\"><span dir=\"auto\" style=\"vertical-align: inherit;\"> Tiefe des Green Mandala Mix <\/span><span dir=\"auto\" style=\"vertical-align: inherit;\">Heute .<\/span><\/span><\/em><\/p>\n<p><strong><span dir=\"auto\" style=\"vertical-align: inherit;\"><span dir=\"auto\" style=\"vertical-align: inherit;\">Bestellen Sie jetzt und beginnen Sie Ihre spirituelle Entdeckungsreise!<\/span><\/span><\/strong><\/p>\n<p><a href=\"https:\/\/researchchemicalstore.eu\/de_at\/geschaft\/lysergamide\/1cp-lsd-150-mcg\/\"><span dir=\"auto\" style=\"vertical-align: inherit;\"><span dir=\"auto\" style=\"vertical-align: inherit;\">1cP-LSD 150 MCG Art Blotters <\/span><\/span><\/a><a href=\"https:\/\/researchchemicalstore.eu\/de_at\/geschaft\/pellets\/o-dsmt-50-mg-pellets\/\"><span dir=\"auto\" style=\"vertical-align: inherit;\"><span dir=\"auto\" style=\"vertical-align: inherit;\">O-DSMT 50 mg Pellets <\/span><\/span><\/a><a href=\"https:\/\/researchchemicalstore.eu\/de_at\/geschaft\/lysergamide\/1v-lsd-150-mcg-blotters\/\"><span dir=\"auto\" style=\"vertical-align: inherit;\"><span dir=\"auto\" style=\"vertical-align: inherit;\">1V-LSD 150 MCG Blotter <\/span><\/span><\/a><a href=\"https:\/\/researchchemicalstore.eu\/de_at\/geschaft\/fast-verboten\/6-cl-adba\/\"><span dir=\"auto\" style=\"vertical-align: inherit;\"><span dir=\"auto\" style=\"vertical-align: inherit;\">6-CL-ADBA <\/span><\/span><\/a><a href=\"https:\/\/researchchemicalstore.eu\/de_at\/geschaft\/cathinone\/2-cmc-kaufen\/\"><span dir=\"auto\" style=\"vertical-align: inherit;\"><span dir=\"auto\" style=\"vertical-align: inherit;\">2-CMC 250 mg Pellets<\/span><\/span><\/a><\/p>","protected":false},"excerpt":{"rendered":"<h2><span dir=\"auto\" style=\"vertical-align: inherit;\"><span dir=\"auto\" style=\"vertical-align: inherit;\">Gr\u00fcnes Mandala 4-FMA + 2-CE + 1cP-LSD<\/span><\/span><\/h2>\n<p><strong><span dir=\"auto\" style=\"vertical-align: inherit;\"><span dir=\"auto\" style=\"vertical-align: inherit;\">Die Green Mandala-Mischung enth\u00e4lt ausreichend 4-FMA, 2-CE und 1cP-LSD f\u00fcr die Forschung einer Person. Beginnen Sie Ihre Forschung immer mit einem Viertel oder einer halben Ampulle und finden Sie dann die optimale Dosierung f\u00fcr Ihren Bedarf!<\/span><\/span><\/strong><\/p>","protected":false},"featured_media":28794,"comment_status":"closed","ping_status":"closed","template":"","meta":[],"product_brand":[],"product_cat":[360,496,459,322,80,333,396,358,486,398],"product_tag":[629,644,778,664,326],"class_list":{"0":"post-23777","1":"product","2":"type-product","3":"status-publish","4":"has-post-thumbnail","6":"product_cat-1cp-lsd","7":"product_cat-2c-e","8":"product_cat-4fma-kopen","9":"product_cat-bijna-verboden","10":"product_cat-fenethylamine","11":"product_cat-gefluoreerden","12":"product_cat-liquid-rcs","13":"product_cat-lysergamides","14":"product_cat-mandala-mixes","15":"product_cat-verkoop","16":"product_tag-4-fma-kopen","17":"product_tag-4-fma","18":"product_tag-jwh-210","19":"product_tag-maxtc","20":"product_tag-nl","22":"first","23":"instock","24":"sale","25":"taxable","26":"shipping-taxable","27":"purchasable","28":"product-type-variable"},"_links":{"self":[{"href":"https:\/\/researchchemicalstore.eu\/de_at\/wp-json\/wp\/v2\/product\/23777","targetHints":{"allow":["GET"]}}],"collection":[{"href":"https:\/\/researchchemicalstore.eu\/de_at\/wp-json\/wp\/v2\/product"}],"about":[{"href":"https:\/\/researchchemicalstore.eu\/de_at\/wp-json\/wp\/v2\/types\/product"}],"replies":[{"embeddable":true,"href":"https:\/\/researchchemicalstore.eu\/de_at\/wp-json\/wp\/v2\/comments?post=23777"}],"version-history":[{"count":6,"href":"https:\/\/researchchemicalstore.eu\/de_at\/wp-json\/wp\/v2\/product\/23777\/revisions"}],"predecessor-version":[{"id":28048,"href":"https:\/\/researchchemicalstore.eu\/de_at\/wp-json\/wp\/v2\/product\/23777\/revisions\/28048"}],"wp:featuredmedia":[{"embeddable":true,"href":"https:\/\/researchchemicalstore.eu\/de_at\/wp-json\/wp\/v2\/media\/28794"}],"wp:attachment":[{"href":"https:\/\/researchchemicalstore.eu\/de_at\/wp-json\/wp\/v2\/media?parent=23777"}],"wp:term":[{"taxonomy":"product_brand","embeddable":true,"href":"https:\/\/researchchemicalstore.eu\/de_at\/wp-json\/wp\/v2\/product_brand?post=23777"},{"taxonomy":"product_cat","embeddable":true,"href":"https:\/\/researchchemicalstore.eu\/de_at\/wp-json\/wp\/v2\/product_cat?post=23777"},{"taxonomy":"product_tag","embeddable":true,"href":"https:\/\/researchchemicalstore.eu\/de_at\/wp-json\/wp\/v2\/product_tag?post=23777"}],"curies":[{"name":"wp","href":"https:\/\/api.w.org\/{rel}","templated":true}]}}