{"id":24101,"date":"2025-04-13T17:41:03","date_gmt":"2025-04-13T17:41:03","guid":{"rendered":"https:\/\/researchchemicalstore.eu\/?post_type=product&#038;p=24101"},"modified":"2025-10-22T09:55:42","modified_gmt":"2025-10-22T09:55:42","slug":"promal-methallylescalin-21-mg-pellets","status":"publish","type":"product","link":"https:\/\/researchchemicalstore.eu\/de_at\/produkt\/promal-methallylescalin-21-mg-pellets\/","title":{"rendered":"Promal Methallylescalin 21 mg Pellets"},"content":{"rendered":"<div class=\"relative\">\n<div class=\"prose text-pretty dark:prose-invert inline leading-normal break-words min-w-0 [word-break:break-word]\">\n<h2 id=\"unieke-productbeschrijving-van-promal-methallylesc\" class=\"mb-2 mt-6 text-base font-[500] first:mt-0 md:text-lg dark:font-[475] [hr+&amp;]:mt-4\">Promal Methallylescalin 21 mg Pellets<\/h2>\n<p class=\"my-0\">Promal Methallylescalin (MAL) ist eine synthetische psychedelische Verbindung aus der Phenethylamin-Klasse, die strukturell mit Meskalin verwandt ist. Jedes Pellet enth\u00e4lt eine pr\u00e4zise Dosis von 21 mg Methallylescalin und ist f\u00fcr Forschungszwecke in einer benutzerfreundlichen Blisterpackung verpackt. Die Verbindung hat die chemische Formel C\u2081\u2083H\u2081\u2089NO\u2083 und ein Molekulargewicht von 237,30 g\/mol.<span class=\"whitespace-nowrap\">.<\/span> Es wirkt haupts\u00e4chlich als Agonist der Serotoninrezeptoren (insbesondere 5-HT\u2082\u2090) und f\u00fchrt zu ver\u00e4nderten Bewusstseinszust\u00e4nden, sensorischer Verst\u00e4rkung und visuellen Halluzinationen.<span class=\"whitespace-nowrap\">.<\/span><\/p>\n<h2 class=\"mb-xs mt-5 text-base font-[500] first:mt-0 dark:font-[475]\">Anwendungen<\/h2>\n<ul class=\"marker:text-textOff list-disc\">\n<li>\n<p class=\"my-0\"><strong>Wissenschaftliche Forschung<\/strong>: Untersuchung kognitiver Funktionen, Wahrnehmungsver\u00e4nderungen und therapeutischem Potenzial (z. B. bei Angstzust\u00e4nden, Depressionen oder PTBS)<span class=\"whitespace-nowrap\">.<\/span><\/p>\n<\/li>\n<li>\n<p class=\"my-0\"><strong>Sensorische Studien<\/strong>: Forschung zu visuellen\/auditiven Halluzinationen und syn\u00e4sthesie\u00e4hnlichen Effekten<span class=\"whitespace-nowrap\">.<\/span><\/p>\n<\/li>\n<li>\n<p class=\"my-0\"><strong>Pharmakologische Analyse<\/strong>: Mechanismusforschung \u00fcber Rezeptorinteraktionen (Serotoninagonismus)<span class=\"whitespace-nowrap\">.<\/span><\/p>\n<\/li>\n<\/ul>\n<h2 class=\"mb-xs mt-5 text-base font-[500] first:mt-0 dark:font-[475]\">Nachteile und Risiken<\/h2>\n<ul class=\"marker:text-textOff list-disc\">\n<li>\n<p class=\"my-0\"><strong>K\u00f6rperliche Nebenwirkungen<\/strong>: \u00dcbelkeit, Erbrechen, erh\u00f6hter Puls und Blutdruck<span class=\"whitespace-nowrap\">.<\/span><\/p>\n<\/li>\n<li>\n<p class=\"my-0\"><strong>Psychologische Auswirkungen<\/strong>: Angst, Paranoia und emotionale \u00dcberstimulation, insbesondere bei hohen Dosen (&gt;60 mg)<span class=\"whitespace-nowrap\">.<\/span><\/p>\n<\/li>\n<li>\n<p class=\"my-0\"><strong>Sicherheitsrisiken<\/strong>: Nicht f\u00fcr den menschlichen Verzehr geeignet; strenge Laborverwendung erforderlich<span class=\"whitespace-nowrap\">.<\/span><\/p>\n<\/li>\n<\/ul>\n<h2 class=\"mb-xs mt-5 text-base font-[500] first:mt-0 dark:font-[475]\">Gebrauchsanweisung<\/h2>\n<p class=\"my-0\"><strong>Dosierung und Protokoll<\/strong>:<\/p>\n<ul class=\"marker:text-textOff list-disc\">\n<li>\n<p class=\"my-0\"><strong>Schwellendosis<\/strong>: 10\u201320 mg<\/p>\n<\/li>\n<li>\n<p class=\"my-0\"><strong>Lichtdosis<\/strong>: 20\u201340 mg<\/p>\n<\/li>\n<li>\n<p class=\"my-0\"><strong>Standarddosis<\/strong>: 40\u201360 mg<\/p>\n<\/li>\n<li>\n<p class=\"my-0\"><strong>Hohe Dosis<\/strong>: &gt;60 mg (nur f\u00fcr erfahrene Forscher)<span class=\"whitespace-nowrap\">.<\/span><br \/>\n<strong>Laborrichtlinien<\/strong>:<\/p>\n<\/li>\n<\/ul>\n<ol class=\"marker:text-textOff list-decimal\">\n<li>\n<p class=\"my-0\">Verwenden Sie Pr\u00e4zisionswaagen und pers\u00f6nliche Schutzausr\u00fcstung (Handschuhe, Schutzbrille).<span class=\"whitespace-nowrap\">.<\/span><\/p>\n<\/li>\n<li>\n<p class=\"my-0\">F\u00fchren Sie Experimente in kontrollierten Umgebungen mit Bel\u00fcftungs- und Notfallprotokollen durch<span class=\"whitespace-nowrap\">.<\/span><\/p>\n<\/li>\n<li>\n<p class=\"my-0\">Beginnen Sie mit niedrigen Dosen und erh\u00f6hen Sie diese schrittweise basierend auf Forschungsergebnissen<span class=\"whitespace-nowrap\">.<\/span><\/p>\n<\/li>\n<\/ol>\n<h2 class=\"mb-xs mt-5 text-base font-[500] first:mt-0 dark:font-[475]\">H\u00e4ufig gestellte Fragen (FAQs)<\/h2>\n<p class=\"my-0\"><strong>1. Ist dieses Produkt legal?<\/strong><br \/>\nPromal Methallylescalin ist ausschlie\u00dflich f\u00fcr die wissenschaftliche Forschung bestimmt und unterliegt den lokalen Vorschriften f\u00fcr Forschungschemikalien. Beachten Sie stets die regionalen Vorschriften.<span class=\"whitespace-nowrap\">.<\/span><\/p>\n<p class=\"my-0\"><strong>2. Wie lange h\u00e4lt die Wirkung an?<\/strong><br \/>\nDie Wirkung h\u00e4lt 8\u201312 Stunden an, l\u00e4nger als bei herk\u00f6mmlichen Psychedelika<span class=\"whitespace-nowrap\">.<\/span><\/p>\n<p class=\"my-0\"><strong>3. Kann es therapeutisch eingesetzt werden?<\/strong><br \/>\nDie Forschung konzentriert sich auf das Potenzial f\u00fcr die psychische Gesundheit, klinische Anwendungen sind jedoch nicht zugelassen<span class=\"whitespace-nowrap\">.<\/span><\/p>\n<h2 class=\"mb-xs mt-5 text-base font-[500] first:mt-0 dark:font-[475]\">Laborbericht und empfohlene Szenarien<\/h2>\n<p class=\"my-0\"><strong>Pharmakologische Eigenschaften (basierend auf Rezeptorstudien)<\/strong>:<\/p>\n<ul class=\"marker:text-textOff list-disc\">\n<li>\n<p class=\"my-0\"><strong>Rezeptorbindungsaffinit\u00e4t<\/strong>: Hoch f\u00fcr 5-HT\u2082\u2090-Rezeptoren (<span class=\"katex\"><span class=\"katex-mathml\">Ki&lt;50K_i &lt; 50<\/span><span class=\"katex-html\" aria-hidden=\"true\"><span class=\"base\"><span class=\"mord\"><span class=\"mord mathnormal\">K<\/span><span class=\"msupsub\"><span class=\"vlist-t vlist-t2\"><span class=\"vlist-r\"><span class=\"vlist\"><span class=\"sizing reset-size6 size3 mtight\"><span class=\"mord mathnormal mtight\">ich<\/span><\/span><\/span><\/span><\/span><\/span><\/span><span class=\"mrel\">&lt;<\/span><\/span><span class=\"base\"><span class=\"mord\">50<\/span><\/span><\/span><\/span> nM), moderat f\u00fcr TAAR\u2081-Rezeptoren (<span class=\"katex\"><span class=\"katex-mathml\">Ki=1.900\u20133.900K_i = 1.900\u20133.900<\/span><span class=\"katex-html\" aria-hidden=\"true\"><span class=\"base\"><span class=\"mord\"><span class=\"mord mathnormal\">K<\/span><span class=\"msupsub\"><span class=\"vlist-t vlist-t2\"><span class=\"vlist-r\"><span class=\"vlist\"><span class=\"sizing reset-size6 size3 mtight\"><span class=\"mord mathnormal mtight\">ich<\/span><\/span><\/span><\/span><\/span><\/span><\/span><span class=\"mrel\">=<\/span><\/span><span class=\"base\"><span class=\"mord\">1.900\u20133.900<\/span><\/span><\/span><\/span> nM).<\/p>\n<\/li>\n<li>\n<p class=\"my-0\"><strong>Dokumentierte Effekte<\/strong>:<\/p>\n<ul class=\"marker:text-textOff list-disc\">\n<li>\n<p class=\"my-0\">Visuelle Verzerrungen und sensorische Verst\u00e4rkung bei 20\u201340 mg<span class=\"whitespace-nowrap\">.<\/span><\/p>\n<\/li>\n<li>\n<p class=\"my-0\">Ich-Aufl\u00f6sung und kognitive Ver\u00e4nderungen bei &gt;60 mg<span class=\"whitespace-nowrap\">.<\/span><\/p>\n<\/li>\n<\/ul>\n<\/li>\n<\/ul>\n<p class=\"my-0\"><strong>Empfohlene Forschungsszenarien<\/strong>:<\/p>\n<ul class=\"marker:text-textOff list-disc\">\n<li>\n<p class=\"my-0\"><strong>Wahrnehmungsstudien<\/strong>: Dosen von 20\u201340 mg f\u00fcr die sensorische Verarbeitungsanalyse<span class=\"whitespace-nowrap\">.<\/span><\/p>\n<\/li>\n<li>\n<p class=\"my-0\"><strong>Therapeutische Exploration<\/strong>: Niedrige Dosen (10\u201320 mg) f\u00fcr die Stimmungsmodulationsforschung<span class=\"whitespace-nowrap\">.<\/span><\/p>\n<\/li>\n<li>\n<p class=\"my-0\"><strong>Vergleichende Pharmakologie<\/strong>: Kombination mit Rezeptorantagonisten zur Isolierung von Mechanismen<span class=\"whitespace-nowrap\">.<\/span><\/p>\n<\/li>\n<\/ul>\n<h2 class=\"mb-xs mt-5 text-base font-[500] first:mt-0 dark:font-[475]\">Zusammenfassung<\/h2>\n<p class=\"my-0\">Promal Methallylescalin 21 mg Pellets bieten ein standardisiertes Modell f\u00fcr die psychedelische Forschung mit Fokus auf Rezeptorinteraktionen und kognitiven Effekten. Risiken wie kardiovaskul\u00e4rer Stress und psychische Nebenwirkungen erfordern die strikte Einhaltung des Protokolls. Die Dosierung sollte auf die Forschungsziele abgestimmt sein, wobei niedrige Dosen f\u00fcr die anf\u00e4ngliche Forschung und h\u00f6here Dosen f\u00fcr fortgeschrittene Studien geeignet sind.<span class=\"whitespace-nowrap\">.<\/span><\/p>\n<\/div>\n<\/div>","protected":false},"excerpt":{"rendered":"<p>Promal Methallylescalin 21 mg Pellets Promal Methallylescalin (MAL) ist eine synthetische psychedelische Verbindung der Phenethylamin-Klasse, die strukturell mit Meskalin verwandt ist.<\/p>","protected":false},"featured_media":28846,"comment_status":"closed","ping_status":"closed","template":"","meta":[],"product_brand":[],"product_cat":[322,80,482,483,324,398],"product_tag":[326],"class_list":{"0":"post-24101","1":"product","2":"type-product","3":"status-publish","4":"has-post-thumbnail","6":"product_cat-bijna-verboden","7":"product_cat-fenethylamine","8":"product_cat-methallylescaline","9":"product_cat-methallylescaline-pellets","10":"product_cat-pellets-for-pellet","11":"product_cat-verkoop","12":"product_tag-nl","14":"first","15":"instock","16":"sale","17":"taxable","18":"shipping-taxable","19":"purchasable","20":"product-type-variable"},"_links":{"self":[{"href":"https:\/\/researchchemicalstore.eu\/de_at\/wp-json\/wp\/v2\/product\/24101","targetHints":{"allow":["GET"]}}],"collection":[{"href":"https:\/\/researchchemicalstore.eu\/de_at\/wp-json\/wp\/v2\/product"}],"about":[{"href":"https:\/\/researchchemicalstore.eu\/de_at\/wp-json\/wp\/v2\/types\/product"}],"replies":[{"embeddable":true,"href":"https:\/\/researchchemicalstore.eu\/de_at\/wp-json\/wp\/v2\/comments?post=24101"}],"version-history":[{"count":3,"href":"https:\/\/researchchemicalstore.eu\/de_at\/wp-json\/wp\/v2\/product\/24101\/revisions"}],"predecessor-version":[{"id":26516,"href":"https:\/\/researchchemicalstore.eu\/de_at\/wp-json\/wp\/v2\/product\/24101\/revisions\/26516"}],"wp:featuredmedia":[{"embeddable":true,"href":"https:\/\/researchchemicalstore.eu\/de_at\/wp-json\/wp\/v2\/media\/28846"}],"wp:attachment":[{"href":"https:\/\/researchchemicalstore.eu\/de_at\/wp-json\/wp\/v2\/media?parent=24101"}],"wp:term":[{"taxonomy":"product_brand","embeddable":true,"href":"https:\/\/researchchemicalstore.eu\/de_at\/wp-json\/wp\/v2\/product_brand?post=24101"},{"taxonomy":"product_cat","embeddable":true,"href":"https:\/\/researchchemicalstore.eu\/de_at\/wp-json\/wp\/v2\/product_cat?post=24101"},{"taxonomy":"product_tag","embeddable":true,"href":"https:\/\/researchchemicalstore.eu\/de_at\/wp-json\/wp\/v2\/product_tag?post=24101"}],"curies":[{"name":"wp","href":"https:\/\/api.w.org\/{rel}","templated":true}]}}