{"id":24177,"date":"2025-04-13T17:41:13","date_gmt":"2025-04-13T17:41:13","guid":{"rendered":"https:\/\/researchchemicalstore.eu\/?post_type=product&#038;p=24177"},"modified":"2025-10-21T18:23:48","modified_gmt":"2025-10-21T18:23:48","slug":"norflurazepam-10-mg-schachtel","status":"publish","type":"product","link":"https:\/\/researchchemicalstore.eu\/de_at\/produkt\/norflurazepam-10-mg-schachtel\/","title":{"rendered":"RC+ Norflurazepam 10 mg Schachtel"},"content":{"rendered":"<h2><strong>Norflurazepam \u2013 Was Sie wissen m\u00fcssen<\/strong><\/h2>\n<p>Norflurazepam ist ein Benzodiazepin-Derivat mit beruhigender, muskelentspannender und angstl\u00f6sender Wirkung. Obwohl es manchmal als Schlafmittel oder gegen Angstzust\u00e4nde eingesetzt wird, wird es in vielen L\u00e4ndern \u2013 darunter den Niederlanden und Belgien \u2013 nicht verschrieben. <strong>nicht genehmigt<\/strong> f\u00fcr medizinische Zwecke. Aufgrund des Missbrauchs- und Abh\u00e4ngigkeitsrisikos f\u00e4llt es oft unter die <strong>Opiumgesetz<\/strong>.<\/p>\n<hr \/>\n<h3>\ud83d\udce6 Informationen zu Norflurazepam 10 mg (50 Pellets)<\/h3>\n<h4>1. <strong>Rechtsstatus<\/strong><\/h4>\n<ul>\n<li><strong>Niederlande<\/strong>: Norflurazepam ist auf <strong>Liste I des Opiumgesetzes<\/strong>Der Besitz, der Handel oder die Herstellung ohne Genehmigung ist strafbar.<\/li>\n<li><strong>Belgien<\/strong>: Ebenfalls verboten gem\u00e4\u00df <strong>Drogengesetze<\/strong>Es wird nicht als Arzneimittel anerkannt.<a href=\"https:\/\/researchchemicalstore.eu\/de_at\/geschaft\/b2b\/rc-norflurazepam-5mg-box\/\">RC+ Norflurazepam 5 mg Schachtel<\/a><\/li>\n<\/ul>\n<h4>2. <strong>Gesundheitsrisiken<\/strong><\/h4>\n<ul>\n<li><strong>Hohes Suchtrisiko<\/strong>: Sowohl k\u00f6rperliche als auch psychische Abh\u00e4ngigkeit.<\/li>\n<li><strong>Langzeitanwendung<\/strong> kann zu Folgendem f\u00fchren:\n<ul>\n<li>Toleranz (zunehmend h\u00f6here Dosierung erforderlich)<\/li>\n<li>Entzugserscheinungen wie Angstzust\u00e4nde, Schlaflosigkeit, Krampfanf\u00e4lle<\/li>\n<\/ul>\n<\/li>\n<li><strong>Gef\u00e4hrliche Kombinationen<\/strong>: Die Einnahme zusammen mit Alkohol oder anderen Beruhigungsmitteln (wie Opioiden) kann zu Atemdepression und Tod f\u00fchren.<a title=\"6-CL-ADBA\" href=\"https:\/\/researchchemicalstore.eu\/de_at\/geschaft\/fast-verboten\/6-cl-adba\/\" target=\"_blank\" rel=\"noopener\">6-CL-ADBA<\/a><\/li>\n<\/ul>\n<h4>3. <strong>Medizinischer Rat<\/strong><\/h4>\n<ul>\n<li>Verwenden Sie dieses Mittel <strong>nur unter \u00e4rztlicher Aufsicht<\/strong> in L\u00e4ndern, in denen es legal ist.<\/li>\n<li>Leiden Sie unter Missbrauch oder Abh\u00e4ngigkeit? <strong>Suchen Sie professionelle Hilfe.<a title=\"2C-EF 2 mg Kapseln\" href=\"https:\/\/researchchemicalstore.eu\/de_at\/geschaft\/phenethylamin\/2c-ef-2mg-kapseln\/\" target=\"_blank\" rel=\"noopener\">2C-EF 2 mg Kapseln<\/a><\/strong><\/li>\n<\/ul>\n<hr \/>\n<h3>\u26a0\ufe0fWichtige Warnung<\/h3>\n<p>Verwendung <strong>niemals<\/strong> Norflurazepam ohne \u00e4rztliches Rezept. Der illegale Handel \u2013 \u00fcber das Internet oder \u00fcber Stra\u00dfenh\u00e4ndler \u2013 birgt erhebliche Risiken:<\/p>\n<ul>\n<li>M\u00f6gliche Kontamination von Pillen<\/li>\n<li>Unzuverl\u00e4ssige Dosierung<\/li>\n<\/ul>\n<p>F\u00fcr <strong>sichere und legale Alternativen<\/strong> Wenn Sie Schlafprobleme oder Angstbeschwerden haben, wenden Sie sich bitte an Ihren <strong>Allgemeinarzt oder Apotheker<\/strong>.<\/p>\n<p>&nbsp;<\/p>","protected":false},"excerpt":{"rendered":"<p>Norflurazepam \u2013 Was Sie wissen m\u00fcssen Norflurazepam ist ein Benzodiazepin-Derivat mit beruhigender, muskelentspannender und angstl\u00f6sender Wirkung. Obwohl es manchmal verwendet wird<\/p>","protected":false},"featured_media":28862,"comment_status":"closed","ping_status":"closed","template":"","meta":[],"product_brand":[82],"product_cat":[555],"product_tag":[326,132,137,135,134,136,133],"class_list":{"0":"post-24177","1":"product","2":"type-product","3":"status-publish","4":"has-post-thumbnail","6":"product_brand-research-chemical","7":"product_cat-b2b","8":"product_tag-nl","9":"product_tag-norflurazepam","10":"product_tag-norflurazepam-dosering","11":"product_tag-norflurazepam-ervaring","12":"product_tag-norflurazepam-ervaringen","13":"product_tag-norflurazepam-psychonaut","14":"product_tag-norflurazepam-werking","16":"first","17":"instock","18":"taxable","19":"shipping-taxable","20":"purchasable","21":"product-type-variable"},"_links":{"self":[{"href":"https:\/\/researchchemicalstore.eu\/de_at\/wp-json\/wp\/v2\/product\/24177","targetHints":{"allow":["GET"]}}],"collection":[{"href":"https:\/\/researchchemicalstore.eu\/de_at\/wp-json\/wp\/v2\/product"}],"about":[{"href":"https:\/\/researchchemicalstore.eu\/de_at\/wp-json\/wp\/v2\/types\/product"}],"replies":[{"embeddable":true,"href":"https:\/\/researchchemicalstore.eu\/de_at\/wp-json\/wp\/v2\/comments?post=24177"}],"version-history":[{"count":4,"href":"https:\/\/researchchemicalstore.eu\/de_at\/wp-json\/wp\/v2\/product\/24177\/revisions"}],"predecessor-version":[{"id":26022,"href":"https:\/\/researchchemicalstore.eu\/de_at\/wp-json\/wp\/v2\/product\/24177\/revisions\/26022"}],"wp:featuredmedia":[{"embeddable":true,"href":"https:\/\/researchchemicalstore.eu\/de_at\/wp-json\/wp\/v2\/media\/28862"}],"wp:attachment":[{"href":"https:\/\/researchchemicalstore.eu\/de_at\/wp-json\/wp\/v2\/media?parent=24177"}],"wp:term":[{"taxonomy":"product_brand","embeddable":true,"href":"https:\/\/researchchemicalstore.eu\/de_at\/wp-json\/wp\/v2\/product_brand?post=24177"},{"taxonomy":"product_cat","embeddable":true,"href":"https:\/\/researchchemicalstore.eu\/de_at\/wp-json\/wp\/v2\/product_cat?post=24177"},{"taxonomy":"product_tag","embeddable":true,"href":"https:\/\/researchchemicalstore.eu\/de_at\/wp-json\/wp\/v2\/product_tag?post=24177"}],"curies":[{"name":"wp","href":"https:\/\/api.w.org\/{rel}","templated":true}]}}