{"id":24917,"date":"2025-04-13T17:43:41","date_gmt":"2025-04-13T17:43:41","guid":{"rendered":"https:\/\/researchchemicalstore.eu\/?post_type=product&#038;p=24917"},"modified":"2025-11-17T11:47:18","modified_gmt":"2025-11-17T11:47:18","slug":"25-nboh-12-mg-loschpapier","status":"publish","type":"product","link":"https:\/\/researchchemicalstore.eu\/de_at\/produkt\/25-nboh-12-mg-loschpapier\/","title":{"rendered":"25E-NBOH 1,2 MG Blotters"},"content":{"rendered":"<p class=\"ds-markdown-paragraph\"><strong>25E-NBOH 1,2 mg Blotter \u2013 Premiumqualit\u00e4t f\u00fcr die wissenschaftliche Forschung<\/strong><\/p>\n<h3><strong>Was ist 25E-NBOH?<\/strong><\/h3>\n<p class=\"ds-markdown-paragraph\">25E-NBOH ist eine Forschungschemikalie aus der NBOH-Familie, die f\u00fcr ihr Potenzial als serotonerge Verbindung bekannt ist. Diese Substanz ist ausschlie\u00dflich f\u00fcr die pharmakologische und neurowissenschaftliche Forschung in kontrollierten Laborumgebungen bestimmt.<\/p>\n<h3><strong>Produktmerkmale<\/strong><\/h3>\n<p class=\"ds-markdown-paragraph\">\u2714\u00a0<strong>Genaue Dosierung<\/strong>\u00a0\u2013 1,2 mg pro Blotter f\u00fcr reproduzierbare Ergebnisse<br \/>\n\u2714\u00a0<strong>Hohe Qualit\u00e4t<\/strong>\u00a0\u2013 Analytisch auf Reinheit gepr\u00fcft (&gt;98%)<br \/>\n\u2714\u00a0<strong>Forschungsgerechtes Format<\/strong>\u00a0\u2013 Praktische Schreibunterlagenform f\u00fcr pr\u00e4zise Verabreichung<br \/>\n\u2714\u00a0<strong>Optimale Stabilit\u00e4t<\/strong>\u00a0\u2013 Unter Schutzatmosph\u00e4re verpackt<\/p>\n<h3><strong>H\u00e4ufig gestellte Fragen<\/strong><\/h3>\n<h4><strong>1. Was sind m\u00f6gliche Forschungsrichtungen?<\/strong><\/h4>\n<ul>\n<li>\n<p class=\"ds-markdown-paragraph\">Serotonin-Rezeptor-Studien (5-HT2A-Wechselwirkungen)<\/p>\n<\/li>\n<li>\n<p class=\"ds-markdown-paragraph\">Neuropharmakologische Mechanismen<\/p>\n<\/li>\n<li>\n<p class=\"ds-markdown-paragraph\">Vergleichende Analysen mit verwandten Verbindungen<\/p>\n<\/li>\n<\/ul>\n<h4><strong>2. Wie lagere ich die L\u00f6schbl\u00e4tter richtig?<\/strong><\/h4>\n<ul>\n<li>\n<p class=\"ds-markdown-paragraph\">In der Originalverpackung aufbewahren<\/p>\n<\/li>\n<li>\n<p class=\"ds-markdown-paragraph\">K\u00fchl (2-8\u00b0C), dunkel und trocken<\/p>\n<\/li>\n<li>\n<p class=\"ds-markdown-paragraph\">Gesch\u00fctzt gegen Feuchtigkeit<\/p>\n<\/li>\n<\/ul>\n<h4><strong>3. Ist dies f\u00fcr die Forschung legal?<\/strong><\/h4>\n<p class=\"ds-markdown-paragraph\">Der Rechtsstatus ist je nach Region unterschiedlich.\u00a0<strong>Nur f\u00fcr wissenschaftliche Forschung<\/strong>\u00a0\u2013 Nicht f\u00fcr den menschlichen Gebrauch. Forscher sollten die \u00f6rtlichen Vorschriften pr\u00fcfen.<\/p>\n<h4><strong>4. Welche Sicherheitsma\u00dfnahmen sind notwendig?<\/strong><\/h4>\n<ul>\n<li>\n<p class=\"ds-markdown-paragraph\">Verwendung in einer kontrollierten Laborumgebung<\/p>\n<\/li>\n<li>\n<p class=\"ds-markdown-paragraph\">Tragen Sie pers\u00f6nliche Schutzausr\u00fcstung<\/p>\n<\/li>\n<li>\n<p class=\"ds-markdown-paragraph\">Halten Sie Erste-Hilfe-Protokolle bereit<\/p>\n<\/li>\n<\/ul>\n<h3><strong>Bestellinformationen<\/strong><\/h3>\n<ul>\n<li>\n<p class=\"ds-markdown-paragraph\">Erh\u00e4ltlich pro 10 L\u00f6schbl\u00e4tter<\/p>\n<\/li>\n<li>\n<p class=\"ds-markdown-paragraph\">Diskrete Verpackung mit Sendungsverfolgung<\/p>\n<\/li>\n<li>\n<p class=\"ds-markdown-paragraph\">Nur f\u00fcr qualifizierte Forscher.<\/p>\n<\/li>\n<\/ul>\n<p><a href=\"https:\/\/researchchemicalstore.eu\/de_at\/geschaft\/lysergamide\/1v-lsd-150-mcg-blotters\/\">1V-LSD 150 MCG Blotter<\/a><a href=\"https:\/\/researchchemicalstore.eu\/de_at\/geschaft\/pellets\/o-dsmt-50-mg-pellets\/\">O-DSMT 50 mg Pellets<\/a><a href=\"https:\/\/researchchemicalstore.eu\/de_at\/geschaft\/lysergamide\/1cp-lsd\/\">1cP-LSD 150 MCG Art Blotters<\/a><a href=\"https:\/\/researchchemicalstore.eu\/de_at\/geschaft\/iboga-ibogain\/iboga-wurzelrinde\/\">Iboga-Wurzelrinde<\/a><a href=\"https:\/\/researchchemicalstore.eu\/de_at\/geschaft\/iboga-ibogain\/ibogain-hcl-online-kaufen\/\">Kaufen Sie Ibogain HCL<\/a><\/p>","protected":false},"excerpt":{"rendered":"<p>25E-NBOH 1,2 mg Blotters \u2013 Premium-Qualit\u00e4t f\u00fcr die wissenschaftliche Forschung Was ist 25E-NBOH? 25E-NBOH ist eine Forschungschemikalie aus der NBOH-Reihe,<\/p>","protected":false},"featured_media":29013,"comment_status":"closed","ping_status":"closed","template":"","meta":[],"product_brand":[82],"product_cat":[357,80],"product_tag":[201,203,202,326],"class_list":{"0":"post-24917","1":"product","2":"type-product","3":"status-publish","4":"has-post-thumbnail","6":"product_brand-research-chemical","7":"product_cat-25e-nboh","8":"product_cat-fenethylamine","9":"product_tag-25e-nboh","10":"product_tag-25e-nboh-kopen","11":"product_tag-25e-nboh-reddit","12":"product_tag-nl","14":"first","15":"instock","16":"taxable","17":"shipping-taxable","18":"purchasable","19":"product-type-variable"},"_links":{"self":[{"href":"https:\/\/researchchemicalstore.eu\/de_at\/wp-json\/wp\/v2\/product\/24917","targetHints":{"allow":["GET"]}}],"collection":[{"href":"https:\/\/researchchemicalstore.eu\/de_at\/wp-json\/wp\/v2\/product"}],"about":[{"href":"https:\/\/researchchemicalstore.eu\/de_at\/wp-json\/wp\/v2\/types\/product"}],"replies":[{"embeddable":true,"href":"https:\/\/researchchemicalstore.eu\/de_at\/wp-json\/wp\/v2\/comments?post=24917"}],"version-history":[{"count":5,"href":"https:\/\/researchchemicalstore.eu\/de_at\/wp-json\/wp\/v2\/product\/24917\/revisions"}],"predecessor-version":[{"id":25869,"href":"https:\/\/researchchemicalstore.eu\/de_at\/wp-json\/wp\/v2\/product\/24917\/revisions\/25869"}],"wp:featuredmedia":[{"embeddable":true,"href":"https:\/\/researchchemicalstore.eu\/de_at\/wp-json\/wp\/v2\/media\/29013"}],"wp:attachment":[{"href":"https:\/\/researchchemicalstore.eu\/de_at\/wp-json\/wp\/v2\/media?parent=24917"}],"wp:term":[{"taxonomy":"product_brand","embeddable":true,"href":"https:\/\/researchchemicalstore.eu\/de_at\/wp-json\/wp\/v2\/product_brand?post=24917"},{"taxonomy":"product_cat","embeddable":true,"href":"https:\/\/researchchemicalstore.eu\/de_at\/wp-json\/wp\/v2\/product_cat?post=24917"},{"taxonomy":"product_tag","embeddable":true,"href":"https:\/\/researchchemicalstore.eu\/de_at\/wp-json\/wp\/v2\/product_tag?post=24917"}],"curies":[{"name":"wp","href":"https:\/\/api.w.org\/{rel}","templated":true}]}}