{"id":26132,"date":"2025-05-01T01:31:17","date_gmt":"2025-05-01T01:31:17","guid":{"rendered":"https:\/\/researchchemicalstore.eu\/?post_type=product&#038;p=26132"},"modified":"2025-10-18T14:22:47","modified_gmt":"2025-10-18T14:22:47","slug":"ibogain-hcl-online-kaufen","status":"publish","type":"product","link":"https:\/\/researchchemicalstore.eu\/de_at\/produkt\/ibogain-hcl-online-kaufen\/","title":{"rendered":"Kaufen Sie Ibogain HCL"},"content":{"rendered":"<h2>Kaufen Sie Ibogain HCL<\/h2>\n<div class=\"sm-table-layout__cell sm-table-layout__cell_align_left sm-table-layout__cell_fixed-cell_phrase\" role=\"cell\" data-testid=\"table-cell-keyword\">\n<div class=\"sm-cell-phrase\"><span class=\"___SText_anxqe-kmt_\" data-ui-name=\"Link.Text\">Ibogain HCL online kaufen, <\/span>Kaufen Sie Ibogain HCL. Ibogain ist der Wirkstoff der afrikanischen Tabernanthe-iboga-Wurzel, der k\u00f6rperliche Entzugserscheinungen lindert und das Verlangen nach Drogen dauerhaft unterbricht. Ibogain HCL hat sich als das wirksamste Heilmittel zur Behandlung von Suchterkrankungen erwiesen. Bei richtiger Anwendung ist die Wirkung 100% effektiv. Wir bieten Iboga vorverpackt in Kapseln an, was die Dosierung und Einnahme erleichtert.<\/div>\n<\/div>\n<p>Gewonnen aus der Wurzelrinde der Tabernanthe Iboga. Die zweite Schicht der Ibogarinde enth\u00e4lt etwa zw\u00f6lf verschiedene Alkaloide. Die drei wichtigsten extrahierten Alkaloide sind Ibogain, Ibogamin und Ibogalin. Ibogain HCL, eine chemische Verbindung von Ibogain, wird in der Suchtbehandlung eingesetzt. Ibogain HCL ist eine nat\u00fcrlich vorkommende Verbindung, die aus dem in Afrika beheimateten Tabernanthe Iboga-Strauch gewonnen wird. Es wird verwendet, um Giftstoffe (wie Opiate und andere Drogen) aus dem K\u00f6rper zu sp\u00fclen und die unangenehmen Symptome des k\u00f6rperlichen Entzugs bei Drogenmissbrauch deutlich zu lindern.<\/p>\n<p>Ibogain HCL ist die dritte Ibogain-Klasse und wird am h\u00e4ufigsten in der Suchttherapie eingesetzt. Es durchl\u00e4uft einen speziellen Reinigungsprozess mit HCL, der verschiedene Verunreinigungen und andere Substanzen entfernt. Dar\u00fcber hinaus enth\u00e4lt Ibogain HCL etwa 85\u201399 Prozent reines Ibogain.<\/p>\n<h2>Ibogain HCL zu verkaufen<\/h2>\n<p>Ibogain HCL wird \u00fcblicherweise im medizinischen Bereich unter Aufsicht von ausgebildeten, zertifizierten \u00c4rzten und Pflegekr\u00e4ften eingesetzt. Es hilft Menschen mit Substanzmissbrauch bei der Bew\u00e4ltigung von Drogen- oder Alkoholentzugssymptomen. Ibogain HCL wirkt synergetisch mit Neuronen und spezifischen Rezeptoren im Gehirn und im zentralen Nervensystem.<\/p>\n<p>Bei einem Ibogain-HCl-Entzug treten weiterhin Entzugserscheinungen auf. Diese sind jedoch in der Regel nur geringf\u00fcgig st\u00e4rker ausgepr\u00e4gt als ohne Behandlung. Die Wirkung der Ibogain-HCl-Behandlung kann je nach individuellen Merkmalen des Patienten 15 bis 36 Stunden anhalten.<a href=\"https:\/\/researchchemicalstore.eu\/de_at\/geschaft\/cathinone\/2-cmc-kaufen\/\">2-CMC 250 mg Pellets<\/a><a href=\"https:\/\/researchchemicalstore.eu\/de_at\/geschaft\/fast-verboten\/6-cl-adba\/\">6-CL-ADBA<\/a><a href=\"https:\/\/researchchemicalstore.eu\/de_at\/geschaft\/lysergamide\/1v-lsd-150-mcg-blotters\/\">1V-LSD 150 MCG Blotter<\/a><a href=\"https:\/\/researchchemicalstore.eu\/de_at\/geschaft\/pellets\/o-dsmt-50-mg-pellets\/\">O-DSMT 50 mg Pellets<\/a><a href=\"https:\/\/researchchemicalstore.eu\/de_at\/geschaft\/lysergamide\/1cp-lsd-150-mcg\/\">1cP-LSD 150 MCG Art Blotters<\/a><\/p>","protected":false},"excerpt":{"rendered":"<p>Kaufen Sie Ibogain HCL, kaufen Sie Ibogain HCL online, kaufen Sie Ibogain HCL, Ibogain ist die aktive Chemikalie, die in der afrikanischen Tabernanthe gefunden wird<\/p>","protected":false},"featured_media":28747,"comment_status":"closed","ping_status":"closed","template":"","meta":[],"product_brand":[],"product_cat":[908],"product_tag":[913],"class_list":{"0":"post-26132","1":"product","2":"type-product","3":"status-publish","4":"has-post-thumbnail","6":"product_cat-iboga-ibogaine","7":"product_tag-buy-ibogaine-hcl-online","9":"first","10":"instock","11":"taxable","12":"shipping-taxable","13":"purchasable","14":"product-type-variable"},"_links":{"self":[{"href":"https:\/\/researchchemicalstore.eu\/de_at\/wp-json\/wp\/v2\/product\/26132","targetHints":{"allow":["GET"]}}],"collection":[{"href":"https:\/\/researchchemicalstore.eu\/de_at\/wp-json\/wp\/v2\/product"}],"about":[{"href":"https:\/\/researchchemicalstore.eu\/de_at\/wp-json\/wp\/v2\/types\/product"}],"replies":[{"embeddable":true,"href":"https:\/\/researchchemicalstore.eu\/de_at\/wp-json\/wp\/v2\/comments?post=26132"}],"version-history":[{"count":3,"href":"https:\/\/researchchemicalstore.eu\/de_at\/wp-json\/wp\/v2\/product\/26132\/revisions"}],"predecessor-version":[{"id":26156,"href":"https:\/\/researchchemicalstore.eu\/de_at\/wp-json\/wp\/v2\/product\/26132\/revisions\/26156"}],"wp:featuredmedia":[{"embeddable":true,"href":"https:\/\/researchchemicalstore.eu\/de_at\/wp-json\/wp\/v2\/media\/28747"}],"wp:attachment":[{"href":"https:\/\/researchchemicalstore.eu\/de_at\/wp-json\/wp\/v2\/media?parent=26132"}],"wp:term":[{"taxonomy":"product_brand","embeddable":true,"href":"https:\/\/researchchemicalstore.eu\/de_at\/wp-json\/wp\/v2\/product_brand?post=26132"},{"taxonomy":"product_cat","embeddable":true,"href":"https:\/\/researchchemicalstore.eu\/de_at\/wp-json\/wp\/v2\/product_cat?post=26132"},{"taxonomy":"product_tag","embeddable":true,"href":"https:\/\/researchchemicalstore.eu\/de_at\/wp-json\/wp\/v2\/product_tag?post=26132"}],"curies":[{"name":"wp","href":"https:\/\/api.w.org\/{rel}","templated":true}]}}