{"id":23229,"date":"2025-04-13T17:39:23","date_gmt":"2025-04-13T17:39:23","guid":{"rendered":"https:\/\/researchchemicalstore.eu\/?post_type=product&#038;p=23229"},"modified":"2025-10-23T02:01:48","modified_gmt":"2025-10-23T02:01:48","slug":"3-mi-pcp","status":"publish","type":"product","link":"https:\/\/researchchemicalstore.eu\/es\/producto\/3-mi-pcp\/","title":{"rendered":"3-Me-PCP (3-metilfenciclidina)"},"content":{"rendered":"<h1>3-Me-PCP (3-metilfenciclidina): Descripci\u00f3n cient\u00edfica del producto<\/h1>\n<h2>Introducci\u00f3n y caracter\u00edsticas generales<\/h2>\n<p>El 3-Me-PCP (3-metilfenciclidina) es una sustancia qu\u00edmica de investigaci\u00f3n disociativa de la clase de las arilciclohexilaminas. La sustituci\u00f3n de metilo en la posici\u00f3n 3 del anillo de fenilo afecta a ambos... <a href=\"http:\/\/google.nl\" target=\"_blank\" rel=\"noopener\">el<\/a> Propiedades farmacocin\u00e9ticas y farmacodin\u00e1micas del compuesto. Esta estructura qu\u00edmica hace que el 3-Me-PCP sea especialmente adecuado para la investigaci\u00f3n de interacciones con receptores, procesos neuroqu\u00edmicos y relaciones estructura-actividad. Solo para uso profesional en laboratorios.<a href=\"https:\/\/researchchemicalstore.eu\/es\/comercio\/pellets\/granulos-de-o-dsmt-50-mg\/\">Gr\u00e1nulos de O-DSMT de 50 mg<\/a><\/p>\n<h2>Identificaci\u00f3n qu\u00edmica y propiedades<\/h2>\n<ul>\n<li><strong>Nombre IUPAC<\/strong>: 1-(1-(3-metilfenil)ciclohexil)piperidina<\/li>\n<li><strong>F\u00f3rmula molecular<\/strong>: C\u2081\u2088H\u2082\u2087N<\/li>\n<li><strong>Masa molecular<\/strong>:257,42 g\/mol<\/li>\n<li><strong>Pureza<\/strong>: \u226599% (verificado por HPLC-MS)<\/li>\n<li><strong>Apariencia<\/strong>: Polvo cristalino de color blanco a crema claro.<\/li>\n<li><strong>Solubilidad<\/strong>:\n<ul>\n<li>F\u00e1cilmente soluble en metanol, etanol, acetona.<\/li>\n<li>Ligeramente soluble en agua.<\/li>\n<\/ul>\n<\/li>\n<\/ul>\n<h2>\u00c1reas de aplicaci\u00f3n cient\u00edfica<\/h2>\n<p>El 3-Me-PCP se utiliza en:<\/p>\n<ul>\n<li>Estudios de uni\u00f3n a receptores (NMDA, receptores sigma)<\/li>\n<li>An\u00e1lisis de la interacci\u00f3n de neurotransmisores<\/li>\n<li>Comparaciones SAR (Relaci\u00f3n Estructura-Actividad)<\/li>\n<li>Modelado farmacocin\u00e9tico<\/li>\n<li>Estudios de acoplamiento y uni\u00f3n molecular<\/li>\n<\/ul>\n<h2>Protocolo de seguridad del laboratorio<\/h2>\n<ul>\n<li>Utilice siempre bata de laboratorio, guantes de nitrilo y gafas de seguridad.<\/li>\n<li>Trabajos obligatorios bajo extracci\u00f3n (m\u00edn. 0,5 m\/s)<\/li>\n<li>Evitar la inhalaci\u00f3n y el contacto con la piel.<\/li>\n<li>Extintor de incendios y estaci\u00f3n lavaojos al alcance de la mano<\/li>\n<li>Nunca trabaje solo al manipular sustancias.<\/li>\n<\/ul>\n<h2>Condiciones de almacenamiento y estabilidad<\/h2>\n<ul>\n<li><strong>Almacenamiento a largo plazo<\/strong>:-20\u00b0C en envase herm\u00e9tico<\/li>\n<li><strong>Uso a corto plazo<\/strong>: 2\u20138 \u00b0C (m\u00e1ximo 2 semanas)<\/li>\n<li><strong>Embalaje<\/strong>: Vidrio \u00e1mbar con sello de tefl\u00f3n<\/li>\n<li><strong>Humedad<\/strong>: &lt;30% RH, almacenar con desecante<\/li>\n<li><strong>Sensible a la luz<\/strong>:Evite los rayos UV y la luz brillante.<\/li>\n<\/ul>\n<h2>Garant\u00eda de calidad y control anal\u00edtico<\/h2>\n<p>En cada lote se comprueba lo siguiente:<\/p>\n<ul>\n<li>Pureza m\u00e1xima de HPLC<\/li>\n<li>Pureza por cromatograf\u00eda de gases (GC-MS)<\/li>\n<li>Validaci\u00f3n de RMN (\u00b9H y \u00b9\u00b3C)<\/li>\n<li>Disolventes residuales y metales pesados<\/li>\n<li>Estabilidad (24 meses en condiciones de congelaci\u00f3n)<\/li>\n<\/ul>\n<h2>Opciones de embalaje y condiciones de entrega<\/h2>\n<ul>\n<li><strong>250 mg<\/strong> \u2013 muestra de investigaci\u00f3n<\/li>\n<li><strong>1 gramo<\/strong> \u2013 escala de laboratorio est\u00e1ndar<\/li>\n<li><strong>5 gramos<\/strong> \u2013 programas de investigaci\u00f3n<\/li>\n<li><strong>10 gramos<\/strong> \u2013 formato masivo para estudios de validaci\u00f3n<\/li>\n<li>Cantidades personalizadas a pedido<\/li>\n<li>Entrega mediante env\u00edo con temperatura controlada y etiquetado discreto.<\/li>\n<\/ul>\n<h2>Documentaci\u00f3n t\u00e9cnica y soporte<\/h2>\n<p>Incluido en la entrega:<\/p>\n<ul>\n<li>Certificado de an\u00e1lisis (COA)<a href=\"https:\/\/researchchemicalstore.eu\/es\/comercio\/lisergamidas\/1-cp-de-lsd-150-mcg\/\">Papel secante para arte de 1 cP-LSD 150 MCG<\/a><\/li>\n<li>Hoja de datos de seguridad del material (MSDS)<a href=\"https:\/\/researchchemicalstore.eu\/es\/comercio\/lisergamidas\/1vlsd\/\">Papel secante 1V-LSD 150 MCG<\/a><\/li>\n<li>Perfil de solubilidad y pautas de almacenamiento<\/li>\n<li>Referencias espectrales: FT-IR, RMN, LC-MS<\/li>\n<\/ul>\n<h2>Marco regulatorio y cumplimiento<\/h2>\n<ul>\n<li>No destinado al consumo humano ni animal.<\/li>\n<li>Solo para investigaci\u00f3n in vitro o ex vivo<\/li>\n<li>El comprador es responsable del cumplimiento de todas las leyes y regulaciones aplicables.<\/li>\n<li>Entrega \u00fanicamente a instituciones de investigaci\u00f3n reconocidas<\/li>\n<li>Se requiere control de exportaciones y declaraci\u00f3n del usuario final<\/li>\n<\/ul>\n<h2>Apoyo y servicio de investigaci\u00f3n<\/h2>\n<p>Soporte para:<\/p>\n<ul>\n<li>Desarrollo y validaci\u00f3n de m\u00e9todos anal\u00edticos<\/li>\n<li>Asesoramiento t\u00e9cnico sobre configuraci\u00f3n y reactividad del laboratorio.<\/li>\n<li>Referencia bibliogr\u00e1fica y an\u00e1lisis SAR<\/li>\n<li>Soluci\u00f3n de problemas en procesos anal\u00edticos<\/li>\n<\/ul>\n<h2>Conclusi\u00f3n y valor cient\u00edfico<\/h2>\n<p>El 3-Me-PCP es una valiosa incorporaci\u00f3n al campo de las arilciclohexilaminas. El grupo metilo del anillo de fenilo ofrece caracter\u00edsticas farmacol\u00f3gicas y moleculares \u00fanicas, lo que la hace especialmente adecuada para estudios in vitro y precl\u00ednicos. Se suministra con documentaci\u00f3n completa y garant\u00eda de alta calidad para uso profesional.<\/p>","protected":false},"excerpt":{"rendered":"<h3>Propiedades del 3-Me-PCP<\/h3>\n<p><strong>Sin\u00f3nimo<\/strong>: 3-metilfenciclidina<br \/>\n<strong>N\u00famero CAS<\/strong>: 91164-58-8<br \/>\n<strong>F\u00f3rmula<\/strong>: 1-[1-(3-metilfenil)ciclohexil]-piperidina<br \/>\n<strong>Masa molar<\/strong>:292,2 g\/mol<br \/>\n<strong>Pureza<\/strong>: &gt;97%<\/p>","protected":false},"featured_media":28672,"comment_status":"closed","ping_status":"closed","template":"","meta":[],"product_brand":[82],"product_cat":[516,71],"product_tag":[326],"class_list":{"0":"post-23229","1":"product","2":"type-product","3":"status-publish","4":"has-post-thumbnail","6":"product_brand-research-chemical","7":"product_cat-3-me-pcp","8":"product_cat-arylcyclohexylamine","9":"product_tag-nl","11":"first","12":"instock","13":"taxable","14":"shipping-taxable","15":"purchasable","16":"product-type-variable"},"_links":{"self":[{"href":"https:\/\/researchchemicalstore.eu\/es\/wp-json\/wp\/v2\/product\/23229","targetHints":{"allow":["GET"]}}],"collection":[{"href":"https:\/\/researchchemicalstore.eu\/es\/wp-json\/wp\/v2\/product"}],"about":[{"href":"https:\/\/researchchemicalstore.eu\/es\/wp-json\/wp\/v2\/types\/product"}],"replies":[{"embeddable":true,"href":"https:\/\/researchchemicalstore.eu\/es\/wp-json\/wp\/v2\/comments?post=23229"}],"version-history":[{"count":4,"href":"https:\/\/researchchemicalstore.eu\/es\/wp-json\/wp\/v2\/product\/23229\/revisions"}],"predecessor-version":[{"id":26367,"href":"https:\/\/researchchemicalstore.eu\/es\/wp-json\/wp\/v2\/product\/23229\/revisions\/26367"}],"wp:featuredmedia":[{"embeddable":true,"href":"https:\/\/researchchemicalstore.eu\/es\/wp-json\/wp\/v2\/media\/28672"}],"wp:attachment":[{"href":"https:\/\/researchchemicalstore.eu\/es\/wp-json\/wp\/v2\/media?parent=23229"}],"wp:term":[{"taxonomy":"product_brand","embeddable":true,"href":"https:\/\/researchchemicalstore.eu\/es\/wp-json\/wp\/v2\/product_brand?post=23229"},{"taxonomy":"product_cat","embeddable":true,"href":"https:\/\/researchchemicalstore.eu\/es\/wp-json\/wp\/v2\/product_cat?post=23229"},{"taxonomy":"product_tag","embeddable":true,"href":"https:\/\/researchchemicalstore.eu\/es\/wp-json\/wp\/v2\/product_tag?post=23229"}],"curies":[{"name":"gracias","href":"https:\/\/api.w.org\/{rel}","templated":true}]}}