{"id":23285,"date":"2025-04-13T17:39:30","date_gmt":"2025-04-13T17:39:30","guid":{"rendered":"https:\/\/researchchemicalstore.eu\/?post_type=product&#038;p=23285"},"modified":"2026-02-02T10:01:00","modified_gmt":"2026-02-02T10:01:00","slug":"papel-secante-1b-lsd-125-mcg","status":"publish","type":"product","link":"https:\/\/researchchemicalstore.eu\/es\/producto\/papel-secante-1b-lsd-125-mcg\/","title":{"rendered":"Papel secante 1B-LSD 125 MCG"},"content":{"rendered":"<h1>Papel secante 1B-LSD de 125 mcg: materiales de investigaci\u00f3n con dosificaci\u00f3n precisa para aplicaciones cient\u00edficas<\/h1>\n<h2>Caracter\u00edsticas del producto<\/h2>\n<p><strong>Papel secante 1B-LSD 125 MCG<\/strong> Proporciona un medio con la dosis exacta para su uso en investigaci\u00f3n cient\u00edfica farmacol\u00f3gica y anal\u00edtica. Cada papel secante contiene <strong>125 microgramos de 1B-LSD<\/strong> (dietilamida del \u00e1cido 1-butiril-lis\u00e9rgico), una lisergamida semisint\u00e9tica <a href=\"http:\/\/google.nl\" target=\"_blank\" rel=\"noopener\">de<\/a> Propiedades farmacol\u00f3gicas \u00fanicas.<a href=\"https:\/\/researchchemicalstore.eu\/es\/comercio\/lisergamidas\/1-cp-de-lsd-150-mcg\/\">Papel secante para arte de 1 cP-LSD 150 MCG<\/a><\/p>\n<h2>Especificaciones t\u00e9cnicas<\/h2>\n<ul>\n<li><strong>Nombre qu\u00edmico<\/strong>: 1-butiril-LSD<\/li>\n<li><strong>F\u00f3rmula molecular<\/strong>:C24H31N3O2<\/li>\n<li><strong>Peso molecular<\/strong>:393,53 g\/mol<\/li>\n<li><strong>Pureza<\/strong>: \u226598% (HPLC-MS verificado)<\/li>\n<li><strong>Dosificaci\u00f3n<\/strong>:125 mcg por papel secante (\u00b15%)<\/li>\n<li><strong>Tama\u00f1o del papel secante<\/strong>: Papel absorbente de 5\u00d75 mm<\/li>\n<li><strong>Solubilidad<\/strong>: Libremente soluble en metanol y etanol.<\/li>\n<\/ul>\n<h2>Garant\u00edas de calidad<\/h2>\n<ul>\n<li>An\u00e1lisis HPLC para cuantificaci\u00f3n<\/li>\n<li>Confirmaci\u00f3n de identidad mediante espectrometr\u00eda de masas<\/li>\n<li>Control de uniformidad de lotes<\/li>\n<li>Investigaci\u00f3n de estabilidad en diversas condiciones<\/li>\n<li>Detecci\u00f3n de contaminaci\u00f3n microbiol\u00f3gica<\/li>\n<\/ul>\n<h2>Aplicaciones cient\u00edficas<\/h2>\n<ul>\n<li>Investigaci\u00f3n del receptor serotonin\u00e9rgico (5-HT2A)<\/li>\n<li>Estudios de comparaci\u00f3n farmacocin\u00e9tica<\/li>\n<li>Investigaci\u00f3n de perfiles de metabolitos<\/li>\n<li>Estudios de relaci\u00f3n estructura-actividad<\/li>\n<li>An\u00e1lisis de los mecanismos de acci\u00f3n neurofarmacol\u00f3gicos<\/li>\n<\/ul>\n<h2>Condiciones de almacenamiento<\/h2>\n<ul>\n<li><strong>Almacenamiento a largo plazo<\/strong>:-20\u00b0C, se requiere embalaje resistente a la luz<\/li>\n<li><strong>Almacenamiento a corto plazo<\/strong>:2\u20138\u00b0C, hasta 3 meses<\/li>\n<li><strong>Humedad<\/strong>: &lt;40% humedad relativa<\/li>\n<li><strong>fotosensibilidad<\/strong>:Guardar siempre en la oscuridad<\/li>\n<\/ul>\n<h2>Protocolos de seguridad<\/h2>\n<ul>\n<li>Equipo de protecci\u00f3n obligatorio:\n<ul>\n<li>Bata de laboratorio de manga larga<\/li>\n<li>Guantes de nitrilo resistentes a productos qu\u00edmicos<\/li>\n<li>Gafas de seguridad con protecci\u00f3n lateral<\/li>\n<\/ul>\n<\/li>\n<li>Uso en entornos de campanas extractoras<\/li>\n<li>Restricciones de acceso a las \u00e1reas de investigaci\u00f3n<\/li>\n<li>Se requiere eliminaci\u00f3n separada y etiquetada de residuos.<a href=\"https:\/\/researchchemicalstore.eu\/es\/comercio\/pellets\/granulos-de-o-dsmt-50-mg\/\">Gr\u00e1nulos de O-DSMT de 50 mg<\/a><\/li>\n<\/ul>\n<h2>Opciones de embalaje<\/h2>\n<h3>Paquete de investigaci\u00f3n est\u00e1ndar<\/h3>\n<ul>\n<li>10 secantes por hoja<\/li>\n<li>Envuelto en doble papel de aluminio.<\/li>\n<li>Incluye absorbedor de ox\u00edgeno y gel de s\u00edlice.<\/li>\n<\/ul>\n<h3>Paquete de suministros de laboratorio<\/h3>\n<ul>\n<li>100 secantes<\/li>\n<li>Envasado con atm\u00f3sfera de gas arg\u00f3n<\/li>\n<li>Contenedor de transporte sellado y climatizado<\/li>\n<\/ul>\n<h2>Documentaci\u00f3n anal\u00edtica<\/h2>\n<p>Cada entrega contiene:<\/p>\n<ul>\n<li>Certificado de an\u00e1lisis<\/li>\n<li>Caracterizaci\u00f3n cromatogr\u00e1fica por HPLC y MS<\/li>\n<li>Informes de estabilidad espec\u00edficos de cada lote<\/li>\n<li>Ficha de datos de seguridad (holand\u00e9s e ingl\u00e9s)<\/li>\n<\/ul>\n<h2>Marco regulatorio<\/h2>\n<ul>\n<li>S\u00f3lo permitido para <strong>fines de investigaci\u00f3n in vitro<\/strong><\/li>\n<li>No destinado al consumo humano ni animal.<\/li>\n<li>S\u00f3lo disponible para instituciones con permisos v\u00e1lidos<\/li>\n<li>El estado legal puede variar seg\u00fan la regi\u00f3n: se requiere verificaci\u00f3n<\/li>\n<\/ul>\n<h2>Informaci\u00f3n de pedidos y env\u00edos<\/h2>\n<ul>\n<li><strong>Cantidad m\u00ednima de pedido<\/strong>: 1 hoja (10 secantes)<\/li>\n<li><strong>Transporte<\/strong>:Posibilidad de controlar la temperatura<\/li>\n<li><strong>Embalaje<\/strong>:Discreto y encriptado, con seguimiento y rastreo<\/li>\n<li><strong>Documentaci\u00f3n<\/strong>:Incluye formularios de aduanas y de laboratorio para instituciones de investigaci\u00f3n.<\/li>\n<\/ul>\n<h2>Descargo de responsabilidad<\/h2>\n<ol>\n<li>S\u00f3lo permitido para uso cient\u00edfico legalmente reconocido.<\/li>\n<li>El comprador es responsable del cumplimiento de todas las leyes y regulaciones aplicables.<\/li>\n<li>El vendedor no es responsable por usos indebidos o infracciones.<\/li>\n<li>El almacenamiento y la manipulaci\u00f3n deben realizarse de acuerdo con las pautas de seguridad aplicables.<a href=\"https:\/\/researchchemicalstore.eu\/es\/comercio\/lisergamidas\/1vlsd\/\">Papel secante 1V-LSD 150 MCG<\/a><\/li>\n<\/ol>","protected":false},"excerpt":{"rendered":"<h3>Propiedades del 1B-LSD<\/h3>\n<p><strong>Sin\u00f3nimo:<\/strong> hemi-L-tartrato de dietilamida del \u00e1cido 1-butanoil-lis\u00e9rgico<br \/>\n<strong>N\u00famero CAS:<\/strong> 2349376-12-9<br \/>\n<strong>F\u00f3rmula:<\/strong> (8\u03b2)-1-butanoil-N,N-dietil-6-metil-9,10-didehidroergolina-8-carboxamida hemi-L-tartrato<br \/>\n<strong>Masa molar:<\/strong> 468,5 g\/mol<br \/>\n<strong>Pureza:<\/strong> &gt;97%<\/p>\n<p><span style=\"color: #ff0000;\"><em><strong>\u00a0<\/strong><\/em><\/span><\/p>","protected":false},"featured_media":28556,"comment_status":"closed","ping_status":"closed","template":"","meta":[],"product_brand":[82],"product_cat":[530,358],"product_tag":[923,326],"class_list":{"0":"post-23285","1":"product","2":"type-product","3":"status-publish","4":"has-post-thumbnail","6":"product_brand-research-chemical","7":"product_cat-1b-lsd","8":"product_cat-lysergamides","9":"product_tag-1b-lsd","10":"product_tag-nl","12":"first","13":"instock","14":"taxable","15":"shipping-taxable","16":"purchasable","17":"product-type-variable"},"_links":{"self":[{"href":"https:\/\/researchchemicalstore.eu\/es\/wp-json\/wp\/v2\/product\/23285","targetHints":{"allow":["GET"]}}],"collection":[{"href":"https:\/\/researchchemicalstore.eu\/es\/wp-json\/wp\/v2\/product"}],"about":[{"href":"https:\/\/researchchemicalstore.eu\/es\/wp-json\/wp\/v2\/types\/product"}],"replies":[{"embeddable":true,"href":"https:\/\/researchchemicalstore.eu\/es\/wp-json\/wp\/v2\/comments?post=23285"}],"version-history":[{"count":4,"href":"https:\/\/researchchemicalstore.eu\/es\/wp-json\/wp\/v2\/product\/23285\/revisions"}],"predecessor-version":[{"id":26354,"href":"https:\/\/researchchemicalstore.eu\/es\/wp-json\/wp\/v2\/product\/23285\/revisions\/26354"}],"wp:featuredmedia":[{"embeddable":true,"href":"https:\/\/researchchemicalstore.eu\/es\/wp-json\/wp\/v2\/media\/28556"}],"wp:attachment":[{"href":"https:\/\/researchchemicalstore.eu\/es\/wp-json\/wp\/v2\/media?parent=23285"}],"wp:term":[{"taxonomy":"product_brand","embeddable":true,"href":"https:\/\/researchchemicalstore.eu\/es\/wp-json\/wp\/v2\/product_brand?post=23285"},{"taxonomy":"product_cat","embeddable":true,"href":"https:\/\/researchchemicalstore.eu\/es\/wp-json\/wp\/v2\/product_cat?post=23285"},{"taxonomy":"product_tag","embeddable":true,"href":"https:\/\/researchchemicalstore.eu\/es\/wp-json\/wp\/v2\/product_tag?post=23285"}],"curies":[{"name":"gracias","href":"https:\/\/api.w.org\/{rel}","templated":true}]}}