{"id":23317,"date":"2025-04-13T17:39:34","date_gmt":"2025-04-13T17:39:34","guid":{"rendered":"https:\/\/researchchemicalstore.eu\/?post_type=product&#038;p=23317"},"modified":"2025-10-23T01:17:21","modified_gmt":"2025-10-23T01:17:21","slug":"efecto-del-flubromazepam","status":"publish","type":"product","link":"https:\/\/researchchemicalstore.eu\/es\/producto\/efecto-del-flubromazepam\/","title":{"rendered":"Flubromazepam puro"},"content":{"rendered":"<h2>Flubromazepam<span class=\"___SText_pr68d-red-team\" data-ui-name=\"Link.Text\">\u00a0operaci\u00f3n<\/span><\/h2>\n<p><strong>Flubromazepam <span class=\"___SText_pr68d-red-team\" data-ui-name=\"Link.Text\">operaci\u00f3n<\/span><\/strong> Es una sustancia que \u00fanicamente se vende con fines de investigaci\u00f3n y, por tanto, no est\u00e1 destinada al consumo.<\/p>\n<p>El flubromazepam conserva su estabilidad hasta 2 a\u00f1os cuando se almacena en el entorno adecuado. El flubromazepam est\u00e1 destinado a fines de investigaci\u00f3n y no para el consumo. Por lo tanto, es importante que el producto se mantenga fuera del alcance de los ni\u00f1os y las mascotas.<a title=\"Papel secante 1V-LSD 150 MCG\" href=\"https:\/\/researchchemicalstore.eu\/es\/comercio\/lisergamidas\/1v-lsd-150-mcg-blotters\/\" target=\"_blank\" rel=\"noopener\">Papel secante 1V-LSD 150 MCG<\/a><\/p>\n<p>Ofrecemos productos qu\u00edmicos de investigaci\u00f3n de buena calidad a un precio justo. Su pedido ser\u00e1 enviado dentro de las 24 horas todos los d\u00edas. Por lo tanto, ordene <em>Flubromazepam<\/em> \u00a1Seguro y r\u00e1pido v\u00eda !<a title=\"C\u00e1psulas de 2 mg de 2C-EF\" href=\"https:\/\/researchchemicalstore.eu\/es\/comercio\/fenetilamina\/capsulas-2c-ef-2mg\/\" target=\"_blank\" rel=\"noopener\">C\u00e1psulas de 2 mg de 2C-EF<\/a><\/p>\n<h3>Propiedades del flubromazepam<\/h3>\n<p><strong>Sin\u00f3nimo:<\/strong> Flubromazepam<br \/>\n<strong>N\u00famero CAS:<\/strong> 2647-50-9<br \/>\n<strong>F\u00f3rmula:<\/strong> 7-bromo-5-(2-fluorofenil)-1,3-dihidro-2H-1,4-benzodiazepin-2-ona<br \/>\n<strong>Masa molar:<\/strong> 333,2 g\/mol<br \/>\n<strong>Pureza:<\/strong> &gt;97%<\/p>\n<h3>\u00bfQu\u00e9 es el flubromazepam?<\/h3>\n<p>El flubromazepam es una sustancia qu\u00edmica de investigaci\u00f3n que pertenece a la clase de las benzodiazepinas. Se trata de un compuesto sint\u00e9tico que ha despertado el inter\u00e9s de los investigadores por sus posibles efectos sobre el sistema nervioso central.<\/p>\n<p>El flubromazepam se deriva de la familia de f\u00e1rmacos benzodiazep\u00ednicos, conocidos por sus propiedades sedantes, ansiol\u00edticas y relajantes musculares. Se desarroll\u00f3 como una modificaci\u00f3n de las benzodiazepinas existentes para investigar variaciones en el perfil farmacol\u00f3gico y posibles aplicaciones terap\u00e9uticas. Los investigadores est\u00e1n particularmente interesados en estudiar la interacci\u00f3n del flubromazepam con los receptores GABA-A en el cerebro. Estos receptores juegan un papel crucial en la regulaci\u00f3n de los neurotransmisores inhibidores.<\/p>\n<p>El desarrollo del flubromazepam como sustancia qu\u00edmica de investigaci\u00f3n est\u00e1 impulsado por la curiosidad cient\u00edfica y el deseo de mejorar nuestra comprensi\u00f3n de los compuestos benzodiazep\u00ednicos. Al realizar una investigaci\u00f3n rigurosa, los cient\u00edficos pretenden aumentar nuestro conocimiento de los efectos del compuesto en el sistema nervioso central y contribuir a una comprensi\u00f3n m\u00e1s amplia de las benzodiazepinas.<\/p>\n<h3>\u00bfC\u00f3mo se origin\u00f3 el flubromazepam?<\/h3>\n<p>La historia del compuesto qu\u00edmico Flubromazepam est\u00e1 estrechamente ligada al desarrollo y exploraci\u00f3n de los compuestos benzodiazep\u00ednicos. Las benzodiazepinas, una clase conocida por sus propiedades sedantes, ansiol\u00edticas y relajantes musculares, tienen una larga historia en la investigaci\u00f3n farmac\u00e9utica.<\/p>\n<p>El flubromazepam surgi\u00f3 como una sustancia qu\u00edmica para investigaci\u00f3n en a\u00f1os m\u00e1s recientes, a medida que los cient\u00edficos buscaban ampliar su conocimiento y comprensi\u00f3n de las benzodiazepinas. El compuesto se desarroll\u00f3 como una modificaci\u00f3n de las benzodiazepinas existentes para investigar posibles variaciones en el perfil farmacol\u00f3gico y las propiedades.<\/p>\n<p>La s\u00edntesis y el estudio del Flubromazepam han tenido lugar principalmente en el \u00e1mbito de la investigaci\u00f3n cient\u00edfica. Los investigadores, incluidos qu\u00edmicos, farmac\u00f3logos y neurocient\u00edficos, est\u00e1n interesados en investigar la estructura qu\u00edmica del compuesto, sus efectos sobre el sistema nervioso central y sus posibles aplicaciones terap\u00e9uticas.<a title=\"Gr\u00e1nulos de 2-CMC de 250 mg\" href=\"https:\/\/researchchemicalstore.eu\/es\/comercio\/catinonas\/%f0%9f%92%a1-polvo-cristalino-de-2-mmc-para-todas-las-preguntas-y-respuestas-para-la-compra\/\" target=\"_blank\" rel=\"noopener\">Gr\u00e1nulos de 2-CMC de 250 mg<\/a><\/p>\n<h3>Indicaci\u00f3n de peligro<\/h3>\n<p>El flubromazepam puede causar irritaci\u00f3n de las v\u00edas respiratorias.<br \/>\nEl flubromazepam puede causar irritaci\u00f3n en los ojos.<br \/>\nEst\u00e1 prohibido verter productos qu\u00edmicos de investigaci\u00f3n al medio ambiente.<\/p>\n<p>Flubromazepam EN CONTACTO CON LOS OJOS: Enjuagar los ojos cuidadosamente con agua durante cinco minutos. Qu\u00edtese los lentes de contacto si es posible.<a href=\"http:\/\/google.nl\" target=\"_blank\" rel=\"noopener\">.<\/a><\/p>\n<p>Flubromazepam CONTACTO CON LA PIEL: Lavar la piel con agua y jab\u00f3n.<\/p>\n<p>DESPU\u00c9S DE INHALACI\u00d3N Flubromazepam: Transportar a la v\u00edctima al exterior y mantenerla en una posici\u00f3n confortable para respirar.<\/p>","protected":false},"excerpt":{"rendered":"<p>Efecto del Flubromazepam El Efecto del Flubromazepam es una sustancia que \u00fanicamente se vende con fines de investigaci\u00f3n, por lo que no est\u00e1 destinada al consumo.<\/p>","protected":false},"featured_media":28785,"comment_status":"closed","ping_status":"closed","template":"","meta":[],"product_brand":[82],"product_cat":[76,386],"product_tag":[138,139,140,142,141,326],"class_list":{"0":"post-23317","1":"product","2":"type-product","3":"status-publish","4":"has-post-thumbnail","6":"product_brand-research-chemical","7":"product_cat-benzodiazepinen","8":"product_cat-flubromazepam","9":"product_tag-flubromazepam","10":"product_tag-flubromazepam-effects","11":"product_tag-flubromazepam-ervaring","12":"product_tag-flubromazepam-halfwaardetijd","13":"product_tag-flubromazepam-werking","14":"product_tag-nl","16":"first","17":"instock","18":"taxable","19":"shipping-taxable","20":"purchasable","21":"product-type-variable"},"_links":{"self":[{"href":"https:\/\/researchchemicalstore.eu\/es\/wp-json\/wp\/v2\/product\/23317","targetHints":{"allow":["GET"]}}],"collection":[{"href":"https:\/\/researchchemicalstore.eu\/es\/wp-json\/wp\/v2\/product"}],"about":[{"href":"https:\/\/researchchemicalstore.eu\/es\/wp-json\/wp\/v2\/types\/product"}],"replies":[{"embeddable":true,"href":"https:\/\/researchchemicalstore.eu\/es\/wp-json\/wp\/v2\/comments?post=23317"}],"version-history":[{"count":3,"href":"https:\/\/researchchemicalstore.eu\/es\/wp-json\/wp\/v2\/product\/23317\/revisions"}],"predecessor-version":[{"id":25431,"href":"https:\/\/researchchemicalstore.eu\/es\/wp-json\/wp\/v2\/product\/23317\/revisions\/25431"}],"wp:featuredmedia":[{"embeddable":true,"href":"https:\/\/researchchemicalstore.eu\/es\/wp-json\/wp\/v2\/media\/28785"}],"wp:attachment":[{"href":"https:\/\/researchchemicalstore.eu\/es\/wp-json\/wp\/v2\/media?parent=23317"}],"wp:term":[{"taxonomy":"product_brand","embeddable":true,"href":"https:\/\/researchchemicalstore.eu\/es\/wp-json\/wp\/v2\/product_brand?post=23317"},{"taxonomy":"product_cat","embeddable":true,"href":"https:\/\/researchchemicalstore.eu\/es\/wp-json\/wp\/v2\/product_cat?post=23317"},{"taxonomy":"product_tag","embeddable":true,"href":"https:\/\/researchchemicalstore.eu\/es\/wp-json\/wp\/v2\/product_tag?post=23317"}],"curies":[{"name":"gracias","href":"https:\/\/api.w.org\/{rel}","templated":true}]}}