{"id":24083,"date":"2025-04-13T17:41:00","date_gmt":"2025-04-13T17:41:00","guid":{"rendered":"https:\/\/researchchemicalstore.eu\/?post_type=product&#038;p=24083"},"modified":"2025-04-21T10:49:25","modified_gmt":"2025-04-21T10:49:25","slug":"minibascula-digital-profesional-50-g-x-0001-g","status":"publish","type":"product","link":"https:\/\/researchchemicalstore.eu\/es\/producto\/minibascula-digital-profesional-50-g-x-0001-g\/","title":{"rendered":"Minib\u00e1scula digital profesional \u2013 50 g x 0,001 g"},"content":{"rendered":"<h1><strong>Minib\u00e1scula digital 50 g x 0,001 g<\/strong><\/h1>\n<p>Precisi\u00f3n a tu alcance. Este <strong>minib\u00e1scula digital<\/strong> Combina una precisi\u00f3n extrema con un dise\u00f1o compacto. Gracias a un rango de medici\u00f3n de hasta <strong>50 gramos<\/strong> y una resoluci\u00f3n de <strong>0,001 gramos<\/strong>Esta es la herramienta ideal para aplicaciones donde la precisi\u00f3n es crucial, desde uso en laboratorio hasta joyer\u00eda, hierbas, suplementos o productos qu\u00edmicos de investigaci\u00f3n.<a href=\"https:\/\/researchchemicalstore.eu\/es\/comercio\/balanza\/bascula-digital-cs-100-g-x-001-g\/\">B\u00e1scula digital CS \u2013 100 g x 0,01 g<\/a><\/p>\n<hr \/>\n<h4><strong>Caracter\u00edsticas:<\/strong><\/h4>\n<ul>\n<li><strong>Rango de medici\u00f3n:<\/strong> 0,001 g a 50 g<\/li>\n<li><strong>Mostrar:<\/strong> Pantalla LCD iluminada para una lectura clara.<\/li>\n<li><strong>Calibraci\u00f3n:<\/strong> Manual o autom\u00e1tico (peso no incluido)<\/li>\n<li><strong>Caracter\u00edsticas:<\/strong> Tara\/Cero, Apagado autom\u00e1tico, diferentes unidades de pesaje (g, oz, ct, gn, dwt)<\/li>\n<li><strong>Fuente de alimentaci\u00f3n:<\/strong> Funciona con pilas AAA (normalmente incluidas)<\/li>\n<li><strong>Formato:<\/strong> Compacto y port\u00e1til: cabe en el bolsillo de tu chaqueta.<a href=\"https:\/\/researchchemicalstore.eu\/es\/comercio\/balanza\/minibascula-digital-biologica-20-g-x-0001-g\/\">B\u00e1scula digital peque\u00f1a biol\u00f3gica: 20 g x 0,001 g<\/a><\/li>\n<\/ul>\n<hr \/>\n<h4><strong>Ventajas:<\/strong><\/h4>\n<p>\u2714 Muy adecuado para pesar con precisi\u00f3n peque\u00f1as cantidades<br \/>\n\u2714 Adecuado para laboratorios, piedras preciosas, polvos y sustancias de grano fino.<br \/>\n\u2714 F\u00e1cil de usar: conectar y pesar<br \/>\n\u2714 Incluye funda o cubierta protectora (si aplica).<a href=\"https:\/\/researchchemicalstore.eu\/es\/comercio\/balanza\/minibascula-digital-para-tanque-de-20-g-x-0001-g\/\">Minib\u00e1scula digital para tanques: 20 g x 0,001 g<\/a><\/p>\n<hr \/>\n<p>\ud83c\udfaf <strong>Perfecto para<\/strong>: profesionales de laboratorio, coleccionistas, aficionados, investigadores y cualquier persona que trabaje con dosificaciones precisas.<\/p>\n<p>&nbsp;<\/p>","protected":false},"excerpt":{"rendered":"<p><strong>Presupuesto:<\/strong><\/p>\n<ul>\n<li>Digital<\/li>\n<li>Pesa desde 0,001g<\/li>\n<li>Pesa m\u00e1x. 50 gramos<\/li>\n<li>Funciona con: 2 pilas AAA<\/li>\n<li>Pantalla LCD<\/li>\n<li>Color: negro<\/li>\n<\/ul>","protected":false},"featured_media":21116,"comment_status":"closed","ping_status":"closed","template":"","meta":[],"product_brand":[],"product_cat":[451],"product_tag":[452,764,767,847,765,766,768],"class_list":{"0":"post-24083","1":"product","2":"type-product","3":"status-publish","4":"has-post-thumbnail","6":"product_cat-weegschalen","7":"product_tag-de","8":"product_tag-digitale-cs-weegschaal","9":"product_tag-digitale-microweegschaal","10":"product_tag-digitale-mini-weegschaal","11":"product_tag-milligramweegschaal","12":"product_tag-precise-weegschaal-0-001g","13":"product_tag-weegschaal-voor-research-chemicals","15":"first","16":"instock","17":"taxable","18":"shipping-taxable","19":"purchasable","20":"product-type-simple"},"_links":{"self":[{"href":"https:\/\/researchchemicalstore.eu\/es\/wp-json\/wp\/v2\/product\/24083","targetHints":{"allow":["GET"]}}],"collection":[{"href":"https:\/\/researchchemicalstore.eu\/es\/wp-json\/wp\/v2\/product"}],"about":[{"href":"https:\/\/researchchemicalstore.eu\/es\/wp-json\/wp\/v2\/types\/product"}],"replies":[{"embeddable":true,"href":"https:\/\/researchchemicalstore.eu\/es\/wp-json\/wp\/v2\/comments?post=24083"}],"version-history":[{"count":4,"href":"https:\/\/researchchemicalstore.eu\/es\/wp-json\/wp\/v2\/product\/24083\/revisions"}],"predecessor-version":[{"id":25971,"href":"https:\/\/researchchemicalstore.eu\/es\/wp-json\/wp\/v2\/product\/24083\/revisions\/25971"}],"wp:featuredmedia":[{"embeddable":true,"href":"https:\/\/researchchemicalstore.eu\/es\/wp-json\/wp\/v2\/media\/21116"}],"wp:attachment":[{"href":"https:\/\/researchchemicalstore.eu\/es\/wp-json\/wp\/v2\/media?parent=24083"}],"wp:term":[{"taxonomy":"product_brand","embeddable":true,"href":"https:\/\/researchchemicalstore.eu\/es\/wp-json\/wp\/v2\/product_brand?post=24083"},{"taxonomy":"product_cat","embeddable":true,"href":"https:\/\/researchchemicalstore.eu\/es\/wp-json\/wp\/v2\/product_cat?post=24083"},{"taxonomy":"product_tag","embeddable":true,"href":"https:\/\/researchchemicalstore.eu\/es\/wp-json\/wp\/v2\/product_tag?post=24083"}],"curies":[{"name":"gracias","href":"https:\/\/api.w.org\/{rel}","templated":true}]}}