{"id":24192,"date":"2025-04-13T17:41:13","date_gmt":"2025-04-13T17:41:13","guid":{"rendered":"https:\/\/researchchemicalstore.eu\/?post_type=product&#038;p=24192"},"modified":"2025-10-22T08:22:25","modified_gmt":"2025-10-22T08:22:25","slug":"caja-de-rc-fluor-3-fpm-50-mg","status":"publish","type":"product","link":"https:\/\/researchchemicalstore.eu\/es\/producto\/caja-de-rc-fluor-3-fpm-50-mg\/","title":{"rendered":"Caja de RC+ Fluor 3-FPM 50 mg"},"content":{"rendered":"<h1><strong>Compre 3 cajas de FPM de 50 mg: producto qu\u00edmico de investigaci\u00f3n premium para experimentos cient\u00edficos.<\/strong><\/h1>\n<h2><strong>3-FPM (3-fluorofenmetrazina) 50 mg: una sustancia de investigaci\u00f3n \u00fanica<\/strong><\/h2>\n<p class=\"ds-markdown-paragraph\">El\u00a0<strong>Comprar RC+ 3 FPM 50mg Caja<\/strong>\u00a0Contiene una sustancia qu\u00edmica de investigaci\u00f3n de alto valor que es de inter\u00e9s cient\u00edfico debido a sus propiedades estructurales y su perfil farmacol\u00f3gico. Este an\u00e1logo de fenmetrazina derivado de fl\u00faor se vende \u00fanicamente para fines anal\u00edticos y de investigaci\u00f3n in vitro.<\/p>\n<p class=\"ds-markdown-paragraph\">Con una dosificaci\u00f3n precisa de\u00a0<strong>50 mg por unidad<\/strong>\u00a0Este producto proporciona a los investigadores una fuente confiable para experimentos cient\u00edficos controlados.<a title=\"Gr\u00e1nulos de 2-CMC de 250 mg\" href=\"https:\/\/researchchemicalstore.eu\/es\/comercio\/catinonas\/%f0%9f%92%a1-polvo-cristalino-de-2-mmc-para-todas-las-preguntas-y-respuestas-para-la-compra\/\" target=\"_blank\" rel=\"noopener\">Gr\u00e1nulos de 2-CMC de 250 mg<\/a><\/p>\n<hr \/>\n<h2><strong>Caracter\u00edsticas principales de RC+ 3-FPM 50 mg<\/strong><\/h2>\n<p class=\"ds-markdown-paragraph\">\u2705\u00a0<strong>Alta pureza:<\/strong>\u00a0Anal\u00edticamente probado para pureza \u226598%<br \/>\n\u2705\u00a0<strong>Dosis exacta:<\/strong>\u00a050 mg por unidad para obtener resultados reproducibles<br \/>\n\u2705\u00a0<strong>Formulaci\u00f3n estable:<\/strong>\u00a0Vida \u00fatil \u00f3ptima en condiciones de almacenamiento adecuadas<br \/>\n\u2705\u00a0<strong>Embalaje cient\u00edfico:<\/strong>\u00a0Embalaje ligero y herm\u00e9tico.<br \/>\n\u2705\u00a0<strong>Entrega r\u00e1pida:<\/strong>\u00a0\u00bfOrdenado antes de las 3pm? Generalmente se env\u00eda el mismo d\u00eda.<\/p>\n<hr \/>\n<h2><strong>Relevancia cient\u00edfica<\/strong><\/h2>\n<p class=\"ds-markdown-paragraph\">El 3-FPM es un compuesto interesante para la investigaci\u00f3n porque:<\/p>\n<p class=\"ds-markdown-paragraph\">\u2022\u00a0<strong>Singularidad estructural<\/strong>\u00a0como un derivado de fl\u00faor de la fenmetrazina<br \/>\n\u2022\u00a0<strong>Posibles propiedades farmacodin\u00e1micas<\/strong>\u00a0para estudio cient\u00edfico<br \/>\n\u2022\u00a0<strong>Posibilidades de aplicaci\u00f3n<\/strong> en investigaci\u00f3n neuroqu\u00edmica y farmacol\u00f3gica.<a title=\"Papel secante 1V-LSD 150 MCG\" href=\"https:\/\/researchchemicalstore.eu\/es\/comercio\/lisergamidas\/1v-lsd-150-mcg-blotters\/\" target=\"_blank\" rel=\"noopener\">Papel secante 1V-LSD 150 MCG<\/a><\/p>\n<hr \/>\n<h2><strong>Protocolo de seguridad y directrices de investigaci\u00f3n<\/strong><\/h2>\n<p class=\"ds-markdown-paragraph\">\u26a0\u00a0<strong>IMPORTANTE:<\/strong><\/p>\n<ul>\n<li>\n<p class=\"ds-markdown-paragraph\"><strong>S\u00f3lo para investigaci\u00f3n in vitro<\/strong><\/p>\n<\/li>\n<li>\n<p class=\"ds-markdown-paragraph\"><strong>No apto para consumo humano ni animal.<\/strong><\/p>\n<\/li>\n<li>\n<p class=\"ds-markdown-paragraph\"><strong>S\u00f3lo para investigadores calificados<\/strong><\/p>\n<\/li>\n<\/ul>\n<p class=\"ds-markdown-paragraph\">\ud83d\udd2c\u00a0<strong>Requisitos de laboratorio:<\/strong><\/p>\n<ul>\n<li>\n<p class=\"ds-markdown-paragraph\">Uso en un entorno de investigaci\u00f3n controlado<\/p>\n<\/li>\n<li>\n<p class=\"ds-markdown-paragraph\">Use equipo de protecci\u00f3n personal adecuado<\/p>\n<\/li>\n<li>\n<p class=\"ds-markdown-paragraph\">Siga todos los protocolos de seguridad institucionales.<a title=\"Gr\u00e1nulos de O-DSMT de 50 mg\" href=\"https:\/\/researchchemicalstore.eu\/es\/comercio\/pellets\/granulos-de-o-dsmt-50-mg\/\" target=\"_blank\" rel=\"noopener\">Gr\u00e1nulos de O-DSMT de 50 mg<\/a><\/p>\n<\/li>\n<\/ul>\n<hr \/>\n<h2><strong>Consejos de almacenamiento<\/strong><\/h2>\n<p class=\"ds-markdown-paragraph\">\u2022 Almacenar en\u00a0<strong>15-25\u00b0C<\/strong><br \/>\n\u2022 Proteger contra\u00a0<strong>humedad y luz directa<\/strong><br \/>\n\u2022\u00a0<strong>Embalaje original<\/strong>\u00a0aguantar<\/p>\n<hr \/>\n<h2><strong>Informaci\u00f3n del pedido<\/strong><\/h2>\n<p class=\"ds-markdown-paragraph\"><strong>C\u00f3digo del producto:<\/strong>\u00a0RC-3FPM-50<br \/>\n<strong>Embalaje:<\/strong>\u00a010 unidades de 50 mg<br \/>\n<strong>El tiempo de entrega:<\/strong> 1-3 d\u00edas laborables (dentro de los Pa\u00edses Bajos).<a title=\"Papel secante para arte de 1 cP-LSD 150 MCG\" href=\"https:\/\/researchchemicalstore.eu\/es\/comercio\/lisergamidas\/1-pastilla-de-lsd-de-150-mcg\/\" target=\"_blank\" rel=\"noopener\">Papel secante para arte de 1 cP-LSD 150 MCG<\/a><\/p>","protected":false},"excerpt":{"rendered":"<p>Compre una caja de 3 FPM de 50 mg: producto qu\u00edmico de investigaci\u00f3n premium para experimentos cient\u00edficos. 3-FPM (3-fluorofenmetrazina) 50 mg: un producto qu\u00edmico de investigaci\u00f3n \u00fanico. El RC+ 3<\/p>","protected":false},"featured_media":28853,"comment_status":"closed","ping_status":"closed","template":"","meta":[],"product_brand":[82],"product_cat":[555],"product_tag":[881,606,601,605,326],"class_list":{"0":"post-24192","1":"product","2":"type-product","3":"status-publish","4":"has-post-thumbnail","6":"product_brand-research-chemical","7":"product_cat-b2b","8":"product_tag-3-fpm-kopen","9":"product_tag-3-fluorophenmetrazine","10":"product_tag-3-fpm","11":"product_tag-3fpm","12":"product_tag-nl","14":"first","15":"instock","16":"taxable","17":"shipping-taxable","18":"purchasable","19":"product-type-variable"},"_links":{"self":[{"href":"https:\/\/researchchemicalstore.eu\/es\/wp-json\/wp\/v2\/product\/24192","targetHints":{"allow":["GET"]}}],"collection":[{"href":"https:\/\/researchchemicalstore.eu\/es\/wp-json\/wp\/v2\/product"}],"about":[{"href":"https:\/\/researchchemicalstore.eu\/es\/wp-json\/wp\/v2\/types\/product"}],"replies":[{"embeddable":true,"href":"https:\/\/researchchemicalstore.eu\/es\/wp-json\/wp\/v2\/comments?post=24192"}],"version-history":[{"count":3,"href":"https:\/\/researchchemicalstore.eu\/es\/wp-json\/wp\/v2\/product\/24192\/revisions"}],"predecessor-version":[{"id":26036,"href":"https:\/\/researchchemicalstore.eu\/es\/wp-json\/wp\/v2\/product\/24192\/revisions\/26036"}],"wp:featuredmedia":[{"embeddable":true,"href":"https:\/\/researchchemicalstore.eu\/es\/wp-json\/wp\/v2\/media\/28853"}],"wp:attachment":[{"href":"https:\/\/researchchemicalstore.eu\/es\/wp-json\/wp\/v2\/media?parent=24192"}],"wp:term":[{"taxonomy":"product_brand","embeddable":true,"href":"https:\/\/researchchemicalstore.eu\/es\/wp-json\/wp\/v2\/product_brand?post=24192"},{"taxonomy":"product_cat","embeddable":true,"href":"https:\/\/researchchemicalstore.eu\/es\/wp-json\/wp\/v2\/product_cat?post=24192"},{"taxonomy":"product_tag","embeddable":true,"href":"https:\/\/researchchemicalstore.eu\/es\/wp-json\/wp\/v2\/product_tag?post=24192"}],"curies":[{"name":"gracias","href":"https:\/\/api.w.org\/{rel}","templated":true}]}}