{"id":24194,"date":"2025-04-13T17:41:13","date_gmt":"2025-04-13T17:41:13","guid":{"rendered":"https:\/\/researchchemicalstore.eu\/?post_type=product&#038;p=24194"},"modified":"2025-10-22T08:24:47","modified_gmt":"2025-10-22T08:24:47","slug":"caja-de-rc-fluor-2-fma-30-mg","status":"publish","type":"product","link":"https:\/\/researchchemicalstore.eu\/es\/producto\/caja-de-rc-fluor-2-fma-30-mg\/","title":{"rendered":"Caja de RC+ Fluor 2-FMA 30 mg"},"content":{"rendered":"<h2><strong>2-FMA<\/strong><\/h2>\n<p><strong>2-FMA<\/strong>\u00a0Es una sustancia que \u00fanicamente vendemos con fines de investigaci\u00f3n y, por tanto, no est\u00e1 destinada al consumo. El 2-FMA viene en forma de polvo y puede investigarse durante hasta 2 a\u00f1os cuando se almacena en el entorno adecuado.<a title=\"Papel secante 1V-LSD 150 MCG\" href=\"https:\/\/researchchemicalstore.eu\/es\/comercio\/lisergamidas\/1v-lsd-150-mcg-blotters\/\" target=\"_blank\" rel=\"noopener\">Papel secante 1V-LSD 150 MCG<\/a><\/p>\n<p>Dado que el 2-FMA es s\u00f3lo para fines de investigaci\u00f3n y no para consumo, es importante mantenerlo fuera del alcance de los ni\u00f1os y las mascotas.<a title=\"6-CL-ADBA\" href=\"https:\/\/researchchemicalstore.eu\/es\/comercio\/casi-prohibido\/6-cl-de-adba\/\" target=\"_blank\" rel=\"noopener\">6-CL-ADBA<\/a><\/p>\n<p>Ofrecemos productos qu\u00edmicos de investigaci\u00f3n de buena calidad a un precio justo. Su pedido ser\u00e1 enviado dentro de las 24 horas todos los d\u00edas. \u00a1Por eso, pide 2FMA de forma segura y r\u00e1pida a trav\u00e9s de!<a title=\"Gr\u00e1nulos de 2-CMC de 250 mg\" href=\"https:\/\/researchchemicalstore.eu\/es\/comercio\/catinonas\/%f0%9f%92%a1-polvo-cristalino-de-2-mmc-para-todas-las-preguntas-y-respuestas-para-la-compra\/\" target=\"_blank\" rel=\"noopener\">Gr\u00e1nulos de 2-CMC de 250 mg<\/a><\/p>\n<h2>Propiedades 2-FMA<\/h2>\n<p><strong>Sin\u00f3nimo<\/strong>: Fluorometanfetamina<br \/>\n<strong>N\u00famero CAS<\/strong>: 1780004-19-4<br \/>\n<strong>F\u00f3rmula<\/strong>: C10H14FN \u2022 HCl<br \/>\n<strong>Masa molar<\/strong>:203,7 g\/mol<br \/>\n<strong>Pureza<\/strong>: \u226599%<\/p>\n<h2>Indicaciones de peligro<\/h2>\n<p>El 2-FMA puede causar irritaci\u00f3n respiratoria.<br \/>\nEl 2-FMA puede causar irritaci\u00f3n en <a href=\"http:\/\/google.nl\" target=\"_blank\" rel=\"noopener\">el<\/a> los ojos causan<br \/>\nEst\u00e1 prohibido verter productos qu\u00edmicos de investigaci\u00f3n al medio ambiente.<\/p>\n<p>2-FMA EN CONTACTO CON LOS OJOS: Enjuagar los ojos cuidadosamente con agua durante cinco minutos. Qu\u00edtese los lentes de contacto si es posible.<\/p>\n<p>2-FMA EN CONTACTO CON LA PIEL: Lavar la piel con agua y jab\u00f3n.<\/p>\n<p>EN CASO DE INHALACI\u00d3N 2-FMA: Transportar a la v\u00edctima al exterior y mantenerla en una posici\u00f3n confortable para respirar.<\/p>","protected":false},"excerpt":{"rendered":"<p><strong>Sin\u00f3nimo<\/strong>: Fluorometanfetamina<br \/>\n<strong>N\u00famero CAS<\/strong>: 1780004-19-4<br \/>\n<strong>F\u00f3rmula<\/strong>: C10H14FN \u2022 HCl<br \/>\n<strong>Masa molar<\/strong>:203,7 g\/mol<br \/>\n<strong>Pureza<\/strong>: \u226599%<\/p>","protected":false},"featured_media":28850,"comment_status":"closed","ping_status":"closed","template":"","meta":[],"product_brand":[82],"product_cat":[555],"product_tag":[572,617,618,589,619,326],"class_list":{"0":"post-24194","1":"product","2":"type-product","3":"status-publish","4":"has-post-thumbnail","6":"product_brand-research-chemical","7":"product_cat-b2b","8":"product_tag-2-fma-kopen","9":"product_tag-2-fma","10":"product_tag-2fma","11":"product_tag-2fma-drugs","12":"product_tag-2fma-kopen","13":"product_tag-nl","15":"first","16":"instock","17":"taxable","18":"shipping-taxable","19":"purchasable","20":"product-type-variable"},"_links":{"self":[{"href":"https:\/\/researchchemicalstore.eu\/es\/wp-json\/wp\/v2\/product\/24194","targetHints":{"allow":["GET"]}}],"collection":[{"href":"https:\/\/researchchemicalstore.eu\/es\/wp-json\/wp\/v2\/product"}],"about":[{"href":"https:\/\/researchchemicalstore.eu\/es\/wp-json\/wp\/v2\/types\/product"}],"replies":[{"embeddable":true,"href":"https:\/\/researchchemicalstore.eu\/es\/wp-json\/wp\/v2\/comments?post=24194"}],"version-history":[{"count":4,"href":"https:\/\/researchchemicalstore.eu\/es\/wp-json\/wp\/v2\/product\/24194\/revisions"}],"predecessor-version":[{"id":25400,"href":"https:\/\/researchchemicalstore.eu\/es\/wp-json\/wp\/v2\/product\/24194\/revisions\/25400"}],"wp:featuredmedia":[{"embeddable":true,"href":"https:\/\/researchchemicalstore.eu\/es\/wp-json\/wp\/v2\/media\/28850"}],"wp:attachment":[{"href":"https:\/\/researchchemicalstore.eu\/es\/wp-json\/wp\/v2\/media?parent=24194"}],"wp:term":[{"taxonomy":"product_brand","embeddable":true,"href":"https:\/\/researchchemicalstore.eu\/es\/wp-json\/wp\/v2\/product_brand?post=24194"},{"taxonomy":"product_cat","embeddable":true,"href":"https:\/\/researchchemicalstore.eu\/es\/wp-json\/wp\/v2\/product_cat?post=24194"},{"taxonomy":"product_tag","embeddable":true,"href":"https:\/\/researchchemicalstore.eu\/es\/wp-json\/wp\/v2\/product_tag?post=24194"}],"curies":[{"name":"gracias","href":"https:\/\/api.w.org\/{rel}","templated":true}]}}