{"id":24217,"date":"2025-04-13T17:41:17","date_gmt":"2025-04-13T17:41:17","guid":{"rendered":"https:\/\/researchchemicalstore.eu\/?post_type=product&#038;p=24217"},"modified":"2025-10-21T17:59:05","modified_gmt":"2025-10-21T17:59:05","slug":"bolsa-de-clorhidrato-de-2-fdck-de-1-g","status":"publish","type":"product","link":"https:\/\/researchchemicalstore.eu\/es\/producto\/bolsa-de-clorhidrato-de-2-fdck-de-1-g\/","title":{"rendered":"Sobre de 1 g de clorhidrato de 2F-DCK"},"content":{"rendered":"<h2 class=\"ds-markdown-paragraph\"><strong>RC+ 2F-DCK HCl (1 gramo): Qu\u00edmica de investigaci\u00f3n premium para estudios cient\u00edficos<\/strong><\/h2>\n<p class=\"ds-markdown-paragraph\"><strong>Nombre del producto:<\/strong>\u00a0RC+ 2F-DCK HCl (clorhidrato de 2-fluorodescloroketamina)<br \/>\n<strong>Categor\u00eda:<\/strong>\u00a0Productos qu\u00edmicos de investigaci\u00f3n (clase disociativa)<br \/>\n<strong>Solicitud:<\/strong> Investigaci\u00f3n neurofarmacol\u00f3gica y estudios del receptor NMDA.<a title=\"Papel secante para arte de 1 cP-LSD 150 MCG\" href=\"https:\/\/researchchemicalstore.eu\/es\/comercio\/lisergamidas\/1-pastilla-de-lsd-de-150-mcg\/\" target=\"_blank\" rel=\"noopener\">Papel secante para arte de 1 cP-LSD 150 MCG<\/a><\/p>\n<hr \/>\n<h3><strong>Caracter\u00edsticas del producto:<\/strong><\/h3>\n<p class=\"ds-markdown-paragraph\">\ud83d\udd2c\u00a0<strong>Compuesto de alta pureza<\/strong>\u00a0(&gt;98% pureza)<br \/>\n\u2696\u00a0<strong>1 gramo pesado con precisi\u00f3n<\/strong>\u00a0(est\u00e1ndar de laboratorio)<br \/>\n\ud83d\udce6\u00a0<strong>Embalaje herm\u00e9tico y a prueba de luz.<\/strong><br \/>\n\ud83d\udcca\u00a0<strong>Amplio control de calidad<\/strong> (HPLC, GC\/MS, RMN).<a title=\"Gr\u00e1nulos de O-DSMT de 50 mg\" href=\"https:\/\/researchchemicalstore.eu\/es\/comercio\/pellets\/granulos-de-o-dsmt-50-mg\/\" target=\"_blank\" rel=\"noopener\">Gr\u00e1nulos de O-DSMT de 50 mg<\/a><\/p>\n<h3><strong>Relevancia cient\u00edfica:<\/strong><\/h3>\n<p class=\"ds-markdown-paragraph\">El 2F-DCK HCl es un compuesto valioso para la investigaci\u00f3n en:<\/p>\n<ul>\n<li>\n<p class=\"ds-markdown-paragraph\">Mecanismos de antagonismo del receptor NMDA<\/p>\n<\/li>\n<li>\n<p class=\"ds-markdown-paragraph\">Efectos neuropl\u00e1sticos y plasticidad sin\u00e1ptica<\/p>\n<\/li>\n<li>\n<p class=\"ds-markdown-paragraph\">Farmacolog\u00eda comparativa de disociativos relacionados<\/p>\n<\/li>\n<\/ul>\n<p class=\"ds-markdown-paragraph\"><strong>Nota importante:<\/strong><\/p>\n<ul>\n<li>\n<p class=\"ds-markdown-paragraph\">S\u00f3lo para investigaci\u00f3n in vitro<\/p>\n<\/li>\n<li>\n<p class=\"ds-markdown-paragraph\">Absolutamente no apto para consumo humano\/animal.<\/p>\n<\/li>\n<li>\n<p class=\"ds-markdown-paragraph\">Sin uso medicinal ni recreativo.<a title=\"C\u00e1psulas de 2 mg de 2C-EF\" href=\"https:\/\/researchchemicalstore.eu\/es\/comercio\/fenetilamina\/capsulas-2c-ef-2mg\/\" target=\"_blank\" rel=\"noopener\">C\u00e1psulas de 2 mg de 2C-EF<\/a><\/p>\n<\/li>\n<\/ul>\n<hr \/>\n<h3><strong>Seguridad en el laboratorio:<\/strong><\/h3>\n<p class=\"ds-markdown-paragraph\">\u26a0\u00a0<strong>Protocolos esenciales:<\/strong><\/p>\n<ul>\n<li>\n<p class=\"ds-markdown-paragraph\">Trabajar en un ambiente acondicionado (se recomienda campana extractora)<\/p>\n<\/li>\n<li>\n<p class=\"ds-markdown-paragraph\">Protecci\u00f3n personal completa (bata, guantes, gafas de seguridad)<\/p>\n<\/li>\n<li>\n<p class=\"ds-markdown-paragraph\">Control estricto de temperatura durante el almacenamiento<\/p>\n<\/li>\n<\/ul>\n<p class=\"ds-markdown-paragraph\">\u26a0\u00a0<strong>Estado legal:<\/strong><\/p>\n<ul>\n<li>\n<p class=\"ds-markdown-paragraph\">Estado de las nuevas sustancias psicoactivas (NSP) en m\u00faltiples jurisdicciones<\/p>\n<\/li>\n<li>\n<p class=\"ds-markdown-paragraph\">Los investigadores deben verificar las leyes locales<\/p>\n<\/li>\n<li>\n<p class=\"ds-markdown-paragraph\">La responsabilidad total recae en el investigador.<\/p>\n<\/li>\n<\/ul>\n<hr \/>\n<h3><strong>Beneficios de la investigaci\u00f3n:<\/strong><\/h3>\n<p class=\"ds-markdown-paragraph\">\u2705\u00a0<strong>Calidad constante<\/strong>\u00a0\u2013 Lote analizado<br \/>\n\u2705\u00a0<strong>Embalaje apto para la investigaci\u00f3n<\/strong>\u00a0\u2013 Peque\u00f1a cantidad para estudios piloto<br \/>\n\u2705\u00a0<strong>Apoyo cient\u00edfico<\/strong>\u00a0\u2013 Documentaci\u00f3n detallada disponible<br \/>\n\u2705\u00a0<strong>Entrega discreta y r\u00e1pida<\/strong>\u00a0\u2013 Dentro de la UE desde instalaciones profesionales<\/p>","protected":false},"excerpt":{"rendered":"<p>RC+ 2F-DCK HCl (1 gramo) \u2013 Qu\u00edmica de investigaci\u00f3n premium para estudios cient\u00edficos. Nombre del producto: RC+ 2F-DCK HCl (clorhidrato de 2-fluorodescloroketamina). Categor\u00eda: Productos qu\u00edmicos de investigaci\u00f3n (clase disociativa). Aplicaci\u00f3n:<\/p>","protected":false},"featured_media":28643,"comment_status":"closed","ping_status":"closed","template":"","meta":[],"product_brand":[82],"product_cat":[555],"product_tag":[271,272,273,860,862,326,274],"class_list":{"0":"post-24217","1":"product","2":"type-product","3":"status-publish","4":"has-post-thumbnail","6":"product_brand-research-chemical","7":"product_cat-b2b","8":"product_tag-2f-dck","9":"product_tag-2f-dck-kopen","10":"product_tag-2f-dck-hcl","11":"product_tag-2f-dck-reddit","12":"product_tag-ketamine-kopen","13":"product_tag-nl","14":"product_tag-what-is-2f-dck","16":"first","17":"instock","18":"taxable","19":"shipping-taxable","20":"purchasable","21":"product-type-variable"},"_links":{"self":[{"href":"https:\/\/researchchemicalstore.eu\/es\/wp-json\/wp\/v2\/product\/24217","targetHints":{"allow":["GET"]}}],"collection":[{"href":"https:\/\/researchchemicalstore.eu\/es\/wp-json\/wp\/v2\/product"}],"about":[{"href":"https:\/\/researchchemicalstore.eu\/es\/wp-json\/wp\/v2\/types\/product"}],"replies":[{"embeddable":true,"href":"https:\/\/researchchemicalstore.eu\/es\/wp-json\/wp\/v2\/comments?post=24217"}],"version-history":[{"count":3,"href":"https:\/\/researchchemicalstore.eu\/es\/wp-json\/wp\/v2\/product\/24217\/revisions"}],"predecessor-version":[{"id":26011,"href":"https:\/\/researchchemicalstore.eu\/es\/wp-json\/wp\/v2\/product\/24217\/revisions\/26011"}],"wp:featuredmedia":[{"embeddable":true,"href":"https:\/\/researchchemicalstore.eu\/es\/wp-json\/wp\/v2\/media\/28643"}],"wp:attachment":[{"href":"https:\/\/researchchemicalstore.eu\/es\/wp-json\/wp\/v2\/media?parent=24217"}],"wp:term":[{"taxonomy":"product_brand","embeddable":true,"href":"https:\/\/researchchemicalstore.eu\/es\/wp-json\/wp\/v2\/product_brand?post=24217"},{"taxonomy":"product_cat","embeddable":true,"href":"https:\/\/researchchemicalstore.eu\/es\/wp-json\/wp\/v2\/product_cat?post=24217"},{"taxonomy":"product_tag","embeddable":true,"href":"https:\/\/researchchemicalstore.eu\/es\/wp-json\/wp\/v2\/product_tag?post=24217"}],"curies":[{"name":"gracias","href":"https:\/\/api.w.org\/{rel}","templated":true}]}}