{"id":24521,"date":"2025-04-13T17:41:54","date_gmt":"2025-04-13T17:41:54","guid":{"rendered":"https:\/\/researchchemicalstore.eu\/?post_type=product&#038;p=24521"},"modified":"2025-10-21T11:50:20","modified_gmt":"2025-10-21T11:50:20","slug":"spray-de-noopept-quimico-2","status":"publish","type":"product","link":"https:\/\/researchchemicalstore.eu\/es\/producto\/spray-de-noopept-quimico-2\/","title":{"rendered":"Spray qu\u00edmico NOOPEPT"},"content":{"rendered":"<h2><strong>Niebla qu\u00edmica <\/strong><strong>Pulverizaci\u00f3n <\/strong><strong>NOOPEPT 1,5 mg\u00a0<\/strong><\/h2>\n<p><strong>Nombre del producto:<\/strong> Spray qu\u00edmico NOOPEPT 1,5 mg\/pulverizaci\u00f3n<br \/>\n<strong>Contenido:<\/strong>\u00a0Frasco de 10 ml (\u2248600 dosis)<br \/>\n<strong>Concentraci\u00f3n:<\/strong>\u00a01,5 mg de Noopept por pulverizaci\u00f3n<br \/>\n<strong>F\u00f3rmula:<\/strong> Soluci\u00f3n acuosa avanzada para una estabilidad \u00f3ptima. <a title=\"Papel secante para arte de 1 cP-LSD 150 MCG\" href=\"https:\/\/researchchemicalstore.eu\/es\/comercio\/lisergamidas\/1-pastilla-de-lsd-de-150-mcg\/\" target=\"_blank\" rel=\"noopener\">Papel secante para arte de 1 cP-LSD 150 MCG<\/a><\/p>\n<h3><strong>Caracter\u00edsticas principales:<\/strong><\/h3>\n<p>\ud83d\udd2c\u00a0<strong>Dosificaci\u00f3n de precisi\u00f3n<\/strong>\u00a0\u2013 1,5 mg de Noopept por pulverizaci\u00f3n calibrada<br \/>\n\ud83e\uddea\u00a0<strong>F\u00f3rmula de investigaci\u00f3n<\/strong>\u00a0\u2013 Adecuado para estudios farmacol\u00f3gicos<br \/>\n\ud83d\udca7\u00a0<strong>Administraci\u00f3n nasal<\/strong>\u00a0\u2013 R\u00e1pida absorci\u00f3n para aplicaciones de investigaci\u00f3n.<br \/>\n\ud83d\udcc6\u00a0<strong>Duraci\u00f3n:<\/strong> 18 meses sin abrir (conservar entre 15 y 25\u00b0C). <a title=\"Gr\u00e1nulos de O-DSMT de 50 mg\" href=\"https:\/\/researchchemicalstore.eu\/es\/comercio\/pellets\/granulos-de-o-dsmt-50-mg\/\" target=\"_blank\" rel=\"noopener\">Gr\u00e1nulos de O-DSMT de 50 mg<\/a><\/p>\n<h3><strong>Especificaciones t\u00e9cnicas:<\/strong><\/h3>\n<p>\u2022 N\u00famero CAS: [157115-85-0]<br \/>\n\u2022 F\u00f3rmula molecular: C16H27N3O3<br \/>\n\u2022 Peso molecular: 309,41 g\/mol<\/p>\n<p>\u26a0\ufe0f\u00a0<strong>IMPORTANTE:<\/strong><br \/>\n\u2022 Solo para investigaci\u00f3n in vitro<br \/>\n\u2022 No apto para uso humano. <a href=\"http:\/\/google.nl\" target=\"_blank\" rel=\"noopener\">o<\/a> uso veterinario<br \/>\n\u2022 Mantener fuera del alcance de los ni\u00f1os.<a title=\"6-CL-ADBA\" href=\"https:\/\/researchchemicalstore.eu\/es\/comercio\/casi-prohibido\/6-cl-de-adba\/\" target=\"_blank\" rel=\"noopener\">6-CL-ADBA<\/a><\/p>\n<ul>\n<li><strong>Embalaje minorista<br \/>\n<\/strong><\/li>\n<li><strong>Cantidad de mg de NOOPEPT por pulverizaci\u00f3n: 1,5<\/strong><\/li>\n<li><strong>Los precios no incluyen el IVA 21%<\/strong><\/li>\n<li><strong>Precio de venta recomendado: 24,95 \u20ac IVA incluido. TINA<\/strong><\/li>\n<\/ul>","protected":false},"excerpt":{"rendered":"<h2><strong>Espray qu\u00edmico NOOPEPT 1,5 mg<\/strong><\/h2>\n<ul>\n<li><strong>Embalaje minorista<br \/>\n<\/strong><\/li>\n<li><strong>Cantidad de mg de NOOPEPT por pulverizaci\u00f3n: 1,5<\/strong><\/li>\n<li><strong>Los precios no incluyen el IVA 21%<\/strong><\/li>\n<li><strong>Precio de venta recomendado: 24,95 \u20ac IVA incluido. TINA<\/strong><\/li>\n<\/ul>","protected":false},"featured_media":28758,"comment_status":"closed","ping_status":"closed","template":"","meta":[],"product_brand":[82],"product_cat":[555],"product_tag":[812,810,811,326,813,814,815],"class_list":{"0":"post-24521","1":"product","2":"type-product","3":"status-publish","4":"has-post-thumbnail","6":"product_brand-research-chemical","7":"product_cat-b2b","8":"product_tag-buy-noopept-spray","9":"product_tag-chem-mist-spray","10":"product_tag-chem-mist","11":"product_tag-nl","12":"product_tag-noopept-nasal-spray","13":"product_tag-noopept-nasal-spray-diy","14":"product_tag-noopept-nasal-spray-dosage","16":"first","17":"instock","18":"taxable","19":"shipping-taxable","20":"purchasable","21":"product-type-variable"},"_links":{"self":[{"href":"https:\/\/researchchemicalstore.eu\/es\/wp-json\/wp\/v2\/product\/24521","targetHints":{"allow":["GET"]}}],"collection":[{"href":"https:\/\/researchchemicalstore.eu\/es\/wp-json\/wp\/v2\/product"}],"about":[{"href":"https:\/\/researchchemicalstore.eu\/es\/wp-json\/wp\/v2\/types\/product"}],"replies":[{"embeddable":true,"href":"https:\/\/researchchemicalstore.eu\/es\/wp-json\/wp\/v2\/comments?post=24521"}],"version-history":[{"count":4,"href":"https:\/\/researchchemicalstore.eu\/es\/wp-json\/wp\/v2\/product\/24521\/revisions"}],"predecessor-version":[{"id":25947,"href":"https:\/\/researchchemicalstore.eu\/es\/wp-json\/wp\/v2\/product\/24521\/revisions\/25947"}],"wp:featuredmedia":[{"embeddable":true,"href":"https:\/\/researchchemicalstore.eu\/es\/wp-json\/wp\/v2\/media\/28758"}],"wp:attachment":[{"href":"https:\/\/researchchemicalstore.eu\/es\/wp-json\/wp\/v2\/media?parent=24521"}],"wp:term":[{"taxonomy":"product_brand","embeddable":true,"href":"https:\/\/researchchemicalstore.eu\/es\/wp-json\/wp\/v2\/product_brand?post=24521"},{"taxonomy":"product_cat","embeddable":true,"href":"https:\/\/researchchemicalstore.eu\/es\/wp-json\/wp\/v2\/product_cat?post=24521"},{"taxonomy":"product_tag","embeddable":true,"href":"https:\/\/researchchemicalstore.eu\/es\/wp-json\/wp\/v2\/product_tag?post=24521"}],"curies":[{"name":"gracias","href":"https:\/\/api.w.org\/{rel}","templated":true}]}}