{"id":24905,"date":"2025-04-13T17:43:41","date_gmt":"2025-04-13T17:43:41","guid":{"rendered":"https:\/\/researchchemicalstore.eu\/?post_type=product&#038;p=24905"},"modified":"2025-10-21T09:38:36","modified_gmt":"2025-10-21T09:38:36","slug":"meai","status":"publish","type":"product","link":"https:\/\/researchchemicalstore.eu\/es\/producto\/meai\/","title":{"rendered":"MEAI"},"content":{"rendered":"<p class=\"ds-markdown-paragraph\"><strong>MEAI (5-Metoxi-2-aminoindano): Compuesto de investigaci\u00f3n innovador para estudios cient\u00edficos<\/strong><\/p>\n<h3><strong>\u00bfQu\u00e9 es MEAI?<\/strong><\/h3>\n<p class=\"ds-markdown-paragraph\">El MEAI (5-metoxi-2-aminoindano) es una sustancia qu\u00edmica de investigaci\u00f3n \u00fanica con una estructura qu\u00edmica interesante que ha generado inter\u00e9s cient\u00edfico en diversas \u00e1reas de investigaci\u00f3n. Esta sustancia se utiliza exclusivamente en entornos de investigaci\u00f3n controlados.<\/p>\n<h3><strong>\u00bfPor qu\u00e9 elegir nuestros productos MEAI?<\/strong><\/h3>\n<p class=\"ds-markdown-paragraph\">\u2714\u00a0<strong>Alta pureza<\/strong>\u00a0\u2013 Probado anal\u00edticamente para consistencia y calidad<br \/>\n\u2714\u00a0<strong>Formulaci\u00f3n de precisi\u00f3n<\/strong>\u00a0\u2013 Dosificado con precisi\u00f3n para obtener resultados reproducibles<br \/>\n\u2714\u00a0<strong>Potencial de investigaci\u00f3n multidisciplinario<\/strong>\u00a0\u2013 Adecuado para diversas aplicaciones cient\u00edficas.<br \/>\n\u2714\u00a0<strong>Embalaje seguro<\/strong>\u00a0\u2013 Almacenamiento profesional en embalaje herm\u00e9tico y ligero.<\/p>\n<h3><strong>Aplicaciones cient\u00edficas<\/strong><\/h3>\n<p class=\"ds-markdown-paragraph\">MEAI puede ser relevante para la investigaci\u00f3n en:<\/p>\n<ul>\n<li>\n<p class=\"ds-markdown-paragraph\">Interacciones neuroqu\u00edmicas<\/p>\n<\/li>\n<li>\n<p class=\"ds-markdown-paragraph\">Estudios de impacto conductual<\/p>\n<\/li>\n<li>\n<p class=\"ds-markdown-paragraph\">Investigaci\u00f3n sobre la uni\u00f3n de receptores<\/p>\n<\/li>\n<li>\n<p class=\"ds-markdown-paragraph\">An\u00e1lisis farmacol\u00f3gicos comparativos<\/p>\n<\/li>\n<\/ul>\n<h3><strong>Seguridad y manipulaci\u00f3n<\/strong><\/h3>\n<ul>\n<li>\n<p class=\"ds-markdown-paragraph\"><strong>S\u00f3lo para fines de investigaci\u00f3n<\/strong><\/p>\n<\/li>\n<li>\n<p class=\"ds-markdown-paragraph\">Requiere un entorno de laboratorio controlado<\/p>\n<\/li>\n<li>\n<p class=\"ds-markdown-paragraph\">Se recomienda equipo de protecci\u00f3n personal<\/p>\n<\/li>\n<li>\n<p class=\"ds-markdown-paragraph\">Mantener fuera del alcance de personas no autorizadas.<\/p>\n<\/li>\n<\/ul>\n<h3><strong>Informaci\u00f3n del pedido<\/strong><\/h3>\n<ul>\n<li>\n<p class=\"ds-markdown-paragraph\">Disponible en diferentes cantidades<\/p>\n<\/li>\n<li>\n<p class=\"ds-markdown-paragraph\">Env\u00edo discreto con seguimiento y rastreo<\/p>\n<\/li>\n<li>\n<p class=\"ds-markdown-paragraph\">S\u00f3lo para investigadores e instituciones cualificadas<\/p>\n<\/li>\n<\/ul>\n<h3><strong>Estatus legal<\/strong><\/h3>\n<p class=\"ds-markdown-paragraph\">El estatus legal de MEAI var\u00eda seg\u00fan el pa\u00eds. Es responsabilidad del investigador cumplir con las leyes locales. Este producto es\u00a0<strong>no destinado al consumo humano<\/strong>.<\/p>\n<p class=\"ds-markdown-paragraph\"><strong>Advertencia importante:<\/strong><br \/>\nEste producto est\u00e1 destinado \u00fanicamente a la investigaci\u00f3n cient\u00edfica. El uso inadecuado puede ser peligroso. Mantener fuera del alcance de ni\u00f1os y animales. <a href=\"https:\/\/researchchemicalstore.eu\/es\/comercio\/iboga-ibogaina\/corteza-de-raiz-de-iboga\/\">corteza de ra\u00edz de iboga<\/a><a href=\"https:\/\/researchchemicalstore.eu\/es\/comercio\/iboga-ibogaina\/comprar-ibogaina-hcl-en-linea\/\">Comprar iboga\u00edna HCL<\/a><a href=\"https:\/\/researchchemicalstore.eu\/es\/comercio\/lisergamidas\/1-cp-de-lsd-150-mcg\/\">Papel secante para arte de 1 cP-LSD 150 MCG<\/a><a href=\"https:\/\/researchchemicalstore.eu\/es\/comercio\/pellets\/granulos-de-o-dsmt-50-mg\/\">Gr\u00e1nulos de O-DSMT de 50 mg<\/a><a href=\"https:\/\/researchchemicalstore.eu\/es\/comercio\/lisergamidas\/1v-lsd-150-mcg-blotters\/\">Papel secante 1V-LSD 150 MCG<\/a><\/p>","protected":false},"excerpt":{"rendered":"<h3><span data-sheets-value=\"{\" data-sheets-userformat=\"{\">Propiedades de MEAI<\/span><\/h3>\n<p><strong>Sin\u00f3nimo:<\/strong> 5-metoxi-2-aminoindano, 5-MeO-Al, chaperona<br \/>\n<strong>N\u00famero CAS:<\/strong> 73305-09-6<br \/>\n<strong>F\u00f3rmula:<\/strong> <span title=\"Carb\u00f3n\">do<\/span><sub>10<\/sub><span title=\"Hidr\u00f3geno\">H<\/span><sub>13<\/sub><span title=\"Nitr\u00f3geno\">norte<\/span><span title=\"Ox\u00edgeno\">Oh<\/span><br \/>\n<strong>Masa molar:<\/strong> 163,220 g\/mol<br \/>\n<strong>Pureza:<\/strong> &gt;98%<\/p>","protected":false},"featured_media":28811,"comment_status":"closed","ping_status":"closed","template":"","meta":[],"product_brand":[],"product_cat":[424,336],"product_tag":[603,326],"class_list":{"0":"post-24905","1":"product","2":"type-product","3":"status-publish","4":"has-post-thumbnail","6":"product_cat-meai","7":"product_cat-overig","8":"product_tag-meai","9":"product_tag-nl","11":"first","12":"instock","13":"taxable","14":"shipping-taxable","15":"purchasable","16":"product-type-variable"},"_links":{"self":[{"href":"https:\/\/researchchemicalstore.eu\/es\/wp-json\/wp\/v2\/product\/24905","targetHints":{"allow":["GET"]}}],"collection":[{"href":"https:\/\/researchchemicalstore.eu\/es\/wp-json\/wp\/v2\/product"}],"about":[{"href":"https:\/\/researchchemicalstore.eu\/es\/wp-json\/wp\/v2\/types\/product"}],"replies":[{"embeddable":true,"href":"https:\/\/researchchemicalstore.eu\/es\/wp-json\/wp\/v2\/comments?post=24905"}],"version-history":[{"count":4,"href":"https:\/\/researchchemicalstore.eu\/es\/wp-json\/wp\/v2\/product\/24905\/revisions"}],"predecessor-version":[{"id":26289,"href":"https:\/\/researchchemicalstore.eu\/es\/wp-json\/wp\/v2\/product\/24905\/revisions\/26289"}],"wp:featuredmedia":[{"embeddable":true,"href":"https:\/\/researchchemicalstore.eu\/es\/wp-json\/wp\/v2\/media\/28811"}],"wp:attachment":[{"href":"https:\/\/researchchemicalstore.eu\/es\/wp-json\/wp\/v2\/media?parent=24905"}],"wp:term":[{"taxonomy":"product_brand","embeddable":true,"href":"https:\/\/researchchemicalstore.eu\/es\/wp-json\/wp\/v2\/product_brand?post=24905"},{"taxonomy":"product_cat","embeddable":true,"href":"https:\/\/researchchemicalstore.eu\/es\/wp-json\/wp\/v2\/product_cat?post=24905"},{"taxonomy":"product_tag","embeddable":true,"href":"https:\/\/researchchemicalstore.eu\/es\/wp-json\/wp\/v2\/product_tag?post=24905"}],"curies":[{"name":"gracias","href":"https:\/\/api.w.org\/{rel}","templated":true}]}}