{"id":24912,"date":"2025-04-13T17:43:41","date_gmt":"2025-04-13T17:43:41","guid":{"rendered":"https:\/\/researchchemicalstore.eu\/?post_type=product&#038;p=24912"},"modified":"2025-10-21T09:46:04","modified_gmt":"2025-10-21T09:46:04","slug":"pastillas-de-cbd-de-25-mg","status":"publish","type":"product","link":"https:\/\/researchchemicalstore.eu\/es\/producto\/pastillas-de-cbd-de-25-mg\/","title":{"rendered":"Pastillas de CBD de 25 mg"},"content":{"rendered":"<h2>Pellets de CBD de 25 mg<\/h2>\n<p>Los pellets de CBD son una sustancia que solo se vende con fines de investigaci\u00f3n, por lo que no est\u00e1n destinados al consumo.<\/p>\n<p>El CBD conserva su estabilidad hasta 2 a\u00f1os cuando se almacena. <a href=\"http:\/\/google.nl\" target=\"_blank\" rel=\"noopener\">en<\/a> Se mantiene el entorno adecuado. El CBD est\u00e1 destinado a fines de investigaci\u00f3n y no para el consumo. Por lo tanto, es importante que el producto se mantenga fuera del alcance de los ni\u00f1os y las mascotas.<a title=\"Papel secante para arte de 1 cP-LSD 150 MCG\" href=\"https:\/\/researchchemicalstore.eu\/es\/comercio\/lisergamidas\/1-pastilla-de-lsd-de-150-mcg\/\" target=\"_blank\" rel=\"noopener\">Papel secante para arte de 1 cP-LSD 150 MCG<\/a><\/p>\n<p>Ofrecemos productos qu\u00edmicos de investigaci\u00f3n de buena calidad a un precio justo. Su pedido ser\u00e1 enviado dentro de las 24 horas todos los d\u00edas. Por lo tanto, ordene <em>CBD<\/em> seguro y r\u00e1pido a trav\u00e9s de p.<a title=\"Gr\u00e1nulos de O-DSMT de 50 mg\" href=\"https:\/\/researchchemicalstore.eu\/es\/comercio\/pellets\/granulos-de-o-dsmt-50-mg\/\" target=\"_blank\" rel=\"noopener\">Gr\u00e1nulos de O-DSMT de 50 mg<\/a><\/p>\n<h3>Propiedades del CBD<\/h3>\n<p><strong>Sin\u00f3nimo:<\/strong> Cannabidiol<br \/>\n<strong>N\u00famero CAS:<\/strong> no aplicable<br \/>\n<strong>F\u00f3rmula:<\/strong> do<sub>21<\/sub>H<sub>30<\/sub>Oh<sub>2<\/sub><br \/>\n<strong>Masa molar:<\/strong> no aplicable<br \/>\n<strong>Pureza:<\/strong> &gt;98%<\/p>\n<h3>Indicaci\u00f3n de peligro<\/h3>\n<p>El CBD puede causar irritaci\u00f3n respiratoria<br \/>\nEl CBD puede causar irritaci\u00f3n ocular.<br \/>\nEst\u00e1 prohibido verter productos qu\u00edmicos de investigaci\u00f3n al medio ambiente.<a title=\"C\u00e1psulas de 2 mg de 2C-EF\" href=\"https:\/\/researchchemicalstore.eu\/es\/comercio\/fenetilamina\/capsulas-2c-ef-2mg\/\" target=\"_blank\" rel=\"noopener\">C\u00e1psulas de 2 mg de 2C-EF<\/a><\/p>\n<p>CBD EN CONTACTO CON LOS OJOS: Enjuagar los ojos suavemente con agua durante cinco minutos. Qu\u00edtese los lentes de contacto si es posible.<\/p>\n<p>CBD EN CONTACTO CON LA PIEL: Lavar la piel con agua y jab\u00f3n.<a title=\"Papel secante 1V-LSD 150 MCG\" href=\"https:\/\/researchchemicalstore.eu\/es\/comercio\/lisergamidas\/1v-lsd-150-mcg-blotters\/\" target=\"_blank\" rel=\"noopener\">Papel secante 1V-LSD 150 MCG<\/a><\/p>\n<p>DESPU\u00c9S DE LA INHALACI\u00d3N DE CBD: Transportar a la v\u00edctima al aire fresco y colocarla en una posici\u00f3n c\u00f3moda para respirar.<a title=\"Gr\u00e1nulos de 2-CMC de 250 mg\" href=\"https:\/\/researchchemicalstore.eu\/es\/comercio\/catinonas\/%f0%9f%92%a1-polvo-cristalino-de-2-mmc-para-todas-las-preguntas-y-respuestas-para-la-compra\/\" target=\"_blank\" rel=\"noopener\">Gr\u00e1nulos de 2-CMC de 250 mg<\/a><\/p>","protected":false},"excerpt":{"rendered":"<h3>Propiedades del CBD<\/h3>\n<p><strong>Sin\u00f3nimo:<\/strong> Cannabidiol<br \/>\n<strong>N\u00famero CAS:<\/strong> no aplicable<br \/>\n<strong>F\u00f3rmula:<\/strong> do<sub>21<\/sub>H<sub>30<\/sub>Oh<sub>2<\/sub><br \/>\n<strong>Masa molar:<\/strong> no aplicable<br \/>\n<strong>Pureza:<\/strong> &gt;98%<\/p>","protected":false},"featured_media":28750,"comment_status":"closed","ping_status":"closed","template":"","meta":[],"product_brand":[82],"product_cat":[422,423,336,324],"product_tag":[735,736,737,732,733,734,326],"class_list":{"0":"post-24912","1":"product","2":"type-product","3":"status-publish","4":"has-post-thumbnail","6":"product_brand-research-chemical","7":"product_cat-cbd","8":"product_cat-cbd-pellets","9":"product_cat-overig","10":"product_cat-pellets-for-pellet","11":"product_tag-benefits-of-cbd-pellets-for-horses","12":"product_tag-best-cbd-pellets-for-horses","13":"product_tag-can-your-horse-test-positive-using-cbd-pellets","14":"product_tag-cbd-pellets","15":"product_tag-cbd-pellets-ervaringen","16":"product_tag-cbd-pellets-for-horses","17":"product_tag-nl","19":"first","20":"instock","21":"taxable","22":"shipping-taxable","23":"purchasable","24":"product-type-variable"},"_links":{"self":[{"href":"https:\/\/researchchemicalstore.eu\/es\/wp-json\/wp\/v2\/product\/24912","targetHints":{"allow":["GET"]}}],"collection":[{"href":"https:\/\/researchchemicalstore.eu\/es\/wp-json\/wp\/v2\/product"}],"about":[{"href":"https:\/\/researchchemicalstore.eu\/es\/wp-json\/wp\/v2\/types\/product"}],"replies":[{"embeddable":true,"href":"https:\/\/researchchemicalstore.eu\/es\/wp-json\/wp\/v2\/comments?post=24912"}],"version-history":[{"count":5,"href":"https:\/\/researchchemicalstore.eu\/es\/wp-json\/wp\/v2\/product\/24912\/revisions"}],"predecessor-version":[{"id":25867,"href":"https:\/\/researchchemicalstore.eu\/es\/wp-json\/wp\/v2\/product\/24912\/revisions\/25867"}],"wp:featuredmedia":[{"embeddable":true,"href":"https:\/\/researchchemicalstore.eu\/es\/wp-json\/wp\/v2\/media\/28750"}],"wp:attachment":[{"href":"https:\/\/researchchemicalstore.eu\/es\/wp-json\/wp\/v2\/media?parent=24912"}],"wp:term":[{"taxonomy":"product_brand","embeddable":true,"href":"https:\/\/researchchemicalstore.eu\/es\/wp-json\/wp\/v2\/product_brand?post=24912"},{"taxonomy":"product_cat","embeddable":true,"href":"https:\/\/researchchemicalstore.eu\/es\/wp-json\/wp\/v2\/product_cat?post=24912"},{"taxonomy":"product_tag","embeddable":true,"href":"https:\/\/researchchemicalstore.eu\/es\/wp-json\/wp\/v2\/product_tag?post=24912"}],"curies":[{"name":"gracias","href":"https:\/\/api.w.org\/{rel}","templated":true}]}}