{"id":24917,"date":"2025-04-13T17:43:41","date_gmt":"2025-04-13T17:43:41","guid":{"rendered":"https:\/\/researchchemicalstore.eu\/?post_type=product&#038;p=24917"},"modified":"2025-11-17T11:47:18","modified_gmt":"2025-11-17T11:47:18","slug":"25-o-nboh-12-mg-secantes","status":"publish","type":"product","link":"https:\/\/researchchemicalstore.eu\/es\/producto\/25-o-nboh-12-mg-secantes\/","title":{"rendered":"Papel secante de 25E-NBOH de 1,2 mg"},"content":{"rendered":"<p class=\"ds-markdown-paragraph\"><strong>Papel secante de 25E-NBOH de 1,2 mg: calidad superior para la investigaci\u00f3n cient\u00edfica<\/strong><\/p>\n<h3><strong>\u00bfQu\u00e9 es 25E-NBOH?<\/strong><\/h3>\n<p class=\"ds-markdown-paragraph\">El 25E-NBOH es una sustancia qu\u00edmica de investigaci\u00f3n de la serie NBOH, conocida por su potencial como compuesto serotonin\u00e9rgico. Esta sustancia est\u00e1 destinada exclusivamente a la investigaci\u00f3n farmacol\u00f3gica y neurocient\u00edfica en entornos de laboratorio controlados.<\/p>\n<h3><strong>Caracter\u00edsticas del producto<\/strong><\/h3>\n<p class=\"ds-markdown-paragraph\">\u2714\u00a0<strong>Dosificaci\u00f3n precisa<\/strong>\u00a0\u2013 1,2 mg por papel secante para obtener resultados reproducibles<br \/>\n\u2714\u00a0<strong>Alta calidad<\/strong>\u00a0\u2013 Probado anal\u00edticamente para pureza (&gt;98%)<br \/>\n\u2714\u00a0<strong>Formato apropiado para la investigaci\u00f3n<\/strong>\u00a0\u2013 Pr\u00e1ctico formato secante para una administraci\u00f3n precisa<br \/>\n\u2714\u00a0<strong>Estabilidad \u00f3ptima<\/strong>\u00a0\u2013 Envasado en atm\u00f3sfera protectora<\/p>\n<h3><strong>Preguntas frecuentes<\/strong><\/h3>\n<h4><strong>1. \u00bfCu\u00e1les son las posibles direcciones de investigaci\u00f3n?<\/strong><\/h4>\n<ul>\n<li>\n<p class=\"ds-markdown-paragraph\">Estudios del receptor de serotonina (interacciones 5-HT2A)<\/p>\n<\/li>\n<li>\n<p class=\"ds-markdown-paragraph\">Mecanismos neurofarmacol\u00f3gicos<\/p>\n<\/li>\n<li>\n<p class=\"ds-markdown-paragraph\">An\u00e1lisis comparativos con compuestos relacionados<\/p>\n<\/li>\n<\/ul>\n<h4><strong>2. \u00bfC\u00f3mo guardo correctamente los secantes?<\/strong><\/h4>\n<ul>\n<li>\n<p class=\"ds-markdown-paragraph\">Conservar en el embalaje original.<\/p>\n<\/li>\n<li>\n<p class=\"ds-markdown-paragraph\">Fresco (2-8\u00b0C), oscuro y seco.<\/p>\n<\/li>\n<li>\n<p class=\"ds-markdown-paragraph\">Protegido contra la humedad<\/p>\n<\/li>\n<\/ul>\n<h4><strong>3. \u00bfEs esto legal para la investigaci\u00f3n?<\/strong><\/h4>\n<p class=\"ds-markdown-paragraph\">El estatus legal var\u00eda seg\u00fan la regi\u00f3n.\u00a0<strong>S\u00f3lo para investigaci\u00f3n cient\u00edfica<\/strong>\u00a0No apto para uso humano. Los investigadores deben consultar las leyes locales.<\/p>\n<h4><strong>4. \u00bfQu\u00e9 medidas de seguridad son necesarias?<\/strong><\/h4>\n<ul>\n<li>\n<p class=\"ds-markdown-paragraph\">Uso en entorno de laboratorio controlado<\/p>\n<\/li>\n<li>\n<p class=\"ds-markdown-paragraph\">Use equipo de protecci\u00f3n personal<\/p>\n<\/li>\n<li>\n<p class=\"ds-markdown-paragraph\">Mantenga disponibles los protocolos de primeros auxilios<\/p>\n<\/li>\n<\/ul>\n<h3><strong>Informaci\u00f3n del pedido<\/strong><\/h3>\n<ul>\n<li>\n<p class=\"ds-markdown-paragraph\">Disponible por 10 secantes<\/p>\n<\/li>\n<li>\n<p class=\"ds-markdown-paragraph\">Embalaje discreto con seguimiento y localizaci\u00f3n<\/p>\n<\/li>\n<li>\n<p class=\"ds-markdown-paragraph\">S\u00f3lo para investigadores calificados.<\/p>\n<\/li>\n<\/ul>\n<p><a href=\"https:\/\/researchchemicalstore.eu\/es\/comercio\/lisergamidas\/1v-lsd-150-mcg-blotters\/\">Papel secante 1V-LSD 150 MCG<\/a><a href=\"https:\/\/researchchemicalstore.eu\/es\/comercio\/pellets\/granulos-de-o-dsmt-50-mg\/\">Gr\u00e1nulos de O-DSMT de 50 mg<\/a><a href=\"https:\/\/researchchemicalstore.eu\/es\/comercio\/lisergamidas\/1-cp-de-lsd-150-mcg\/\">Papel secante para arte de 1 cP-LSD 150 MCG<\/a><a href=\"https:\/\/researchchemicalstore.eu\/es\/comercio\/iboga-ibogaina\/corteza-de-raiz-de-iboga\/\">corteza de ra\u00edz de iboga<\/a><a href=\"https:\/\/researchchemicalstore.eu\/es\/comercio\/iboga-ibogaina\/comprar-ibogaina-hcl-en-linea\/\">Comprar iboga\u00edna HCL<\/a><\/p>","protected":false},"excerpt":{"rendered":"<p>Papel secante de 25E-NBOH de 1,2 mg: calidad superior para la investigaci\u00f3n cient\u00edfica. \u00bfQu\u00e9 es el 25E-NBOH? El 25E-NBOH es un producto qu\u00edmico de investigaci\u00f3n de la serie NBOH.<\/p>","protected":false},"featured_media":29013,"comment_status":"closed","ping_status":"closed","template":"","meta":[],"product_brand":[82],"product_cat":[357,80],"product_tag":[201,203,202,326],"class_list":{"0":"post-24917","1":"product","2":"type-product","3":"status-publish","4":"has-post-thumbnail","6":"product_brand-research-chemical","7":"product_cat-25e-nboh","8":"product_cat-fenethylamine","9":"product_tag-25e-nboh","10":"product_tag-25e-nboh-kopen","11":"product_tag-25e-nboh-reddit","12":"product_tag-nl","14":"first","15":"instock","16":"taxable","17":"shipping-taxable","18":"purchasable","19":"product-type-variable"},"_links":{"self":[{"href":"https:\/\/researchchemicalstore.eu\/es\/wp-json\/wp\/v2\/product\/24917","targetHints":{"allow":["GET"]}}],"collection":[{"href":"https:\/\/researchchemicalstore.eu\/es\/wp-json\/wp\/v2\/product"}],"about":[{"href":"https:\/\/researchchemicalstore.eu\/es\/wp-json\/wp\/v2\/types\/product"}],"replies":[{"embeddable":true,"href":"https:\/\/researchchemicalstore.eu\/es\/wp-json\/wp\/v2\/comments?post=24917"}],"version-history":[{"count":5,"href":"https:\/\/researchchemicalstore.eu\/es\/wp-json\/wp\/v2\/product\/24917\/revisions"}],"predecessor-version":[{"id":25869,"href":"https:\/\/researchchemicalstore.eu\/es\/wp-json\/wp\/v2\/product\/24917\/revisions\/25869"}],"wp:featuredmedia":[{"embeddable":true,"href":"https:\/\/researchchemicalstore.eu\/es\/wp-json\/wp\/v2\/media\/29013"}],"wp:attachment":[{"href":"https:\/\/researchchemicalstore.eu\/es\/wp-json\/wp\/v2\/media?parent=24917"}],"wp:term":[{"taxonomy":"product_brand","embeddable":true,"href":"https:\/\/researchchemicalstore.eu\/es\/wp-json\/wp\/v2\/product_brand?post=24917"},{"taxonomy":"product_cat","embeddable":true,"href":"https:\/\/researchchemicalstore.eu\/es\/wp-json\/wp\/v2\/product_cat?post=24917"},{"taxonomy":"product_tag","embeddable":true,"href":"https:\/\/researchchemicalstore.eu\/es\/wp-json\/wp\/v2\/product_tag?post=24917"}],"curies":[{"name":"gracias","href":"https:\/\/api.w.org\/{rel}","templated":true}]}}