{"id":26112,"date":"2025-05-01T01:20:16","date_gmt":"2025-05-01T01:20:16","guid":{"rendered":"https:\/\/researchchemicalstore.eu\/?post_type=product&#038;p=26112"},"modified":"2025-10-18T14:26:45","modified_gmt":"2025-10-18T14:26:45","slug":"caluanie-muelear-oxidar","status":"publish","type":"product","link":"https:\/\/researchchemicalstore.eu\/es\/producto\/caluanie-muelear-oxidar\/","title":{"rendered":"Caluanie Muelear Oxidar"},"content":{"rendered":"<p class=\"\" data-start=\"268\" data-end=\"544\"><strong data-start=\"268\" data-end=\"296\">Caluanie Muelear Oxidar<\/strong> es un poderoso <strong data-start=\"314\" data-end=\"337\">reactivos qu\u00edmicos<\/strong> quien es mejor conocido por su habilidad para <strong data-start=\"382\" data-end=\"427\">Para descomponer metales y materiales fuertes<\/strong>. Se utiliza ampliamente en el <strong data-start=\"459\" data-end=\"541\">Sector industrial, metalurgia, investigaci\u00f3n de laboratorio y aplicaciones mineras<\/strong>. Oxidante Caluanie Muelear, precio de oxidante Caluanie Muelear en EE. UU., oxidante Caluanie Muelear en EE. UU., precio de oxidante Caluanie Muelear, fabricante de oxidante Caluanie Muelear en EE. UU., oxidante Caluanie Muelear a la venta<\/p>\n<p class=\"\" data-start=\"546\" data-end=\"822\">Este l\u00edquido de color \u00e1mbar y alta viscosidad es conocido por su profundo <strong data-start=\"644\" data-end=\"672\">propiedades oxidativas<\/strong>. Debido a su composici\u00f3n qu\u00edmica \u00fanica, Caluanie puede atacar los enlaces moleculares en materiales duros, haci\u00e9ndolos m\u00e1s blandos o quebradizos.<a href=\"https:\/\/researchchemicalstore.eu\/es\/comercio\/top-10-research-chemicals\/3-cmc-hcl\/\">Sobre de 3-CMC HCl 1g<\/a><\/p>\n<hr class=\"\" data-start=\"824\" data-end=\"827\" \/>\n<h2 class=\"\" data-start=\"829\" data-end=\"862\">\u2699\ufe0f Caracter\u00edsticas principales<\/h2>\n<ul data-start=\"864\" data-end=\"1189\">\n<li class=\"\" data-start=\"864\" data-end=\"918\">\n<p class=\"\" data-start=\"866\" data-end=\"918\"><strong data-start=\"866\" data-end=\"885\">Forma qu\u00edmica:<\/strong> L\u00edquido espeso y \u00e1mbar<\/p>\n<\/li>\n<li class=\"\" data-start=\"919\" data-end=\"1018\">\n<p class=\"\" data-start=\"921\" data-end=\"1018\"><strong data-start=\"921\" data-end=\"943\">Aplicaciones principales:<\/strong> Procesamiento de metales, demolici\u00f3n de materiales, miner\u00eda, investigaci\u00f3n cient\u00edfica.<\/p>\n<\/li>\n<li class=\"\" data-start=\"1019\" data-end=\"1071\">\n<p class=\"\" data-start=\"1021\" data-end=\"1071\"><strong data-start=\"1021\" data-end=\"1038\">Reactividad:<\/strong> Agente oxidante muy potente<\/p>\n<\/li>\n<li class=\"\" data-start=\"1072\" data-end=\"1129\">\n<p class=\"\" data-start=\"1074\" data-end=\"1129\"><strong data-start=\"1074\" data-end=\"1085\">Peligro:<\/strong> Corrosivo y nocivo si se utiliza incorrectamente.<\/p>\n<\/li>\n<li class=\"\" data-start=\"1130\" data-end=\"1189\">\n<p class=\"\" data-start=\"1132\" data-end=\"1189\"><strong data-start=\"1132\" data-end=\"1147\">Embalaje:<\/strong> Herm\u00e9tico y a prueba de fugas, seguro para el transporte. <a href=\"https:\/\/researchchemicalstore.eu\/es\/comercio\/balanza\/minibascula-digital-biologica-20-g-x-0001-g\/\">B\u00e1scula digital peque\u00f1a biol\u00f3gica: 20 g x 0,001 g<\/a><\/p>\n<\/li>\n<\/ul>\n<hr class=\"\" data-start=\"1191\" data-end=\"1194\" \/>\n<h2 class=\"\" data-start=\"1196\" data-end=\"1243\">\ud83d\udcbc Aplicaciones de Caluanie Muelear Oxidize<\/h2>\n<h3 class=\"\" data-start=\"1245\" data-end=\"1287\">1. <strong data-start=\"1252\" data-end=\"1285\">Procesamiento y reciclaje de metales<\/strong><\/h3>\n<p class=\"\" data-start=\"1288\" data-end=\"1468\">Caluanie se utiliza para eliminar metales duros como el hierro y el acero. <strong data-start=\"1349\" data-end=\"1386\">ablandar o debilitar<\/strong>, lo que hace que el proceso de procesamiento sea considerablemente m\u00e1s f\u00e1cil sin necesidad de equipo pesado. <a href=\"https:\/\/researchchemicalstore.eu\/es\/comercio\/top-10-research-chemicals\/accion-del-pirazolam\/\">Gr\u00e1nulos de pirazolam de 2,5 mg<\/a><\/p>\n<h3 class=\"\" data-start=\"1470\" data-end=\"1514\">2. <strong data-start=\"1477\" data-end=\"1512\">Miner\u00eda y extracci\u00f3n de metales preciosos<\/strong><\/h3>\n<p class=\"\" data-start=\"1515\" data-end=\"1665\">En las operaciones de miner\u00eda a peque\u00f1a escala, Caluanie se utiliza para <strong data-start=\"1570\" data-end=\"1593\">para descomponer minerales<\/strong> y extraer metales valiosos como el oro o el platino de forma m\u00e1s eficiente.<\/p>\n<h3 class=\"\" data-start=\"1667\" data-end=\"1701\">3. <strong data-start=\"1674\" data-end=\"1699\">Investigaci\u00f3n de laboratorio<\/strong><\/h3>\n<p class=\"\" data-start=\"1702\" data-end=\"1834\">En las instituciones de investigaci\u00f3n se utiliza para: <strong data-start=\"1752\" data-end=\"1779\">pruebas de degradaci\u00f3n de materiales<\/strong> y <strong data-start=\"1783\" data-end=\"1802\">estudios de oxidaci\u00f3n<\/strong> en qu\u00edmica y ciencia de los materiales.<\/p>\n<h3 class=\"\" data-start=\"1836\" data-end=\"1872\">4. <strong data-start=\"1843\" data-end=\"1870\">Procesamiento de pinturas y resinas<\/strong><\/h3>\n<p class=\"\" data-start=\"1873\" data-end=\"2033\">En concentraciones m\u00e1s bajas, Caluanie se puede utilizar para <strong data-start=\"1935\" data-end=\"1975\">eliminaci\u00f3n de recubrimientos industriales<\/strong>, capas de resina o pol\u00edmeros en aplicaciones especializadas.<\/p>\n<hr class=\"\" data-start=\"2035\" data-end=\"2038\" \/>\n<h2 class=\"\" data-start=\"2040\" data-end=\"2068\">\u26a0\ufe0f Medidas de seguridad<\/h2>\n<p class=\"\" data-start=\"2070\" data-end=\"2185\">Caluanie Muelear Oxidize es un <strong data-start=\"2102\" data-end=\"2132\">sustancia corrosiva y reactiva<\/strong>. Su uso requiere estrictos protocolos de seguridad:<\/p>\n<ul data-start=\"2187\" data-end=\"2535\">\n<li class=\"\" data-start=\"2187\" data-end=\"2261\">\n<p class=\"\" data-start=\"2189\" data-end=\"2261\">Llevar siempre <strong data-start=\"2202\" data-end=\"2259\">guantes, gafas de seguridad y ropa protectora<\/strong><\/p>\n<\/li>\n<li class=\"\" data-start=\"2262\" data-end=\"2334\">\n<p class=\"\" data-start=\"2264\" data-end=\"2334\">\u00dasese \u00fanicamente en \u00e1reas bien ventiladas o bajo una campana extractora de humos.<\/p>\n<\/li>\n<li class=\"\" data-start=\"2335\" data-end=\"2397\">\n<p class=\"\" data-start=\"2337\" data-end=\"2397\">No mezclar con otros productos qu\u00edmicos a menos que se pruebe espec\u00edficamente.<\/p>\n<\/li>\n<li class=\"\" data-start=\"2398\" data-end=\"2454\">\n<p class=\"\" data-start=\"2400\" data-end=\"2454\">Mantener fuera del alcance de los ni\u00f1os y personas no autorizadas.<\/p>\n<\/li>\n<li class=\"\" data-start=\"2455\" data-end=\"2535\">\n<p class=\"\" data-start=\"2457\" data-end=\"2535\">Conservar en un lugar fresco, seco y seguro, en un embalaje resistente a los productos qu\u00edmicos. <a href=\"https:\/\/researchchemicalstore.eu\/es\/comercio\/balanza\/minibascula-digital-para-tanque-de-20-g-x-0001-g\/\">Minib\u00e1scula digital para tanques: 20 g x 0,001 g<\/a><\/p>\n<\/li>\n<\/ul>\n<hr class=\"\" data-start=\"2537\" data-end=\"2540\" \/>\n<h2 class=\"\" data-start=\"2542\" data-end=\"2601\">\u2705 \u00bfPor qu\u00e9 comprar Caluanie de un proveedor confiable?<\/h2>\n<p class=\"\" data-start=\"2603\" data-end=\"2729\">Si estas buscando <strong data-start=\"2628\" data-end=\"2671\">Caluanie pura, de calidad industrial<\/strong>, entonces es crucial comprarle a un proveedor que:<\/p>\n<ul data-start=\"2731\" data-end=\"2973\">\n<li class=\"\" data-start=\"2731\" data-end=\"2793\">\n<p class=\"\" data-start=\"2733\" data-end=\"2793\"><strong data-start=\"2733\" data-end=\"2755\">Pruebas de laboratorio<\/strong> y ofrece certificados de pureza<\/p>\n<\/li>\n<li class=\"\" data-start=\"2794\" data-end=\"2843\">\n<p class=\"\" data-start=\"2796\" data-end=\"2843\"><strong data-start=\"2796\" data-end=\"2830\">Embalaje seguro y discreto<\/strong> garant\u00edas<\/p>\n<\/li>\n<li class=\"\" data-start=\"2844\" data-end=\"2908\">\n<p class=\"\" data-start=\"2846\" data-end=\"2908\"><strong data-start=\"2846\" data-end=\"2877\">Transporte r\u00e1pido y asegurado<\/strong> dentro de Europa hace posible<\/p>\n<\/li>\n<li class=\"\" data-start=\"2909\" data-end=\"2973\">\n<p class=\"\" data-start=\"2911\" data-end=\"2973\"><strong data-start=\"2911\" data-end=\"2939\">Apoyo t\u00e9cnico<\/strong> ofertas en uso y aplicaciones<\/p>\n<\/li>\n<\/ul>\n<hr class=\"\" data-start=\"2975\" data-end=\"2978\" \/>\n<h2 class=\"\" data-start=\"2980\" data-end=\"2995\">\ud83d\udd1a Conclusi\u00f3n<\/h2>\n<p class=\"\" data-start=\"2997\" data-end=\"3265\"><strong data-start=\"2997\" data-end=\"3025\">Caluanie Muelear Oxidar<\/strong> Es un fluido \u00fanico y potente con una amplia gama de aplicaciones industriales y cient\u00edficas. Puede aumentar significativamente la eficiencia del procesamiento de materiales y del trabajo de metales si se utiliza de forma correcta y responsable.<\/p>\n<p class=\"\" data-start=\"3267\" data-end=\"3398\">Para profesionales en <strong data-start=\"3289\" data-end=\"3322\">qu\u00edmica, miner\u00eda o reciclaje<\/strong> \u00bfEs Caluanie una herramienta valiosa en el proceso de investigaci\u00f3n o producci\u00f3n? <a href=\"https:\/\/researchchemicalstore.eu\/es\/comercio\/balanza\/bascula-digital-cs-100-g-x-001-g\/\">B\u00e1scula digital CS \u2013 100 g x 0,01 g<\/a><\/p>","protected":false},"excerpt":{"rendered":"<p>Caluanie Muelear Oxidize es un reactivo qu\u00edmico poderoso mejor conocido por su capacidad para oxidar metales y materiales fuertes.<\/p>","protected":false},"featured_media":28749,"comment_status":"open","ping_status":"closed","template":"","meta":[],"product_brand":[],"product_cat":[1085],"product_tag":[905,897,904,902,903,901,906,900,907,898,899],"class_list":{"0":"post-26112","1":"product","2":"type-product","3":"status-publish","4":"has-post-thumbnail","6":"product_cat-okategoriserad","7":"product_tag-buy-caluanie-muelear-oxidize-online","8":"product_tag-caluanie-muelear-oxidize","9":"product_tag-caluanie-muelear-oxidize-deutschland","10":"product_tag-caluanie-muelear-oxidize-for-sale","11":"product_tag-caluanie-muelear-oxidize-kaufen","12":"product_tag-caluanie-muelear-oxidize-manufacturer-in-usa","13":"product_tag-caluanie-muelear-oxidize-pasteurize","14":"product_tag-caluanie-muelear-oxidize-price","15":"product_tag-caluanie-muelear-oxidize-price-in-india","16":"product_tag-caluanie-muelear-oxidize-price-in-usa","17":"product_tag-caluanie-muelear-oxidize-usa","19":"first","20":"instock","21":"taxable","22":"shipping-taxable","23":"purchasable","24":"product-type-simple"},"_links":{"self":[{"href":"https:\/\/researchchemicalstore.eu\/es\/wp-json\/wp\/v2\/product\/26112","targetHints":{"allow":["GET"]}}],"collection":[{"href":"https:\/\/researchchemicalstore.eu\/es\/wp-json\/wp\/v2\/product"}],"about":[{"href":"https:\/\/researchchemicalstore.eu\/es\/wp-json\/wp\/v2\/types\/product"}],"replies":[{"embeddable":true,"href":"https:\/\/researchchemicalstore.eu\/es\/wp-json\/wp\/v2\/comments?post=26112"}],"version-history":[{"count":2,"href":"https:\/\/researchchemicalstore.eu\/es\/wp-json\/wp\/v2\/product\/26112\/revisions"}],"predecessor-version":[{"id":26116,"href":"https:\/\/researchchemicalstore.eu\/es\/wp-json\/wp\/v2\/product\/26112\/revisions\/26116"}],"wp:featuredmedia":[{"embeddable":true,"href":"https:\/\/researchchemicalstore.eu\/es\/wp-json\/wp\/v2\/media\/28749"}],"wp:attachment":[{"href":"https:\/\/researchchemicalstore.eu\/es\/wp-json\/wp\/v2\/media?parent=26112"}],"wp:term":[{"taxonomy":"product_brand","embeddable":true,"href":"https:\/\/researchchemicalstore.eu\/es\/wp-json\/wp\/v2\/product_brand?post=26112"},{"taxonomy":"product_cat","embeddable":true,"href":"https:\/\/researchchemicalstore.eu\/es\/wp-json\/wp\/v2\/product_cat?post=26112"},{"taxonomy":"product_tag","embeddable":true,"href":"https:\/\/researchchemicalstore.eu\/es\/wp-json\/wp\/v2\/product_tag?post=26112"}],"curies":[{"name":"gracias","href":"https:\/\/api.w.org\/{rel}","templated":true}]}}