{"id":27458,"date":"2025-09-02T16:57:33","date_gmt":"2025-09-02T16:57:33","guid":{"rendered":"https:\/\/researchchemicalstore.eu\/?post_type=product&#038;p=27458"},"modified":"2025-10-18T14:04:54","modified_gmt":"2025-10-18T14:04:54","slug":"polvo-de-benzocaina-%e2%89%a599-0","status":"publish","type":"product","link":"https:\/\/researchchemicalstore.eu\/es\/producto\/polvo-de-benzocaina-%e2%89%a599-0\/","title":{"rendered":"Polvo de benzoca\u00edna \u226599,0%"},"content":{"rendered":"<p data-start=\"433\" data-end=\"736\">A nosotros <strong data-start=\"437\" data-end=\"465\">Polvo de benzoca\u00edna \u226599,0%<\/strong> Es una materia prima ultrapura y de alta calidad, ampliamente utilizada en aplicaciones farmac\u00e9uticas, cosm\u00e9ticas e industriales. Gracias a su excelente calidad y pureza, este producto cumple con los est\u00e1ndares m\u00e1s estrictos y es apto para una amplia gama de prop\u00f3sitos.<\/p>\n<p data-start=\"738\" data-end=\"768\"><strong data-start=\"738\" data-end=\"766\">Caracter\u00edsticas principales:<\/strong><\/p>\n<ul data-start=\"769\" data-end=\"1018\">\n<li data-start=\"769\" data-end=\"791\">\n<p data-start=\"771\" data-end=\"791\">Pureza: \u226599,0%<\/p>\n<\/li>\n<li data-start=\"792\" data-end=\"829\">\n<p data-start=\"794\" data-end=\"829\">Forma: Polvo cristalino blanco fino<\/p>\n<\/li>\n<li data-start=\"830\" data-end=\"930\">\n<p data-start=\"832\" data-end=\"930\">Solubilidad: F\u00e1cilmente soluble en alcohol y disolventes org\u00e1nicos, escasamente soluble en agua.<\/p>\n<\/li>\n<li data-start=\"931\" data-end=\"954\">\n<p data-start=\"933\" data-end=\"954\">N\u00famero CAS: 94-09-7<\/p>\n<\/li>\n<li data-start=\"955\" data-end=\"984\">\n<p data-start=\"957\" data-end=\"984\">F\u00f3rmula molecular: C9H11NO2<\/p>\n<\/li>\n<li data-start=\"985\" data-end=\"1018\">\n<p data-start=\"987\" data-end=\"1018\">Peso molecular: 165,19 g\/mol<\/p>\n<\/li>\n<\/ul>\n<p data-start=\"1020\" data-end=\"1039\"><strong data-start=\"1020\" data-end=\"1037\">Aplicaciones:<\/strong><\/p>\n<ul data-start=\"1040\" data-end=\"1298\">\n<li data-start=\"1040\" data-end=\"1132\">\n<p data-start=\"1042\" data-end=\"1132\">Industria farmac\u00e9utica: se utiliza como anest\u00e9sico local en cremas, geles y aerosoles.<\/p>\n<\/li>\n<li data-start=\"1133\" data-end=\"1210\">\n<p data-start=\"1135\" data-end=\"1210\">Sector cosm\u00e9tico: se utiliza en productos para el alivio temporal del dolor.<\/p>\n<\/li>\n<li data-start=\"1211\" data-end=\"1298\">\n<p data-start=\"1213\" data-end=\"1298\">Investigaci\u00f3n y laboratorios: utilizables para fines cient\u00edficos y anal\u00edticos<\/p>\n<\/li>\n<\/ul>\n<p data-start=\"1300\" data-end=\"1462\"><strong data-start=\"1300\" data-end=\"1325\">Almacenamiento y seguridad:<\/strong><br data-start=\"1325\" data-end=\"1328\" \/>Conservar el producto en un lugar fresco y seco, protegido de la luz solar directa y la humedad. Apto solo para uso profesional.<\/p>\n<h1 data-start=\"1469\" data-end=\"1533\"><strong data-start=\"1471\" data-end=\"1531\">Preguntas frecuentes (FAQ en holand\u00e9s + explicaci\u00f3n en ingl\u00e9s)<\/strong><\/h1>\n<p data-start=\"1535\" data-end=\"1789\"><strong data-start=\"1535\" data-end=\"1567\">1. \u00bfQu\u00e9 es el polvo de benzoca\u00edna?<\/strong><br data-start=\"1567\" data-end=\"1570\" \/>La benzoca\u00edna es un anest\u00e9sico local que se utiliza a menudo para reducir temporalmente el dolor o la irritaci\u00f3n.<\/p>\n<p data-start=\"1791\" data-end=\"2058\"><strong data-start=\"1791\" data-end=\"1843\">2. \u00bfC\u00f3mo se utiliza habitualmente el polvo de benzoca\u00edna?<\/strong><br data-start=\"1843\" data-end=\"1846\" \/>Se utiliza en cremas, geles, aerosoles y, a veces, en dispositivos m\u00e9dicos para aliviar el dolor.<\/p>\n<p data-start=\"2060\" data-end=\"2360\"><strong data-start=\"2060\" data-end=\"2107\">3. \u00bfEste producto es apto para el consumo?<\/strong><br data-start=\"2107\" data-end=\"2110\" \/>No, este producto est\u00e1 destinado \u00fanicamente a uso profesional y de investigaci\u00f3n. No es apto para consumo directo.<\/p>\n<p data-start=\"2362\" data-end=\"2596\"><strong data-start=\"2362\" data-end=\"2407\">4. \u00bfC\u00f3mo debo almacenar el polvo de benzoca\u00edna?<\/strong><br data-start=\"2407\" data-end=\"2410\" \/>Conservar en un lugar fresco, seco y bien cerrado, fuera del alcance de los ni\u00f1os y las mascotas.<\/p>\n<p data-start=\"2598\" data-end=\"2816\"><strong data-start=\"2598\" data-end=\"2657\">5. \u00bfPuedo pedir este producto en peque\u00f1as cantidades?<\/strong><br data-start=\"2657\" data-end=\"2660\" \/>S\u00ed, ofrecemos cantidades de pedido flexibles seg\u00fan sus necesidades.<\/p>\n<p data-start=\"2818\" data-end=\"3078\"><strong data-start=\"2818\" data-end=\"2866\">6. \u00bfQu\u00e9 hace que este producto sea de alta calidad?<\/strong><br data-start=\"2866\" data-end=\"2869\" \/>La pureza de \u226599,0% garantiza confiabilidad y un rendimiento constante en diversas aplicaciones.<\/p>","protected":false},"excerpt":{"rendered":"<p>Ons Benzoca\u00efne Poeder \u226599.0% is een ultrazuivere, hoogwaardige grondstof die veel wordt gebruikt in farmaceutische, cosmetische en industri\u00eble toepassingen. Dankzij<\/p>","protected":false},"featured_media":28738,"comment_status":"open","ping_status":"closed","template":"","meta":[],"product_brand":[],"product_cat":[1085],"product_tag":[],"class_list":{"0":"post-27458","1":"product","2":"type-product","3":"status-publish","4":"has-post-thumbnail","6":"product_cat-okategoriserad","8":"first","9":"instock","10":"taxable","11":"shipping-taxable","12":"purchasable","13":"product-type-variable"},"_links":{"self":[{"href":"https:\/\/researchchemicalstore.eu\/es\/wp-json\/wp\/v2\/product\/27458","targetHints":{"allow":["GET"]}}],"collection":[{"href":"https:\/\/researchchemicalstore.eu\/es\/wp-json\/wp\/v2\/product"}],"about":[{"href":"https:\/\/researchchemicalstore.eu\/es\/wp-json\/wp\/v2\/types\/product"}],"replies":[{"embeddable":true,"href":"https:\/\/researchchemicalstore.eu\/es\/wp-json\/wp\/v2\/comments?post=27458"}],"version-history":[{"count":2,"href":"https:\/\/researchchemicalstore.eu\/es\/wp-json\/wp\/v2\/product\/27458\/revisions"}],"predecessor-version":[{"id":27974,"href":"https:\/\/researchchemicalstore.eu\/es\/wp-json\/wp\/v2\/product\/27458\/revisions\/27974"}],"wp:featuredmedia":[{"embeddable":true,"href":"https:\/\/researchchemicalstore.eu\/es\/wp-json\/wp\/v2\/media\/28738"}],"wp:attachment":[{"href":"https:\/\/researchchemicalstore.eu\/es\/wp-json\/wp\/v2\/media?parent=27458"}],"wp:term":[{"taxonomy":"product_brand","embeddable":true,"href":"https:\/\/researchchemicalstore.eu\/es\/wp-json\/wp\/v2\/product_brand?post=27458"},{"taxonomy":"product_cat","embeddable":true,"href":"https:\/\/researchchemicalstore.eu\/es\/wp-json\/wp\/v2\/product_cat?post=27458"},{"taxonomy":"product_tag","embeddable":true,"href":"https:\/\/researchchemicalstore.eu\/es\/wp-json\/wp\/v2\/product_tag?post=27458"}],"curies":[{"name":"gracias","href":"https:\/\/api.w.org\/{rel}","templated":true}]}}