{"id":23325,"date":"2025-04-13T17:39:34","date_gmt":"2025-04-13T17:39:34","guid":{"rendered":"https:\/\/researchchemicalstore.eu\/?post_type=product&#038;p=23325"},"modified":"2026-02-02T09:42:03","modified_gmt":"2026-02-02T09:42:03","slug":"%ce%b2oh-2c-b-graanulid","status":"publish","type":"product","link":"https:\/\/researchchemicalstore.eu\/et\/product\/%ce%b2oh-2c-b-graanulid\/","title":{"rendered":"\u03b2OH-2C-B 60 mg graanulid"},"content":{"rendered":"<h1>\u03b2OH-2C-B 60 mg graanulid \u2013 t\u00e4psus ja puhtus teaduslikuks kasutamiseks<\/h1>\n<h2>Toote kirjeldus<\/h2>\n<p><strong>\u03b2OH-2C-B 60 mg graanulid<\/strong> on v\u00e4lja t\u00f6\u00f6tatud teaduslikuks ja anal\u00fc\u00fctiliseks uurimist\u00f6\u00f6ks. Iga pellet sisaldab t\u00e4pset annust <strong>60 milligrammi \u03b2OH-2C-B-d<\/strong>, toodetud usaldusv\u00e4\u00e4rsete uurimistulemuste saamiseks k\u00f5rgete kvaliteedistandardite kohaselt.<\/p>\n<h2>\u03b2OH-2C-B graanulite spetsifikatsioonid<\/h2>\n<h3>\u00dchend<\/h3>\n<ul>\n<li>Toimeaine: <strong>\u03b2OH-2C-B<\/strong><\/li>\n<li>Annustamine: <strong>60 mg pelleti kohta<\/strong><\/li>\n<li>Vorm: Pressitud graanulid<\/li>\n<\/ul>\n<h3>Omadused<\/h3>\n<ul>\n<li><strong>T\u00e4pne annus:<\/strong> T\u00e4pselt 60 mg \u00fchiku kohta<\/li>\n<li><strong>K\u00f5rge puhtusastmega:<\/strong> Valitud toorained <a href=\"http:\/\/google.nl\" target=\"_blank\" rel=\"noopener\">ja<\/a> kontrollitud tootmine<\/li>\n<li><strong>Kasutajas\u00f5bralik:<\/strong> Lihtne k\u00e4sitseda uuringu ajal<\/li>\n<li><strong>J\u00e4rjepidev toimimine:<\/strong> Iga pellet pakub \u00fchtlast keemilist koostist<\/li>\n<\/ul>\n<h2>Taotlus<\/h2>\n<ul>\n<li><strong>Sobib:<\/strong> Anal\u00fc\u00fctilised ja laboratoorsed uuringud<\/li>\n<li><strong>Ei sobi:<\/strong> Inimeste v\u00f5i loomade tarbimine<\/li>\n<\/ul>\n<blockquote><p>Kasutamiseks ainult kvalifitseeritud spetsialistidele kontrollitud keskkonnas.<a href=\"https:\/\/researchchemicalstore.eu\/et\/pood\/lusergamiidid\/1-cp-lsd-2\/\">1cP-LSD 150 MCG kunstipaberit<\/a><\/p><\/blockquote>\n<h2>Kasutamine ja s\u00e4ilitamine<\/h2>\n<h3>Kasutus<\/h3>\n<ul>\n<li>Kandideeri ainult professionaalses uurimiskeskkonnas<\/li>\n<li>\u00c4rge kombineerige teiste ainetega ilma piisavate teadmisteta<\/li>\n<\/ul>\n<h3>Ladustamine<\/h3>\n<ul>\n<li>Hoida jahedas ja kuivas kohas<\/li>\n<li>Kaitsta niiskuse ja otsese valguse eest<\/li>\n<li>Hoida lastele ja lemmikloomadele k\u00e4ttesaamatus kohas<\/li>\n<\/ul>\n<h2>Ohutusteave \u03b2OH-2C-B graanulid<\/h2>\n<ul>\n<li>\u00c4rge kasutage raseduse ega rinnaga toitmise ajal.<\/li>\n<li>Kasutage ainult sobiva kaitsevarustusega<\/li>\n<li>Laboratoorsete rakenduste puhul konsulteerige eksperdiga<\/li>\n<\/ul>\n<h2>Pakend<\/h2>\n<p>Graanulid on pakendatud \u00f5hukindlatesse ja valgusekindlatesse anumatesse, et s\u00e4ilitada kvaliteeti ja s\u00e4ilivusaega.<a href=\"https:\/\/researchchemicalstore.eu\/et\/pood\/pellets\/o-dsmt-50mg-graanulid\/\">O-DSMT 50 mg graanulid<\/a><\/p>\n<h2>\u00d5iguslik lahti\u00fctlus \u03b2OH-2C-B graanulid<\/h2>\n<p>See toode on m\u00f5eldud ainult uurimis- ja anal\u00fc\u00fcsiotstarbeks. See ei sobi inimtoiduks. Ostja vastutab ainuisikuliselt kohalike seaduste j\u00e4rgimise ja toote \u00f5ige kasutamise eest. Eba\u00f5ige kasutamise eest vastutust ei v\u00f5eta.<a href=\"https:\/\/researchchemicalstore.eu\/et\/pood\/lusergamiidid\/1vlsd\/\">1V-LSD 150 MCG blotterid<\/a><\/p>\n<p>&nbsp;<\/p>","protected":false},"excerpt":{"rendered":"<h3>\u03b2OH-2C-B omadused<\/h3>\n<p><strong>S\u00fcnon\u00fc\u00fcm:<\/strong> beeta-h\u00fcdroks\u00fc-2C-B vesinikkloriid, BOHB<br \/>\n<strong>CAS-number:<\/strong> 807631-09-0<br \/>\n<strong>Valem:<\/strong> 2-amino-1-(4-bromo-2,5-dimetoks\u00fcfen\u00fc\u00fcl)etaan-1-oolvesinikkloriid<br \/>\n<strong>Molaarmass:<\/strong> 312,6 g\/mol<br \/>\n<strong>Puhtus:<\/strong> &gt;97%<\/p>","protected":false},"featured_media":29022,"comment_status":"closed","ping_status":"closed","template":"","meta":[],"product_brand":[82],"product_cat":[322,531,532,80,324],"product_tag":[326,918],"class_list":{"0":"post-23325","1":"product","2":"type-product","3":"status-publish","4":"has-post-thumbnail","6":"product_brand-research-chemical","7":"product_cat-bijna-verboden","8":"product_cat-boh-2c-b","9":"product_cat-boh-2c-b-pellets","10":"product_cat-fenethylamine","11":"product_cat-pellets-for-pellet","12":"product_tag-nl","13":"product_tag-oh-2c-b","15":"first","16":"instock","17":"taxable","18":"shipping-taxable","19":"purchasable","20":"product-type-variable"},"_links":{"self":[{"href":"https:\/\/researchchemicalstore.eu\/et\/wp-json\/wp\/v2\/product\/23325","targetHints":{"allow":["GET"]}}],"collection":[{"href":"https:\/\/researchchemicalstore.eu\/et\/wp-json\/wp\/v2\/product"}],"about":[{"href":"https:\/\/researchchemicalstore.eu\/et\/wp-json\/wp\/v2\/types\/product"}],"replies":[{"embeddable":true,"href":"https:\/\/researchchemicalstore.eu\/et\/wp-json\/wp\/v2\/comments?post=23325"}],"version-history":[{"count":4,"href":"https:\/\/researchchemicalstore.eu\/et\/wp-json\/wp\/v2\/product\/23325\/revisions"}],"predecessor-version":[{"id":26341,"href":"https:\/\/researchchemicalstore.eu\/et\/wp-json\/wp\/v2\/product\/23325\/revisions\/26341"}],"wp:featuredmedia":[{"embeddable":true,"href":"https:\/\/researchchemicalstore.eu\/et\/wp-json\/wp\/v2\/media\/29022"}],"wp:attachment":[{"href":"https:\/\/researchchemicalstore.eu\/et\/wp-json\/wp\/v2\/media?parent=23325"}],"wp:term":[{"taxonomy":"product_brand","embeddable":true,"href":"https:\/\/researchchemicalstore.eu\/et\/wp-json\/wp\/v2\/product_brand?post=23325"},{"taxonomy":"product_cat","embeddable":true,"href":"https:\/\/researchchemicalstore.eu\/et\/wp-json\/wp\/v2\/product_cat?post=23325"},{"taxonomy":"product_tag","embeddable":true,"href":"https:\/\/researchchemicalstore.eu\/et\/wp-json\/wp\/v2\/product_tag?post=23325"}],"curies":[{"name":"t\u00f6\u00f6leht","href":"https:\/\/api.w.org\/{rel}","templated":true}]}}