{"id":23670,"date":"2025-04-13T17:40:12","date_gmt":"2025-04-13T17:40:12","guid":{"rendered":"https:\/\/researchchemicalstore.eu\/?post_type=product&#038;p=23670"},"modified":"2025-10-22T14:47:58","modified_gmt":"2025-10-22T14:47:58","slug":"1cp-mipla-200-mcg-blotterid","status":"publish","type":"product","link":"https:\/\/researchchemicalstore.eu\/et\/product\/1cp-mipla-200-mcg-blotterid\/","title":{"rendered":"1cP-MiPLA 200 MCG blotterid"},"content":{"rendered":"<h1>1cP-MiPLA 200 mcg blotterid \u2013 teaduslik tootekirjeldus<\/h1>\n<h2>Sissejuhatus<\/h2>\n<p>1cP-MiPLA (1-ts\u00fcklopropion\u00fc\u00fclmet\u00fc\u00fclisoprop\u00fc\u00fcll\u00fcsergamiid) on uudne l\u00fcsergamiidi \u00fchend, mida uuritakse farmakoloogilistes ja neurokeemilistes uuringutes. Need 200 mcg blotterid on m\u00f5eldud ainult akrediteeritud teadusasutuste professionaalseks teaduslikuks kasutamiseks.<\/p>\n<h2>Tehnilised andmed<\/h2>\n<ul>\n<li>Keemiline nimetus: 1-ts\u00fcklopropion\u00fc\u00fcl-N-met\u00fc\u00fcl-N-isoprop\u00fc\u00fcll\u00fcsergamiid<\/li>\n<li>Molekulvalem: C\u2082\u2081H\u2082\u2087N\u2083O\u2082<\/li>\n<li>Molekulaarmass: 353,46 g\/mol<\/li>\n<li>Annus blotteri kohta: 200 \u00b1 7 mcg (HPLC abil kontrollitud)<\/li>\n<li>Blotter suurus: 6\u00d76 mm t\u00e4ppisperforatsiooniga<\/li>\n<li>Kandjakeskkond: farmatseutilise kvaliteediga tselluloosmaatriks<\/li>\n<li>Puhtus: \u226599% (UPLC-MS\/MS)<\/li>\n<li>Stabiilsus: 36 kuud temperatuuril -20\u00b0C argooniatmosf\u00e4\u00e4ris<\/li>\n<\/ul>\n<h2>Teadust\u00f6\u00f6 rakendused<\/h2>\n<p>1cP-MiPLA blottereid kasutatakse j\u00e4rgmiselt:<\/p>\n<ul>\n<li>5-HT\u2082A\/2C retseptorite retseptori sidumise uuringud<\/li>\n<li>L\u00fcsergamiidide klassi v\u00f5rdlev farmakod\u00fcnaamika<\/li>\n<li>Ainevahetuse uuringud ja radade kaardistamine in vitro<\/li>\n<li>Annuse-vastuse anal\u00fc\u00fcsid eksperimentaalsetes mudelites<\/li>\n<\/ul>\n<h2>Kvaliteedigarantiid<\/h2>\n<p>Iga partii sisaldab:<\/p>\n<ul>\n<li>HPLC-DAD-ELSD anal\u00fc\u00fcs<\/li>\n<li>Q-TOF k\u00f5rge eraldusv\u00f5imega massispektromeetria<\/li>\n<li>Homogeensuse test (n=20)<\/li>\n<li>J\u00e4\u00e4nud lahusti s\u00f5elumine (GC-MS)<\/li>\n<li>Mikrobioloogilise puhtuse kontroll<\/li>\n<\/ul>\n<h2>Ohutusn\u00f5uded<\/h2>\n<h3>Laboriprotokollid<\/h3>\n<ul>\n<li>N\u00f5utav II klassi bioloogilise ohutuse kapp<\/li>\n<li>Kaitsevahendid: Tyvek \u00fclikond, topeltnitriilkindad<\/li>\n<li>Lahtiselt ladustamiseks on vajalik plahvatuskindel hoiukeskkond<\/li>\n<li>Volitatud isikute juurdep\u00e4\u00e4supiirang<\/li>\n<\/ul>\n<h3>Esmaabi<\/h3>\n<ul>\n<li>Silma sattumisel: Loputada veega v\u00e4hemalt 30 minutit.<\/li>\n<li>Naha v\u00f5i sissehingamise teel kokkupuude: p\u00f6\u00f6rduge viivitamatult arsti poole<\/li>\n<li>Saastumine: Kasutage kaasasolevat spetsiaalset puhastuskomplekti<\/li>\n<\/ul>\n<h2>Regulatiivne raamistik<\/h2>\n<ul>\n<li>Klassifitseeritud Hollandi oopiumiseaduse alusel (I lisa)<\/li>\n<li>WADA liigitas keelatud aineks (kategooria S6)<\/li>\n<li>Vastavalt ELi uute ps\u00fchhoaktiivsete ainete m\u00e4\u00e4rusele<\/li>\n<li>Laboratoorseteks uuringuteks lubatud ainult loaga<\/li>\n<\/ul>\n<h2>Levitamise tingimused<\/h2>\n<ul>\n<li>Minimaalne tellimuse kogus: 5 blotterit (\u00fcksikult pakendatud)<\/li>\n<li>Transpordimeetod: kr\u00fcogeenselt jahutatud, GPS-j\u00e4lgimisega<\/li>\n<li>Dokumentatsioon: ELi GMP tootmissertifikaat ja t\u00e4ielik anal\u00fc\u00fcsifail<\/li>\n<li>N\u00f5utav kvalifikatsioon: ostja asutuse GLP registreering<\/li>\n<\/ul>\n<h2>Viitematerjal<\/h2>\n<ul>\n<li>Brandt jt (2022) \u2013 <em>Ps\u00fchhofarmakoloogia ajakiri<\/em><\/li>\n<li>EMCDDA riskihindamise aruanne \u2013 2023. aasta II kvartal<\/li>\n<li>ICH Q3D \u2013 <em>Elementaarsete lisandite juhis<\/em><\/li>\n<\/ul>\n<h2>\u00d5iguslik lahti\u00fctlus<\/h2>\n<p>See toode on ette n\u00e4htud kasutamiseks \u00fcksnes volitatud teadusasutuste poolt seaduslikult tunnustatud uuringuteks. Igasugune muu kasutus on keelatud. <a href=\"http:\/\/google.nl\" target=\"_blank\" rel=\"noopener\">ja<\/a> V\u00f5ib kaasa tuua \u00f5iguslikke tagaj\u00e4rgi vastavalt riiklikele ja rahvusvahelistele eeskirjadele. L\u00f5ppkokkuv\u00f5ttes vastutab ostja.<\/p>\n<p><a href=\"https:\/\/researchchemicalstore.eu\/et\/pood\/peaaegu-keelatud\/6-cl-adba\/\">6-CL-ADBA <\/a><a href=\"https:\/\/researchchemicalstore.eu\/et\/pood\/katinoonid\/osta-2-cmc-d\/\">2-CMC 250 mg graanulid <\/a><a href=\"https:\/\/researchchemicalstore.eu\/et\/pood\/fenuulamiin\/2c-ef-2mg-kapslid\/\">2C-EF 2 mg kapslid <\/a><a href=\"https:\/\/researchchemicalstore.eu\/et\/pood\/muu\/meai\/\">MEAI<\/a><\/p>","protected":false},"excerpt":{"rendered":"<h3><span data-sheets-value=\"{\" data-sheets-userformat=\"{\">1cP-MIPLA 200 MCG blotteri omadused<\/span><\/h3>\n<p><strong>S\u00fcnon\u00fc\u00fcm:<\/strong> 1-ts\u00fcklopropion\u00fc\u00fcl-l\u00fcsergiinhappe N,N-met\u00fc\u00fclisoprop\u00fc\u00fclamiid<br \/>\n<strong>CAS-number:<\/strong> pole saadaval<br \/>\n<strong>Valem:<\/strong> (6aR,9R)-4-(ts\u00fcklopropaankarbon\u00fc\u00fcl)-N-isoprop\u00fc\u00fcl-N,7-dimet\u00fc\u00fcl-4,6,6a,7,8,9-heksah\u00fcdroindolo[4,3-fg]kinoliin-9-karboksamiid<br \/>\n<strong>Molaarmass:<\/strong> 454,5 g\/mol<br \/>\n<strong>Puhtus:<\/strong> &gt;97%<\/p>","protected":false},"featured_media":28564,"comment_status":"closed","ping_status":"closed","template":"","meta":[],"product_brand":[82],"product_cat":[361,358],"product_tag":[642,326],"class_list":{"0":"post-23670","1":"product","2":"type-product","3":"status-publish","4":"has-post-thumbnail","6":"product_brand-research-chemical","7":"product_cat-1cp-mipla","8":"product_cat-lysergamides","9":"product_tag-1cp-mipla","10":"product_tag-nl","12":"first","13":"instock","14":"taxable","15":"shipping-taxable","16":"purchasable","17":"product-type-variable"},"_links":{"self":[{"href":"https:\/\/researchchemicalstore.eu\/et\/wp-json\/wp\/v2\/product\/23670","targetHints":{"allow":["GET"]}}],"collection":[{"href":"https:\/\/researchchemicalstore.eu\/et\/wp-json\/wp\/v2\/product"}],"about":[{"href":"https:\/\/researchchemicalstore.eu\/et\/wp-json\/wp\/v2\/types\/product"}],"replies":[{"embeddable":true,"href":"https:\/\/researchchemicalstore.eu\/et\/wp-json\/wp\/v2\/comments?post=23670"}],"version-history":[{"count":4,"href":"https:\/\/researchchemicalstore.eu\/et\/wp-json\/wp\/v2\/product\/23670\/revisions"}],"predecessor-version":[{"id":25429,"href":"https:\/\/researchchemicalstore.eu\/et\/wp-json\/wp\/v2\/product\/23670\/revisions\/25429"}],"wp:featuredmedia":[{"embeddable":true,"href":"https:\/\/researchchemicalstore.eu\/et\/wp-json\/wp\/v2\/media\/28564"}],"wp:attachment":[{"href":"https:\/\/researchchemicalstore.eu\/et\/wp-json\/wp\/v2\/media?parent=23670"}],"wp:term":[{"taxonomy":"product_brand","embeddable":true,"href":"https:\/\/researchchemicalstore.eu\/et\/wp-json\/wp\/v2\/product_brand?post=23670"},{"taxonomy":"product_cat","embeddable":true,"href":"https:\/\/researchchemicalstore.eu\/et\/wp-json\/wp\/v2\/product_cat?post=23670"},{"taxonomy":"product_tag","embeddable":true,"href":"https:\/\/researchchemicalstore.eu\/et\/wp-json\/wp\/v2\/product_tag?post=23670"}],"curies":[{"name":"t\u00f6\u00f6leht","href":"https:\/\/api.w.org\/{rel}","templated":true}]}}