{"id":23947,"date":"2025-04-13T17:40:44","date_gmt":"2025-04-13T17:40:44","guid":{"rendered":"https:\/\/researchchemicalstore.eu\/?post_type=product&#038;p=23947"},"modified":"2025-10-22T11:24:04","modified_gmt":"2025-10-22T11:24:04","slug":"2-fea","status":"publish","type":"product","link":"https:\/\/researchchemicalstore.eu\/et\/product\/2-fea\/","title":{"rendered":"2-FEA (2-fluoroetamfetamiin)"},"content":{"rendered":"<h1>2 FEA (2-fluoroetamfetamiin) \u2013 teaduslikuks anal\u00fc\u00fcsiks kasutatav esmaklassiline uurimiskemikaal<\/h1>\n<h2>Toote kirjeldus<\/h2>\n<p>2-FEA (2-fluoroetamfetamiin) on spetsiaalne uurimiskemikaal, mida kasutatakse peamiselt teaduslikel ja anal\u00fc\u00fctilistel eesm\u00e4rkidel. Fluoritud amfetamiinide klassi liikmena pakub see \u00fchend ainulaadseid omadusi, mis on v\u00e4\u00e4rtuslikud farmakoloogilistes uuringutes, neurokeemilistes uuringutes ja kohtumeditsiinilises anal\u00fc\u00fcsis. Selle spetsiifiline molekulaarstruktuur muudab 2-FEA huvipakkuvaks objektiks teadlastele, kes on huvitatud selle interaktsioonide uurimisest neurotransmitterite s\u00fcsteemidega.<\/p>\n<h2>Kvaliteet ja puhtus garanteeritud<\/h2>\n<p>Meie 2-FEA toodetakse range kvaliteedikontrolli all ja on saadaval k\u00f5rge puhtusastmega (\u226598%). Iga partiid anal\u00fc\u00fcsitakse t\u00e4iustatud tehnikate abil, n\u00e4iteks <strong>HPLC (k\u00f5rgsurvevedelikkromatograafia)<\/strong> ja <strong>GC-MS (gaasikromatograafia-massispektromeetria)<\/strong> et tagada j\u00e4rjepidev ja usaldusv\u00e4\u00e4rne kvaliteet.<\/p>\n<h2>Ohutusjuhised ja \u00f5iguslik staatus<\/h2>\n<p>2-FEA on <strong>m\u00f5eldud ainult teaduslikuks otstarbeks<\/strong> ja seda ei tohi kasutada inimeste ega loomade toiduks. Ostja kohustus on veenduda, et selle aine omamine ja kasutamine on tema riigis seaduslik. Soovitame t\u00f6\u00f6tada ainult kontrollitud laborikeskkonnas, kus on rakendatud asjakohaseid ohutusmeetmeid.<\/p>\n<h2>Rakendusv\u00f5imalused<\/h2>\n<ul>\n<li><strong>Neurokeemilised uuringud:<\/strong> Uurige 2-FEA m\u00f5ju dopamiini, noradrenaliini ja serotoniini s\u00fcsteemidele<\/li>\n<li><strong>Kohtuekspertiisi anal\u00fc\u00fcs:<\/strong> Kasutamine v\u00f5rdlusstandardina narkootikumide tuvastamisel kohtutoksikoloogilistes uuringutes<\/li>\n<li><strong>Ainevahetusuuringud:<\/strong> Uurige fluoritud amfetamiini derivaatide lagunemisradasid ja farmakokineetikat<\/li>\n<\/ul>\n<h2>Ladustamine ja k\u00e4itlemine<\/h2>\n<p>Hoidke 2-FEA-d <strong>\u00f5hukindel pakend<\/strong>, valguse ja niiskuse eest kaitstult, stabiilsel temperatuuril (eelistatavalt 2\u20138 \u00b0C). Selle aine k\u00e4itlemisel kandke alati isikukaitsevahendeid (laborikitlit, nitriilkindaid, kaitseprille).<\/p>\n<h2>Miks osta meie 2-FEA?<\/h2>\n<p>\u2714 <strong>K\u00f5rge puhtusastmega<\/strong> \u2013 Optimeeritud t\u00e4psete uurimistulemuste saamiseks<br \/>\n\u2714 <strong>Kiire kohaletoimetamine<\/strong> - Usaldusv\u00e4\u00e4rne saatmine Euroopas<br \/>\n\u2714 <strong>Diskreetne pakend<\/strong> \u2013 Privaatsus ja turvalisus on esmat\u00e4htsad<br \/>\n\u2714 <strong>Professionaalne n\u00f5ustamine<\/strong> \u2013 Teaduslike rakenduste tugi<\/p>\n<h2>Oluline m\u00e4rkus<\/h2>\n<p>See toode on <strong>ei ole ette n\u00e4htud tarbimiseks<\/strong> ja seda peaksid kasutama ainult kvalifitseeritud spetsialistid \u00f5igusalase uurimist\u00f6\u00f6 kontekstis.<\/p>\n<p>Lisateabe saamiseks 2-FEA v\u00f5i muude uurimiskemikaalide kohta v\u00f5tke julgelt \u00fchendust <a href=\"http:\/\/google.nl\" target=\"_blank\" rel=\"noopener\">meie<\/a> Aitame teid hea meelega teie teadusprojektide jaoks kvaliteetsete toodetega.<a href=\"https:\/\/researchchemicalstore.eu\/et\/pood\/iboga-ibogaiin\/iboga-juure-koor\/\">iboga juure koor<\/a><a href=\"https:\/\/researchchemicalstore.eu\/et\/pood\/iboga-ibogaiin\/osta-ibogaine-hcl-veebist\/\">osta ibogaine hcl veebist<\/a><a href=\"https:\/\/researchchemicalstore.eu\/et\/pood\/pellets\/o-dsmt-50mg-graanulid\/\">o-dsmt<\/a><a href=\"https:\/\/researchchemicalstore.eu\/et\/pood\/lusergamiidid\/1vlsd\/\">1vlsd<\/a><a href=\"https:\/\/researchchemicalstore.eu\/et\/pood\/lusergamiidid\/1-cp-lsd-2\/\">1 cp lsd<\/a><\/p>","protected":false},"excerpt":{"rendered":"<h2><span style=\"vertical-align: inherit;\"><span style=\"vertical-align: inherit;\">2-FEA omadused<\/span><\/span><\/h2>\n<p><strong><span style=\"vertical-align: inherit;\"><span style=\"vertical-align: inherit;\">S\u00fcnon\u00fc\u00fcm<\/span><\/span><\/strong><span style=\"vertical-align: inherit;\"><span style=\"vertical-align: inherit;\"> 2-fluoroetamfetamiin <\/span><\/span><br \/>\n<strong><span style=\"vertical-align: inherit;\"><span style=\"vertical-align: inherit;\">CAS-number<\/span><\/span><\/strong><span style=\"vertical-align: inherit;\"><span style=\"vertical-align: inherit;\"> : 3871-89-4 <\/span><\/span><br \/>\n<strong><span style=\"vertical-align: inherit;\"><span style=\"vertical-align: inherit;\">Valem<\/span><\/span><\/strong><span style=\"vertical-align: inherit;\"><span style=\"vertical-align: inherit;\"> C <\/span><\/span><sub><small><span style=\"vertical-align: inherit;\"><span style=\"vertical-align: inherit;\">11<\/span><\/span><\/small><\/sub><span style=\"vertical-align: inherit;\"><span style=\"vertical-align: inherit;\"> H <\/span><\/span><sub><small><span style=\"vertical-align: inherit;\"><span style=\"vertical-align: inherit;\">16<\/span><\/span><\/small><\/sub><span style=\"vertical-align: inherit;\"><span style=\"vertical-align: inherit;\"> FN \u2022 HCl <\/span><\/span><br \/>\n<strong><span style=\"vertical-align: inherit;\"><span style=\"vertical-align: inherit;\">Molaarmass<\/span><\/span><\/strong><span style=\"vertical-align: inherit;\"><span style=\"vertical-align: inherit;\"> : 217.7 <\/span><\/span><br \/>\n<strong><span style=\"vertical-align: inherit;\"><span style=\"vertical-align: inherit;\">Puhtus<\/span><\/span><\/strong><span style=\"vertical-align: inherit;\"><span style=\"vertical-align: inherit;\"> : \u226599%<\/span><\/span><\/p>","protected":false},"featured_media":28597,"comment_status":"closed","ping_status":"closed","template":"","meta":[],"product_brand":[82],"product_cat":[437,322,333,398],"product_tag":[655,656,326],"class_list":{"0":"post-23947","1":"product","2":"type-product","3":"status-publish","4":"has-post-thumbnail","6":"product_brand-research-chemical","7":"product_cat-2-fea","8":"product_cat-bijna-verboden","9":"product_cat-gefluoreerden","10":"product_cat-verkoop","11":"product_tag-2-fea","12":"product_tag-2-fluoroethamfetamine","13":"product_tag-nl","15":"first","16":"instock","17":"sale","18":"taxable","19":"shipping-taxable","20":"purchasable","21":"product-type-variable"},"_links":{"self":[{"href":"https:\/\/researchchemicalstore.eu\/et\/wp-json\/wp\/v2\/product\/23947","targetHints":{"allow":["GET"]}}],"collection":[{"href":"https:\/\/researchchemicalstore.eu\/et\/wp-json\/wp\/v2\/product"}],"about":[{"href":"https:\/\/researchchemicalstore.eu\/et\/wp-json\/wp\/v2\/types\/product"}],"replies":[{"embeddable":true,"href":"https:\/\/researchchemicalstore.eu\/et\/wp-json\/wp\/v2\/comments?post=23947"}],"version-history":[{"count":4,"href":"https:\/\/researchchemicalstore.eu\/et\/wp-json\/wp\/v2\/product\/23947\/revisions"}],"predecessor-version":[{"id":26407,"href":"https:\/\/researchchemicalstore.eu\/et\/wp-json\/wp\/v2\/product\/23947\/revisions\/26407"}],"wp:featuredmedia":[{"embeddable":true,"href":"https:\/\/researchchemicalstore.eu\/et\/wp-json\/wp\/v2\/media\/28597"}],"wp:attachment":[{"href":"https:\/\/researchchemicalstore.eu\/et\/wp-json\/wp\/v2\/media?parent=23947"}],"wp:term":[{"taxonomy":"product_brand","embeddable":true,"href":"https:\/\/researchchemicalstore.eu\/et\/wp-json\/wp\/v2\/product_brand?post=23947"},{"taxonomy":"product_cat","embeddable":true,"href":"https:\/\/researchchemicalstore.eu\/et\/wp-json\/wp\/v2\/product_cat?post=23947"},{"taxonomy":"product_tag","embeddable":true,"href":"https:\/\/researchchemicalstore.eu\/et\/wp-json\/wp\/v2\/product_tag?post=23947"}],"curies":[{"name":"t\u00f6\u00f6leht","href":"https:\/\/api.w.org\/{rel}","templated":true}]}}