{"id":23975,"date":"2025-04-13T17:40:48","date_gmt":"2025-04-13T17:40:48","guid":{"rendered":"https:\/\/researchchemicalstore.eu\/?post_type=product&#038;p=23975"},"modified":"2025-10-22T11:04:38","modified_gmt":"2025-10-22T11:04:38","slug":"2-mmc-graanulit","status":"publish","type":"product","link":"https:\/\/researchchemicalstore.eu\/et\/product\/2-mmc-graanulit\/","title":{"rendered":"2-MMC 220 mg graanulid"},"content":{"rendered":"<h2><strong>2-MMC <\/strong><strong>graanulid <\/strong><strong>220 mg graanulid<\/strong><\/h2>\n<p>Need graanulid sisaldavad iga\u00fcks 220 mg 2-MMC-d.<\/p>\n<p>2-MMC graanulid on aine, mida m\u00fc\u00fcme ainult uurimisotstarbel ja seet\u00f5ttu ei ole need m\u00f5eldud inimtoiduks. \u00d5iges keskkonnas s\u00e4ilitades saab 2-MMC-d uurida kuni kaks aastat.<a title=\"MEAI\" href=\"https:\/\/researchchemicalstore.eu\/et\/pood\/muu\/meai\/\" target=\"_blank\" rel=\"noopener\">MEAI<\/a><\/p>\n<p>Kuna 2-MMC on m\u00f5eldud ainult teaduslikuks kasutamiseks ja mitte tarbimiseks, on oluline hoida 2-MMC lastele ja lemmikloomadele k\u00e4ttesaamatus kohas.<a title=\"6-CL-ADBA\" href=\"https:\/\/researchchemicalstore.eu\/et\/pood\/peaaegu-keelatud\/6-cl-adba\/\" target=\"_blank\" rel=\"noopener\">6-CL-ADBA<\/a><\/p>\n<p>Pakume kvaliteetseid uurimiskemikaale m\u00f5istliku hinnaga. Teie tellimus saadetakse v\u00e4lja iga p\u00e4ev 24 tunni jooksul. Tellige 2-MMC turvaliselt ja kiiresti.<a title=\"2C-EF 2 mg kapslid\" href=\"https:\/\/researchchemicalstore.eu\/et\/pood\/fenuulamiin\/2c-ef-2mg-kapslid\/\" target=\"_blank\" rel=\"noopener\">2C-EF 2 mg kapslid<\/a><\/p>\n<h2>2-MMC omadused<\/h2>\n<p><strong>CAS-number<\/strong>: 1246911-71-6<br \/>\n<strong>Valem<\/strong>C11h15NO \u2022 HCl<br \/>\n<strong>Molaarmass<\/strong>: 177.247<br \/>\n<strong>Puhtus<\/strong>: \u226599%<\/p>\n<h3>Ohulause<\/h3>\n<p>2-MMC v\u00f5ib p\u00f5hjustada hingamisteede \u00e4rritust<br \/>\n2-MMC v\u00f5ib p\u00f5hjustada silmade \u00e4rritust.<br \/>\nUurimiskemikaalide keskkonda juhtimine on keelatud.<a title=\"6-CL-ADBA\" href=\"https:\/\/researchchemicalstore.eu\/et\/pood\/peaaegu-keelatud\/6-cl-adba\/\" target=\"_blank\" rel=\"noopener\">6-CL-ADBA<\/a><\/p>\n<p>2-MMC SILMA SATTUMISE EEST: Loputage silmi \u00f5rnalt veega viis minutit. Eemaldage kontaktl\u00e4\u00e4tsed, kui neid on ja kui see on lihtne teha.<\/p>\n<p>2-MMC NAHAGA KOKKUPUUTEL: Pesta nahka seebi ja veega.<\/p>\n<p>P\u00c4RAST 2-MMC SISSIHINGAMIST: Viige kannatanu <a href=\"http:\/\/google.nl\" target=\"_blank\" rel=\"noopener\">sisse<\/a> v\u00e4rske \u00f5hu k\u00e4tte ja asetage kannatanu hingamiseks mugavasse asendisse.<\/p>","protected":false},"excerpt":{"rendered":"<h2>2-MMC omadused<\/h2>\n<p><strong>CAS-number<\/strong>: 1246911-71-6<br \/>\n<strong>Valem<\/strong>C11h15NO \u2022 HCl<br \/>\n<strong>Molaarmass<\/strong>: 177.247<br \/>\n<strong>Puhtus<\/strong>: \u226599%<\/p>","protected":false},"featured_media":28603,"comment_status":"closed","ping_status":"closed","template":"","meta":[],"product_brand":[82],"product_cat":[372,463,322,79,324],"product_tag":[83,679,652,678,326],"class_list":{"0":"post-23975","1":"product","2":"type-product","3":"status-publish","4":"has-post-thumbnail","6":"product_brand-research-chemical","7":"product_cat-2-mmc-kopen","8":"product_cat-2-mmc-pellets","9":"product_cat-bijna-verboden","10":"product_cat-cathinonen","11":"product_cat-pellets-for-pellet","12":"product_tag-2-mmc-kopen","13":"product_tag-2-mmc-pellets","14":"product_tag-2-mmc-pellets-kopen","15":"product_tag-2mmc-pellets","16":"product_tag-nl","18":"first","19":"instock","20":"taxable","21":"shipping-taxable","22":"purchasable","23":"product-type-variable"},"_links":{"self":[{"href":"https:\/\/researchchemicalstore.eu\/et\/wp-json\/wp\/v2\/product\/23975","targetHints":{"allow":["GET"]}}],"collection":[{"href":"https:\/\/researchchemicalstore.eu\/et\/wp-json\/wp\/v2\/product"}],"about":[{"href":"https:\/\/researchchemicalstore.eu\/et\/wp-json\/wp\/v2\/types\/product"}],"replies":[{"embeddable":true,"href":"https:\/\/researchchemicalstore.eu\/et\/wp-json\/wp\/v2\/comments?post=23975"}],"version-history":[{"count":3,"href":"https:\/\/researchchemicalstore.eu\/et\/wp-json\/wp\/v2\/product\/23975\/revisions"}],"predecessor-version":[{"id":25527,"href":"https:\/\/researchchemicalstore.eu\/et\/wp-json\/wp\/v2\/product\/23975\/revisions\/25527"}],"wp:featuredmedia":[{"embeddable":true,"href":"https:\/\/researchchemicalstore.eu\/et\/wp-json\/wp\/v2\/media\/28603"}],"wp:attachment":[{"href":"https:\/\/researchchemicalstore.eu\/et\/wp-json\/wp\/v2\/media?parent=23975"}],"wp:term":[{"taxonomy":"product_brand","embeddable":true,"href":"https:\/\/researchchemicalstore.eu\/et\/wp-json\/wp\/v2\/product_brand?post=23975"},{"taxonomy":"product_cat","embeddable":true,"href":"https:\/\/researchchemicalstore.eu\/et\/wp-json\/wp\/v2\/product_cat?post=23975"},{"taxonomy":"product_tag","embeddable":true,"href":"https:\/\/researchchemicalstore.eu\/et\/wp-json\/wp\/v2\/product_tag?post=23975"}],"curies":[{"name":"t\u00f6\u00f6leht","href":"https:\/\/api.w.org\/{rel}","templated":true}]}}