{"id":24966,"date":"2025-04-13T17:43:53","date_gmt":"2025-04-13T17:43:53","guid":{"rendered":"https:\/\/researchchemicalstore.eu\/?post_type=product&#038;p=24966"},"modified":"2025-10-18T14:32:41","modified_gmt":"2025-10-18T14:32:41","slug":"1vlsd","status":"publish","type":"product","link":"https:\/\/researchchemicalstore.eu\/et\/product\/1vlsd\/","title":{"rendered":"1V-LSD 150 MCG blotterid"},"content":{"rendered":"<h1 class=\"ds-markdown-paragraph\"><strong>1V-LSD 150 mcg blotterid \u2013 v\u00f5imsad ja usaldusv\u00e4\u00e4rsed uuringuteks<\/strong><\/h1>\n<p>1vlsd<\/p>\n<h3><strong>Mis on 1V-LSD?<\/strong><\/h3>\n<p class=\"ds-markdown-paragraph\">1vlsd, 1V-LSD (1-valer\u00fc\u00fcl-D-l\u00fcserghappe diet\u00fc\u00fclamiid) on uurimiskemikaal, mis on struktuurilt seotud LSD-ga. See on tuntud oma potentsiaalsete ps\u00fchhoaktiivsete omaduste poolest ning seda kasutatakse teaduslikes ja farmakoloogilistes uuringutes.<\/p>\n<h3><strong>Miks valida meie 1V-LSD 150 mcg blotterid?<\/strong><\/h3>\n<p class=\"ds-markdown-paragraph\">\u2714\u00a0<strong>T\u00e4pne annustamine<\/strong>\u00a0\u2013 Iga blotter sisaldab t\u00e4pselt 150 mcg, et tagada j\u00e4rjepidevad uurimistulemused.<br \/>\n\u2714\u00a0<strong>K\u00f5rge kvaliteet<\/strong>\u00a0\u2013 Toodetud rangetes laboritingimustes optimaalse puhtuse tagamiseks.<br \/>\n\u2714\u00a0<strong>Lihtne kasutada<\/strong>\u00a0\u2013 Suletud kuju v\u00f5imaldab lihtsat doseerimist ja hoiustamist.<\/p>\n<h3><strong>Korduma kippuvad k\u00fcsimused (KKK)<\/strong><\/h3>\n<h4><strong>1. Kas 1V-LSD on legaalne?<\/strong><\/h4>\n<p class=\"ds-markdown-paragraph\">1V-LSD seaduslikkus on riigiti erinev. See on\u00a0<strong>m\u00f5eldud ainult teaduslikuks otstarbeks<\/strong>\u00a0ja mitte inimtoiduks. Enne tellimist kontrollige alati kohalikke eeskirju.<\/p>\n<h4><strong>2. Kuidas peaksin 1V-LSD blotte s\u00e4ilitama?<\/strong><\/h4>\n<p class=\"ds-markdown-paragraph\">Hoidke blottereid\u00a0<strong>jahedas, kuivas ja pimedas kohas<\/strong>, eelistatavalt \u00f5hukindlas anumas. Pikema s\u00e4ilivusaja tagamiseks v\u00e4ltige valguse ja niiskuse eest kaitsmist.<\/p>\n<h4><strong>3. Kas need blotterid on inimestele ohutud?<\/strong><\/h4>\n<p class=\"ds-markdown-paragraph\"><em>Ei.<\/em>\u00a0See toode on\u00a0<strong>m\u00f5eldud ainult teaduslikuks uurimist\u00f6\u00f6ks<\/strong>\u00a0ja mitte meelelahutuslikuks ega meditsiiniliseks otstarbeks. Meie blotterid on ette n\u00e4htud \u00fcksnes kontrollitud laboriuuringuteks.<\/p>\n<h4><strong>4. Millised on v\u00f5imalikud uurimisrakendused?<\/strong><\/h4>\n<p class=\"ds-markdown-paragraph\">\ud83d\udd2c\u00a0<strong>Neurofarmakoloogilised uuringud<\/strong><br \/>\n\ud83e\udde0\u00a0<strong>K\u00e4itumisteaduste uuringud<\/strong><br \/>\n\ud83d\udcca\u00a0<strong>Anal\u00fc\u00fctiline keemia ja ainevahetusuuringud<\/strong><\/p>\n<h3><strong>Telli kohe ja saad kiire kohaletoimetamise!<\/strong><\/h3>\n<p class=\"ds-markdown-paragraph\">Saadaval ainult registreeritud teadlastele ja laboritele. Diskreetne pakend ja kiire teenindus garanteeritud.<\/p>\n<p><a href=\"https:\/\/researchchemicalstore.eu\/et\/pood\/iboga-ibogaiin\/iboga-juure-koor\/\">Iboga juurekoor<\/a><a href=\"https:\/\/researchchemicalstore.eu\/et\/pood\/iboga-ibogaiin\/osta-ibogaine-hcl-veebist\/\">Osta ibogaiini HCL-i<\/a><a href=\"https:\/\/researchchemicalstore.eu\/et\/pood\/lusergamiidid\/1-cp-lsd-2\/\">1cP-LSD 150 MCG kunstipaberit<\/a><a href=\"https:\/\/researchchemicalstore.eu\/et\/pood\/pellets\/o-dsmt-50mg-graanulid\/\">O-DSMT 50 mg graanulid<\/a><a href=\"https:\/\/researchchemicalstore.eu\/et\/pood\/peaaegu-keelatud\/6-cl-adba\/\">6-CL-ADBA<\/a><\/p>","protected":false},"excerpt":{"rendered":"<h2>1V-LSD blotteri omadused<\/h2>\n<p><strong>S\u00fcnon\u00fc\u00fcmid<\/strong>1-valero\u00fc\u00fcl-l\u00fcserghappe diet\u00fc\u00fclamiidhemi-L-tartraat<br \/>\n<strong>CAS-number<\/strong>pole saadaval<br \/>\n<strong>Valem<\/strong>C25H33N3O2<br \/>\n<strong>Molaarmass<\/strong>407,558 g\/mol<br \/>\n<strong>Puhtus<\/strong>: \u226599,3%<\/p>","protected":false},"featured_media":28576,"comment_status":"open","ping_status":"closed","template":"","meta":[],"product_brand":[],"product_cat":[364,358],"product_tag":[631,582,326],"class_list":{"0":"post-24966","1":"product","2":"type-product","3":"status-publish","4":"has-post-thumbnail","6":"product_cat-1v-lsd","7":"product_cat-lysergamides","8":"product_tag-1v-lsd","9":"product_tag-1vlsd","10":"product_tag-nl","12":"first","13":"instock","14":"taxable","15":"shipping-taxable","16":"purchasable","17":"product-type-variable"},"_links":{"self":[{"href":"https:\/\/researchchemicalstore.eu\/et\/wp-json\/wp\/v2\/product\/24966","targetHints":{"allow":["GET"]}}],"collection":[{"href":"https:\/\/researchchemicalstore.eu\/et\/wp-json\/wp\/v2\/product"}],"about":[{"href":"https:\/\/researchchemicalstore.eu\/et\/wp-json\/wp\/v2\/types\/product"}],"replies":[{"embeddable":true,"href":"https:\/\/researchchemicalstore.eu\/et\/wp-json\/wp\/v2\/comments?post=24966"}],"version-history":[{"count":8,"href":"https:\/\/researchchemicalstore.eu\/et\/wp-json\/wp\/v2\/product\/24966\/revisions"}],"predecessor-version":[{"id":26287,"href":"https:\/\/researchchemicalstore.eu\/et\/wp-json\/wp\/v2\/product\/24966\/revisions\/26287"}],"wp:featuredmedia":[{"embeddable":true,"href":"https:\/\/researchchemicalstore.eu\/et\/wp-json\/wp\/v2\/media\/28576"}],"wp:attachment":[{"href":"https:\/\/researchchemicalstore.eu\/et\/wp-json\/wp\/v2\/media?parent=24966"}],"wp:term":[{"taxonomy":"product_brand","embeddable":true,"href":"https:\/\/researchchemicalstore.eu\/et\/wp-json\/wp\/v2\/product_brand?post=24966"},{"taxonomy":"product_cat","embeddable":true,"href":"https:\/\/researchchemicalstore.eu\/et\/wp-json\/wp\/v2\/product_cat?post=24966"},{"taxonomy":"product_tag","embeddable":true,"href":"https:\/\/researchchemicalstore.eu\/et\/wp-json\/wp\/v2\/product_tag?post=24966"}],"curies":[{"name":"t\u00f6\u00f6leht","href":"https:\/\/api.w.org\/{rel}","templated":true}]}}